{"id":140034,"date":"2023-09-26T13:06:39","date_gmt":"2023-09-26T11:06:39","guid":{"rendered":"https:\/\/secureus.se\/elslutbleck-step-48-rattvand-12v-kolvkontakt\/"},"modified":"2026-04-08T16:26:01","modified_gmt":"2026-04-08T14:26:01","slug":"elslutbleck-step-48-rattvand-12v-kolvkontakt","status":"publish","type":"product","link":"https:\/\/secureus.se\/de\/elslutbleck-step-48-rattvand-12v-kolvkontakt\/","title":{"rendered":"Elektrisches Anschlussblatt SCHRITT 48 Nach rechts gerichteter 12-V-Kolbenkontakt"},"content":{"rendered":"<h1>Elektrisches Anschlussblatt SCHRITT 48 Nach rechts gerichteter 12-V-Kolbenkontakt<\/h1>\n<p>Der elektrische T\u00fcr\u00f6ffner STEP 48 Preload ist ein robuster elektrischer T\u00fcr\u00f6ffner f\u00fcr R\u00e4ume, die mit einem Knauf oder Schl\u00fcssel verschlossen werden sollen.<\/p>\n<p>Ausgestattet mit einem Kolbenkontakt sorgt er f\u00fcr eine sichere T\u00fcrfunktion auch bei Dr\u00fccken bis zu 40 kg.<\/p>\n<p class=\"\" data-start=\"423\" data-end=\"920\">Der elektrische T\u00fcr\u00f6ffner STEP 48 Preload ist f\u00fcr den Einsatz in R\u00e4umen konzipiert, die eine sichere Verriegelung mit einem Knauf oder Schl\u00fcssel erfordern.<\/p>\n<p class=\"\" data-start=\"423\" data-end=\"920\">Zus\u00e4tzlich ist die Installation eines Riegelindikators (ST4880) m\u00f6glich, der eine automatische Sperrung des Zutrittskontrollsystems bzw. Codeschlosses der T\u00fcr erm\u00f6glicht, wenn der Hakenriegel bzw. der L\u00e4ngsriegel des Schlossgeh\u00e4uses mechanisch entriegelt wurde.<\/p>\n<p class=\"\" data-start=\"423\" data-end=\"920\">Dieser elektrische T\u00fcr\u00f6ffner ist Teil der Preload-Serie von STEP und kombiniert hohe Qualit\u00e4t und Flexibilit\u00e4t mit minimalen Abmessungen, um in \u00e4ltere T\u00fcrabschnitte und Nischen zu passen.<\/p>\n<p class=\"\" data-start=\"922\" data-end=\"1303\">Ausgestattet mit der patentierten Streifendrucktechnologie von STEP gew\u00e4hrleistet STEP 48, dass die T\u00fcr auch bei einer Druckbelastung von bis zu 40 kg ge\u00f6ffnet werden kann und ist somit eine zuverl\u00e4ssige Wahl f\u00fcr T\u00fcrsysteme mit hoher \u00d6ffnungsfrequenz.<\/p>\n<p class=\"\" data-start=\"922\" data-end=\"1303\">Mit einer Bruchfestigkeit von 9 kN (ca. 900 kg) und der F\u00e4higkeit, sich auch bei Druck auf die T\u00fcr zu \u00f6ffnen, bietet STEP 48 Sicherheit und Langlebigkeit sowohl bei der Vorw\u00e4rts- als auch bei der R\u00fcckw\u00e4rtsfunktion.<\/p>\n<p class=\"\" data-start=\"1305\" data-end=\"1320\"><strong data-start=\"1305\" data-end=\"1320\">Eigenschaften:<\/strong><\/p>\n<ul data-start=\"1321\" data-end=\"1707\">\n<li class=\"\" data-start=\"1321\" data-end=\"1364\">\n<p class=\"\" data-start=\"1323\" data-end=\"1364\">Rechtsdrehende Funktion (im stromlosen Zustand gesperrt)<\/p>\n<\/li>\n<li class=\"\" data-start=\"1365\" data-end=\"1420\">\n<p class=\"\" data-start=\"1367\" data-end=\"1420\">Kolbenkontakt: T\u00fcrzustandsanzeige (geschlossen\/offen)<\/p>\n<\/li>\n<li class=\"\" data-start=\"1421\" data-end=\"1459\">\n<p class=\"\" data-start=\"1423\" data-end=\"1459\">Eingebaute Schutzdiode f\u00fcr erh\u00f6hte Sicherheit<\/p>\n<\/li>\n<li class=\"\" data-start=\"1460\" data-end=\"1497\">\n<p class=\"\" data-start=\"1462\" data-end=\"1497\">Bruchfestigkeit von 9 kN (ca. 900 kg)<\/p>\n<\/li>\n<li class=\"\" data-start=\"1498\" data-end=\"1600\">\n<p class=\"\" data-start=\"1500\" data-end=\"1600\">Garantiert das \u00d6ffnen trotz Banddruck von bis zu 0,4 kN (ca. 40 kg) sowohl im Vorw\u00e4rts- als auch im R\u00fcckw\u00e4rtsgang<\/p>\n<\/li>\n<li class=\"\" data-start=\"1601\" data-end=\"1660\">\n<p class=\"\" data-start=\"1603\" data-end=\"1660\">Sto\u00dffest und umkehrbar f\u00fcr rechte und linke T\u00fcren<\/p>\n<\/li>\n<li class=\"\" data-start=\"1661\" data-end=\"1707\">\n<p class=\"\" data-start=\"1663\" data-end=\"1707\">Kann Haken- oder L\u00e4ngsriegel verriegeln<\/p>\n<\/li>\n<\/ul>\n<p class=\"\" data-start=\"1709\" data-end=\"1738\"><strong data-start=\"1709\" data-end=\"1738\">Technische Spezifikationen:<\/strong><\/p>\n<ul data-start=\"1739\" data-end=\"2458\">\n<li class=\"\" data-start=\"1739\" data-end=\"1768\">\n<p class=\"\" data-start=\"1741\" data-end=\"1768\">Bruchfestigkeit max: 900 kg<\/p>\n<\/li>\n<li class=\"\" data-start=\"1769\" data-end=\"1799\">\n<p class=\"\" data-start=\"1771\" data-end=\"1799\">T\u00fcranschlag: Rechts, Links<\/p>\n<\/li>\n<li class=\"\" data-start=\"1800\" data-end=\"1818\">\n<p class=\"\" data-start=\"1802\" data-end=\"1818\">Kabel enthalten: Nein<\/p>\n<\/li>\n<li class=\"\" data-start=\"1819\" data-end=\"1837\">\n<p class=\"\" data-start=\"1821\" data-end=\"1837\">Streifendruck: 40 kg<\/p>\n<\/li>\n<li class=\"\" data-start=\"1838\" data-end=\"1873\">\n<p class=\"\" data-start=\"1840\" data-end=\"1873\">Schlosstyp: Einzelriegelschloss, Doppelriegelschloss<\/p>\n<\/li>\n<li class=\"\" data-start=\"1874\" data-end=\"1896\">\n<p class=\"\" data-start=\"1876\" data-end=\"1896\">Produktbreite: 25 mm<\/p>\n<\/li>\n<li class=\"\" data-start=\"1897\" data-end=\"1917\">\n<p class=\"\" data-start=\"1899\" data-end=\"1917\">Bauprodukt bewertet: Ja<\/p>\n<\/li>\n<li class=\"\" data-start=\"1918\" data-end=\"1939\">\n<p class=\"\" data-start=\"1920\" data-end=\"1939\">Produkttiefe: 35 mm<\/p>\n<\/li>\n<li class=\"\" data-start=\"1940\" data-end=\"1968\">\n<p class=\"\" data-start=\"1942\" data-end=\"1968\">Betriebsspannung 12V\/24V: 12V<\/p>\n<\/li>\n<li class=\"\" data-start=\"1969\" data-end=\"1991\">\n<p class=\"\" data-start=\"1971\" data-end=\"1991\">Doppelter Twist Drop: Nein<\/p>\n<\/li>\n<li class=\"\" data-start=\"1992\" data-end=\"2013\">\n<p class=\"\" data-start=\"1994\" data-end=\"2013\">EPD-verifiziert: Nein<\/p>\n<\/li>\n<li class=\"\" data-start=\"2014\" data-end=\"2026\">\n<p class=\"\" data-start=\"2016\" data-end=\"2026\">FINFO: Nein<\/p>\n<\/li>\n<li class=\"\" data-start=\"2027\" data-end=\"2055\">\n<p class=\"\" data-start=\"2029\" data-end=\"2055\">Farbe\/Oberfl\u00e4che: Edelstahl<\/p>\n<\/li>\n<li class=\"\" data-start=\"2056\" data-end=\"2077\">\n<p class=\"\" data-start=\"2058\" data-end=\"2077\">Produkth\u00f6he: 90 mm<\/p>\n<\/li>\n<li class=\"\" data-start=\"2078\" data-end=\"2095\">\n<p class=\"\" data-start=\"2080\" data-end=\"2095\">Kolbenkontakt: Ja<\/p>\n<\/li>\n<li class=\"\" data-start=\"2096\" data-end=\"2123\">\n<p class=\"\" data-start=\"2098\" data-end=\"2123\">Rechts\/R\u00fcckw\u00e4rts: Rechts<\/p>\n<\/li>\n<li class=\"\" data-start=\"2124\" data-end=\"2144\">\n<p class=\"\" data-start=\"2126\" data-end=\"2144\">Spannung AC\/DC: DC<\/p>\n<\/li>\n<li class=\"\" data-start=\"2145\" data-end=\"2167\">\n<p class=\"\" data-start=\"2147\" data-end=\"2167\">Spannung max: 27,6 V<\/p>\n<\/li>\n<li class=\"\" data-start=\"2168\" data-end=\"2190\">\n<p class=\"\" data-start=\"2170\" data-end=\"2190\">Spannung min.: 21,6 V<\/p>\n<\/li>\n<li class=\"\" data-start=\"2191\" data-end=\"2211\">\n<p class=\"\" data-start=\"2193\" data-end=\"2211\">SundaHouse-Bewertung: Ja<\/p>\n<\/li>\n<li class=\"\" data-start=\"2212\" data-end=\"2275\">\n<p class=\"\" data-start=\"2214\" data-end=\"2275\">Kolbenkontakt: Mikroschalter einpoliger Wechsler, max. 30 V DC, 1 A<\/p>\n<\/li>\n<li class=\"\" data-start=\"2276\" data-end=\"2316\">\n<p class=\"\" data-start=\"2278\" data-end=\"2316\">Haltbarkeit: Klasse X gem\u00e4\u00df SS-EN 14846<\/p>\n<\/li>\n<li class=\"\" data-start=\"2317\" data-end=\"2356\">\n<p class=\"\" data-start=\"2319\" data-end=\"2356\">Korrosion: Klasse M gem\u00e4\u00df SS-EN 14846<\/p>\n<\/li>\n<li class=\"\" data-start=\"2357\" data-end=\"2395\">\n<p class=\"\" data-start=\"2359\" data-end=\"2395\">Sicherheit: Klasse 3 gem\u00e4\u00df SS-EN 14846<\/p>\n<\/li>\n<li class=\"\" data-start=\"2396\" data-end=\"2458\">\n<p class=\"\" data-start=\"2398\" data-end=\"2458\">Sicherheit gegen elektrische Manipulation: Klasse 1 gem\u00e4\u00df SS-EN 14846<\/p>\n<\/li>\n<\/ul>","protected":false},"excerpt":{"rendered":"<p>Hier sehen Sie, welche Pfosten und Modelle aus dem STEP-Sortiment der elektrischen T\u00fcrstopper zusammenpassen.<\/p>\n<h5><strong><a href=\"https:\/\/steplock.com\/sv\/stolpguide\/#!?lang=sv&amp;blog_id=1&amp;paged=1&amp;number=50\" target=\"_blank\" rel=\"noopener\">STEP-Pfostenf\u00fchrung\u00a0<\/a><\/strong><\/h5>\n<h5><strong><a href=\"https:\/\/steplock.com\/sv\/projekteringsguide\/#!?lang=sv&amp;blog_id=1&amp;paged=1&amp;number=999\" target=\"_blank\" rel=\"noopener\">STEP-Designleitfaden<\/a><\/strong><\/h5>","protected":false},"featured_media":140033,"template":"","meta":{"_acf_changed":false},"product_brand":[],"product_cat":[3355],"product_tag":[4198,4200],"class_list":{"0":"post-140034","1":"product","2":"type-product","3":"status-publish","4":"has-post-thumbnail","6":"product_cat-elslutbleck","7":"product_tag-12v","8":"product_tag-rattvand","9":"product_shipping_class-tunga-paket","10":"pa_brands-step","11":"tm-no-options","13":"first","14":"onbackorder","15":"sale","16":"taxable","17":"shipping-taxable","18":"purchasable","19":"product-type-simple"},"acf":[],"_links":{"self":[{"href":"https:\/\/secureus.se\/de\/wp-json\/wp\/v2\/product\/140034","targetHints":{"allow":["GET"]}}],"collection":[{"href":"https:\/\/secureus.se\/de\/wp-json\/wp\/v2\/product"}],"about":[{"href":"https:\/\/secureus.se\/de\/wp-json\/wp\/v2\/types\/product"}],"wp:featuredmedia":[{"embeddable":true,"href":"https:\/\/secureus.se\/de\/wp-json\/wp\/v2\/media\/140033"}],"wp:attachment":[{"href":"https:\/\/secureus.se\/de\/wp-json\/wp\/v2\/media?parent=140034"}],"wp:term":[{"taxonomy":"product_brand","embeddable":true,"href":"https:\/\/secureus.se\/de\/wp-json\/wp\/v2\/product_brand?post=140034"},{"taxonomy":"product_cat","embeddable":true,"href":"https:\/\/secureus.se\/de\/wp-json\/wp\/v2\/product_cat?post=140034"},{"taxonomy":"product_tag","embeddable":true,"href":"https:\/\/secureus.se\/de\/wp-json\/wp\/v2\/product_tag?post=140034"}],"curies":[{"name":"wp","href":"https:\/\/api.w.org\/{rel}","templated":true}]}}