{"id":140045,"date":"2023-09-26T13:06:13","date_gmt":"2023-09-26T11:06:13","guid":{"rendered":"https:\/\/secureus.se\/elslutbleck-step-18-hoger-rattvand-12v-for-assa-511\/"},"modified":"2026-04-23T12:56:36","modified_gmt":"2026-04-23T10:56:36","slug":"elslutbleck-step-18-hoger-rattvand-12v-for-assa-511","status":"publish","type":"product","link":"https:\/\/secureus.se\/de\/elslutbleck-step-18-hoger-rattvand-12v-for-assa-511\/","title":{"rendered":"Elektrische Endplatte SCHRITT 18 Rechts Rechtsgerichtet 12 V f\u00fcr Assa 511"},"content":{"rendered":"<h1>Elektrische Endplatte SCHRITT 18 Rechts Rechtsgerichtet 12 V f\u00fcr Assa 511<\/h1>\n<p>Der STEP 18 Secure Elektro-T\u00fcr\u00f6ffner f\u00fcr Assa 511 ist ein feuergepr\u00fcftes Hochsicherheitsschloss mit hoher Bruchfestigkeit. Konzipiert f\u00fcr T\u00fcren mit einer hohen Anzahl an Ein- und Ausg\u00e4ngen.<\/p>\n<p class=\"\" data-start=\"346\" data-end=\"752\">STEP 18 Secure ist ein Hochsicherheits-T\u00fcr\u00f6ffner, der f\u00fcr T\u00fcren mit hohen Anforderungen an die Einbruchhemmung geeignet ist, wie beispielsweise Sicherheitst\u00fcren oder T\u00fcren in Gef\u00e4ngnissen und Banken.<\/p>\n<p class=\"\" data-start=\"346\" data-end=\"752\">Dieser T\u00fcr\u00f6ffner ist f\u00fcr die Verriegelung von Sicherheitst\u00fcren bis RC4 zugelassen und feuerbest\u00e4ndig bis E\/EI 60. Er ist passend f\u00fcr das Hakenriegelschloss Assa 511 mit 10 mm Kolben und verf\u00fcgt \u00fcber eine Vorlauffunktion (Verriegelung im stromlosen Zustand).<\/p>\n<p class=\"\" data-start=\"754\" data-end=\"1121\">STEP 18 Secure verf\u00fcgt \u00fcber eine Bruchfestigkeit von 15 kN (ca. 1500 kg) und \u00f6ffnet bereits bei einem Leistendruck von bis zu 5 kN (ca. 500 kg) sowohl im Vorw\u00e4rts- als auch im R\u00fcckw\u00e4rtsgang.<\/p>\n<p class=\"\" data-start=\"754\" data-end=\"1121\">Es verf\u00fcgt \u00fcber einen Kolbenschalter, der anzeigt, ob die T\u00fcr geschlossen\/offen und verriegelt\/entriegelt ist, und ist daher f\u00fcr den Einsatz mit Zugangskontrollsystemen oder Alarmsystemen geeignet. 5 Meter halogenfreies Anschlusskabel inklusive.<\/p>\n<p class=\"\" data-start=\"1123\" data-end=\"1140\"><strong data-start=\"1123\" data-end=\"1137\">Eigenschaften<\/strong>:<\/p>\n<ul data-start=\"1141\" data-end=\"1583\">\n<li class=\"\" data-start=\"1141\" data-end=\"1184\">\n<p class=\"\" data-start=\"1143\" data-end=\"1184\">F\u00fcr Hakenma\u00dfstabschloss Assa 511 mit 10 mm Kolben<\/p>\n<\/li>\n<li class=\"\" data-start=\"1185\" data-end=\"1230\">\n<p class=\"\" data-start=\"1187\" data-end=\"1230\">Rechtsdrehende Funktion (im stromlosen Zustand gesperrt)<\/p>\n<\/li>\n<li class=\"\" data-start=\"1231\" data-end=\"1257\">\n<p class=\"\" data-start=\"1233\" data-end=\"1257\">F\u00fcr rechtsangeschlagene T\u00fcren<\/p>\n<\/li>\n<li class=\"\" data-start=\"1258\" data-end=\"1291\">\n<p class=\"\" data-start=\"1260\" data-end=\"1291\">Brandschutzzulassung bis E\/EI 60<\/p>\n<\/li>\n<li class=\"\" data-start=\"1292\" data-end=\"1376\">\n<p class=\"\" data-start=\"1294\" data-end=\"1376\">Eingebauter St\u00f6\u00dfelschalter zur Anzeige des geschlossenen\/offenen und verriegelten\/entriegelten Zustands der T\u00fcr<\/p>\n<\/li>\n<li class=\"\" data-start=\"1377\" data-end=\"1399\">\n<p class=\"\" data-start=\"1379\" data-end=\"1399\">Eingebaute Schutzdiode<\/p>\n<\/li>\n<li class=\"\" data-start=\"1400\" data-end=\"1438\">\n<p class=\"\" data-start=\"1402\" data-end=\"1438\">Bruchfestigkeit 15 kN (ca. 1500 kg)<\/p>\n<\/li>\n<li class=\"\" data-start=\"1439\" data-end=\"1521\">\n<p class=\"\" data-start=\"1441\" data-end=\"1521\">\u00d6ffnet trotz 5 kN (ca. 500 kg) Banddruck sowohl im Vorw\u00e4rts- als auch im R\u00fcckw\u00e4rtsgang<\/p>\n<\/li>\n<li class=\"\" data-start=\"1522\" data-end=\"1537\">\n<p class=\"\" data-start=\"1524\" data-end=\"1537\">Antiklopfmittel<\/p>\n<\/li>\n<li class=\"\" data-start=\"1538\" data-end=\"1583\">\n<p class=\"\" data-start=\"1540\" data-end=\"1583\">5 Meter halogenfreies Anschlusskabel inklusive<\/p>\n<\/li>\n<\/ul>\n<p class=\"\" data-start=\"1585\" data-end=\"1616\"><strong data-start=\"1585\" data-end=\"1613\">Technische Spezifikationen<\/strong>:<\/p>\n<ul data-start=\"1617\" data-end=\"2198\">\n<li class=\"\" data-start=\"1617\" data-end=\"1653\">\n<p class=\"\" data-start=\"1619\" data-end=\"1653\"><strong data-start=\"1619\" data-end=\"1642\">Bruchfestigkeit max<\/strong>: 1500 kg<\/p>\n<\/li>\n<li class=\"\" data-start=\"1654\" data-end=\"1681\">\n<p class=\"\" data-start=\"1656\" data-end=\"1681\"><strong data-start=\"1656\" data-end=\"1672\">T\u00fcrbehang<\/strong>: Rechts<\/p>\n<\/li>\n<li class=\"\" data-start=\"1682\" data-end=\"1705\">\n<p class=\"\" data-start=\"1684\" data-end=\"1705\"><strong data-start=\"1684\" data-end=\"1699\">Kabel im Lieferumfang enthalten<\/strong>: Ja<\/p>\n<\/li>\n<li class=\"\" data-start=\"1706\" data-end=\"1731\">\n<p class=\"\" data-start=\"1708\" data-end=\"1731\"><strong data-start=\"1708\" data-end=\"1721\">Listendruck<\/strong>: 500 kg<\/p>\n<\/li>\n<li class=\"\" data-start=\"1732\" data-end=\"1769\">\n<p class=\"\" data-start=\"1734\" data-end=\"1769\"><strong data-start=\"1734\" data-end=\"1744\">Schlosstyp<\/strong>: Hakenfallenschloss, Fallenschloss<\/p>\n<\/li>\n<li class=\"\" data-start=\"1770\" data-end=\"1798\">\n<p class=\"\" data-start=\"1772\" data-end=\"1798\"><strong data-start=\"1772\" data-end=\"1789\">Breites Produkt<\/strong>: 35 mm<\/p>\n<\/li>\n<li class=\"\" data-start=\"1799\" data-end=\"1825\">\n<p class=\"\" data-start=\"1801\" data-end=\"1825\"><strong data-start=\"1801\" data-end=\"1819\">Baustoffe bewertet<\/strong>: Ja<\/p>\n<\/li>\n<li class=\"\" data-start=\"1826\" data-end=\"1853\">\n<p class=\"\" data-start=\"1828\" data-end=\"1853\"><strong data-start=\"1828\" data-end=\"1844\">Tiefes Produkt<\/strong>: 40 mm<\/p>\n<\/li>\n<li class=\"\" data-start=\"1854\" data-end=\"1888\">\n<p class=\"\" data-start=\"1856\" data-end=\"1888\"><strong data-start=\"1856\" data-end=\"1881\">Betriebsspannung 12V\/24V<\/strong>: 12V<\/p>\n<\/li>\n<li class=\"\" data-start=\"1889\" data-end=\"1917\">\n<p class=\"\" data-start=\"1891\" data-end=\"1917\"><strong data-start=\"1891\" data-end=\"1910\">Doppelt gedrehtes Geh\u00e4use<\/strong>: NEIN<\/p>\n<\/li>\n<li class=\"\" data-start=\"1918\" data-end=\"1945\">\n<p class=\"\" data-start=\"1920\" data-end=\"1945\"><strong data-start=\"1920\" data-end=\"1938\">EPD-gepr\u00fcft<\/strong>: NEIN<\/p>\n<\/li>\n<li class=\"\" data-start=\"1946\" data-end=\"1964\">\n<p class=\"\" data-start=\"1948\" data-end=\"1964\"><strong data-start=\"1948\" data-end=\"1957\">FEINE INFORMATIONEN<\/strong>: NEIN<\/p>\n<\/li>\n<li class=\"\" data-start=\"1965\" data-end=\"1999\">\n<p class=\"\" data-start=\"1967\" data-end=\"1999\"><strong data-start=\"1967\" data-end=\"1988\">Farbe\/Oberfl\u00e4chenbehandlung<\/strong>: Edelstahl<\/p>\n<\/li>\n<li class=\"\" data-start=\"2000\" data-end=\"2028\">\n<p class=\"\" data-start=\"2002\" data-end=\"2028\"><strong data-start=\"2002\" data-end=\"2018\">Erh\u00f6htes Produkt<\/strong>: 230 mm<\/p>\n<\/li>\n<li class=\"\" data-start=\"2029\" data-end=\"2052\">\n<p class=\"\" data-start=\"2031\" data-end=\"2052\"><strong data-start=\"2031\" data-end=\"2046\">Kolbenanschluss<\/strong>: Ja<\/p>\n<\/li>\n<li class=\"\" data-start=\"2053\" data-end=\"2086\">\n<p class=\"\" data-start=\"2055\" data-end=\"2086\"><strong data-start=\"2055\" data-end=\"2074\">Rechts\/R\u00fcckw\u00e4rts<\/strong>: Nach rechts gerichtet<\/p>\n<\/li>\n<li class=\"\" data-start=\"2087\" data-end=\"2113\">\n<p class=\"\" data-start=\"2089\" data-end=\"2113\"><strong data-start=\"2089\" data-end=\"2107\">Spannung AC\/DC<\/strong>: Gleichstrom<\/p>\n<\/li>\n<li class=\"\" data-start=\"2114\" data-end=\"2142\">\n<p class=\"\" data-start=\"2116\" data-end=\"2142\"><strong data-start=\"2116\" data-end=\"2132\">Spannung max<\/strong>: 13,8 V<\/p>\n<\/li>\n<li class=\"\" data-start=\"2143\" data-end=\"2171\">\n<p class=\"\" data-start=\"2145\" data-end=\"2171\"><strong data-start=\"2145\" data-end=\"2161\">Spannung min<\/strong>: 10,8 V<\/p>\n<\/li>\n<li class=\"\" data-start=\"2172\" data-end=\"2198\">\n<p class=\"\" data-start=\"2174\" data-end=\"2198\"><strong data-start=\"2174\" data-end=\"2192\">SundaHouse bewertet<\/strong>: Ja<\/p>\n<\/li>\n<\/ul>","protected":false},"excerpt":{"rendered":"<p>Hier sehen Sie, welche Pfosten und Modelle aus dem STEP-Sortiment der elektrischen T\u00fcrstopper zusammenpassen.<\/p>\n<h5><strong><a href=\"https:\/\/steplock.com\/sv\/stolpguide\/#!?lang=sv&amp;blog_id=1&amp;paged=1&amp;number=50\" target=\"_blank\" rel=\"noopener\">STEP-Pfostenf\u00fchrung\u00a0<\/a><\/strong><\/h5>\n<h5><strong><a href=\"https:\/\/steplock.com\/sv\/projekteringsguide\/#!?lang=sv&amp;blog_id=1&amp;paged=1&amp;number=999\" target=\"_blank\" rel=\"noopener\">STEP-Designleitfaden<\/a><\/strong><\/h5>","protected":false},"featured_media":140043,"template":"","meta":{"_acf_changed":false},"product_brand":[],"product_cat":[3355],"product_tag":[4198,4200],"class_list":{"0":"post-140045","1":"product","2":"type-product","3":"status-publish","4":"has-post-thumbnail","6":"product_cat-elslutbleck","7":"product_tag-12v","8":"product_tag-rattvand","9":"product_shipping_class-tunga-paket","10":"pa_brands-step","11":"tm-no-options","13":"first","14":"onbackorder","15":"sale","16":"taxable","17":"shipping-taxable","18":"purchasable","19":"product-type-simple"},"acf":[],"_links":{"self":[{"href":"https:\/\/secureus.se\/de\/wp-json\/wp\/v2\/product\/140045","targetHints":{"allow":["GET"]}}],"collection":[{"href":"https:\/\/secureus.se\/de\/wp-json\/wp\/v2\/product"}],"about":[{"href":"https:\/\/secureus.se\/de\/wp-json\/wp\/v2\/types\/product"}],"wp:featuredmedia":[{"embeddable":true,"href":"https:\/\/secureus.se\/de\/wp-json\/wp\/v2\/media\/140043"}],"wp:attachment":[{"href":"https:\/\/secureus.se\/de\/wp-json\/wp\/v2\/media?parent=140045"}],"wp:term":[{"taxonomy":"product_brand","embeddable":true,"href":"https:\/\/secureus.se\/de\/wp-json\/wp\/v2\/product_brand?post=140045"},{"taxonomy":"product_cat","embeddable":true,"href":"https:\/\/secureus.se\/de\/wp-json\/wp\/v2\/product_cat?post=140045"},{"taxonomy":"product_tag","embeddable":true,"href":"https:\/\/secureus.se\/de\/wp-json\/wp\/v2\/product_tag?post=140045"}],"curies":[{"name":"wp","href":"https:\/\/api.w.org\/{rel}","templated":true}]}}