{"id":140049,"date":"2023-09-26T13:06:06","date_gmt":"2023-09-26T11:06:06","guid":{"rendered":"https:\/\/secureus.se\/elslutbleck-step-60-omvand-12v-kolvkontakt-10m-kabel\/"},"modified":"2026-04-23T12:56:49","modified_gmt":"2026-04-23T10:56:49","slug":"elslutbleck-step-60-omvand-12v-kolvkontakt-10m-kabel","status":"publish","type":"product","link":"https:\/\/secureus.se\/de\/elslutbleck-step-60-omvand-12v-kolvkontakt-10m-kabel\/","title":{"rendered":"Elektrische Anschlussplatte STEP 60 Reverse 12V Kolbenanschluss 10m Kabel"},"content":{"rendered":"<h1>Elektrische Anschlussplatte STEP 60 Reverse 12V Kolbenanschluss 10m Kabel<\/h1>\n<p>STEP 60 Silent bietet einen sanften und leisen Betrieb, perfekt f\u00fcr T\u00fcren mit hoher \u00d6ffnungsfrequenz und Anforderungen an die Ger\u00e4uschreduzierung.<\/p>\n<p>Feuerbest\u00e4ndig bis E\/EI120, mit robuster Konstruktion und hoher Einbruchhemmung.<\/p>\n<p class=\"\" data-start=\"393\" data-end=\"777\">STEP 60 Silent ist f\u00fcr einen nahezu ger\u00e4uschlosen Betrieb beim \u00d6ffnen und Schlie\u00dfen konzipiert und eignet sich daher ideal f\u00fcr den Einsatz in Umgebungen mit hohem Verkehrsaufkommen oder \u00fcberall dort, wo eine Ger\u00e4uschreduzierung erforderlich ist.<\/p>\n<p class=\"\" data-start=\"393\" data-end=\"777\">Das Produkt ist f\u00fcr den Einsatz in rauen Umgebungen ausgelegt und gem\u00e4\u00df SS-EN 14846:2008 f\u00fcr eine Feuerbest\u00e4ndigkeit bis E\/EI120 zertifiziert.<\/p>\n<p class=\"\" data-start=\"393\" data-end=\"777\">Es passt sowohl f\u00fcr einfl\u00fcgelige als auch f\u00fcr zweifl\u00fcgelige Schl\u00f6sser.<\/p>\n<p class=\"\" data-start=\"779\" data-end=\"1160\">Eine patentierte STEP Silent-Technologie garantiert eine ruhige Fahrt bei gleichzeitig hoher Sicherheit und Bruchfestigkeit.<\/p>\n<p class=\"\" data-start=\"779\" data-end=\"1160\">Dar\u00fcber hinaus ist er mit einem Kolbenkontakt zur Anzeige des T\u00fcrzustands (geschlossen\/offen) bzw. (verriegelt\/entriegelt) ausgestattet, was die Anbindung an Zutrittskontrollsysteme oder Alarmanlagen vereinfacht.<\/p>\n<p class=\"\" data-start=\"779\" data-end=\"1160\">Zur einfachen Installation liegt ein 10 Meter langes halogenfreies Anschlusskabel bei.<\/p>\n<div>\n<p class=\"\" data-start=\"1162\" data-end=\"1179\"><strong data-start=\"1162\" data-end=\"1176\">Eigenschaften<\/strong>:<\/p>\n<ul data-start=\"1180\" data-end=\"1693\">\n<li class=\"\" data-start=\"1180\" data-end=\"1224\">\n<p class=\"\" data-start=\"1182\" data-end=\"1224\">Reversierfunktion (im stromlosen Zustand entriegelt)<\/p>\n<\/li>\n<li class=\"\" data-start=\"1225\" data-end=\"1283\">\n<p class=\"\" data-start=\"1227\" data-end=\"1283\">Feuerfest bis E\/EI 120 gem\u00e4\u00df SS-EN 14846:2008<\/p>\n<\/li>\n<li class=\"\" data-start=\"1284\" data-end=\"1336\">\n<p class=\"\" data-start=\"1286\" data-end=\"1336\">Mikroschalter einpoliger Wechsler, max. 30 V DC, 1 A<\/p>\n<\/li>\n<li class=\"\" data-start=\"1337\" data-end=\"1421\">\n<p class=\"\" data-start=\"1339\" data-end=\"1421\">Eingebauter St\u00f6\u00dfelschalter zur Anzeige des geschlossenen\/offenen und verriegelten\/entriegelten Zustands der T\u00fcr<\/p>\n<\/li>\n<li class=\"\" data-start=\"1422\" data-end=\"1490\">\n<p class=\"\" data-start=\"1424\" data-end=\"1490\">Schlie\u00dfkontakt zum Anschluss an Zutrittssystem, Alarmanlage etc.<\/p>\n<\/li>\n<li class=\"\" data-start=\"1491\" data-end=\"1529\">\n<p class=\"\" data-start=\"1493\" data-end=\"1529\">Bruchfestigkeit 16 kN (ca. 1600 kg)<\/p>\n<\/li>\n<li class=\"\" data-start=\"1530\" data-end=\"1619\">\n<p class=\"\" data-start=\"1532\" data-end=\"1619\">Garantiert das \u00d6ffnen trotz 1 kN (ca. 100 kg) Banddruck im Vorw\u00e4rts- und R\u00fcckw\u00e4rtslauf<\/p>\n<\/li>\n<li class=\"\" data-start=\"1620\" data-end=\"1642\">\n<p class=\"\" data-start=\"1622\" data-end=\"1642\">Eingebaute Schutzdiode<\/p>\n<\/li>\n<li class=\"\" data-start=\"1643\" data-end=\"1658\">\n<p class=\"\" data-start=\"1645\" data-end=\"1658\">Antiklopfmittel<\/p>\n<\/li>\n<li class=\"\" data-start=\"1659\" data-end=\"1693\">\n<p class=\"\" data-start=\"1661\" data-end=\"1693\">10 Meter halogenfreies Kabel inklusive<\/p>\n<\/li>\n<\/ul>\n<p class=\"\" data-start=\"1695\" data-end=\"1726\"><strong data-start=\"1695\" data-end=\"1723\">Technische Spezifikationen<\/strong>:<\/p>\n<ul data-start=\"1727\" data-end=\"2350\">\n<li class=\"\" data-start=\"1727\" data-end=\"1763\">\n<p class=\"\" data-start=\"1729\" data-end=\"1763\"><strong data-start=\"1729\" data-end=\"1752\">Bruchfestigkeit max<\/strong>: 1600 kg<\/p>\n<\/li>\n<li class=\"\" data-start=\"1764\" data-end=\"1800\">\n<p class=\"\" data-start=\"1766\" data-end=\"1800\"><strong data-start=\"1766\" data-end=\"1782\">T\u00fcrbehang<\/strong>: Rechts, Links<\/p>\n<\/li>\n<li class=\"\" data-start=\"1801\" data-end=\"1824\">\n<p class=\"\" data-start=\"1803\" data-end=\"1824\"><strong data-start=\"1803\" data-end=\"1818\">Kabel im Lieferumfang enthalten<\/strong>: Ja<\/p>\n<\/li>\n<li class=\"\" data-start=\"1825\" data-end=\"1850\">\n<p class=\"\" data-start=\"1827\" data-end=\"1850\"><strong data-start=\"1827\" data-end=\"1840\">Listendruck<\/strong>: 100 kg<\/p>\n<\/li>\n<li class=\"\" data-start=\"1851\" data-end=\"1892\">\n<p class=\"\" data-start=\"1853\" data-end=\"1892\"><strong data-start=\"1853\" data-end=\"1863\">Schlosstyp<\/strong>: Einfallenschloss, Doppelfallenschloss<\/p>\n<\/li>\n<li class=\"\" data-start=\"1893\" data-end=\"1921\">\n<p class=\"\" data-start=\"1895\" data-end=\"1921\"><strong data-start=\"1895\" data-end=\"1912\">Breites Produkt<\/strong>: 28 mm<\/p>\n<\/li>\n<li class=\"\" data-start=\"1922\" data-end=\"1948\">\n<p class=\"\" data-start=\"1924\" data-end=\"1948\"><strong data-start=\"1924\" data-end=\"1942\">Baustoffe bewertet<\/strong>: Ja<\/p>\n<\/li>\n<li class=\"\" data-start=\"1949\" data-end=\"1976\">\n<p class=\"\" data-start=\"1951\" data-end=\"1976\"><strong data-start=\"1951\" data-end=\"1967\">Tiefes Produkt<\/strong>: 35 mm<\/p>\n<\/li>\n<li class=\"\" data-start=\"1977\" data-end=\"2011\">\n<p class=\"\" data-start=\"1979\" data-end=\"2011\"><strong data-start=\"1979\" data-end=\"2004\">Betriebsspannung 12V\/24V<\/strong>: 24 V<\/p>\n<\/li>\n<li class=\"\" data-start=\"2012\" data-end=\"2040\">\n<p class=\"\" data-start=\"2014\" data-end=\"2040\"><strong data-start=\"2014\" data-end=\"2033\">Doppelt gedrehtes Geh\u00e4use<\/strong>: NEIN<\/p>\n<\/li>\n<li class=\"\" data-start=\"2041\" data-end=\"2068\">\n<p class=\"\" data-start=\"2043\" data-end=\"2068\"><strong data-start=\"2043\" data-end=\"2061\">EPD-gepr\u00fcft<\/strong>: NEIN<\/p>\n<\/li>\n<li class=\"\" data-start=\"2069\" data-end=\"2087\">\n<p class=\"\" data-start=\"2071\" data-end=\"2087\"><strong data-start=\"2071\" data-end=\"2080\">FEINE INFORMATIONEN<\/strong>: NEIN<\/p>\n<\/li>\n<li class=\"\" data-start=\"2088\" data-end=\"2122\">\n<p class=\"\" data-start=\"2090\" data-end=\"2122\"><strong data-start=\"2090\" data-end=\"2111\">Farbe\/Oberfl\u00e4chenbehandlung<\/strong>: Edelstahl<\/p>\n<\/li>\n<li class=\"\" data-start=\"2123\" data-end=\"2153\">\n<p class=\"\" data-start=\"2125\" data-end=\"2153\"><strong data-start=\"2125\" data-end=\"2141\">Erh\u00f6htes Produkt<\/strong>: 149,5 mm<\/p>\n<\/li>\n<li class=\"\" data-start=\"2154\" data-end=\"2182\">\n<p class=\"\" data-start=\"2156\" data-end=\"2182\"><strong data-start=\"2156\" data-end=\"2170\">Kabell\u00e4nge<\/strong>: 10 Meter<\/p>\n<\/li>\n<li class=\"\" data-start=\"2183\" data-end=\"2206\">\n<p class=\"\" data-start=\"2185\" data-end=\"2206\"><strong data-start=\"2185\" data-end=\"2200\">Kolbenanschluss<\/strong>: Ja<\/p>\n<\/li>\n<li class=\"\" data-start=\"2207\" data-end=\"2238\">\n<p class=\"\" data-start=\"2209\" data-end=\"2238\"><strong data-start=\"2209\" data-end=\"2228\">Rechts\/R\u00fcckw\u00e4rts<\/strong>: Umkehren<\/p>\n<\/li>\n<li class=\"\" data-start=\"2239\" data-end=\"2265\">\n<p class=\"\" data-start=\"2241\" data-end=\"2265\"><strong data-start=\"2241\" data-end=\"2259\">Spannung AC\/DC<\/strong>: Gleichstrom<\/p>\n<\/li>\n<li class=\"\" data-start=\"2266\" data-end=\"2294\">\n<p class=\"\" data-start=\"2268\" data-end=\"2294\"><strong data-start=\"2268\" data-end=\"2284\">Spannung max<\/strong>: 13,8 V<\/p>\n<\/li>\n<li class=\"\" data-start=\"2295\" data-end=\"2323\">\n<p class=\"\" data-start=\"2297\" data-end=\"2323\"><strong data-start=\"2297\" data-end=\"2313\">Spannung min<\/strong>: 10,8 V<\/p>\n<\/li>\n<li class=\"\" data-start=\"2324\" data-end=\"2350\">\n<p class=\"\" data-start=\"2326\" data-end=\"2350\"><strong data-start=\"2326\" data-end=\"2344\">SundaHouse bewertet<\/strong>: Ja<\/p>\n<\/li>\n<\/ul>\n<\/div>","protected":false},"excerpt":{"rendered":"<p>Hier sehen Sie, welche Pfosten und Modelle aus dem STEP-Sortiment der elektrischen T\u00fcrstopper zusammenpassen.<\/p>\n<h5><strong><a href=\"https:\/\/steplock.com\/sv\/stolpguide\/#!?lang=sv&amp;blog_id=1&amp;paged=1&amp;number=50\" target=\"_blank\" rel=\"noopener\">STEP-Pfostenf\u00fchrung\u00a0<\/a><\/strong><\/h5>\n<h5><strong><a href=\"https:\/\/steplock.com\/sv\/projekteringsguide\/#!?lang=sv&amp;blog_id=1&amp;paged=1&amp;number=999\" target=\"_blank\" rel=\"noopener\">STEP-Designleitfaden<\/a><\/strong><\/h5>","protected":false},"featured_media":140048,"template":"","meta":{"_acf_changed":false},"product_brand":[],"product_cat":[3355],"product_tag":[4197,4201],"class_list":{"0":"post-140049","1":"product","2":"type-product","3":"status-publish","4":"has-post-thumbnail","6":"product_cat-elslutbleck","7":"product_tag-24v","8":"product_tag-omvand","9":"product_shipping_class-tunga-paket","10":"pa_brands-step","11":"tm-no-options","13":"first","14":"onbackorder","15":"sale","16":"taxable","17":"shipping-taxable","18":"purchasable","19":"product-type-simple"},"acf":[],"_links":{"self":[{"href":"https:\/\/secureus.se\/de\/wp-json\/wp\/v2\/product\/140049","targetHints":{"allow":["GET"]}}],"collection":[{"href":"https:\/\/secureus.se\/de\/wp-json\/wp\/v2\/product"}],"about":[{"href":"https:\/\/secureus.se\/de\/wp-json\/wp\/v2\/types\/product"}],"wp:featuredmedia":[{"embeddable":true,"href":"https:\/\/secureus.se\/de\/wp-json\/wp\/v2\/media\/140048"}],"wp:attachment":[{"href":"https:\/\/secureus.se\/de\/wp-json\/wp\/v2\/media?parent=140049"}],"wp:term":[{"taxonomy":"product_brand","embeddable":true,"href":"https:\/\/secureus.se\/de\/wp-json\/wp\/v2\/product_brand?post=140049"},{"taxonomy":"product_cat","embeddable":true,"href":"https:\/\/secureus.se\/de\/wp-json\/wp\/v2\/product_cat?post=140049"},{"taxonomy":"product_tag","embeddable":true,"href":"https:\/\/secureus.se\/de\/wp-json\/wp\/v2\/product_tag?post=140049"}],"curies":[{"name":"wp","href":"https:\/\/api.w.org\/{rel}","templated":true}]}}