{"id":140082,"date":"2023-09-26T13:08:03","date_gmt":"2023-09-26T11:08:03","guid":{"rendered":"https:\/\/secureus.se\/elslutbleck-step-48-omstallbar-24v\/"},"modified":"2026-04-08T16:06:33","modified_gmt":"2026-04-08T14:06:33","slug":"elslutbleck-step-48-omstallbar-24v","status":"publish","type":"product","link":"https:\/\/secureus.se\/de\/elslutbleck-step-48-omstallbar-24v\/","title":{"rendered":"Elektrische Anschlussplatte STEP 48 Schaltbar 24V"},"content":{"rendered":"<h1>Elektrische Anschlussplatte STEP 48 Schaltbar 24V<\/h1>\n<p>Elektrischer T\u00fcr\u00f6ffner STEP 48 Vorspannung mit einstellbarer Funktion erm\u00f6glicht flexible Installation in Vorw\u00e4rts- und R\u00fcckw\u00e4rtspositionen.<\/p>\n<p>Kompakt, zuverl\u00e4ssig und bereit f\u00fcr den h\u00e4ufigen Einsatz.<\/p>\n<p class=\"\" data-start=\"237\" data-end=\"641\">Der elektrische T\u00fcr\u00f6ffner STEP 48 Preload ist ein vielseitiger elektrischer T\u00fcr\u00f6ffner, der Betriebssicherheit und Flexibilit\u00e4t in einem kompakten Design vereint.<\/p>\n<p class=\"\" data-start=\"237\" data-end=\"641\">Dank der umkehrbaren Funktion kann das Produkt entweder nach vorne (ohne Strom verriegelt) oder nach hinten (ohne Strom entriegelt) ausgerichtet werden. Dadurch eignet es sich ideal f\u00fcr eine Vielzahl von T\u00fcrumgebungen \u2013 von B\u00fcros bis hin zu \u00f6ffentlichen R\u00e4umen mit Anpassungsanforderungen.<\/p>\n<p class=\"\" data-start=\"643\" data-end=\"893\">Das Blech ist mit der patentierten Leistendrucktechnik von STEP ausgestattet, die gew\u00e4hrleistet, dass die T\u00fcr auch bei einem Leistendruck von bis zu 40 kg entriegelt werden kann.<\/p>\n<p class=\"\" data-start=\"643\" data-end=\"893\">Dadurch eignet sich STEP 48 Preload besonders f\u00fcr T\u00fcren mit Dichtleisten oder bei denen Druckverh\u00e4ltnisse auftreten k\u00f6nnen.<\/p>\n<p class=\"\" data-start=\"895\" data-end=\"1222\">Mit einer Bruchfestigkeit von 9 kN (ca. 900 kg) bietet STEP 48 zuverl\u00e4ssigen Schutz. Das manipulationssichere Design, die eingebaute Schutzdiode und die Kompatibilit\u00e4t mit Haken- oder geraden Bolzen machen das Produkt sicher und einfach zu installieren.<\/p>\n<p class=\"\" data-start=\"895\" data-end=\"1222\">Es ist au\u00dferdem umkehrbar f\u00fcr rechts- oder linksangeschlagene T\u00fcren und kann sowohl mit Einzel- als auch mit Doppelriegelschl\u00f6ssern verwendet werden.<\/p>\n<p class=\"\" data-start=\"1224\" data-end=\"1252\"><strong data-start=\"1224\" data-end=\"1250\">Eigenschaften und Vorteile:<\/strong><\/p>\n<ul data-start=\"1253\" data-end=\"1544\">\n<li class=\"\" data-start=\"1253\" data-end=\"1303\">\n<p class=\"\" data-start=\"1255\" data-end=\"1303\">Umschaltbar zwischen Vorw\u00e4rts- und R\u00fcckw\u00e4rtsfunktion<\/p>\n<\/li>\n<li class=\"\" data-start=\"1304\" data-end=\"1362\">\n<p class=\"\" data-start=\"1306\" data-end=\"1362\">Patentierte Streifendrucktechnologie (h\u00e4lt bis zu 40 kg Druck stand)<\/p>\n<\/li>\n<li class=\"\" data-start=\"1363\" data-end=\"1417\">\n<p class=\"\" data-start=\"1365\" data-end=\"1417\">Schutzdiode und Klopfschutz f\u00fcr erh\u00f6hte Betriebssicherheit<\/p>\n<\/li>\n<li class=\"\" data-start=\"1418\" data-end=\"1460\">\n<p class=\"\" data-start=\"1420\" data-end=\"1460\">Umkehrbar f\u00fcr rechts\/links angeschlagene T\u00fcren<\/p>\n<\/li>\n<li class=\"\" data-start=\"1461\" data-end=\"1494\">\n<p class=\"\" data-start=\"1463\" data-end=\"1494\">Griffe Haken und gerades Lineal<\/p>\n<\/li>\n<li class=\"\" data-start=\"1495\" data-end=\"1544\">\n<p class=\"\" data-start=\"1497\" data-end=\"1544\">Kompatibel mit Regelanzeige ST4880 (optional)<\/p>\n<\/li>\n<\/ul>\n<p class=\"\" data-start=\"1546\" data-end=\"1701\"><strong data-start=\"1546\" data-end=\"1569\">Einsatzgebiete:<\/strong><br data-start=\"1569\" data-end=\"1572\" \/>Perfekt f\u00fcr B\u00fcrot\u00fcren, Eing\u00e4nge, technische R\u00e4ume und andere T\u00fcrumgebungen, in denen eine flexible Schlie\u00dflogik und eine hohe \u00d6ffnungsfrequenz erforderlich sind.<\/p>\n<p class=\"\" data-start=\"1703\" data-end=\"2059\"><strong data-start=\"1703\" data-end=\"1732\">Technische Spezifikationen:<\/strong><br data-start=\"1732\" data-end=\"1735\" \/>Betriebsspannung: 24 V DC (21,6-27,6 V)<br data-start=\"1771\" data-end=\"1774\" \/>Stromverbrauch: 110 mAh \/ max. 300 mA<br data-start=\"1812\" data-end=\"1815\" \/>Bruchfestigkeit: 900 kg<br data-start=\"1838\" data-end=\"1841\" \/>Streifendruck: 40 kg<br data-start=\"1857\" data-end=\"1860\" \/>T\u00fcranschlag: Rechts\/Links<br data-start=\"1887\" data-end=\"1890\" \/>Kabel enthalten: Nein<br data-start=\"1906\" data-end=\"1909\" \/>Schlosstyp: Einzelriegelschloss, Doppelriegelschloss<br data-start=\"1942\" data-end=\"1945\" \/>Abmessungen (BxTxH): 25 x 35 x 90 mm<br data-start=\"1974\" data-end=\"1977\" \/>Oberfl\u00e4chenbehandlung: Edelstahl<br data-start=\"1998\" data-end=\"2001\" \/>Bauprodukt bewertet: Ja<br data-start=\"2019\" data-end=\"2022\" \/>SundaHouse-Bewertung: Ja<br data-start=\"2040\" data-end=\"2043\" \/>Kolbenkontakt: Nein<\/p>","protected":false},"excerpt":{"rendered":"<p>Hier sehen Sie, welche Pfosten und Modelle aus dem STEP-Sortiment der elektrischen T\u00fcrstopper zusammenpassen.<\/p>\n<h5><strong><a href=\"https:\/\/steplock.com\/sv\/stolpguide\/#!?lang=sv&amp;blog_id=1&amp;paged=1&amp;number=50\" target=\"_blank\" rel=\"noopener\">STEP-Pfostenf\u00fchrung\u00a0<\/a><\/strong><\/h5>\n<h5><strong><a href=\"https:\/\/steplock.com\/sv\/projekteringsguide\/#!?lang=sv&amp;blog_id=1&amp;paged=1&amp;number=999\" target=\"_blank\" rel=\"noopener\">STEP-Designleitfaden<\/a><\/strong><\/h5>","protected":false},"featured_media":140080,"template":"","meta":{"_acf_changed":false},"product_brand":[],"product_cat":[3355],"product_tag":[4197,4202],"class_list":{"0":"post-140082","1":"product","2":"type-product","3":"status-publish","4":"has-post-thumbnail","6":"product_cat-elslutbleck","7":"product_tag-24v","8":"product_tag-omstallbar-rattvand-omvand","9":"product_shipping_class-tunga-paket","10":"pa_brands-step","11":"tm-no-options","13":"first","14":"onbackorder","15":"sale","16":"taxable","17":"shipping-taxable","18":"purchasable","19":"product-type-simple"},"acf":[],"_links":{"self":[{"href":"https:\/\/secureus.se\/de\/wp-json\/wp\/v2\/product\/140082","targetHints":{"allow":["GET"]}}],"collection":[{"href":"https:\/\/secureus.se\/de\/wp-json\/wp\/v2\/product"}],"about":[{"href":"https:\/\/secureus.se\/de\/wp-json\/wp\/v2\/types\/product"}],"wp:featuredmedia":[{"embeddable":true,"href":"https:\/\/secureus.se\/de\/wp-json\/wp\/v2\/media\/140080"}],"wp:attachment":[{"href":"https:\/\/secureus.se\/de\/wp-json\/wp\/v2\/media?parent=140082"}],"wp:term":[{"taxonomy":"product_brand","embeddable":true,"href":"https:\/\/secureus.se\/de\/wp-json\/wp\/v2\/product_brand?post=140082"},{"taxonomy":"product_cat","embeddable":true,"href":"https:\/\/secureus.se\/de\/wp-json\/wp\/v2\/product_cat?post=140082"},{"taxonomy":"product_tag","embeddable":true,"href":"https:\/\/secureus.se\/de\/wp-json\/wp\/v2\/product_tag?post=140082"}],"curies":[{"name":"wp","href":"https:\/\/api.w.org\/{rel}","templated":true}]}}