{"id":140103,"date":"2023-09-26T13:07:51","date_gmt":"2023-09-26T11:07:51","guid":{"rendered":"https:\/\/secureus.se\/elslutbleck-step-18-hoger-rattvand-24v-10mm-regel-modul\/"},"modified":"2026-02-20T11:30:36","modified_gmt":"2026-02-20T10:30:36","slug":"elslutbleck-step-18-hoger-rattvand-24v-10mm-regel-modul","status":"publish","type":"product","link":"https:\/\/secureus.se\/de\/elslutbleck-step-18-hoger-rattvand-24v-10mm-regel-modul\/","title":{"rendered":"Elektrische Endplatte SCHRITT 18 Rechts Rechtsgerichtetes 24-V-10-mm-Regelmodul"},"content":{"rendered":"<h1>Elektrische Endplatte SCHRITT 18 Rechts Rechtsgerichtetes 24-V-10-mm-Regelmodul<\/h1>\n<p>STEP 18 Sicherer Elektro-T\u00fcr\u00f6ffner f\u00fcr rechts angeschlagene T\u00fcren der Modul-Serie mit 10 mm Riegel. Rechtsh\u00e4ndige Funktion, Brandschutzklasse E\/EI 60 und Kolben-\/Fallenkontakt. 5 m Kabel im Lieferumfang enthalten.<\/p>\n<p class=\"\" data-start=\"249\" data-end=\"575\">Der elektrische T\u00fcr\u00f6ffner STEP 18 Secure ist eine robuste Hochsicherheitsl\u00f6sung f\u00fcr Umgebungen mit hohen Anforderungen an den Einbruchschutz, wie etwa Gef\u00e4ngnisse, Beh\u00f6rden und sicherheitsgepr\u00fcfte Geb\u00e4ude.<\/p>\n<p class=\"\" data-start=\"249\" data-end=\"575\">Diese Variante ist speziell f\u00fcr rechts angeschlagene T\u00fcren mit Riegelschl\u00f6ssern der Modul-Serie und einem 10 mm Kolben angepasst.<\/p>\n<p class=\"\" data-start=\"577\" data-end=\"962\">STEP 18 verf\u00fcgt \u00fcber eine Fail-Safe-Funktion, d. h., es wird bei einem Stromausfall gesperrt \u2013 eine wichtige Funktion bei Installationen, bei denen die Sicherheit stets gew\u00e4hrleistet sein muss.<\/p>\n<p class=\"\" data-start=\"577\" data-end=\"962\">Das Produkt ist auf Feuerbest\u00e4ndigkeit bis E\/EI 60 gepr\u00fcft und zugelassen und \u00fcberzeugt mit einer Bruchfestigkeit von 15 kN.<\/p>\n<p class=\"\" data-start=\"577\" data-end=\"962\">Dank seiner schlagfesten und robusten Konstruktion \u00f6ffnet es sich selbst bei einem Banddruck von bis zu 5 kN.<\/p>\n<p class=\"\" data-start=\"964\" data-end=\"1178\">Mit integriertem Kolben- und Fallenkontakt erm\u00f6glicht das elektrische T\u00fcr\u00f6ffnerblech eine zuverl\u00e4ssige Zustandserkennung und eine einfache Integration in Zutrittskontrollsysteme oder Alarmanlagen.<\/p>\n<p class=\"\" data-start=\"964\" data-end=\"1178\">Zur einfachen Installation wird ein 5 Meter langes halogenfreies Anschlusskabel mitgeliefert.<\/p>\n<p class=\"\" data-start=\"1180\" data-end=\"1206\"><strong data-start=\"1180\" data-end=\"1206\">Eigenschaften und Vorteile:<\/strong><\/p>\n<ul data-start=\"1207\" data-end=\"1495\">\n<li class=\"\" data-start=\"1207\" data-end=\"1242\">\n<p class=\"\" data-start=\"1209\" data-end=\"1242\">F\u00fcr Modulriegelschloss mit 10 mm Kolben<\/p>\n<\/li>\n<li class=\"\" data-start=\"1243\" data-end=\"1280\">\n<p class=\"\" data-start=\"1245\" data-end=\"1280\">Korrekte Funktion \u2013 stromlos verriegelt<\/p>\n<\/li>\n<li class=\"\" data-start=\"1281\" data-end=\"1298\">\n<p class=\"\" data-start=\"1283\" data-end=\"1298\">Rechte T\u00fcr<\/p>\n<\/li>\n<li class=\"\" data-start=\"1299\" data-end=\"1321\">\n<p class=\"\" data-start=\"1301\" data-end=\"1321\">Feuerwiderstandsklasse E\/EI 60<\/p>\n<\/li>\n<li class=\"\" data-start=\"1322\" data-end=\"1346\">\n<p class=\"\" data-start=\"1324\" data-end=\"1346\">Bruchfestigkeit: 15 kN<\/p>\n<\/li>\n<li class=\"\" data-start=\"1347\" data-end=\"1376\">\n<p class=\"\" data-start=\"1349\" data-end=\"1376\">H\u00e4lt Formdr\u00fccken bis zu 5 kN stand<\/p>\n<\/li>\n<li class=\"\" data-start=\"1377\" data-end=\"1407\">\n<p class=\"\" data-start=\"1379\" data-end=\"1407\">Kolbenkontakt und Riegelkontakt<\/p>\n<\/li>\n<li class=\"\" data-start=\"1408\" data-end=\"1428\">\n<p class=\"\" data-start=\"1410\" data-end=\"1428\">Anti-Klopf-Design<\/p>\n<\/li>\n<li class=\"\" data-start=\"1429\" data-end=\"1461\">\n<p class=\"\" data-start=\"1431\" data-end=\"1461\">5 Meter halogenfreies Kabel inklusive<\/p>\n<\/li>\n<li class=\"\" data-start=\"1462\" data-end=\"1495\">\n<p class=\"\" data-start=\"1464\" data-end=\"1495\">Baumaterialien bewertet &amp; SundaHus bewertet<\/p>\n<\/li>\n<\/ul>","protected":false},"excerpt":{"rendered":"<p>Hier sehen Sie, welche Pfosten und Modelle aus dem STEP-Sortiment der elektrischen T\u00fcrstopper zusammenpassen.<\/p>\n<h5><strong><a href=\"https:\/\/steplock.com\/sv\/stolpguide\/#!?lang=sv&amp;blog_id=1&amp;paged=1&amp;number=50\" target=\"_blank\" rel=\"noopener\">STEP-Pfostenf\u00fchrung\u00a0<\/a><\/strong><\/h5>\n<h5><strong><a href=\"https:\/\/steplock.com\/sv\/projekteringsguide\/#!?lang=sv&amp;blog_id=1&amp;paged=1&amp;number=999\" target=\"_blank\" rel=\"noopener\">STEP-Designleitfaden<\/a><\/strong><\/h5>","protected":false},"featured_media":140100,"template":"","meta":{"_acf_changed":false},"product_brand":[],"product_cat":[3355],"product_tag":[4197,4200],"class_list":{"0":"post-140103","1":"product","2":"type-product","3":"status-publish","4":"has-post-thumbnail","6":"product_cat-elslutbleck","7":"product_tag-24v","8":"product_tag-rattvand","9":"product_shipping_class-tunga-paket","10":"pa_brands-step","11":"tm-no-options","13":"first","14":"onbackorder","15":"sale","16":"taxable","17":"shipping-taxable","18":"purchasable","19":"product-type-simple"},"acf":[],"_links":{"self":[{"href":"https:\/\/secureus.se\/de\/wp-json\/wp\/v2\/product\/140103","targetHints":{"allow":["GET"]}}],"collection":[{"href":"https:\/\/secureus.se\/de\/wp-json\/wp\/v2\/product"}],"about":[{"href":"https:\/\/secureus.se\/de\/wp-json\/wp\/v2\/types\/product"}],"wp:featuredmedia":[{"embeddable":true,"href":"https:\/\/secureus.se\/de\/wp-json\/wp\/v2\/media\/140100"}],"wp:attachment":[{"href":"https:\/\/secureus.se\/de\/wp-json\/wp\/v2\/media?parent=140103"}],"wp:term":[{"taxonomy":"product_brand","embeddable":true,"href":"https:\/\/secureus.se\/de\/wp-json\/wp\/v2\/product_brand?post=140103"},{"taxonomy":"product_cat","embeddable":true,"href":"https:\/\/secureus.se\/de\/wp-json\/wp\/v2\/product_cat?post=140103"},{"taxonomy":"product_tag","embeddable":true,"href":"https:\/\/secureus.se\/de\/wp-json\/wp\/v2\/product_tag?post=140103"}],"curies":[{"name":"wp","href":"https:\/\/api.w.org\/{rel}","templated":true}]}}