{"id":140123,"date":"2023-09-26T13:07:47","date_gmt":"2023-09-26T11:07:47","guid":{"rendered":"https:\/\/secureus.se\/elslutbleck-step-40-omstallbar-12v-kolvkontakt\/"},"modified":"2026-04-08T16:11:13","modified_gmt":"2026-04-08T14:11:13","slug":"elslutbleck-step-40-omstallbar-12v-kolvkontakt","status":"publish","type":"product","link":"https:\/\/secureus.se\/de\/elslutbleck-step-40-omstallbar-12v-kolvkontakt\/","title":{"rendered":"Elektrische Anschlussplatte STEP 40 Einstellbarer 12-V-Kolbenkontakt"},"content":{"rendered":"<h1>Elektrische Anschlussplatte STEP 40 Einstellbarer 12-V-Kolbenkontakt<\/h1>\n<p>STEP 40 Preload HPR \u2013 kompakter T\u00fcr\u00f6ffner mit einstellbarer Funktion (Vorw\u00e4rts\/R\u00fcckw\u00e4rts), Kolbenkontakt und hoher Betriebssicherheit. H\u00e4lt bis zu 250 kg Streifendruck stand.<\/p>\n<p class=\"\" data-start=\"234\" data-end=\"603\">Der elektrische T\u00fcr\u00f6ffner STEP 40 Preload HPR ist ein vielseitiger und leistungsstarker elektrischer T\u00fcr\u00f6ffner, der f\u00fcr moderne T\u00fcrumgebungen mit hohen Anforderungen an Funktion und Sicherheit geeignet ist.<\/p>\n<p class=\"\" data-start=\"234\" data-end=\"603\">Dank seiner Umkehrfunktion kann es problemlos nach vorne (ohne Strom verriegelt) oder nach hinten (ohne Strom entriegelt) gerichtet konfiguriert werden, was maximale Flexibilit\u00e4t bei der Installation bietet.<\/p>\n<p class=\"\" data-start=\"605\" data-end=\"889\">Mit der patentierten HPR\u00ae-Streifendrucktechnologie von STEP \u00f6ffnet sich die T\u00fcr selbst bei einem Druck von bis zu 250 kg, was den elektrischen T\u00fcr\u00f6ffner auch in Umgebungen mit hoher Beanspruchung zu einer zuverl\u00e4ssigen Wahl macht.<\/p>\n<p class=\"\" data-start=\"605\" data-end=\"889\">Das Blech ist auf \u00fcber 1,5 Millionen Zyklen getestet und weist eine Bruchfestigkeit von satten 1.200 kg auf.<\/p>\n<p class=\"\" data-start=\"891\" data-end=\"1166\">Der eingebaute Kolbenkontakt zeigt zuverl\u00e4ssig an, ob die T\u00fcr geschlossen oder offen ist und l\u00e4sst sich problemlos in Zutrittskontrollsysteme oder Alarmsysteme integrieren.<\/p>\n<p class=\"\" data-start=\"891\" data-end=\"1166\">STEP 40 ist f\u00fcr rechts- und linksangeschlagene T\u00fcren umkehrbar und verf\u00fcgt \u00fcber ein kompaktes Design, das in enge R\u00e4ume oder \u00e4ltere T\u00fcrumgebungen passt.<\/p>\n<p class=\"\" data-start=\"1168\" data-end=\"1194\"><strong data-start=\"1168\" data-end=\"1194\">Eigenschaften und Vorteile:<\/strong><\/p>\n<ul data-start=\"1195\" data-end=\"1540\">\n<li class=\"\" data-start=\"1195\" data-end=\"1242\">\n<p class=\"\" data-start=\"1197\" data-end=\"1242\">Umkehrfunktion \u2013 vorw\u00e4rts oder r\u00fcckw\u00e4rts<\/p>\n<\/li>\n<li class=\"\" data-start=\"1243\" data-end=\"1279\">\n<p class=\"\" data-start=\"1245\" data-end=\"1279\">Kolbenkontakt mit Statusanzeige<\/p>\n<\/li>\n<li class=\"\" data-start=\"1280\" data-end=\"1327\">\n<p class=\"\" data-start=\"1282\" data-end=\"1327\">HPR\u00ae-Technologie \u2013 \u00f6ffnet trotz 250 kg Banddruck<\/p>\n<\/li>\n<li class=\"\" data-start=\"1328\" data-end=\"1356\">\n<p class=\"\" data-start=\"1330\" data-end=\"1356\">Bruchfestigkeit 1.200 kg<\/p>\n<\/li>\n<li class=\"\" data-start=\"1357\" data-end=\"1390\">\n<p class=\"\" data-start=\"1359\" data-end=\"1390\">F\u00fcr ein- oder zweifl\u00fcgelige Schl\u00f6sser<\/p>\n<\/li>\n<li class=\"\" data-start=\"1391\" data-end=\"1420\">\n<p class=\"\" data-start=\"1393\" data-end=\"1420\">Schutzdiode und Klopfschutz<\/p>\n<\/li>\n<li class=\"\" data-start=\"1421\" data-end=\"1471\">\n<p class=\"\" data-start=\"1423\" data-end=\"1471\">Umkehrbar \u2013 passt sowohl an rechte als auch an linke T\u00fcren<\/p>\n<\/li>\n<li class=\"\" data-start=\"1472\" data-end=\"1507\">\n<p class=\"\" data-start=\"1474\" data-end=\"1507\">Getestet auf 1,5 Millionen Zyklen<\/p>\n<\/li>\n<li class=\"\" data-start=\"1508\" data-end=\"1540\">\n<p class=\"\" data-start=\"1510\" data-end=\"1540\">Kompatibel mit 12-V-Gleichstromsystemen<\/p>\n<\/li>\n<\/ul>","protected":false},"excerpt":{"rendered":"<p>Hier sehen Sie, welche Pfosten und Modelle aus dem STEP-Sortiment der elektrischen T\u00fcrstopper zusammenpassen.<\/p>\n<h5><strong><a href=\"https:\/\/steplock.com\/sv\/stolpguide\/#!?lang=sv&amp;blog_id=1&amp;paged=1&amp;number=50\" target=\"_blank\" rel=\"noopener\">STEP-Pfostenf\u00fchrung\u00a0<\/a><\/strong><\/h5>\n<h5><strong><a href=\"https:\/\/steplock.com\/sv\/projekteringsguide\/#!?lang=sv&amp;blog_id=1&amp;paged=1&amp;number=999\" target=\"_blank\" rel=\"noopener\">STEP-Designleitfaden<\/a><\/strong><\/h5>","protected":false},"featured_media":140116,"template":"","meta":{"_acf_changed":false},"product_brand":[],"product_cat":[3355],"product_tag":[4198,4202],"class_list":{"0":"post-140123","1":"product","2":"type-product","3":"status-publish","4":"has-post-thumbnail","6":"product_cat-elslutbleck","7":"product_tag-12v","8":"product_tag-omstallbar-rattvand-omvand","9":"product_shipping_class-tunga-paket","10":"pa_brands-step","11":"tm-no-options","13":"first","14":"onbackorder","15":"sale","16":"taxable","17":"shipping-taxable","18":"purchasable","19":"product-type-simple"},"acf":[],"_links":{"self":[{"href":"https:\/\/secureus.se\/de\/wp-json\/wp\/v2\/product\/140123","targetHints":{"allow":["GET"]}}],"collection":[{"href":"https:\/\/secureus.se\/de\/wp-json\/wp\/v2\/product"}],"about":[{"href":"https:\/\/secureus.se\/de\/wp-json\/wp\/v2\/types\/product"}],"wp:featuredmedia":[{"embeddable":true,"href":"https:\/\/secureus.se\/de\/wp-json\/wp\/v2\/media\/140116"}],"wp:attachment":[{"href":"https:\/\/secureus.se\/de\/wp-json\/wp\/v2\/media?parent=140123"}],"wp:term":[{"taxonomy":"product_brand","embeddable":true,"href":"https:\/\/secureus.se\/de\/wp-json\/wp\/v2\/product_brand?post=140123"},{"taxonomy":"product_cat","embeddable":true,"href":"https:\/\/secureus.se\/de\/wp-json\/wp\/v2\/product_cat?post=140123"},{"taxonomy":"product_tag","embeddable":true,"href":"https:\/\/secureus.se\/de\/wp-json\/wp\/v2\/product_tag?post=140123"}],"curies":[{"name":"wp","href":"https:\/\/api.w.org\/{rel}","templated":true}]}}