{"id":140139,"date":"2023-09-26T13:07:22","date_gmt":"2023-09-26T11:07:22","guid":{"rendered":"https:\/\/secureus.se\/elslutbleck-step-28e-vanster-omvand-12v-7mm-regel\/"},"modified":"2026-04-08T16:29:01","modified_gmt":"2026-04-08T14:29:01","slug":"elslutbleck-step-28e-vanster-omvand-12v-7mm-regel","status":"publish","type":"product","link":"https:\/\/secureus.se\/de\/elslutbleck-step-28e-vanster-omvand-12v-7mm-regel\/","title":{"rendered":"Elektrische Endplatte STEP 28E Links R\u00fcckw\u00e4rts 12V 7mm Regel"},"content":{"rendered":"<h1>Elektrische Endplatte STEP 28E Links R\u00fcckw\u00e4rts 12V 7mm Regel<\/h1>\n<p>STEP 28E Secure ist ein umgekehrter elektrischer T\u00fcr\u00f6ffner f\u00fcr links angeschlagene T\u00fcren mit Feuerbest\u00e4ndigkeit bis E\/EI 60. Passend f\u00fcr 7-mm-Riegelschl\u00f6sser der Connect-Serie und inklusive 5 m halogenfreiem Kabel. Hohe Sicherheit, manipulationssicher und kompatibel mit Zugangskontrollsystemen.<\/p>\n<p class=\"\" data-start=\"398\" data-end=\"880\">Der elektrische T\u00fcr\u00f6ffner STEP 28E Secure ist ein fortschrittlicher elektrischer T\u00fcr\u00f6ffner, der hohe Sicherheit, Brandschutzanforderungen und die M\u00f6glichkeit der T\u00fcrautomatisierung vereint \u2013 perfekt f\u00fcr den Einsatz in Fluchtwegen.<\/p>\n<p class=\"\" data-start=\"398\" data-end=\"880\">Durch die Umkehrfunktion (Verriegelung im stromlosen Zustand) eignet sich dieses Schild besonders dort, wo es aus Sicherheitsgr\u00fcnden erforderlich ist, dass die T\u00fcr bei einem Stromausfall verriegelt bleibt.<\/p>\n<p class=\"\" data-start=\"398\" data-end=\"880\">Es ist f\u00fcr links angeschlagene T\u00fcren entwickelt und wird mit einem Riegelschloss bzw. einem Riegelschloss mit 7 mm Bolzen verwendet, was einen hervorragenden Einbruchschutz bietet.<\/p>\n<p class=\"\" data-start=\"882\" data-end=\"1283\">STEP 28E hat eine Feuerbest\u00e4ndigkeit bis E\/EI 60 und ist h\u00e4ufig Bestandteil von Anlagen mit Notausg\u00e4ngen gem\u00e4\u00df SS-EN 179.<\/p>\n<p class=\"\" data-start=\"882\" data-end=\"1283\">Das Produkt verf\u00fcgt \u00fcber einen eingebauten Mikroschalter und eine Anzeige, die den Anschluss an ein Zugangskontrollsystem, einen Alarm oder eine \u00dcberwachung erm\u00f6glicht, um zu \u00fcberpr\u00fcfen, ob die T\u00fcr geschlossen und verriegelt ist.<\/p>\n<p class=\"\" data-start=\"882\" data-end=\"1283\">Mit einer Bruchfestigkeit von \u00fcber 15 kN und einer Streifendruckfestigkeit von bis zu 5 kN funktioniert es auch in anspruchsvollen Umgebungen.<\/p>\n<p class=\"\" data-start=\"1285\" data-end=\"1513\">Das Blech wird mit einem 5 Meter langen halogenfreien Anschlusskabel geliefert, ist manipulationssicher und verf\u00fcgt \u00fcber eine Baustoff- und SundaHus-Zulassung.<\/p>\n<p class=\"\" data-start=\"1285\" data-end=\"1513\">Die robuste Edelstahlkonstruktion gew\u00e4hrleistet Langlebigkeit in physikalisch und elektrisch anspruchsvollen Umgebungen.<\/p>","protected":false},"excerpt":{"rendered":"<p>Hier sehen Sie, welche Pfosten und Modelle aus dem STEP-Sortiment der elektrischen T\u00fcrstopper zusammenpassen.<\/p>\n<h5><strong><a href=\"https:\/\/steplock.com\/sv\/stolpguide\/#!?lang=sv&amp;blog_id=1&amp;paged=1&amp;number=50\" target=\"_blank\" rel=\"noopener\">STEP-Pfostenf\u00fchrung\u00a0<\/a><\/strong><\/h5>\n<h5><strong><a href=\"https:\/\/steplock.com\/sv\/projekteringsguide\/#!?lang=sv&amp;blog_id=1&amp;paged=1&amp;number=999\" target=\"_blank\" rel=\"noopener\">STEP-Designleitfaden<\/a><\/strong><\/h5>","protected":false},"featured_media":140137,"template":"","meta":{"_acf_changed":false},"product_brand":[],"product_cat":[3355],"product_tag":[4198,4201],"class_list":{"0":"post-140139","1":"product","2":"type-product","3":"status-publish","4":"has-post-thumbnail","6":"product_cat-elslutbleck","7":"product_tag-12v","8":"product_tag-omvand","9":"product_shipping_class-tunga-paket","10":"pa_brands-step","11":"tm-no-options","13":"first","14":"onbackorder","15":"sale","16":"taxable","17":"shipping-taxable","18":"purchasable","19":"product-type-simple"},"acf":[],"_links":{"self":[{"href":"https:\/\/secureus.se\/de\/wp-json\/wp\/v2\/product\/140139","targetHints":{"allow":["GET"]}}],"collection":[{"href":"https:\/\/secureus.se\/de\/wp-json\/wp\/v2\/product"}],"about":[{"href":"https:\/\/secureus.se\/de\/wp-json\/wp\/v2\/types\/product"}],"wp:featuredmedia":[{"embeddable":true,"href":"https:\/\/secureus.se\/de\/wp-json\/wp\/v2\/media\/140137"}],"wp:attachment":[{"href":"https:\/\/secureus.se\/de\/wp-json\/wp\/v2\/media?parent=140139"}],"wp:term":[{"taxonomy":"product_brand","embeddable":true,"href":"https:\/\/secureus.se\/de\/wp-json\/wp\/v2\/product_brand?post=140139"},{"taxonomy":"product_cat","embeddable":true,"href":"https:\/\/secureus.se\/de\/wp-json\/wp\/v2\/product_cat?post=140139"},{"taxonomy":"product_tag","embeddable":true,"href":"https:\/\/secureus.se\/de\/wp-json\/wp\/v2\/product_tag?post=140139"}],"curies":[{"name":"wp","href":"https:\/\/api.w.org\/{rel}","templated":true}]}}