{"id":140150,"date":"2023-09-26T13:07:18","date_gmt":"2023-09-26T11:07:18","guid":{"rendered":"https:\/\/secureus.se\/elslutbleck-step-28e-hoger-omvand-24v-7mm-regel\/"},"modified":"2026-03-26T09:50:51","modified_gmt":"2026-03-26T08:50:51","slug":"elslutbleck-step-28e-hoger-omvand-24v-7mm-regel","status":"publish","type":"product","link":"https:\/\/secureus.se\/de\/elslutbleck-step-28e-hoger-omvand-24v-7mm-regel\/","title":{"rendered":"Elektrische Endplatte STEP 28E Rechts-R\u00fcckw\u00e4rts 24V 7mm Regel"},"content":{"rendered":"<h1>Elektrische Endplatte STEP 28E Rechts-R\u00fcckw\u00e4rts 24V 7mm Regel<\/h1>\n<p>STEP 28E Sicherer elektrischer T\u00fcr\u00f6ffner mit Umkehrfunktion f\u00fcr rechts angeschlagene T\u00fcren.<\/p>\n<p>Passend f\u00fcr 7 mm Steuerschloss, Betriebsspannung 24V DC. Brandklasse E\/EI 60, schlagfest und inklusive 5 m halogenfreiem Kabel.<\/p>\n<p class=\"\" data-start=\"386\" data-end=\"811\">STEP 28E Secure ist ein zuverl\u00e4ssiger und sicherer elektrischer T\u00fcr\u00f6ffner f\u00fcr rechts angeschlagene T\u00fcren, der speziell f\u00fcr Anwendungen entwickelt wurde, bei denen sowohl Brandschutz, Einbruchschutz als auch eine Fluchtfunktion erforderlich sind.<\/p>\n<p class=\"\" data-start=\"386\" data-end=\"811\">Dieser elektrische T\u00fcr\u00f6ffner wird mit einem Riegelschloss oder Hakenriegelschloss mit 7 mm Riegel verwendet und ist mit einer Umkehrfunktion ausgestattet - d. h. er wird bei Stromausfall verriegelt und erh\u00f6ht so die Sicherheit bei Stromausfall.<\/p>\n<p class=\"\" data-start=\"813\" data-end=\"1132\">Mit seiner Feuerbest\u00e4ndigkeit bis E\/EI 60 erf\u00fcllt STEP 28E die Anforderungen f\u00fcr die Installation zusammen mit Notverriegelungen gem\u00e4\u00df SS-EN 179.<\/p>\n<p class=\"\" data-start=\"813\" data-end=\"1132\">Es ist mit Mikroschaltern und Doppelanzeigen ausgestattet, die den Status der T\u00fcr und des Schlosses registrieren \u2013 und so die Anbindung an Zugangskontrollsysteme, Alarmsysteme oder andere Kontrollsysteme erm\u00f6glichen.<\/p>\n<p class=\"\" data-start=\"1134\" data-end=\"1500\">Das Blech h\u00e4lt einem Streifendruck von bis zu 500 kg stand und verf\u00fcgt \u00fcber eine Bruchfestigkeit von \u00fcber 15 kN, wodurch es eine hohe Manipulationssicherheit aufweist.<\/p>\n<p class=\"\" data-start=\"1134\" data-end=\"1500\">Die Konstruktion ist manipulationssicher und f\u00fcr eine lange Haltbarkeit aus rostfreiem Stahl gefertigt.<\/p>\n<p class=\"\" data-start=\"1134\" data-end=\"1500\">Zur einfachen Installation liegt ein 5 Meter langes halogenfreies Anschlusskabel bei. Das Produkt ist sowohl ein von SundaHus gepr\u00fcftes als auch zugelassenes Baumaterial.<\/p>\n<p class=\"\" data-start=\"1502\" data-end=\"1633\">Mit 24V DC als Betriebsspannung eignet es sich perfekt f\u00fcr moderne Installationen, bei denen hohe Leistung in Kombination mit Betriebssicherheit erforderlich ist.<\/p>","protected":false},"excerpt":{"rendered":"<p>Hier sehen Sie, welche Pfosten und Modelle aus dem STEP-Sortiment der elektrischen T\u00fcrstopper zusammenpassen.<\/p>\n<h5><strong><a href=\"https:\/\/steplock.com\/sv\/stolpguide\/#!?lang=sv&amp;blog_id=1&amp;paged=1&amp;number=50\" target=\"_blank\" rel=\"noopener\">STEP-Pfostenf\u00fchrung\u00a0<\/a><\/strong><\/h5>\n<h5><strong><a href=\"https:\/\/steplock.com\/sv\/projekteringsguide\/#!?lang=sv&amp;blog_id=1&amp;paged=1&amp;number=999\" target=\"_blank\" rel=\"noopener\">STEP-Designleitfaden<\/a><\/strong><\/h5>","protected":false},"featured_media":140146,"template":"","meta":{"_acf_changed":false},"product_brand":[],"product_cat":[3355],"product_tag":[4197,4201],"class_list":{"0":"post-140150","1":"product","2":"type-product","3":"status-publish","4":"has-post-thumbnail","6":"product_cat-elslutbleck","7":"product_tag-24v","8":"product_tag-omvand","9":"product_shipping_class-tunga-paket","10":"pa_brands-step","11":"tm-no-options","13":"first","14":"instock","15":"sale","16":"taxable","17":"shipping-taxable","18":"purchasable","19":"product-type-simple"},"acf":[],"_links":{"self":[{"href":"https:\/\/secureus.se\/de\/wp-json\/wp\/v2\/product\/140150","targetHints":{"allow":["GET"]}}],"collection":[{"href":"https:\/\/secureus.se\/de\/wp-json\/wp\/v2\/product"}],"about":[{"href":"https:\/\/secureus.se\/de\/wp-json\/wp\/v2\/types\/product"}],"wp:featuredmedia":[{"embeddable":true,"href":"https:\/\/secureus.se\/de\/wp-json\/wp\/v2\/media\/140146"}],"wp:attachment":[{"href":"https:\/\/secureus.se\/de\/wp-json\/wp\/v2\/media?parent=140150"}],"wp:term":[{"taxonomy":"product_brand","embeddable":true,"href":"https:\/\/secureus.se\/de\/wp-json\/wp\/v2\/product_brand?post=140150"},{"taxonomy":"product_cat","embeddable":true,"href":"https:\/\/secureus.se\/de\/wp-json\/wp\/v2\/product_cat?post=140150"},{"taxonomy":"product_tag","embeddable":true,"href":"https:\/\/secureus.se\/de\/wp-json\/wp\/v2\/product_tag?post=140150"}],"curies":[{"name":"wp","href":"https:\/\/api.w.org\/{rel}","templated":true}]}}