{"id":140167,"date":"2023-09-26T13:07:16","date_gmt":"2023-09-26T11:07:16","guid":{"rendered":"https:\/\/secureus.se\/elslutbleck-step-28e-vanster-omvand-24v-12mm-regel\/"},"modified":"2026-04-08T16:19:07","modified_gmt":"2026-04-08T14:19:07","slug":"elslutbleck-step-28e-vanster-omvand-24v-12mm-regel","status":"publish","type":"product","link":"https:\/\/secureus.se\/de\/elslutbleck-step-28e-vanster-omvand-24v-12mm-regel\/","title":{"rendered":"Elektrische Endplatte STEP 28E, links, umgekehrt, 24 V, 12 mm Regel"},"content":{"rendered":"<h1>Elektrische Endplatte STEP 28E, links, umgekehrt, 24 V, 12 mm Regel<\/h1>\n<p>STEP 28E Sicherer elektrischer T\u00fcr\u00f6ffner mit Umkehrfunktion f\u00fcr links angeschlagene T\u00fcren.<\/p>\n<p>Passend f\u00fcr 12 mm Kolben der Modul-Reihe, 24 V DC, Brandklasse E\/EI 60.<\/p>\n<p>Robuste Konstruktion mit Zugangssystemhalterung und 5 m halogenfreiem Kabel.<\/p>\n<p class=\"\" data-start=\"428\" data-end=\"823\">STEP 28E Secure ist ein leistungsstarker und zuverl\u00e4ssiger elektrischer T\u00fcr\u00f6ffner, der hohe Anforderungen an Sicherheit, Brandschutz und Funktion in Fluchtwegen erf\u00fcllt.<\/p>\n<p class=\"\" data-start=\"428\" data-end=\"823\">Es ist speziell f\u00fcr links angeschlagene T\u00fcren angepasst und wird bei Riegelschl\u00f6ssern mit 12 mm Kolben der Modul-Serie verwendet.<\/p>\n<p class=\"\" data-start=\"428\" data-end=\"823\">Durch die R\u00fccklauffunktion \u2013 Verriegelung bei Stromausfall \u2013 ist auch bei Stromausfall ein wirksamer Schutz gew\u00e4hrleistet.<\/p>\n<p class=\"\" data-start=\"825\" data-end=\"1173\">Dieser elektrische T\u00fcr\u00f6ffner hat eine Feuerbest\u00e4ndigkeit bis E\/EI 60 und eignet sich gut f\u00fcr Installationen, bei denen eine Notevakuierung gem\u00e4\u00df SS-EN 179 mit der T\u00fcrautomatisierung oder anderen Sicherheitsanforderungen kombiniert werden soll.<\/p>\n<p class=\"\" data-start=\"825\" data-end=\"1173\">Mit einem eingebauten Kolben- und Riegelkontakt liefert es Signale \u00fcber den T\u00fcrstatus (offen\/geschlossen) und den Schlossstatus (verriegelt\/entriegelt) an Zugangskontrollsysteme, Alarmsysteme oder andere Steuerungssysteme.<\/p>\n<p class=\"\" data-start=\"1175\" data-end=\"1582\">STEP 28E verf\u00fcgt \u00fcber eine Bruchfestigkeit von \u00fcber 15 kN und h\u00e4lt einem Streifendruck von bis zu 500 kg stand, wodurch es auch in anspruchsvollen Umgebungen widerstandsf\u00e4hig ist.<\/p>\n<p class=\"\" data-start=\"1175\" data-end=\"1582\">Die Edelstahlkonstruktion ist manipulationssicher und auf Langlebigkeit ausgelegt.<\/p>\n<p class=\"\" data-start=\"1175\" data-end=\"1582\">Wird mit einem 5 Meter langen halogenfreien Anschlusskabel geliefert und ist sowohl bauproduktgepr\u00fcft als auch von SundaHus zugelassen \u2013 perfekt f\u00fcr professionelle Sicherheitsl\u00f6sungen in \u00f6ffentlichen und gewerblichen Umgebungen.<\/p>","protected":false},"excerpt":{"rendered":"<p>Hier sehen Sie, welche Pfosten und Modelle aus dem STEP-Sortiment der elektrischen T\u00fcrstopper zusammenpassen.<\/p>\n<h5><strong><a href=\"https:\/\/steplock.com\/sv\/stolpguide\/#!?lang=sv&amp;blog_id=1&amp;paged=1&amp;number=50\" target=\"_blank\" rel=\"noopener\">STEP-Pfostenf\u00fchrung\u00a0<\/a><\/strong><\/h5>\n<h5><strong><a href=\"https:\/\/steplock.com\/sv\/projekteringsguide\/#!?lang=sv&amp;blog_id=1&amp;paged=1&amp;number=999\" target=\"_blank\" rel=\"noopener\">STEP-Designleitfaden<\/a><\/strong><\/h5>","protected":false},"featured_media":140165,"template":"","meta":{"_acf_changed":false},"product_brand":[],"product_cat":[3355],"product_tag":[4197,4201],"class_list":{"0":"post-140167","1":"product","2":"type-product","3":"status-publish","4":"has-post-thumbnail","6":"product_cat-elslutbleck","7":"product_tag-24v","8":"product_tag-omvand","9":"product_shipping_class-tunga-paket","10":"pa_brands-step","11":"tm-no-options","13":"first","14":"onbackorder","15":"sale","16":"taxable","17":"shipping-taxable","18":"purchasable","19":"product-type-simple"},"acf":[],"_links":{"self":[{"href":"https:\/\/secureus.se\/de\/wp-json\/wp\/v2\/product\/140167","targetHints":{"allow":["GET"]}}],"collection":[{"href":"https:\/\/secureus.se\/de\/wp-json\/wp\/v2\/product"}],"about":[{"href":"https:\/\/secureus.se\/de\/wp-json\/wp\/v2\/types\/product"}],"wp:featuredmedia":[{"embeddable":true,"href":"https:\/\/secureus.se\/de\/wp-json\/wp\/v2\/media\/140165"}],"wp:attachment":[{"href":"https:\/\/secureus.se\/de\/wp-json\/wp\/v2\/media?parent=140167"}],"wp:term":[{"taxonomy":"product_brand","embeddable":true,"href":"https:\/\/secureus.se\/de\/wp-json\/wp\/v2\/product_brand?post=140167"},{"taxonomy":"product_cat","embeddable":true,"href":"https:\/\/secureus.se\/de\/wp-json\/wp\/v2\/product_cat?post=140167"},{"taxonomy":"product_tag","embeddable":true,"href":"https:\/\/secureus.se\/de\/wp-json\/wp\/v2\/product_tag?post=140167"}],"curies":[{"name":"wp","href":"https:\/\/api.w.org\/{rel}","templated":true}]}}