{"id":140178,"date":"2023-09-26T13:07:06","date_gmt":"2023-09-26T11:07:06","guid":{"rendered":"https:\/\/secureus.se\/elslutbleck-step-98-omvand-24v\/"},"modified":"2026-03-26T09:52:00","modified_gmt":"2026-03-26T08:52:00","slug":"elslutbleck-step-98-omvand-24v","status":"publish","type":"product","link":"https:\/\/secureus.se\/de\/elslutbleck-step-98-omvand-24v\/","title":{"rendered":"Elektrische Anschlussplatte SCHRITT 98 Reverse 24V"},"content":{"rendered":"<p>Elektrische Anschlussplatte SCHRITT 98 Reverse 24V<\/p>\n<p>STEP 98 Preload ist ein feuerfester elektrischer T\u00fcr\u00f6ffner mit R\u00fcckw\u00e4rtsfunktion, der f\u00fcr Sicherheitst\u00fcren konzipiert ist, die mit einem Knauf oder Schl\u00fcssel verschlossen sind.<\/p>\n<p>Ausgestattet mit HPR\u00ae-Technologie und einer Bruchfestigkeit von 900 kg bietet es sicheres \u00d6ffnen auch bei Druck gegen den Rahmen.<\/p>\n<p>Der elektrische T\u00fcr\u00f6ffner STEP 98 Preload ist ein elektrischer T\u00fcr\u00f6ffner, der sowohl Sicherheit als auch Funktionalit\u00e4t f\u00fcr T\u00fcren bietet, die mit einem Knauf oder Schl\u00fcssel verschlossen sind.<\/p>\n<p>Es ist gem\u00e4\u00df SS-EN 14846:2008 feuerfest bis E\/EI 120 und somit eine zuverl\u00e4ssige Wahl f\u00fcr T\u00fcren, die hohen Brandschutzanforderungen standhalten m\u00fcssen.<\/p>\n<p>Mit der patentierten Leistendrucktechnologie von STEP garantiert STEP 98 das \u00d6ffnen der T\u00fcr auch bei einem Leistendruck von bis zu 40 kg.<\/p>\n<p class=\"\" data-start=\"809\" data-end=\"1162\">Durch die Umkehrfunktion ist der T\u00fcr\u00f6ffner im stromlosen Zustand entriegelt, was bei Sicherheitsl\u00f6sungen, bei denen ein schneller Zugriff erforderlich ist, eine wichtige Funktion ist.<\/p>\n<p class=\"\" data-start=\"809\" data-end=\"1162\">STEP 98 verf\u00fcgt \u00fcber eine Bruchfestigkeit von 9 kN (ca. 900 kg) und bietet eine zuverl\u00e4ssige L\u00f6sung sowohl f\u00fcr den Vorw\u00e4rts- als auch f\u00fcr den R\u00fcckw\u00e4rtsbetrieb. Es ist au\u00dferdem manipulationssicher und umkehrbar, sodass es sowohl an rechte als auch an linke T\u00fcren passt.<\/p>\n<p class=\"\" data-start=\"1164\" data-end=\"1449\">Zus\u00e4tzlich besteht die M\u00f6glichkeit, einen Riegelindikator (ST4880) zu installieren, der es erm\u00f6glicht, das Zutrittskontrollsystem oder die T\u00fcrautomatik der T\u00fcr zu blockieren, wenn der Hakenriegel oder der gerade Riegel des Schlossgeh\u00e4uses mechanisch entriegelt wurde und so zus\u00e4tzliche Funktionalit\u00e4t f\u00fcr Zutrittskontrollsysteme und Sicherheitsl\u00f6sungen bietet.<\/p>\n<p class=\"\" data-start=\"1451\" data-end=\"1466\"><strong data-start=\"1451\" data-end=\"1466\">Eigenschaften:<\/strong><\/p>\n<ul data-start=\"1467\" data-end=\"1911\">\n<li class=\"\" data-start=\"1467\" data-end=\"1509\">\n<p class=\"\" data-start=\"1469\" data-end=\"1509\">Reversierfunktion (im stromlosen Zustand entriegelt)<\/p>\n<\/li>\n<li class=\"\" data-start=\"1510\" data-end=\"1566\">\n<p class=\"\" data-start=\"1512\" data-end=\"1566\">Feuerfest bis E\/EI 120 gem\u00e4\u00df SS-EN 14846:2008<\/p>\n<\/li>\n<li class=\"\" data-start=\"1567\" data-end=\"1615\">\n<p class=\"\" data-start=\"1569\" data-end=\"1615\">Eingebaute Schutzdiode f\u00fcr erh\u00f6hte elektrische Sicherheit<\/p>\n<\/li>\n<li class=\"\" data-start=\"1616\" data-end=\"1653\">\n<p class=\"\" data-start=\"1618\" data-end=\"1653\">Bruchfestigkeit von 9 kN (ca. 900 kg)<\/p>\n<\/li>\n<li class=\"\" data-start=\"1654\" data-end=\"1753\">\n<p class=\"\" data-start=\"1656\" data-end=\"1753\">Garantiert das \u00d6ffnen trotz Banddruck von bis zu 40 kg (0,4 kN) sowohl im Vorw\u00e4rts- als auch im R\u00fcckw\u00e4rtsbetrieb<\/p>\n<\/li>\n<li class=\"\" data-start=\"1754\" data-end=\"1813\">\n<p class=\"\" data-start=\"1756\" data-end=\"1813\">Sto\u00dffest und umkehrbar f\u00fcr rechte und linke T\u00fcren<\/p>\n<\/li>\n<li class=\"\" data-start=\"1814\" data-end=\"1860\">\n<p class=\"\" data-start=\"1816\" data-end=\"1860\">Kann Haken- oder L\u00e4ngsriegel verriegeln<\/p>\n<\/li>\n<li class=\"\" data-start=\"1861\" data-end=\"1911\">\n<p class=\"\" data-start=\"1863\" data-end=\"1911\">Mikroschalter einpoliger Wechsler, max. 30 V DC, 1 A<\/p>\n<\/li>\n<\/ul>\n<p class=\"\" data-start=\"1913\" data-end=\"1942\"><strong data-start=\"1913\" data-end=\"1942\">Technische Spezifikationen:<\/strong><\/p>\n<ul data-start=\"1943\" data-end=\"2481\">\n<li class=\"\" data-start=\"1943\" data-end=\"2050\">\n<p class=\"\" data-start=\"1945\" data-end=\"2050\">Stromversorgung: 12 V DC (+15% -10%) 220 mAh \/ max. 600 mA oder 24 V DC (+15% -10%) 110 mAh \/ max. 300 mA<\/p>\n<\/li>\n<li class=\"\" data-start=\"2051\" data-end=\"2091\">\n<p class=\"\" data-start=\"2053\" data-end=\"2091\">Haltbarkeit: Klasse X gem\u00e4\u00df SS-EN 14846<\/p>\n<\/li>\n<li class=\"\" data-start=\"2092\" data-end=\"2131\">\n<p class=\"\" data-start=\"2094\" data-end=\"2131\">Korrosion: Klasse M gem\u00e4\u00df SS-EN 14846<\/p>\n<\/li>\n<li class=\"\" data-start=\"2132\" data-end=\"2170\">\n<p class=\"\" data-start=\"2134\" data-end=\"2170\">Sicherheit: Klasse 3 gem\u00e4\u00df SS-EN 14846<\/p>\n<\/li>\n<li class=\"\" data-start=\"2171\" data-end=\"2233\">\n<p class=\"\" data-start=\"2173\" data-end=\"2233\">Sicherheit gegen elektrische Manipulation: Klasse 1 gem\u00e4\u00df SS-EN 14846<\/p>\n<\/li>\n<li class=\"\" data-start=\"2234\" data-end=\"2256\">\n<p class=\"\" data-start=\"2236\" data-end=\"2256\">Feuergetestet: 120 min<\/p>\n<\/li>\n<li class=\"\" data-start=\"2257\" data-end=\"2282\">\n<p class=\"\" data-start=\"2259\" data-end=\"2282\">Bruchfestigkeit: 900 kg<\/p>\n<\/li>\n<li class=\"\" data-start=\"2283\" data-end=\"2313\">\n<p class=\"\" data-start=\"2285\" data-end=\"2313\">T\u00fcranschlag: Rechts, Links<\/p>\n<\/li>\n<li class=\"\" data-start=\"2314\" data-end=\"2332\">\n<p class=\"\" data-start=\"2316\" data-end=\"2332\">Kabel enthalten: Nein<\/p>\n<\/li>\n<li class=\"\" data-start=\"2333\" data-end=\"2351\">\n<p class=\"\" data-start=\"2335\" data-end=\"2351\">Streifendruck: 40 kg<\/p>\n<\/li>\n<li class=\"\" data-start=\"2352\" data-end=\"2387\">\n<p class=\"\" data-start=\"2354\" data-end=\"2387\">Schlosstyp: Einzelriegelschloss, Doppelriegelschloss<\/p>\n<\/li>\n<li class=\"\" data-start=\"2388\" data-end=\"2441\">\n<p class=\"\" data-start=\"2390\" data-end=\"2441\">Produktabmessungen: Breite: 25 mm, Tiefe: 35 mm, H\u00f6he: 90 mm<\/p>\n<\/li>\n<li class=\"\" data-start=\"2442\" data-end=\"2460\">\n<p class=\"\" data-start=\"2444\" data-end=\"2460\">Kolbenkontakt: Nein<\/p>\n<\/li>\n<li class=\"\" data-start=\"2461\" data-end=\"2481\">\n<p class=\"\" data-start=\"2463\" data-end=\"2481\">Spannung AC\/DC: DC<\/p>\n<\/li>\n<\/ul>","protected":false},"excerpt":{"rendered":"<p>Hier sehen Sie, welche Pfosten und Modelle aus dem STEP-Sortiment der elektrischen T\u00fcrstopper zusammenpassen.<\/p>\n<h5><strong><a href=\"https:\/\/steplock.com\/sv\/stolpguide\/#!?lang=sv&amp;blog_id=1&amp;paged=1&amp;number=50\" target=\"_blank\" rel=\"noopener\">STEP-Pfostenf\u00fchrung\u00a0<\/a><\/strong><\/h5>\n<h5><strong><a href=\"https:\/\/steplock.com\/sv\/projekteringsguide\/#!?lang=sv&amp;blog_id=1&amp;paged=1&amp;number=999\" target=\"_blank\" rel=\"noopener\">STEP-Designleitfaden<\/a><\/strong><\/h5>","protected":false},"featured_media":140177,"template":"","meta":{"_acf_changed":false},"product_brand":[],"product_cat":[3355],"product_tag":[4197,4201],"class_list":{"0":"post-140178","1":"product","2":"type-product","3":"status-publish","4":"has-post-thumbnail","6":"product_cat-elslutbleck","7":"product_tag-24v","8":"product_tag-omvand","9":"product_shipping_class-tunga-paket","10":"pa_brands-step","11":"tm-no-options","13":"first","14":"onbackorder","15":"sale","16":"taxable","17":"shipping-taxable","18":"purchasable","19":"product-type-simple"},"acf":[],"_links":{"self":[{"href":"https:\/\/secureus.se\/de\/wp-json\/wp\/v2\/product\/140178","targetHints":{"allow":["GET"]}}],"collection":[{"href":"https:\/\/secureus.se\/de\/wp-json\/wp\/v2\/product"}],"about":[{"href":"https:\/\/secureus.se\/de\/wp-json\/wp\/v2\/types\/product"}],"wp:featuredmedia":[{"embeddable":true,"href":"https:\/\/secureus.se\/de\/wp-json\/wp\/v2\/media\/140177"}],"wp:attachment":[{"href":"https:\/\/secureus.se\/de\/wp-json\/wp\/v2\/media?parent=140178"}],"wp:term":[{"taxonomy":"product_brand","embeddable":true,"href":"https:\/\/secureus.se\/de\/wp-json\/wp\/v2\/product_brand?post=140178"},{"taxonomy":"product_cat","embeddable":true,"href":"https:\/\/secureus.se\/de\/wp-json\/wp\/v2\/product_cat?post=140178"},{"taxonomy":"product_tag","embeddable":true,"href":"https:\/\/secureus.se\/de\/wp-json\/wp\/v2\/product_tag?post=140178"}],"curies":[{"name":"wp","href":"https:\/\/api.w.org\/{rel}","templated":true}]}}