{"id":140218,"date":"2023-09-26T13:06:43","date_gmt":"2023-09-26T11:06:43","guid":{"rendered":"https:\/\/secureus.se\/elslutbleck-step-30-omstallbar-24v\/"},"modified":"2026-04-23T12:59:23","modified_gmt":"2026-04-23T10:59:23","slug":"elslutbleck-step-30-omstallbar-24v","status":"publish","type":"product","link":"https:\/\/secureus.se\/de\/elslutbleck-step-30-omstallbar-24v\/","title":{"rendered":"Elektrische Anschlussplatte STEP 30 Schaltbar 24V"},"content":{"rendered":"<h1>Elektrische Anschlussplatte STEP 30 Schaltbar 24V<\/h1>\n<p>Der elektrische T\u00fcr\u00f6ffner STEP 30 Preload ist ein kompakter elektrischer T\u00fcr\u00f6ffner, der \u00e4ltere Modelle ersetzen und auch in \u00e4lteren T\u00fcrabschnitten eine sichere und zuverl\u00e4ssige T\u00fcrumgebung schaffen soll.<\/p>\n<p>Ausgestattet mit Einstellfunktion und einer Bruchfestigkeit von 500 kg.<\/p>\n<p class=\"\" data-start=\"394\" data-end=\"830\">Der Elektro-T\u00fcr\u00f6ffner STEP 30 Preload bietet eine zuverl\u00e4ssige L\u00f6sung zum Austausch \u00e4lterer oder einfacherer Elektro-T\u00fcr\u00f6ffner und sorgt f\u00fcr ein sicheres T\u00fcrklima, auch in \u00e4lteren T\u00fcrsektionen und Nischen.<\/p>\n<p class=\"\" data-start=\"394\" data-end=\"830\">Als Teil der Preload-Serie von STEP kombiniert der STEP 30 minimale Abmessungen mit hoher Qualit\u00e4t und Flexibilit\u00e4t.<\/p>\n<p class=\"\" data-start=\"394\" data-end=\"830\">Der T\u00fcr\u00f6ffner ist mit der patentierten Streifendrucktechnik von STEP ausgestattet, wodurch die T\u00fcr auch bei Druckeinwirkung immer ge\u00f6ffnet werden kann.<\/p>\n<p class=\"\" data-start=\"832\" data-end=\"1328\">Durch die schaltbare Funktion ist die T\u00fcr im stromlosen Zustand ver- bzw. entriegelbar und kann bei Bedarf schnell ge\u00f6ffnet werden.<\/p>\n<p class=\"\" data-start=\"832\" data-end=\"1328\">Ohne Kolbenkontakt ist dieser elektrische T\u00fcr\u00f6ffner ideal f\u00fcr Installationen, bei denen kein Kolbenkontakt erforderlich ist.<\/p>\n<p class=\"\" data-start=\"832\" data-end=\"1328\">Die eingebaute Schutzdiode erh\u00f6ht die Sicherheit und macht es zu einer zuverl\u00e4ssigen L\u00f6sung sowohl f\u00fcr neue als auch f\u00fcr \u00e4ltere T\u00fcrsysteme.<\/p>\n<p class=\"\" data-start=\"832\" data-end=\"1328\">Mit einer Bruchfestigkeit von 5 kN (ca. 500 kg) und der F\u00e4higkeit, sich trotz eines Banddrucks von bis zu 40 kg zu \u00f6ffnen, bietet STEP 30 sowohl Sicherheit als auch Zuverl\u00e4ssigkeit.<\/p>\n<p class=\"\" data-start=\"1330\" data-end=\"1345\"><strong data-start=\"1330\" data-end=\"1345\">Eigenschaften:<\/strong><\/p>\n<ul data-start=\"1346\" data-end=\"1745\">\n<li class=\"\" data-start=\"1346\" data-end=\"1425\">\n<p class=\"\" data-start=\"1348\" data-end=\"1425\">Umschaltbare Vorw\u00e4rts- oder R\u00fcckw\u00e4rtsfunktion (im stromlosen Zustand verriegelt oder entriegelt)<\/p>\n<\/li>\n<li class=\"\" data-start=\"1426\" data-end=\"1445\">\n<p class=\"\" data-start=\"1428\" data-end=\"1445\">Kein Kolbenkontakt<\/p>\n<\/li>\n<li class=\"\" data-start=\"1446\" data-end=\"1484\">\n<p class=\"\" data-start=\"1448\" data-end=\"1484\">Eingebaute Schutzdiode f\u00fcr erh\u00f6hte Sicherheit<\/p>\n<\/li>\n<li class=\"\" data-start=\"1485\" data-end=\"1522\">\n<p class=\"\" data-start=\"1487\" data-end=\"1522\">Bruchfestigkeit von 5 kN (ca. 500 kg)<\/p>\n<\/li>\n<li class=\"\" data-start=\"1523\" data-end=\"1625\">\n<p class=\"\" data-start=\"1525\" data-end=\"1625\">Garantiert das \u00d6ffnen trotz Banddruck von bis zu 0,4 kN (ca. 40 kg) sowohl im Vorw\u00e4rts- als auch im R\u00fcckw\u00e4rtsgang<\/p>\n<\/li>\n<li class=\"\" data-start=\"1626\" data-end=\"1685\">\n<p class=\"\" data-start=\"1628\" data-end=\"1685\">Sto\u00dffest und umkehrbar f\u00fcr rechte und linke T\u00fcren<\/p>\n<\/li>\n<li class=\"\" data-start=\"1686\" data-end=\"1728\">\n<p class=\"\" data-start=\"1688\" data-end=\"1728\">Passend f\u00fcr 1-fl\u00fcgelige und 2-fl\u00fcgelige Schl\u00f6sser<\/p>\n<\/li>\n<li class=\"\" data-start=\"1729\" data-end=\"1745\">\n<p class=\"\" data-start=\"1731\" data-end=\"1745\">Kabel nicht im Lieferumfang enthalten<\/p>\n<\/li>\n<\/ul>\n<p class=\"\" data-start=\"1747\" data-end=\"1776\"><strong data-start=\"1747\" data-end=\"1776\">Technische Spezifikationen:<\/strong><\/p>\n<ul data-start=\"1777\" data-end=\"2364\">\n<li class=\"\" data-start=\"1777\" data-end=\"1884\">\n<p class=\"\" data-start=\"1779\" data-end=\"1884\">Stromversorgung: 24 V DC (+15% -10%) 110 mAh \/ max. 300 mA oder 12 V DC (+15% -10%) 220 mAh \/ max. 600 mA<\/p>\n<\/li>\n<li class=\"\" data-start=\"1885\" data-end=\"1925\">\n<p class=\"\" data-start=\"1887\" data-end=\"1925\">Haltbarkeit: Klasse X gem\u00e4\u00df SS-EN 14846<\/p>\n<\/li>\n<li class=\"\" data-start=\"1926\" data-end=\"1965\">\n<p class=\"\" data-start=\"1928\" data-end=\"1965\">Korrosion: Klasse M gem\u00e4\u00df SS-EN 14846<\/p>\n<\/li>\n<li class=\"\" data-start=\"1966\" data-end=\"2004\">\n<p class=\"\" data-start=\"1968\" data-end=\"2004\">Sicherheit: Klasse 3 gem\u00e4\u00df SS-EN 14846<\/p>\n<\/li>\n<li class=\"\" data-start=\"2005\" data-end=\"2030\">\n<p class=\"\" data-start=\"2007\" data-end=\"2030\">Bruchfestigkeit: 500 kg<\/p>\n<\/li>\n<li class=\"\" data-start=\"2031\" data-end=\"2061\">\n<p class=\"\" data-start=\"2033\" data-end=\"2061\">T\u00fcranschlag: Rechts, Links<\/p>\n<\/li>\n<li class=\"\" data-start=\"2062\" data-end=\"2080\">\n<p class=\"\" data-start=\"2064\" data-end=\"2080\">Streifendruck: 40 kg<\/p>\n<\/li>\n<li class=\"\" data-start=\"2081\" data-end=\"2116\">\n<p class=\"\" data-start=\"2083\" data-end=\"2116\">Schlosstyp: Einzelriegelschloss, Doppelriegelschloss<\/p>\n<\/li>\n<li class=\"\" data-start=\"2117\" data-end=\"2172\">\n<p class=\"\" data-start=\"2119\" data-end=\"2172\">Produktabmessungen: Breite: 20,5 mm, Tiefe: 28 mm, H\u00f6he: 99 mm<\/p>\n<\/li>\n<li class=\"\" data-start=\"2173\" data-end=\"2191\">\n<p class=\"\" data-start=\"2175\" data-end=\"2191\">Kolbenkontakt: Nein<\/p>\n<\/li>\n<li class=\"\" data-start=\"2192\" data-end=\"2212\">\n<p class=\"\" data-start=\"2194\" data-end=\"2212\">Spannung AC\/DC: DC<\/p>\n<\/li>\n<li class=\"\" data-start=\"2213\" data-end=\"2235\">\n<p class=\"\" data-start=\"2215\" data-end=\"2235\">Spannung max: 27,6 V<\/p>\n<\/li>\n<li class=\"\" data-start=\"2236\" data-end=\"2258\">\n<p class=\"\" data-start=\"2238\" data-end=\"2258\">Spannung min.: 21,6 V<\/p>\n<\/li>\n<li class=\"\" data-start=\"2259\" data-end=\"2287\">\n<p class=\"\" data-start=\"2261\" data-end=\"2287\">Farbe\/Oberfl\u00e4che: Edelstahl<\/p>\n<\/li>\n<li class=\"\" data-start=\"2288\" data-end=\"2308\">\n<p class=\"\" data-start=\"2290\" data-end=\"2308\">Bauprodukt bewertet: Ja<\/p>\n<\/li>\n<li class=\"\" data-start=\"2309\" data-end=\"2330\">\n<p class=\"\" data-start=\"2311\" data-end=\"2330\">EPD-verifiziert: Nein<\/p>\n<\/li>\n<li class=\"\" data-start=\"2331\" data-end=\"2343\">\n<p class=\"\" data-start=\"2333\" data-end=\"2343\">FINFO: Nein<\/p>\n<\/li>\n<li class=\"\" data-start=\"2344\" data-end=\"2364\">\n<p class=\"\" data-start=\"2346\" data-end=\"2364\">SundaHouse-Bewertung: Ja<\/p>\n<\/li>\n<\/ul>","protected":false},"excerpt":{"rendered":"<p>Hier sehen Sie, welche Pfosten und Modelle aus dem STEP-Sortiment der elektrischen T\u00fcrstopper zusammenpassen.<\/p>\n<h5><strong><a href=\"https:\/\/steplock.com\/sv\/stolpguide\/#!?lang=sv&amp;blog_id=1&amp;paged=1&amp;number=50\" target=\"_blank\" rel=\"noopener\">STEP-Pfostenf\u00fchrung\u00a0<\/a><\/strong><\/h5>\n<h5><strong><a href=\"https:\/\/steplock.com\/sv\/projekteringsguide\/#!?lang=sv&amp;blog_id=1&amp;paged=1&amp;number=999\" target=\"_blank\" rel=\"noopener\">STEP-Designleitfaden<\/a><\/strong><\/h5>","protected":false},"featured_media":140217,"template":"","meta":{"_acf_changed":false},"product_brand":[],"product_cat":[3355],"product_tag":[4197,4202],"class_list":{"0":"post-140218","1":"product","2":"type-product","3":"status-publish","4":"has-post-thumbnail","6":"product_cat-elslutbleck","7":"product_tag-24v","8":"product_tag-omstallbar-rattvand-omvand","9":"product_shipping_class-tunga-paket","10":"pa_brands-step","11":"tm-no-options","13":"first","14":"onbackorder","15":"sale","16":"taxable","17":"shipping-taxable","18":"purchasable","19":"product-type-simple"},"acf":[],"_links":{"self":[{"href":"https:\/\/secureus.se\/de\/wp-json\/wp\/v2\/product\/140218","targetHints":{"allow":["GET"]}}],"collection":[{"href":"https:\/\/secureus.se\/de\/wp-json\/wp\/v2\/product"}],"about":[{"href":"https:\/\/secureus.se\/de\/wp-json\/wp\/v2\/types\/product"}],"wp:featuredmedia":[{"embeddable":true,"href":"https:\/\/secureus.se\/de\/wp-json\/wp\/v2\/media\/140217"}],"wp:attachment":[{"href":"https:\/\/secureus.se\/de\/wp-json\/wp\/v2\/media?parent=140218"}],"wp:term":[{"taxonomy":"product_brand","embeddable":true,"href":"https:\/\/secureus.se\/de\/wp-json\/wp\/v2\/product_brand?post=140218"},{"taxonomy":"product_cat","embeddable":true,"href":"https:\/\/secureus.se\/de\/wp-json\/wp\/v2\/product_cat?post=140218"},{"taxonomy":"product_tag","embeddable":true,"href":"https:\/\/secureus.se\/de\/wp-json\/wp\/v2\/product_tag?post=140218"}],"curies":[{"name":"wp","href":"https:\/\/api.w.org\/{rel}","templated":true}]}}