{"id":140231,"date":"2023-09-26T13:06:40","date_gmt":"2023-09-26T11:06:40","guid":{"rendered":"https:\/\/secureus.se\/elslutbleck-step-30-omvand-24v\/"},"modified":"2026-04-23T12:59:37","modified_gmt":"2026-04-23T10:59:37","slug":"elslutbleck-step-30-omvand-24v","status":"publish","type":"product","link":"https:\/\/secureus.se\/de\/elslutbleck-step-30-omvand-24v\/","title":{"rendered":"Elektrische Anschlussplatte SCHRITT 30 Reverse 24V"},"content":{"rendered":"<h1>Elektrische Anschlussplatte SCHRITT 30 Reverse 24V<\/h1>\n<p>Der STEP 30 Preload Elektro-T\u00fcr\u00f6ffner ist ein kompakter und zuverl\u00e4ssiger Elektro-T\u00fcr\u00f6ffner f\u00fcr \u00e4ltere T\u00fcrsegmente, ausgestattet mit einer Umkehrfunktion und einer Bruchfestigkeit von 500 kg f\u00fcr eine sichere T\u00fcrfunktion.<\/p>\n<p class=\"\" data-start=\"333\" data-end=\"757\">Der STEP 30 Preload-Elektrot\u00fcr\u00f6ffner ist eine zuverl\u00e4ssige L\u00f6sung, um \u00e4ltere oder einfachere Elektrot\u00fcr\u00f6ffner zu ersetzen und auch in \u00e4lteren T\u00fcrabschnitten und Nischen ein sicheres T\u00fcrumfeld zu schaffen.<\/p>\n<p class=\"\" data-start=\"333\" data-end=\"757\">Als Teil der Preload-Serie von STEP kombiniert STEP 30 minimale Abmessungen mit hoher Qualit\u00e4t und Flexibilit\u00e4t. Ausgestattet mit der patentierten Streifendrucktechnologie von STEP sorgt dieser elektrische T\u00fcr\u00f6ffner daf\u00fcr, dass die T\u00fcr auch bei Druckbelastung immer ge\u00f6ffnet werden kann.<\/p>\n<p class=\"\" data-start=\"759\" data-end=\"1257\">Durch die Reversierfunktion wird die T\u00fcr im stromlosen Zustand entriegelt, was ein schnelles \u00d6ffnen der T\u00fcr im Bedarfsfall erm\u00f6glicht.<\/p>\n<p class=\"\" data-start=\"759\" data-end=\"1257\">Ohne Kolbenkontakt ist dieser elektrische T\u00fcr\u00f6ffner ideal f\u00fcr Installationen, bei denen kein Kolbenkontakt erforderlich ist.<\/p>\n<p class=\"\" data-start=\"759\" data-end=\"1257\">Die eingebaute Schutzdiode erh\u00f6ht die Sicherheit und macht es zu einer zuverl\u00e4ssigen L\u00f6sung sowohl f\u00fcr neue als auch f\u00fcr \u00e4ltere T\u00fcrsysteme.<\/p>\n<p class=\"\" data-start=\"759\" data-end=\"1257\">Mit einer Bruchfestigkeit von 5 kN (ca. 500 kg) und der F\u00e4higkeit, sich trotz eines Banddrucks von bis zu 40 kg zu \u00f6ffnen, bietet STEP 30 Preload sowohl Sicherheit als auch Zuverl\u00e4ssigkeit.<\/p>\n<p class=\"\" data-start=\"1259\" data-end=\"1274\"><strong data-start=\"1259\" data-end=\"1274\">Eigenschaften:<\/strong><\/p>\n<ul data-start=\"1275\" data-end=\"1636\">\n<li class=\"\" data-start=\"1275\" data-end=\"1316\">\n<p class=\"\" data-start=\"1277\" data-end=\"1316\">Reversierfunktion (im stromlosen Zustand gesperrt)<\/p>\n<\/li>\n<li class=\"\" data-start=\"1317\" data-end=\"1336\">\n<p class=\"\" data-start=\"1319\" data-end=\"1336\">Kein Kolbenkontakt<\/p>\n<\/li>\n<li class=\"\" data-start=\"1337\" data-end=\"1375\">\n<p class=\"\" data-start=\"1339\" data-end=\"1375\">Eingebaute Schutzdiode f\u00fcr erh\u00f6hte Sicherheit<\/p>\n<\/li>\n<li class=\"\" data-start=\"1376\" data-end=\"1413\">\n<p class=\"\" data-start=\"1378\" data-end=\"1413\">Bruchfestigkeit von 5 kN (ca. 500 kg)<\/p>\n<\/li>\n<li class=\"\" data-start=\"1414\" data-end=\"1516\">\n<p class=\"\" data-start=\"1416\" data-end=\"1516\">Garantiert das \u00d6ffnen trotz Banddruck von bis zu 0,4 kN (ca. 40 kg) sowohl im Vorw\u00e4rts- als auch im R\u00fcckw\u00e4rtsgang<\/p>\n<\/li>\n<li class=\"\" data-start=\"1517\" data-end=\"1576\">\n<p class=\"\" data-start=\"1519\" data-end=\"1576\">Sto\u00dffest und umkehrbar f\u00fcr rechte und linke T\u00fcren<\/p>\n<\/li>\n<li class=\"\" data-start=\"1577\" data-end=\"1619\">\n<p class=\"\" data-start=\"1579\" data-end=\"1619\">Passend f\u00fcr 1-fl\u00fcgelige und 2-fl\u00fcgelige Schl\u00f6sser<\/p>\n<\/li>\n<li class=\"\" data-start=\"1620\" data-end=\"1636\">\n<p class=\"\" data-start=\"1622\" data-end=\"1636\">Kabel nicht im Lieferumfang enthalten<\/p>\n<\/li>\n<\/ul>\n<p class=\"\" data-start=\"1638\" data-end=\"1667\"><strong data-start=\"1638\" data-end=\"1667\">Technische Spezifikationen:<\/strong><\/p>\n<ul data-start=\"1668\" data-end=\"2255\">\n<li class=\"\" data-start=\"1668\" data-end=\"1775\">\n<p class=\"\" data-start=\"1670\" data-end=\"1775\">Stromversorgung: 24 V DC (+15% -10%) 110 mAh \/ max. 300 mA oder 12 V DC (+15% -10%) 220 mAh \/ max. 600 mA<\/p>\n<\/li>\n<li class=\"\" data-start=\"1776\" data-end=\"1816\">\n<p class=\"\" data-start=\"1778\" data-end=\"1816\">Haltbarkeit: Klasse X gem\u00e4\u00df SS-EN 14846<\/p>\n<\/li>\n<li class=\"\" data-start=\"1817\" data-end=\"1856\">\n<p class=\"\" data-start=\"1819\" data-end=\"1856\">Korrosion: Klasse M gem\u00e4\u00df SS-EN 14846<\/p>\n<\/li>\n<li class=\"\" data-start=\"1857\" data-end=\"1895\">\n<p class=\"\" data-start=\"1859\" data-end=\"1895\">Sicherheit: Klasse 3 gem\u00e4\u00df SS-EN 14846<\/p>\n<\/li>\n<li class=\"\" data-start=\"1896\" data-end=\"1921\">\n<p class=\"\" data-start=\"1898\" data-end=\"1921\">Bruchfestigkeit: 500 kg<\/p>\n<\/li>\n<li class=\"\" data-start=\"1922\" data-end=\"1952\">\n<p class=\"\" data-start=\"1924\" data-end=\"1952\">T\u00fcranschlag: Rechts, Links<\/p>\n<\/li>\n<li class=\"\" data-start=\"1953\" data-end=\"1971\">\n<p class=\"\" data-start=\"1955\" data-end=\"1971\">Streifendruck: 40 kg<\/p>\n<\/li>\n<li class=\"\" data-start=\"1972\" data-end=\"2007\">\n<p class=\"\" data-start=\"1974\" data-end=\"2007\">Schlosstyp: Einzelriegelschloss, Doppelriegelschloss<\/p>\n<\/li>\n<li class=\"\" data-start=\"2008\" data-end=\"2063\">\n<p class=\"\" data-start=\"2010\" data-end=\"2063\">Produktabmessungen: Breite: 20,5 mm, Tiefe: 28 mm, H\u00f6he: 99 mm<\/p>\n<\/li>\n<li class=\"\" data-start=\"2064\" data-end=\"2082\">\n<p class=\"\" data-start=\"2066\" data-end=\"2082\">Kolbenkontakt: Nein<\/p>\n<\/li>\n<li class=\"\" data-start=\"2083\" data-end=\"2103\">\n<p class=\"\" data-start=\"2085\" data-end=\"2103\">Spannung AC\/DC: DC<\/p>\n<\/li>\n<li class=\"\" data-start=\"2104\" data-end=\"2126\">\n<p class=\"\" data-start=\"2106\" data-end=\"2126\">Spannung max: 27,6 V<\/p>\n<\/li>\n<li class=\"\" data-start=\"2127\" data-end=\"2149\">\n<p class=\"\" data-start=\"2129\" data-end=\"2149\">Spannung min.: 21,6 V<\/p>\n<\/li>\n<li class=\"\" data-start=\"2150\" data-end=\"2178\">\n<p class=\"\" data-start=\"2152\" data-end=\"2178\">Farbe\/Oberfl\u00e4che: Edelstahl<\/p>\n<\/li>\n<li class=\"\" data-start=\"2179\" data-end=\"2199\">\n<p class=\"\" data-start=\"2181\" data-end=\"2199\">Bauprodukt bewertet: Ja<\/p>\n<\/li>\n<li class=\"\" data-start=\"2200\" data-end=\"2221\">\n<p class=\"\" data-start=\"2202\" data-end=\"2221\">EPD-verifiziert: Nein<\/p>\n<\/li>\n<li class=\"\" data-start=\"2222\" data-end=\"2234\">\n<p class=\"\" data-start=\"2224\" data-end=\"2234\">FINFO: Nein<\/p>\n<\/li>\n<li class=\"\" data-start=\"2235\" data-end=\"2255\">\n<p class=\"\" data-start=\"2237\" data-end=\"2255\">SundaHouse-Bewertung: Ja<\/p>\n<\/li>\n<\/ul>","protected":false},"excerpt":{"rendered":"<p>Hier sehen Sie, welche Pfosten und Modelle aus dem STEP-Sortiment der elektrischen T\u00fcrstopper zusammenpassen.<\/p>\n<h5><strong><a href=\"https:\/\/steplock.com\/sv\/stolpguide\/#!?lang=sv&amp;blog_id=1&amp;paged=1&amp;number=50\" target=\"_blank\" rel=\"noopener\">STEP-Pfostenf\u00fchrung\u00a0<\/a><\/strong><\/h5>\n<h5><strong><a href=\"https:\/\/steplock.com\/sv\/projekteringsguide\/#!?lang=sv&amp;blog_id=1&amp;paged=1&amp;number=999\" target=\"_blank\" rel=\"noopener\">STEP-Designleitfaden<\/a><\/strong><\/h5>","protected":false},"featured_media":140230,"template":"","meta":{"_acf_changed":false},"product_brand":[],"product_cat":[3355],"product_tag":[4197,4201],"class_list":{"0":"post-140231","1":"product","2":"type-product","3":"status-publish","4":"has-post-thumbnail","6":"product_cat-elslutbleck","7":"product_tag-24v","8":"product_tag-omvand","9":"product_shipping_class-tunga-paket","10":"pa_brands-step","11":"tm-no-options","13":"first","14":"onbackorder","15":"sale","16":"taxable","17":"shipping-taxable","18":"purchasable","19":"product-type-simple"},"acf":[],"_links":{"self":[{"href":"https:\/\/secureus.se\/de\/wp-json\/wp\/v2\/product\/140231","targetHints":{"allow":["GET"]}}],"collection":[{"href":"https:\/\/secureus.se\/de\/wp-json\/wp\/v2\/product"}],"about":[{"href":"https:\/\/secureus.se\/de\/wp-json\/wp\/v2\/types\/product"}],"wp:featuredmedia":[{"embeddable":true,"href":"https:\/\/secureus.se\/de\/wp-json\/wp\/v2\/media\/140230"}],"wp:attachment":[{"href":"https:\/\/secureus.se\/de\/wp-json\/wp\/v2\/media?parent=140231"}],"wp:term":[{"taxonomy":"product_brand","embeddable":true,"href":"https:\/\/secureus.se\/de\/wp-json\/wp\/v2\/product_brand?post=140231"},{"taxonomy":"product_cat","embeddable":true,"href":"https:\/\/secureus.se\/de\/wp-json\/wp\/v2\/product_cat?post=140231"},{"taxonomy":"product_tag","embeddable":true,"href":"https:\/\/secureus.se\/de\/wp-json\/wp\/v2\/product_tag?post=140231"}],"curies":[{"name":"wp","href":"https:\/\/api.w.org\/{rel}","templated":true}]}}