{"id":140392,"date":"2023-05-10T09:50:01","date_gmt":"2023-05-10T07:50:01","guid":{"rendered":"https:\/\/secureus.se\/eqqxb-easy-2x2x05-vit-r100\/"},"modified":"2026-04-08T16:43:44","modified_gmt":"2026-04-08T14:43:44","slug":"eqqxb-easy-2x2x05-vit-r100","status":"publish","type":"product","link":"https:\/\/secureus.se\/de\/eqqxb-easy-2x2x05-vit-r100\/","title":{"rendered":"EQQXB EASY 2X2X0,5 WEISS R100"},"content":{"rendered":"","protected":false},"excerpt":{"rendered":"<p>Verdrilltes, halogenfreies, flammbest\u00e4ndiges Telekommunikationskabel. Wird im Innenbereich in Festinstallationen und in Rohren installiert. EQQXB EASY wird f\u00fcr private Kommunikationsnetze in Immobilien eingesetzt. Erf\u00fcllt die Brandschutzanforderungen gem\u00e4\u00df CPR-Klasse Dcas2d2a2.<\/p>","protected":false},"featured_media":140391,"template":"","meta":{"_acf_changed":false},"product_brand":[],"product_cat":[2678],"product_tag":[2487],"class_list":{"0":"post-140392","1":"product","2":"type-product","3":"status-publish","4":"has-post-thumbnail","6":"product_cat-telekabel-oskarmad","7":"product_tag-kabel-oskarmad","8":"product_shipping_class-tunga-paket","9":"tm-no-options","11":"first","12":"instock","13":"taxable","14":"shipping-taxable","15":"purchasable","16":"product-type-simple"},"acf":[],"_links":{"self":[{"href":"https:\/\/secureus.se\/de\/wp-json\/wp\/v2\/product\/140392","targetHints":{"allow":["GET"]}}],"collection":[{"href":"https:\/\/secureus.se\/de\/wp-json\/wp\/v2\/product"}],"about":[{"href":"https:\/\/secureus.se\/de\/wp-json\/wp\/v2\/types\/product"}],"wp:featuredmedia":[{"embeddable":true,"href":"https:\/\/secureus.se\/de\/wp-json\/wp\/v2\/media\/140391"}],"wp:attachment":[{"href":"https:\/\/secureus.se\/de\/wp-json\/wp\/v2\/media?parent=140392"}],"wp:term":[{"taxonomy":"product_brand","embeddable":true,"href":"https:\/\/secureus.se\/de\/wp-json\/wp\/v2\/product_brand?post=140392"},{"taxonomy":"product_cat","embeddable":true,"href":"https:\/\/secureus.se\/de\/wp-json\/wp\/v2\/product_cat?post=140392"},{"taxonomy":"product_tag","embeddable":true,"href":"https:\/\/secureus.se\/de\/wp-json\/wp\/v2\/product_tag?post=140392"}],"curies":[{"name":"wp","href":"https:\/\/api.w.org\/{rel}","templated":true}]}}