{"id":140447,"date":"2023-09-26T13:08:07","date_gmt":"2023-09-26T11:08:07","guid":{"rendered":"https:\/\/secureus.se\/elslutbleck-step-28e-hoger-rattvand-24v-12mm-regel\/"},"modified":"2026-04-08T16:06:16","modified_gmt":"2026-04-08T14:06:16","slug":"elslutbleck-step-28e-hoger-rattvand-24v-12mm-regel","status":"publish","type":"product","link":"https:\/\/secureus.se\/de\/elslutbleck-step-28e-hoger-rattvand-24v-12mm-regel\/","title":{"rendered":"Elektrische Endplatte STEP 28E Rechts Rechtsgerichtet 24 V 12 mm Regel"},"content":{"rendered":"<h1>Elektrische Endplatte STEP 28E Rechts Rechtsgerichtet 24 V 12 mm Regel<\/h1>\n<p>STEP 28E Secure ist ein elektrischer T\u00fcr\u00f6ffner mit Rechtsfunktion f\u00fcr rechts angeschlagene T\u00fcren. F\u00fcr 12 mm Modulriegel, Brandklasse E\/EI60, Kolbenkontakt und 5 m halogenfreies Kabel.<\/p>\n<p class=\"\" data-start=\"248\" data-end=\"635\">Der elektrische T\u00fcr\u00f6ffner STEP 28E Secure ist ein leistungsstarker elektrischer T\u00fcr\u00f6ffner, der sicherheitsklassifizierte Funktionen mit Brandschutzzertifizierung und Evakuierungsm\u00f6glichkeit kombiniert.<\/p>\n<p class=\"\" data-start=\"248\" data-end=\"635\">Dieser f\u00fcr den Einsatz mit Einsteck- und Zapfenschl\u00f6ssern bzw. Einsteckschl\u00f6ssern der Modul-Serie entwickelte elektrische T\u00fcr\u00f6ffner bietet ein \u00e4u\u00dferst zuverl\u00e4ssiges Schlie\u00df- und \u00d6ffnungssystem, bei dem die Druckfalle stets das Schlie\u00dfen der T\u00fcr gew\u00e4hrleistet.<\/p>\n<p class=\"\" data-start=\"637\" data-end=\"1010\">Das Modell ist f\u00fcr rechts angeschlagene T\u00fcren vorgesehen und verf\u00fcgt \u00fcber eine Rechtsanschlagfunktion, d. h., es ist bei einem Stromausfall verriegelt \u2013 eine Anforderung in vielen Sicherheitsumgebungen.<\/p>\n<p class=\"\" data-start=\"637\" data-end=\"1010\">Der elektrische T\u00fcr\u00f6ffner ist nach der Brandklasse E\/EI60 zugelassen und mit Notverriegelungen gem\u00e4\u00df SS-EN 179 kompatibel. Damit eignet er sich besonders f\u00fcr Umgebungen mit hohen Anforderungen an Fluchtsicherheit und zuverl\u00e4ssige Funktion.<\/p>\n<p class=\"\" data-start=\"1012\" data-end=\"1285\">Der elektrische T\u00fcr\u00f6ffner STEP 28E ist sowohl mit einem Kolbenkontakt als auch einem Rastkontakt ausgestattet, um eine zuverl\u00e4ssige R\u00fcckmeldung an Alarm- und Zutrittskontrollsysteme zu gew\u00e4hrleisten.<\/p>\n<p class=\"\" data-start=\"1012\" data-end=\"1285\">Die hohe Bruchfestigkeit von \u00fcber 15 kN und die F\u00e4higkeit, sich trotz eines Banddrucks von bis zu 500 kg zu \u00f6ffnen, machen es zu einer robusten und sicheren Wahl.<\/p>\n<p class=\"\" data-start=\"1287\" data-end=\"1315\"><strong data-start=\"1287\" data-end=\"1313\">Eigenschaften und Vorteile:<\/strong><\/p>\n<ul data-start=\"1316\" data-end=\"1630\">\n<li class=\"\" data-start=\"1316\" data-end=\"1349\">\n<p class=\"\" data-start=\"1318\" data-end=\"1349\">F\u00fcr 12 mm Kolben der Modul-Serie<\/p>\n<\/li>\n<li class=\"\" data-start=\"1350\" data-end=\"1389\">\n<p class=\"\" data-start=\"1352\" data-end=\"1389\">Korrekte Funktion \u2013 stromlos verriegelt<\/p>\n<\/li>\n<li class=\"\" data-start=\"1390\" data-end=\"1412\">\n<p class=\"\" data-start=\"1392\" data-end=\"1412\">Rechtsanschlagt\u00fcren<\/p>\n<\/li>\n<li class=\"\" data-start=\"1413\" data-end=\"1443\">\n<p class=\"\" data-start=\"1415\" data-end=\"1443\">Feuerwiderstandsklasse E\/EI60<\/p>\n<\/li>\n<li class=\"\" data-start=\"1444\" data-end=\"1495\">\n<p class=\"\" data-start=\"1446\" data-end=\"1495\">Kolben- und Riegelkontakt zur Statusanzeige<\/p>\n<\/li>\n<li class=\"\" data-start=\"1496\" data-end=\"1526\">\n<p class=\"\" data-start=\"1498\" data-end=\"1526\">Bruchfestigkeit \u00fcber 15 kN<\/p>\n<\/li>\n<li class=\"\" data-start=\"1527\" data-end=\"1551\">\n<p class=\"\" data-start=\"1529\" data-end=\"1551\">H\u00e4lt 500 kg Streifendruck stand<\/p>\n<\/li>\n<li class=\"\" data-start=\"1552\" data-end=\"1591\">\n<p class=\"\" data-start=\"1554\" data-end=\"1591\">Klopfschutz und eingebaute Schutzdiode<\/p>\n<\/li>\n<li class=\"\" data-start=\"1592\" data-end=\"1630\">\n<p class=\"\" data-start=\"1594\" data-end=\"1630\">5 Meter halogenfreies Kabel im Lieferumfang enthalten<\/p>\n<\/li>\n<\/ul>\n<p class=\"\" data-start=\"1632\" data-end=\"1861\"><strong data-start=\"1632\" data-end=\"1655\">Einsatzgebiete:<\/strong><br data-start=\"1655\" data-end=\"1658\" \/>Geeignet f\u00fcr Sicherheitst\u00fcren beispielsweise in Gerichtsgeb\u00e4uden, Regierungsgeb\u00e4uden, Schulen und Gewerbeimmobilien, wo Brandschutzanforderungen und automatische T\u00fcr\u00f6ffnung mit hoher Einbruchhemmung kombiniert werden m\u00fcssen.<\/p>\n<p class=\"\" data-start=\"1863\" data-end=\"2270\"><strong data-start=\"1863\" data-end=\"1892\">Technische Spezifikationen:<\/strong><br data-start=\"1892\" data-end=\"1895\" \/>Betriebsspannung: 24 V DC (21,6-27,6 V)<br data-start=\"1931\" data-end=\"1934\" \/>Stromverbrauch: 500 mA entriegelt<br data-start=\"1964\" data-end=\"1967\" \/>Kolbenkontakt: Mikroschalter, max. 30 V DC \/ 1 A<br data-start=\"2012\" data-end=\"2015\" \/>T\u00fcranschlag: Rechts<br data-start=\"2034\" data-end=\"2037\" \/>Kabell\u00e4nge: 5 Meter, halogenfrei<br data-start=\"2068\" data-end=\"2071\" \/>Bruchfestigkeit: 1500 kg<br data-start=\"2095\" data-end=\"2098\" \/>Listendruck: 500 kg<br data-start=\"2115\" data-end=\"2118\" \/>Schlosstyp: Hakenfallenschloss, Riegelschloss<br data-start=\"2147\" data-end=\"2150\" \/>Doppelter Twist Drop: Ja<br data-start=\"2169\" data-end=\"2172\" \/>Abmessungen (BxTxH): 35 x 40 x 230 mm<br data-start=\"2202\" data-end=\"2205\" \/>Oberfl\u00e4chenbehandlung: Edelstahl<br data-start=\"2226\" data-end=\"2229\" \/>Bauprodukt bewertet: Ja<br data-start=\"2247\" data-end=\"2250\" \/>SundaHouse-Bewertung: Ja<\/p>","protected":false},"excerpt":{"rendered":"<p>Hier sehen Sie, welche Pfosten und Modelle aus dem STEP-Sortiment der elektrischen T\u00fcrstopper zusammenpassen.<\/p>\n<h5><strong><a href=\"https:\/\/steplock.com\/sv\/stolpguide\/#!?lang=sv&amp;blog_id=1&amp;paged=1&amp;number=50\" target=\"_blank\" rel=\"noopener\">STEP-Pfostenf\u00fchrung\u00a0<\/a><\/strong><\/h5>\n<h5><strong><a href=\"https:\/\/steplock.com\/sv\/projekteringsguide\/#!?lang=sv&amp;blog_id=1&amp;paged=1&amp;number=999\" target=\"_blank\" rel=\"noopener\">STEP-Designleitfaden<\/a><\/strong><\/h5>","protected":false},"featured_media":140445,"template":"","meta":{"_acf_changed":false},"product_brand":[],"product_cat":[3355],"product_tag":[4197,4200],"class_list":{"0":"post-140447","1":"product","2":"type-product","3":"status-publish","4":"has-post-thumbnail","6":"product_cat-elslutbleck","7":"product_tag-24v","8":"product_tag-rattvand","9":"product_shipping_class-tunga-paket","10":"pa_brands-step","11":"tm-no-options","13":"first","14":"onbackorder","15":"sale","16":"taxable","17":"shipping-taxable","18":"purchasable","19":"product-type-simple"},"acf":[],"_links":{"self":[{"href":"https:\/\/secureus.se\/de\/wp-json\/wp\/v2\/product\/140447","targetHints":{"allow":["GET"]}}],"collection":[{"href":"https:\/\/secureus.se\/de\/wp-json\/wp\/v2\/product"}],"about":[{"href":"https:\/\/secureus.se\/de\/wp-json\/wp\/v2\/types\/product"}],"wp:featuredmedia":[{"embeddable":true,"href":"https:\/\/secureus.se\/de\/wp-json\/wp\/v2\/media\/140445"}],"wp:attachment":[{"href":"https:\/\/secureus.se\/de\/wp-json\/wp\/v2\/media?parent=140447"}],"wp:term":[{"taxonomy":"product_brand","embeddable":true,"href":"https:\/\/secureus.se\/de\/wp-json\/wp\/v2\/product_brand?post=140447"},{"taxonomy":"product_cat","embeddable":true,"href":"https:\/\/secureus.se\/de\/wp-json\/wp\/v2\/product_cat?post=140447"},{"taxonomy":"product_tag","embeddable":true,"href":"https:\/\/secureus.se\/de\/wp-json\/wp\/v2\/product_tag?post=140447"}],"curies":[{"name":"wp","href":"https:\/\/api.w.org\/{rel}","templated":true}]}}