{"id":140508,"date":"2023-09-26T13:07:44","date_gmt":"2023-09-26T11:07:44","guid":{"rendered":"https:\/\/secureus.se\/elslutbleck-step-90-omstallbar-12v-kolvkontakt\/"},"modified":"2026-04-08T16:12:49","modified_gmt":"2026-04-08T14:12:49","slug":"elslutbleck-step-90-omstallbar-12v-kolvkontakt","status":"publish","type":"product","link":"https:\/\/secureus.se\/de\/elslutbleck-step-90-omstallbar-12v-kolvkontakt\/","title":{"rendered":"Elektrische Anschlussplatte STEP 90, verstellbarer 12-V-Kolbenkontakt"},"content":{"rendered":"<h1>Elektrische Anschlussplatte STEP 90, verstellbarer 12-V-Kolbenkontakt<\/h1>\n<p>STEP 90 Preload 12V ist ein kompakter, feuerfester elektrischer T\u00fcr\u00f6ffner mit einstellbarer Funktion und Kolbenkontakt.<\/p>\n<p>Hohe Sicherheit und Betriebssicherheit durch Unterst\u00fctzung von ein- und zweifl\u00fcgeligen Schl\u00f6ssern.<\/p>\n<p class=\"\" data-start=\"254\" data-end=\"600\">Der STEP 90 Preload HPR Elektro-T\u00fcr\u00f6ffner mit einstellbarer Funktion bietet eine flexible L\u00f6sung f\u00fcr T\u00fcrumgebungen mit hohen Anforderungen an Sicherheit und Zuverl\u00e4ssigkeit.<\/p>\n<p class=\"\" data-start=\"254\" data-end=\"600\">Durch die M\u00f6glichkeit, ihn als Vorw\u00e4rts- oder R\u00fcckw\u00e4rtsgang einzustellen, kann er an verschiedene Einsatzzwecke angepasst werden, bei denen er bei einem Stromausfall entweder verriegelt oder entriegelt werden soll.<\/p>\n<p class=\"\" data-start=\"602\" data-end=\"875\">STEP 90 geh\u00f6rt zur Preload-Serie und ist mit der patentierten HPR\u00ae-Streifendrucktechnologie ausgestattet, die ein \u00d6ffnen auch dann gew\u00e4hrleistet, wenn die T\u00fcr einem Streifendruck von bis zu 250 kg ausgesetzt ist.<\/p>\n<p class=\"\" data-start=\"602\" data-end=\"875\">Dadurch eignet sich das Blech optimal f\u00fcr den h\u00e4ufigen Gebrauch oder Umgebungen, in denen die T\u00fcr h\u00e4ufig Druck ausgesetzt ist.<\/p>\n<p class=\"\" data-start=\"877\" data-end=\"1114\">Mit einem Kolbenkontakt erhalten Sie eine zuverl\u00e4ssige Anzeige des T\u00fcrzustands \u2013 ideal f\u00fcr die Anbindung an eine Alarm- oder Zutrittskontrollanlage.<\/p>\n<p class=\"\" data-start=\"877\" data-end=\"1114\">STEP 90 ist au\u00dferdem gem\u00e4\u00df SS-EN 14846:2008 feuerfest bis Klasse E\/EI120 und verf\u00fcgt \u00fcber eine hohe Bruchfestigkeit von 1.200 kg.<\/p>\n<p class=\"\" data-start=\"1116\" data-end=\"1320\">Durch die reversible Bauweise ist es sowohl mit rechts- als auch mit linksseitigen T\u00fcren sowie mit Schlossgeh\u00e4usen der Serien Connect, Modul und Narrow Profile kompatibel.<\/p>\n<p class=\"\" data-start=\"1116\" data-end=\"1320\">Eine kompakte und effiziente L\u00f6sung f\u00fcr moderne Sicherheitsinstallationen.<\/p>\n<p class=\"\" data-start=\"1322\" data-end=\"1350\"><strong data-start=\"1322\" data-end=\"1348\">Eigenschaften und Vorteile:<\/strong><\/p>\n<ul data-start=\"1351\" data-end=\"1653\">\n<li class=\"\" data-start=\"1351\" data-end=\"1397\">\n<p class=\"\" data-start=\"1353\" data-end=\"1397\">Umschaltbare Funktion: Vorw\u00e4rts oder R\u00fcckw\u00e4rts<\/p>\n<\/li>\n<li class=\"\" data-start=\"1398\" data-end=\"1433\">\n<p class=\"\" data-start=\"1400\" data-end=\"1433\">Kolbenkontakt zur Statuserfassung<\/p>\n<\/li>\n<li class=\"\" data-start=\"1434\" data-end=\"1458\">\n<p class=\"\" data-start=\"1436\" data-end=\"1458\">Feuerfest E\/EI120<\/p>\n<\/li>\n<li class=\"\" data-start=\"1459\" data-end=\"1501\">\n<p class=\"\" data-start=\"1461\" data-end=\"1501\">\u00d6ffnet trotz Banddruck bis 250 kg<\/p>\n<\/li>\n<li class=\"\" data-start=\"1502\" data-end=\"1535\">\n<p class=\"\" data-start=\"1504\" data-end=\"1535\">Hohe Bruchfestigkeit: 1.200 kg<\/p>\n<\/li>\n<li class=\"\" data-start=\"1536\" data-end=\"1567\">\n<p class=\"\" data-start=\"1538\" data-end=\"1567\">Schutzdiode und \u00dcberspannungsschutz<\/p>\n<\/li>\n<li class=\"\" data-start=\"1568\" data-end=\"1602\">\n<p class=\"\" data-start=\"1570\" data-end=\"1602\">Passend f\u00fcr ein- und zweifl\u00fcgelige Schl\u00f6sser<\/p>\n<\/li>\n<li class=\"\" data-start=\"1603\" data-end=\"1653\">\n<p class=\"\" data-start=\"1605\" data-end=\"1653\">Kompaktes, reversibles Design f\u00fcr einfache Installation<\/p>\n<\/li>\n<\/ul>","protected":false},"excerpt":{"rendered":"<p>Hier sehen Sie, welche Pfosten und Modelle aus dem STEP-Sortiment der elektrischen T\u00fcrstopper zusammenpassen.<\/p>\n<h5><strong><a href=\"https:\/\/steplock.com\/sv\/stolpguide\/#!?lang=sv&amp;blog_id=1&amp;paged=1&amp;number=50\" target=\"_blank\" rel=\"noopener\">STEP-Pfostenf\u00fchrung\u00a0<\/a><\/strong><\/h5>\n<h5><strong><a href=\"https:\/\/steplock.com\/sv\/projekteringsguide\/#!?lang=sv&amp;blog_id=1&amp;paged=1&amp;number=999\" target=\"_blank\" rel=\"noopener\">STEP-Designleitfaden<\/a><\/strong><\/h5>","protected":false},"featured_media":140499,"template":"","meta":{"_acf_changed":false},"product_brand":[],"product_cat":[3355],"product_tag":[4198,4202],"class_list":{"0":"post-140508","1":"product","2":"type-product","3":"status-publish","4":"has-post-thumbnail","6":"product_cat-elslutbleck","7":"product_tag-12v","8":"product_tag-omstallbar-rattvand-omvand","9":"product_shipping_class-tunga-paket","10":"pa_brands-step","11":"tm-no-options","13":"first","14":"onbackorder","15":"sale","16":"taxable","17":"shipping-taxable","18":"purchasable","19":"product-type-simple"},"acf":[],"_links":{"self":[{"href":"https:\/\/secureus.se\/de\/wp-json\/wp\/v2\/product\/140508","targetHints":{"allow":["GET"]}}],"collection":[{"href":"https:\/\/secureus.se\/de\/wp-json\/wp\/v2\/product"}],"about":[{"href":"https:\/\/secureus.se\/de\/wp-json\/wp\/v2\/types\/product"}],"wp:featuredmedia":[{"embeddable":true,"href":"https:\/\/secureus.se\/de\/wp-json\/wp\/v2\/media\/140499"}],"wp:attachment":[{"href":"https:\/\/secureus.se\/de\/wp-json\/wp\/v2\/media?parent=140508"}],"wp:term":[{"taxonomy":"product_brand","embeddable":true,"href":"https:\/\/secureus.se\/de\/wp-json\/wp\/v2\/product_brand?post=140508"},{"taxonomy":"product_cat","embeddable":true,"href":"https:\/\/secureus.se\/de\/wp-json\/wp\/v2\/product_cat?post=140508"},{"taxonomy":"product_tag","embeddable":true,"href":"https:\/\/secureus.se\/de\/wp-json\/wp\/v2\/product_tag?post=140508"}],"curies":[{"name":"wp","href":"https:\/\/api.w.org\/{rel}","templated":true}]}}