{"id":140518,"date":"2023-09-26T13:07:43","date_gmt":"2023-09-26T11:07:43","guid":{"rendered":"https:\/\/secureus.se\/elslutbleck-step-18-vanster-rattvand-12v-7mm-regel-connect\/"},"modified":"2026-04-08T16:17:28","modified_gmt":"2026-04-08T14:17:28","slug":"elslutbleck-step-18-vanster-rattvand-12v-7mm-regel-connect","status":"publish","type":"product","link":"https:\/\/secureus.se\/de\/elslutbleck-step-18-vanster-rattvand-12v-7mm-regel-connect\/","title":{"rendered":"Elektrisches Anschlussblatt SCHRITT 18 Nach links gerichteter 12-V-7-mm-Regelanschluss"},"content":{"rendered":"<h1>Elektrisches Anschlussblatt SCHRITT 18 Nach links gerichteter 12-V-7-mm-Regelanschluss<\/h1>\n<p>STEP 18 Secure ist ein Hochsicherheits-T\u00fcr\u00f6ffner mit Rechtsfunktion, angepasst f\u00fcr links angeschlagene T\u00fcren mit 7 mm Riegel. Feuerzugelassen E\/EI60 und mit Kolben- und Riegelkontakt ausgestattet.<\/p>\n<p class=\"\" data-start=\"271\" data-end=\"613\">STEP 18 Secure ist ein robuster und zuverl\u00e4ssiger elektrischer T\u00fcr\u00f6ffner, der h\u00f6chsten Einbruchschutz in Umgebungen mit hohen Anforderungen an die Zuverl\u00e4ssigkeit bietet, wie beispielsweise Banken, Beh\u00f6rden und Einrichtungen mit Evakuierungsanforderungen.<\/p>\n<p class=\"\" data-start=\"271\" data-end=\"613\">Dieser elektrische T\u00fcr\u00f6ffner ist speziell f\u00fcr links angeschlagene T\u00fcren mit 7 mm Riegel der Connect-Serie konzipiert.<\/p>\n<p class=\"\" data-start=\"615\" data-end=\"941\">Durch die Rechtsausrichtung wird das Panel im stromlosen Zustand verriegelt, was bei einem Stromausfall f\u00fcr erh\u00f6hte Sicherheit sorgt.<\/p>\n<p class=\"\" data-start=\"615\" data-end=\"941\">Dank des eingebauten Kolbenschalters und Rastschalters wird eine sichere und zuverl\u00e4ssige Status\u00fcberwachung der T\u00fcrposition \u2013 sowohl offen\/geschlossen als auch verriegelt\/entriegelt \u2013 f\u00fcr den Anschluss an Zutrittskontrollsysteme und Alarme geboten.<\/p>\n<p class=\"\" data-start=\"943\" data-end=\"1311\">STEP 18 ist brandschutzgepr\u00fcft bis E\/EI60 und verf\u00fcgt \u00fcber eine sehr hohe Bruchfestigkeit von 15 kN.<\/p>\n<p class=\"\" data-start=\"943\" data-end=\"1311\">Dar\u00fcber hinaus ist es auf eine Best\u00e4ndigkeit gegen Streifendr\u00fccke von bis zu 5 kN im Vorw\u00e4rts- und R\u00fcckw\u00e4rtsbetrieb getestet und eignet sich daher ideal f\u00fcr T\u00fcren, die Druck oder T\u00fcrautomatik ausgesetzt sind.<\/p>\n<p class=\"\" data-start=\"943\" data-end=\"1311\">Eine Schutzdiode und ein \u00dcberspannungsschutz sind Standard und das Produkt wird mit einem 5 Meter langen halogenfreien Anschlusskabel geliefert.<\/p>\n<p class=\"\" data-start=\"1313\" data-end=\"1341\"><strong data-start=\"1313\" data-end=\"1339\">Eigenschaften und Vorteile:<\/strong><\/p>\n<ul data-start=\"1342\" data-end=\"1642\">\n<li class=\"\" data-start=\"1342\" data-end=\"1381\">\n<p class=\"\" data-start=\"1344\" data-end=\"1381\">Korrekte Funktion (stromlos gesperrt)<\/p>\n<\/li>\n<li class=\"\" data-start=\"1382\" data-end=\"1433\">\n<p class=\"\" data-start=\"1384\" data-end=\"1433\">F\u00fcr links angeschlagene T\u00fcren mit 7 mm Connect-Riegel<\/p>\n<\/li>\n<li class=\"\" data-start=\"1434\" data-end=\"1476\">\n<p class=\"\" data-start=\"1436\" data-end=\"1476\">Kolben- und Riegelkontakt zur \u00dcberwachung<\/p>\n<\/li>\n<li class=\"\" data-start=\"1477\" data-end=\"1509\">\n<p class=\"\" data-start=\"1479\" data-end=\"1509\">Feuerbest\u00e4ndig bis E\/EI60<\/p>\n<\/li>\n<li class=\"\" data-start=\"1510\" data-end=\"1536\">\n<p class=\"\" data-start=\"1512\" data-end=\"1536\">Bruchfestigkeit: 15 kN<\/p>\n<\/li>\n<li class=\"\" data-start=\"1537\" data-end=\"1568\">\n<p class=\"\" data-start=\"1539\" data-end=\"1568\">H\u00e4lt Formdr\u00fccken bis zu 5 kN stand<\/p>\n<\/li>\n<li class=\"\" data-start=\"1569\" data-end=\"1607\">\n<p class=\"\" data-start=\"1571\" data-end=\"1607\">Schlagfest und mit eingebauter Schutzdiode<\/p>\n<\/li>\n<li class=\"\" data-start=\"1608\" data-end=\"1642\">\n<p class=\"\" data-start=\"1610\" data-end=\"1642\">5 Meter halogenfreies Kabel inklusive<\/p>\n<\/li>\n<\/ul>","protected":false},"excerpt":{"rendered":"<p>Hier sehen Sie, welche Pfosten und Modelle aus dem STEP-Sortiment der elektrischen T\u00fcrstopper zusammenpassen.<\/p>\n<h5><strong><a href=\"https:\/\/steplock.com\/sv\/stolpguide\/#!?lang=sv&amp;blog_id=1&amp;paged=1&amp;number=50\" target=\"_blank\" rel=\"noopener\">STEP-Pfostenf\u00fchrung\u00a0<\/a><\/strong><\/h5>\n<h5><strong><a href=\"https:\/\/steplock.com\/sv\/projekteringsguide\/#!?lang=sv&amp;blog_id=1&amp;paged=1&amp;number=999\" target=\"_blank\" rel=\"noopener\">STEP-Designleitfaden<\/a><\/strong><\/h5>","protected":false},"featured_media":140514,"template":"","meta":{"_acf_changed":false},"product_brand":[],"product_cat":[3355],"product_tag":[4198,4200],"class_list":{"0":"post-140518","1":"product","2":"type-product","3":"status-publish","4":"has-post-thumbnail","6":"product_cat-elslutbleck","7":"product_tag-12v","8":"product_tag-rattvand","9":"product_shipping_class-tunga-paket","10":"pa_brands-step","11":"tm-no-options","13":"first","14":"onbackorder","15":"sale","16":"taxable","17":"shipping-taxable","18":"purchasable","19":"product-type-simple"},"acf":[],"_links":{"self":[{"href":"https:\/\/secureus.se\/de\/wp-json\/wp\/v2\/product\/140518","targetHints":{"allow":["GET"]}}],"collection":[{"href":"https:\/\/secureus.se\/de\/wp-json\/wp\/v2\/product"}],"about":[{"href":"https:\/\/secureus.se\/de\/wp-json\/wp\/v2\/types\/product"}],"wp:featuredmedia":[{"embeddable":true,"href":"https:\/\/secureus.se\/de\/wp-json\/wp\/v2\/media\/140514"}],"wp:attachment":[{"href":"https:\/\/secureus.se\/de\/wp-json\/wp\/v2\/media?parent=140518"}],"wp:term":[{"taxonomy":"product_brand","embeddable":true,"href":"https:\/\/secureus.se\/de\/wp-json\/wp\/v2\/product_brand?post=140518"},{"taxonomy":"product_cat","embeddable":true,"href":"https:\/\/secureus.se\/de\/wp-json\/wp\/v2\/product_cat?post=140518"},{"taxonomy":"product_tag","embeddable":true,"href":"https:\/\/secureus.se\/de\/wp-json\/wp\/v2\/product_tag?post=140518"}],"curies":[{"name":"wp","href":"https:\/\/api.w.org\/{rel}","templated":true}]}}