{"id":140536,"date":"2023-03-20T13:15:47","date_gmt":"2023-03-20T12:15:47","guid":{"rendered":"https:\/\/secureus.se\/kabeloverforing-ct81\/"},"modified":"2026-01-12T13:23:38","modified_gmt":"2026-01-12T12:23:38","slug":"kabeloverforing-ct81","status":"publish","type":"product","link":"https:\/\/secureus.se\/de\/kabeloverforing-ct81\/","title":{"rendered":"Safetron-Kabel\u00fcbertragung CT81"},"content":{"rendered":"<p>CT81 ist ein versenktes Rahmengetriebe aus verchromtem Stahl f\u00fcr den gesch\u00fctzten Kabel\u00fcbergang zwischen T\u00fcr und Rahmen. <\/p>\n<p>\u2022 Maximaler Kabeldurchmesser: \u00d8 11 mm<br \/>\n<br \/>\n\u2022 Abgerundete Ecken<br \/>\n<br \/>\n\u2022 Einsetzbar in allen T\u00fcren bis 180\u00b0 \u00d6ffnungswinkel<br \/>\n<br \/>\n\u2022 L\u00e4nge: 543 mm<br \/>\n<br \/>\n\u2022 Breite: 24 mm<\/p>","protected":false},"excerpt":{"rendered":"<p>CT81 ist ein versenkter Rahmen\u00fcbergang aus verchromtem Stahl f\u00fcr den gesch\u00fctzten Kabel\u00fcbergang zwischen T\u00fcr und Rahmen. \u2022 Max. Kabeldurchmesser: \u00d8 11 mm \u2022 Abgerundete Ecken \u2022 Einsetzbar in allen<\/p>","protected":false},"featured_media":140534,"template":"","meta":{"_acf_changed":false},"product_brand":[],"product_cat":[2834],"product_tag":[4866,4452],"class_list":{"0":"post-140536","1":"product","2":"type-product","3":"status-publish","4":"has-post-thumbnail","6":"product_cat-ellas-motorlastillbehor","7":"product_tag-safetron-20","8":"product_tag-safetron-tillbehor-motorlas-6000-serien","9":"product_shipping_class-tunga-paket","10":"pa_brands-7safetron","11":"tm-no-options","13":"first","14":"instock","15":"sale","16":"featured","17":"taxable","18":"shipping-taxable","19":"purchasable","20":"product-type-simple"},"acf":[],"_links":{"self":[{"href":"https:\/\/secureus.se\/de\/wp-json\/wp\/v2\/product\/140536","targetHints":{"allow":["GET"]}}],"collection":[{"href":"https:\/\/secureus.se\/de\/wp-json\/wp\/v2\/product"}],"about":[{"href":"https:\/\/secureus.se\/de\/wp-json\/wp\/v2\/types\/product"}],"wp:featuredmedia":[{"embeddable":true,"href":"https:\/\/secureus.se\/de\/wp-json\/wp\/v2\/media\/140534"}],"wp:attachment":[{"href":"https:\/\/secureus.se\/de\/wp-json\/wp\/v2\/media?parent=140536"}],"wp:term":[{"taxonomy":"product_brand","embeddable":true,"href":"https:\/\/secureus.se\/de\/wp-json\/wp\/v2\/product_brand?post=140536"},{"taxonomy":"product_cat","embeddable":true,"href":"https:\/\/secureus.se\/de\/wp-json\/wp\/v2\/product_cat?post=140536"},{"taxonomy":"product_tag","embeddable":true,"href":"https:\/\/secureus.se\/de\/wp-json\/wp\/v2\/product_tag?post=140536"}],"curies":[{"name":"wp","href":"https:\/\/api.w.org\/{rel}","templated":true}]}}