{"id":140549,"date":"2023-09-26T13:07:21","date_gmt":"2023-09-26T11:07:21","guid":{"rendered":"https:\/\/secureus.se\/elslutbleck-step-28e-hoger-omvand-12v-7mm-regel\/"},"modified":"2026-04-08T16:22:03","modified_gmt":"2026-04-08T14:22:03","slug":"elslutbleck-step-28e-hoger-omvand-12v-7mm-regel","status":"publish","type":"product","link":"https:\/\/secureus.se\/de\/elslutbleck-step-28e-hoger-omvand-12v-7mm-regel\/","title":{"rendered":"Elektrische Endplatte STEP 28E, rechts, r\u00fcckw\u00e4rts, 12 V, 7 mm Regel"},"content":{"rendered":"<h1>Elektrische Endplatte STEP 28E, rechts, r\u00fcckw\u00e4rts, 12 V, 7 mm Regel<\/h1>\n<p>STEP 28E Secure ist ein umgekehrter elektrischer T\u00fcr\u00f6ffner f\u00fcr rechts angeschlagene T\u00fcren mit der Feuerwiderstandsklasse E\/EI 60.<\/p>\n<p>Passend f\u00fcr 7 mm Riegelschl\u00f6sser der Connect-Serie, manipulationssicher und mit Unterst\u00fctzung f\u00fcr Zugangskontrollsysteme. Inklusive 5 m halogenfreiem Kabel.<\/p>\n<p class=\"\" data-start=\"435\" data-end=\"903\">STEP 28E Secure ist ein elektrischer T\u00fcr\u00f6ffner mit hohem Sicherheitsniveau und Umkehrfunktion \u2013 perfekt f\u00fcr rechts angeschlagene T\u00fcren in Umgebungen mit Anforderungen an Brandschutz und Evakuierung.<\/p>\n<p class=\"\" data-start=\"435\" data-end=\"903\">Im stromlosen Zustand ist die Platte verriegelt, was in schutzbed\u00fcrftigen Anlagen auch bei Stromausfall f\u00fcr erh\u00f6hte Sicherheit sorgt.<\/p>\n<p class=\"\" data-start=\"435\" data-end=\"903\">Wird mit einem Riegelschloss oder Hakenriegelschloss mit 7 mm Kolben verwendet und eignet sich besonders in Kombination mit automatischen T\u00fcrsystemen und Notausg\u00e4ngen gem\u00e4\u00df SS-EN 179.<\/p>\n<p class=\"\" data-start=\"905\" data-end=\"1226\">Es ist brandschutzgepr\u00fcft bis E\/EI 60 und verf\u00fcgt \u00fcber eine robuste Konstruktion mit einer Bruchfestigkeit von \u00fcber 15 kN.<\/p>\n<p class=\"\" data-start=\"905\" data-end=\"1226\">Durch Anzeigefunktionen ist die Anbindung des elektrischen T\u00fcr\u00f6ffners an Zutrittskontrollsysteme, Alarmanlagen oder andere \u00dcberwachungsfunktionen m\u00f6glich.<\/p>\n<p class=\"\" data-start=\"905\" data-end=\"1226\">Zeigt \u00fcber integrierte Kontakte sowohl den T\u00fcrstatus (offen\/geschlossen) als auch den Schlossstatus (verriegelt\/entriegelt) an.<\/p>\n<p class=\"\" data-start=\"1228\" data-end=\"1557\">STEP 28E Secure ist zudem manipulationssicher und h\u00e4lt einem Druck von bis zu 500 kg stand. Zur einfachen Installation liegt ein 5 Meter langes halogenfreies Anschlusskabel bei.<\/p>\n<p class=\"\" data-start=\"1228\" data-end=\"1557\">Das Produkt ist ein von SundaHus gepr\u00fcftes und zugelassenes Bauprodukt, was es auch aus Nachhaltigkeitssicht zu einer sicheren Wahl macht.<\/p>\n<p class=\"\" data-start=\"1228\" data-end=\"1557\">Robuste Ausf\u00fchrung in Edelstahl mit den Ma\u00dfen 230 x 35 x 40 mm.<\/p>","protected":false},"excerpt":{"rendered":"<p>Hier sehen Sie, welche Pfosten und Modelle aus dem STEP-Sortiment der elektrischen T\u00fcrstopper zusammenpassen.<\/p>\n<h5><strong><a href=\"https:\/\/steplock.com\/sv\/stolpguide\/#!?lang=sv&amp;blog_id=1&amp;paged=1&amp;number=50\" target=\"_blank\" rel=\"noopener\">STEP-Pfostenf\u00fchrung\u00a0<\/a><\/strong><\/h5>\n<h5><strong><a href=\"https:\/\/steplock.com\/sv\/projekteringsguide\/#!?lang=sv&amp;blog_id=1&amp;paged=1&amp;number=999\" target=\"_blank\" rel=\"noopener\">STEP-Designleitfaden<\/a><\/strong><\/h5>","protected":false},"featured_media":140547,"template":"","meta":{"_acf_changed":false},"product_brand":[],"product_cat":[3355],"product_tag":[4198,4201],"class_list":{"0":"post-140549","1":"product","2":"type-product","3":"status-publish","4":"has-post-thumbnail","6":"product_cat-elslutbleck","7":"product_tag-12v","8":"product_tag-omvand","9":"product_shipping_class-tunga-paket","10":"pa_brands-step","11":"tm-no-options","13":"first","14":"onbackorder","15":"sale","16":"taxable","17":"shipping-taxable","18":"purchasable","19":"product-type-simple"},"acf":[],"_links":{"self":[{"href":"https:\/\/secureus.se\/de\/wp-json\/wp\/v2\/product\/140549","targetHints":{"allow":["GET"]}}],"collection":[{"href":"https:\/\/secureus.se\/de\/wp-json\/wp\/v2\/product"}],"about":[{"href":"https:\/\/secureus.se\/de\/wp-json\/wp\/v2\/types\/product"}],"wp:featuredmedia":[{"embeddable":true,"href":"https:\/\/secureus.se\/de\/wp-json\/wp\/v2\/media\/140547"}],"wp:attachment":[{"href":"https:\/\/secureus.se\/de\/wp-json\/wp\/v2\/media?parent=140549"}],"wp:term":[{"taxonomy":"product_brand","embeddable":true,"href":"https:\/\/secureus.se\/de\/wp-json\/wp\/v2\/product_brand?post=140549"},{"taxonomy":"product_cat","embeddable":true,"href":"https:\/\/secureus.se\/de\/wp-json\/wp\/v2\/product_cat?post=140549"},{"taxonomy":"product_tag","embeddable":true,"href":"https:\/\/secureus.se\/de\/wp-json\/wp\/v2\/product_tag?post=140549"}],"curies":[{"name":"wp","href":"https:\/\/api.w.org\/{rel}","templated":true}]}}