{"id":140578,"date":"2023-09-26T13:07:13","date_gmt":"2023-09-26T11:07:13","guid":{"rendered":"https:\/\/secureus.se\/elslutbleck-step-28e-vanster-omvand-12v-12mm-regel\/"},"modified":"2026-04-08T16:14:28","modified_gmt":"2026-04-08T14:14:28","slug":"elslutbleck-step-28e-vanster-omvand-12v-12mm-regel","status":"publish","type":"product","link":"https:\/\/secureus.se\/de\/elslutbleck-step-28e-vanster-omvand-12v-12mm-regel\/","title":{"rendered":"Elektrische Endplatte STEP 28E, links, r\u00fcckw\u00e4rts, 12 V, 12 mm Regel"},"content":{"rendered":"<h1>Elektrische Endplatte STEP 28E, links, r\u00fcckw\u00e4rts, 12 V, 12 mm Regel<\/h1>\n<p>STEP 28E Sicherer elektrischer T\u00fcr\u00f6ffner mit Umkehrfunktion f\u00fcr links angeschlagene T\u00fcren. Angepasst f\u00fcr 12 mm Kolben der Modul-Serie, 12 V DC.<\/p>\n<p>Feuerwiderstandsklasse E\/EI 60 und bereit zur Integration in Zugangskontrollsysteme. Lieferung mit 5 m halogenfreiem Kabel.<\/p>\n<p class=\"\" data-start=\"413\" data-end=\"803\">Der elektrische T\u00fcr\u00f6ffner STEP 28E Secure ist ein hochwertiger elektrischer T\u00fcr\u00f6ffner f\u00fcr links angeschlagene T\u00fcren, bei denen Sicherheit, Brandschutz und Fluchtm\u00f6glichkeit kombiniert werden sollen.<\/p>\n<p class=\"\" data-start=\"413\" data-end=\"803\">Es wird in Verbindung mit 12-mm-Riegelschl\u00f6ssern der Modul-Serie verwendet und verf\u00fcgt \u00fcber eine R\u00fcckw\u00e4rtsfunktion, die die Platte in der stromlosen Position verriegelt h\u00e4lt \u2013 ein entscheidendes Merkmal f\u00fcr sicherheitsgepr\u00fcfte Installationen.<\/p>\n<p class=\"\" data-start=\"805\" data-end=\"1138\">Dank seiner Feuerbest\u00e4ndigkeit bis E\/EI 60 wird STEP 28E h\u00e4ufig in T\u00fcrumgebungen eingesetzt, in denen Notausg\u00e4nge gem\u00e4\u00df SS-EN 179 in Kombination mit T\u00fcrautomatik oder T\u00fcrgriffen erforderlich sind.<\/p>\n<p class=\"\" data-start=\"805\" data-end=\"1138\">Die Platte ist mit einem Mikroschalter und Doppelanzeige (Kolben- und Riegelkontakt) zum Anschluss an ein Zutrittskontrollsystem, Alarmsystem oder sonstige \u00dcberwachung ausgestattet.<\/p>\n<p class=\"\" data-start=\"1140\" data-end=\"1515\">Mit einer Bruchfestigkeit von \u00fcber 15 kN und einer Streifendruckfestigkeit von bis zu 500 kg h\u00e4lt das elektrische T\u00fcr\u00f6ffnerblech auch sehr anspruchsvollen Umgebungen stand.<\/p>\n<p class=\"\" data-start=\"1140\" data-end=\"1515\">Die robuste, schlagfeste Edelstahlkonstruktion sorgt f\u00fcr eine lange Haltbarkeit. Wird komplett mit 5 Metern halogenfreiem Anschlusskabel geliefert.<\/p>\n<p class=\"\" data-start=\"1140\" data-end=\"1515\">Das Produkt ist ein von SundaHus gepr\u00fcftes und zugelassenes Bauprodukt und eine sichere Wahl f\u00fcr professionelle Projekte.<\/p>\n<p class=\"\" data-start=\"1517\" data-end=\"1667\">STEP 28E mit 12V DC Betriebsspannung ist ideal f\u00fcr moderne Sicherheitssysteme, bei denen hohe Leistung mit Betriebssicherheit und klarer Status\u00fcberwachung kombiniert wird.<\/p>","protected":false},"excerpt":{"rendered":"<p>Hier sehen Sie, welche Pfosten und Modelle aus dem STEP-Sortiment der elektrischen T\u00fcrstopper zusammenpassen.<\/p>\n<h5><strong><a href=\"https:\/\/steplock.com\/sv\/stolpguide\/#!?lang=sv&amp;blog_id=1&amp;paged=1&amp;number=50\" target=\"_blank\" rel=\"noopener\">STEP-Pfostenf\u00fchrung\u00a0<\/a><\/strong><\/h5>\n<h5><strong><a href=\"https:\/\/steplock.com\/sv\/projekteringsguide\/#!?lang=sv&amp;blog_id=1&amp;paged=1&amp;number=999\" target=\"_blank\" rel=\"noopener\">STEP-Designleitfaden<\/a><\/strong><\/h5>","protected":false},"featured_media":140575,"template":"","meta":{"_acf_changed":false},"product_brand":[],"product_cat":[3355],"product_tag":[4198,4201],"class_list":{"0":"post-140578","1":"product","2":"type-product","3":"status-publish","4":"has-post-thumbnail","6":"product_cat-elslutbleck","7":"product_tag-12v","8":"product_tag-omvand","9":"product_shipping_class-tunga-paket","10":"pa_brands-step","11":"tm-no-options","13":"first","14":"onbackorder","15":"sale","16":"taxable","17":"shipping-taxable","18":"purchasable","19":"product-type-simple"},"acf":[],"_links":{"self":[{"href":"https:\/\/secureus.se\/de\/wp-json\/wp\/v2\/product\/140578","targetHints":{"allow":["GET"]}}],"collection":[{"href":"https:\/\/secureus.se\/de\/wp-json\/wp\/v2\/product"}],"about":[{"href":"https:\/\/secureus.se\/de\/wp-json\/wp\/v2\/types\/product"}],"wp:featuredmedia":[{"embeddable":true,"href":"https:\/\/secureus.se\/de\/wp-json\/wp\/v2\/media\/140575"}],"wp:attachment":[{"href":"https:\/\/secureus.se\/de\/wp-json\/wp\/v2\/media?parent=140578"}],"wp:term":[{"taxonomy":"product_brand","embeddable":true,"href":"https:\/\/secureus.se\/de\/wp-json\/wp\/v2\/product_brand?post=140578"},{"taxonomy":"product_cat","embeddable":true,"href":"https:\/\/secureus.se\/de\/wp-json\/wp\/v2\/product_cat?post=140578"},{"taxonomy":"product_tag","embeddable":true,"href":"https:\/\/secureus.se\/de\/wp-json\/wp\/v2\/product_tag?post=140578"}],"curies":[{"name":"wp","href":"https:\/\/api.w.org\/{rel}","templated":true}]}}