{"id":140588,"date":"2023-09-26T13:07:10","date_gmt":"2023-09-26T11:07:10","guid":{"rendered":"https:\/\/secureus.se\/elslutbleck-step-18-hoger-rattvand-12v-7mm-regel-connect\/"},"modified":"2026-04-08T16:23:00","modified_gmt":"2026-04-08T14:23:00","slug":"elslutbleck-step-18-hoger-rattvand-12v-7mm-regel-connect","status":"publish","type":"product","link":"https:\/\/secureus.se\/de\/elslutbleck-step-18-hoger-rattvand-12v-7mm-regel-connect\/","title":{"rendered":"Elektrische Endplatte SCHRITT 18 Rechts Rechts gerichtet 12 V 7 mm Regelanschluss"},"content":{"rendered":"<h1>Elektrische Endplatte SCHRITT 18 Rechts Rechts gerichtet 12 V 7 mm Regelanschluss<\/h1>\n<p>STEP 18 Secure ist ein Hochsicherheits-Elektro-Schlie\u00dfblech f\u00fcr Riegelschl\u00f6sser mit 7mm Kolben der Connect-Serie.<\/p>\n<p>Feuerbest\u00e4ndig bis E\/EI 60 und mit einer Bruchfestigkeit von 1500 kg, konzipiert f\u00fcr T\u00fcren mit hohen Sicherheitsanforderungen.<\/p>\n<p class=\"\" data-start=\"381\" data-end=\"737\">Der elektrische T\u00fcr\u00f6ffner STEP 18 Secure ist ein Hochsicherheits-Elektroschloss, das eine Kombination aus schnellem und dauerhaftem Ver- und Entriegeln bietet und sich ideal f\u00fcr T\u00fcren mit hohem Publikumsverkehr eignet.<\/p>\n<p class=\"\" data-start=\"381\" data-end=\"737\">Mit seinem 7-mm-Kolben und dem Design f\u00fcr die Connect-Serie eignet er sich perfekt f\u00fcr Sicherheitst\u00fcren in Umgebungen mit strengen Sicherheitsanforderungen, wie beispielsweise Gef\u00e4ngnissen und Banken.<\/p>\n<p class=\"\" data-start=\"739\" data-end=\"1140\">Es ist f\u00fcr die Verriegelung von T\u00fcren bis zur Sicherheitsklasse RC4 zugelassen und feuerbest\u00e4ndig bis E\/EI 60.<\/p>\n<p class=\"\" data-start=\"739\" data-end=\"1140\">STEP 18 Secure eignet sich ideal f\u00fcr den Einsatz in T\u00fcren mit Evakuierungsanforderungen oder in Umgebungen, in denen T\u00fcren schnell und h\u00e4ufig ge\u00f6ffnet werden m\u00fcssen.<\/p>\n<p class=\"\" data-start=\"739\" data-end=\"1140\">Mit einer Bruchfestigkeit von 15 kN (ca. 1500 kg) und der F\u00e4higkeit, sich trotz eines Streifendrucks von 5 kN (ca. 500 kg) zu \u00f6ffnen, garantiert STEP 18 hohe Sicherheit und Zuverl\u00e4ssigkeit.<\/p>\n<p class=\"\" data-start=\"1142\" data-end=\"1387\">Der eingebaute Kolbenschalter zeigt den T\u00fcrstatus (geschlossen\/offen) und den Schlossstatus (verriegelt\/entriegelt) an und erleichtert so die Integration in Zugangskontrollsysteme und Alarmsysteme.<\/p>\n<p class=\"\" data-start=\"1142\" data-end=\"1387\">Zur einfachen Installation liegt ein 5 Meter langes halogenfreies Anschlusskabel bei.<\/p>\n<p class=\"\" data-start=\"1389\" data-end=\"1404\"><strong data-start=\"1389\" data-end=\"1404\">Eigenschaften:<\/strong><\/p>\n<ul data-start=\"1405\" data-end=\"1930\">\n<li class=\"\" data-start=\"1405\" data-end=\"1449\">\n<p class=\"\" data-start=\"1407\" data-end=\"1449\">F\u00fcr Steuerschloss mit 7mm-Kolben der Connect-Serie<\/p>\n<\/li>\n<li class=\"\" data-start=\"1450\" data-end=\"1493\">\n<p class=\"\" data-start=\"1452\" data-end=\"1493\">Rechtsdrehende Funktion (im stromlosen Zustand gesperrt)<\/p>\n<\/li>\n<li class=\"\" data-start=\"1494\" data-end=\"1518\">\n<p class=\"\" data-start=\"1496\" data-end=\"1518\">F\u00fcr rechtsangeschlagene T\u00fcren<\/p>\n<\/li>\n<li class=\"\" data-start=\"1519\" data-end=\"1550\">\n<p class=\"\" data-start=\"1521\" data-end=\"1550\">Brandschutzzulassung bis E\/EI 60<\/p>\n<\/li>\n<li class=\"\" data-start=\"1551\" data-end=\"1602\">\n<p class=\"\" data-start=\"1553\" data-end=\"1602\">Mikroschalter einpolig wechselnd, max. 30 V DC, 1 A<\/p>\n<\/li>\n<li class=\"\" data-start=\"1603\" data-end=\"1705\">\n<p class=\"\" data-start=\"1605\" data-end=\"1705\">Anzeige des T\u00fcrzustands (geschlossen\/offen) und des Verriegelungszustands (verriegelt\/entriegelt) \u00fcber Kolbenkontakt und Fallenkontakt<\/p>\n<\/li>\n<li class=\"\" data-start=\"1706\" data-end=\"1744\">\n<p class=\"\" data-start=\"1708\" data-end=\"1744\">Eingebaute Schutzdiode f\u00fcr erh\u00f6hte Sicherheit<\/p>\n<\/li>\n<li class=\"\" data-start=\"1745\" data-end=\"1784\">\n<p class=\"\" data-start=\"1747\" data-end=\"1784\">Bruchfestigkeit von 15 kN (ca. 1500 kg)<\/p>\n<\/li>\n<li class=\"\" data-start=\"1785\" data-end=\"1865\">\n<p class=\"\" data-start=\"1787\" data-end=\"1865\">\u00d6ffnet trotz 5 kN (ca. 500 kg) Banddruck sowohl im Vorw\u00e4rts- als auch im R\u00fcckw\u00e4rtsgang<\/p>\n<\/li>\n<li class=\"\" data-start=\"1866\" data-end=\"1930\">\n<p class=\"\" data-start=\"1868\" data-end=\"1930\">Sto\u00dffest und inklusive 5 Meter halogenfreiem Anschlusskabel<\/p>\n<\/li>\n<\/ul>\n<p class=\"\" data-start=\"1932\" data-end=\"1961\"><strong data-start=\"1932\" data-end=\"1961\">Technische Spezifikationen:<\/strong><\/p>\n<ul data-start=\"1962\" data-end=\"2601\">\n<li class=\"\" data-start=\"1962\" data-end=\"2053\">\n<p class=\"\" data-start=\"1964\" data-end=\"2053\">Stromversorgung: 12 V DC (+15% -10%) 639 mA entriegelt oder 24 V DC (+15% -10%) 313 mA entriegelt<\/p>\n<\/li>\n<li class=\"\" data-start=\"2054\" data-end=\"2118\">\n<p class=\"\" data-start=\"2056\" data-end=\"2118\">Kolbenkontakt: Mikroschalter einpoliger Wechsler, max. 30 V DC, 1 A<\/p>\n<\/li>\n<li class=\"\" data-start=\"2119\" data-end=\"2159\">\n<p class=\"\" data-start=\"2121\" data-end=\"2159\">Haltbarkeit: Klasse Y gem\u00e4\u00df SS-EN 14846<\/p>\n<\/li>\n<li class=\"\" data-start=\"2160\" data-end=\"2199\">\n<p class=\"\" data-start=\"2162\" data-end=\"2199\">Korrosion: Klasse M gem\u00e4\u00df SS-EN 14846<\/p>\n<\/li>\n<li class=\"\" data-start=\"2200\" data-end=\"2238\">\n<p class=\"\" data-start=\"2202\" data-end=\"2238\">Sicherheit: Klasse 7 gem\u00e4\u00df SS-EN 14846<\/p>\n<\/li>\n<li class=\"\" data-start=\"2239\" data-end=\"2329\">\n<p class=\"\" data-start=\"2241\" data-end=\"2329\">Sicherheit gegen elektrische Manipulation: Grad 3 (vorw\u00e4rtsgerichtet) Grad 1 (r\u00fcckw\u00e4rtsgerichtet) gem\u00e4\u00df SS-EN 14846<\/p>\n<\/li>\n<li class=\"\" data-start=\"2330\" data-end=\"2351\">\n<p class=\"\" data-start=\"2332\" data-end=\"2351\">Feuergetestet: 60 min<\/p>\n<\/li>\n<li class=\"\" data-start=\"2352\" data-end=\"2378\">\n<p class=\"\" data-start=\"2354\" data-end=\"2378\">Bruchfestigkeit: 1500 kg<\/p>\n<\/li>\n<li class=\"\" data-start=\"2379\" data-end=\"2400\">\n<p class=\"\" data-start=\"2381\" data-end=\"2400\">T\u00fcranschlag: Rechts<\/p>\n<\/li>\n<li class=\"\" data-start=\"2401\" data-end=\"2455\">\n<p class=\"\" data-start=\"2403\" data-end=\"2455\">Kabel inklusive: Ja, 5 Meter halogenfreies Anschlusskabel<\/p>\n<\/li>\n<li class=\"\" data-start=\"2456\" data-end=\"2475\">\n<p class=\"\" data-start=\"2458\" data-end=\"2475\">Listendruck: 500 kg<\/p>\n<\/li>\n<li class=\"\" data-start=\"2476\" data-end=\"2507\">\n<p class=\"\" data-start=\"2478\" data-end=\"2507\">Schlosstyp: Hakenfallenschloss, Riegelschloss<\/p>\n<\/li>\n<li class=\"\" data-start=\"2508\" data-end=\"2562\">\n<p class=\"\" data-start=\"2510\" data-end=\"2562\">Produktabmessungen: Breite: 35 mm, Tiefe: 40 mm, H\u00f6he: 230 mm<\/p>\n<\/li>\n<li class=\"\" data-start=\"2563\" data-end=\"2580\">\n<p class=\"\" data-start=\"2565\" data-end=\"2580\">Kolbenkontakt: Ja<\/p>\n<\/li>\n<li class=\"\" data-start=\"2581\" data-end=\"2601\">\n<p class=\"\" data-start=\"2583\" data-end=\"2601\">Spannung AC\/DC: DC<\/p>\n<\/li>\n<\/ul>","protected":false},"excerpt":{"rendered":"<p>Hier sehen Sie, welche Pfosten und Modelle aus dem STEP-Sortiment der elektrischen T\u00fcrstopper zusammenpassen.<\/p>\n<h5><strong><a href=\"https:\/\/steplock.com\/sv\/stolpguide\/#!?lang=sv&amp;blog_id=1&amp;paged=1&amp;number=50\" target=\"_blank\" rel=\"noopener\">STEP-Pfostenf\u00fchrung\u00a0<\/a><\/strong><\/h5>\n<h5><strong><a href=\"https:\/\/steplock.com\/sv\/projekteringsguide\/#!?lang=sv&amp;blog_id=1&amp;paged=1&amp;number=999\" target=\"_blank\" rel=\"noopener\">STEP-Designleitfaden<\/a><\/strong><\/h5>","protected":false},"featured_media":140585,"template":"","meta":{"_acf_changed":false},"product_brand":[],"product_cat":[3355],"product_tag":[4198,4200],"class_list":{"0":"post-140588","1":"product","2":"type-product","3":"status-publish","4":"has-post-thumbnail","6":"product_cat-elslutbleck","7":"product_tag-12v","8":"product_tag-rattvand","9":"product_shipping_class-tunga-paket","10":"pa_brands-step","11":"tm-no-options","13":"first","14":"onbackorder","15":"sale","16":"taxable","17":"shipping-taxable","18":"purchasable","19":"product-type-simple"},"acf":[],"_links":{"self":[{"href":"https:\/\/secureus.se\/de\/wp-json\/wp\/v2\/product\/140588","targetHints":{"allow":["GET"]}}],"collection":[{"href":"https:\/\/secureus.se\/de\/wp-json\/wp\/v2\/product"}],"about":[{"href":"https:\/\/secureus.se\/de\/wp-json\/wp\/v2\/types\/product"}],"wp:featuredmedia":[{"embeddable":true,"href":"https:\/\/secureus.se\/de\/wp-json\/wp\/v2\/media\/140585"}],"wp:attachment":[{"href":"https:\/\/secureus.se\/de\/wp-json\/wp\/v2\/media?parent=140588"}],"wp:term":[{"taxonomy":"product_brand","embeddable":true,"href":"https:\/\/secureus.se\/de\/wp-json\/wp\/v2\/product_brand?post=140588"},{"taxonomy":"product_cat","embeddable":true,"href":"https:\/\/secureus.se\/de\/wp-json\/wp\/v2\/product_cat?post=140588"},{"taxonomy":"product_tag","embeddable":true,"href":"https:\/\/secureus.se\/de\/wp-json\/wp\/v2\/product_tag?post=140588"}],"curies":[{"name":"wp","href":"https:\/\/api.w.org\/{rel}","templated":true}]}}