{"id":140596,"date":"2023-09-26T13:07:08","date_gmt":"2023-09-26T11:07:08","guid":{"rendered":"https:\/\/secureus.se\/elslutbleck-step-48-omvand-24v-kolvkontakt\/"},"modified":"2026-04-08T16:27:24","modified_gmt":"2026-04-08T14:27:24","slug":"elslutbleck-step-48-omvand-24v-kolvkontakt","status":"publish","type":"product","link":"https:\/\/secureus.se\/de\/elslutbleck-step-48-omvand-24v-kolvkontakt\/","title":{"rendered":"Elektrische Anschlussplatte SCHRITT 48 24-V-Kolbenkontakt umkehren"},"content":{"rendered":"<h1>Elektrische Anschlussplatte SCHRITT 48 24-V-Kolbenkontakt umkehren<\/h1>\n<p>STEP 48 Preload ist ein elektrischer T\u00fcr\u00f6ffner mit R\u00fcckw\u00e4rtsfunktion, der f\u00fcr die Sicherheit in R\u00e4umen sorgt, die mit einem Knauf oder Schl\u00fcssel verschlossen sind.<\/p>\n<p>Ausgestattet mit Kolbenkontakt und Schutzdiode sowie einer Bruchfestigkeit von 9 kN (ca. 900 kg).<\/p>\n<p>Der elektrische T\u00fcr\u00f6ffner STEP 48 Preload ist ein Hochsicherheits-Elektrot\u00fcr\u00f6ffner, der sich ideal f\u00fcr T\u00fcren in R\u00e4umen eignet, die mit einem Knauf oder Schl\u00fcssel verschlossen werden m\u00fcssen.<\/p>\n<p>F\u00fcr zus\u00e4tzliche Sicherheit und Funktionalit\u00e4t ist die Montage eines Riegelindikators (ST4880) m\u00f6glich, mit dem sich das Zugangssystem bzw. die T\u00fcrautomatik der T\u00fcr sperren l\u00e4sst, wenn der Hakenriegel bzw. der L\u00e4ngsriegel des Schlossgeh\u00e4uses mechanisch entriegelt wurde.<\/p>\n<p class=\"\" data-start=\"796\" data-end=\"1152\">Dieser T\u00fcr\u00f6ffner ist mit der patentierten Streifendrucktechnik von STEP ausgestattet, die eine Entriegelung der T\u00fcr auch bei einer Druckbelastung von bis zu 40 kg erm\u00f6glicht.<\/p>\n<p class=\"\" data-start=\"796\" data-end=\"1152\">Mit einer Bruchfestigkeit von 9 kN (ca. 900 kg) und der F\u00e4higkeit, sich trotz eines Streifendrucks von 0,4 kN (ca. 40 kg) sowohl im Vorw\u00e4rts- als auch im R\u00fcckw\u00e4rtsbetrieb zu \u00f6ffnen, bietet STEP 48 Preload sowohl Sicherheit als auch Zuverl\u00e4ssigkeit.<\/p>\n<p class=\"\" data-start=\"1154\" data-end=\"1309\">Der eingebaute Kolbenschalter zeigt den T\u00fcrstatus (geschlossen\/offen) an und erleichtert so die Integration in Zugangskontrollsysteme und andere Sicherheitsl\u00f6sungen.<\/p>\n<p class=\"\" data-start=\"1311\" data-end=\"1326\"><strong data-start=\"1311\" data-end=\"1326\">Eigenschaften:<\/strong><\/p>\n<ul data-start=\"1327\" data-end=\"1745\">\n<li class=\"\" data-start=\"1327\" data-end=\"1369\">\n<p class=\"\" data-start=\"1329\" data-end=\"1369\">Reversierfunktion (im stromlosen Zustand entriegelt)<\/p>\n<\/li>\n<li class=\"\" data-start=\"1370\" data-end=\"1428\">\n<p class=\"\" data-start=\"1372\" data-end=\"1428\">Kolbenkontakt mit T\u00fcrzustandsanzeige (geschlossen\/offen)<\/p>\n<\/li>\n<li class=\"\" data-start=\"1429\" data-end=\"1477\">\n<p class=\"\" data-start=\"1431\" data-end=\"1477\">Eingebaute Schutzdiode f\u00fcr erh\u00f6hte elektrische Sicherheit<\/p>\n<\/li>\n<li class=\"\" data-start=\"1478\" data-end=\"1515\">\n<p class=\"\" data-start=\"1480\" data-end=\"1515\">Bruchfestigkeit von 9 kN (ca. 900 kg)<\/p>\n<\/li>\n<li class=\"\" data-start=\"1516\" data-end=\"1603\">\n<p class=\"\" data-start=\"1518\" data-end=\"1603\">Garantiert das \u00d6ffnen trotz Banddruck von bis zu 40 kg im Vorw\u00e4rts- und R\u00fcckw\u00e4rtsbetrieb<\/p>\n<\/li>\n<li class=\"\" data-start=\"1604\" data-end=\"1663\">\n<p class=\"\" data-start=\"1606\" data-end=\"1663\">Sto\u00dffest und umkehrbar f\u00fcr rechte und linke T\u00fcren<\/p>\n<\/li>\n<li class=\"\" data-start=\"1664\" data-end=\"1710\">\n<p class=\"\" data-start=\"1666\" data-end=\"1710\">Kann Haken- oder L\u00e4ngsriegel verriegeln<\/p>\n<\/li>\n<li class=\"\" data-start=\"1711\" data-end=\"1745\">\n<p class=\"\" data-start=\"1713\" data-end=\"1745\">5 Meter Kabel inklusive (halogenfrei)<\/p>\n<\/li>\n<\/ul>\n<p class=\"\" data-start=\"1747\" data-end=\"1776\"><strong data-start=\"1747\" data-end=\"1776\">Technische Spezifikationen:<\/strong><\/p>\n<ul data-start=\"1777\" data-end=\"2355\">\n<li class=\"\" data-start=\"1777\" data-end=\"1884\">\n<p class=\"\" data-start=\"1779\" data-end=\"1884\">Stromversorgung: 12 V DC (+15% -10%) 220 mAh \/ max. 600 mA oder 24 V DC (+15% -10%) 110 mAh \/ max. 300 mA<\/p>\n<\/li>\n<li class=\"\" data-start=\"1885\" data-end=\"1948\">\n<p class=\"\" data-start=\"1887\" data-end=\"1948\">Kolbenkontakt: Mikroschalter einpoliger Wechsler, max. 30 V DC, 1 A<\/p>\n<\/li>\n<li class=\"\" data-start=\"1949\" data-end=\"1989\">\n<p class=\"\" data-start=\"1951\" data-end=\"1989\">Haltbarkeit: Klasse X gem\u00e4\u00df SS-EN 14846<\/p>\n<\/li>\n<li class=\"\" data-start=\"1990\" data-end=\"2029\">\n<p class=\"\" data-start=\"1992\" data-end=\"2029\">Korrosion: Klasse M gem\u00e4\u00df SS-EN 14846<\/p>\n<\/li>\n<li class=\"\" data-start=\"2030\" data-end=\"2068\">\n<p class=\"\" data-start=\"2032\" data-end=\"2068\">Sicherheit: Klasse 3 gem\u00e4\u00df SS-EN 14846<\/p>\n<\/li>\n<li class=\"\" data-start=\"2069\" data-end=\"2131\">\n<p class=\"\" data-start=\"2071\" data-end=\"2131\">Sicherheit gegen elektrische Manipulation: Klasse 1 gem\u00e4\u00df SS-EN 14846<\/p>\n<\/li>\n<li class=\"\" data-start=\"2132\" data-end=\"2157\">\n<p class=\"\" data-start=\"2134\" data-end=\"2157\">Bruchfestigkeit: 900 kg<\/p>\n<\/li>\n<li class=\"\" data-start=\"2158\" data-end=\"2188\">\n<p class=\"\" data-start=\"2160\" data-end=\"2188\">T\u00fcranschlag: Rechts, Links<\/p>\n<\/li>\n<li class=\"\" data-start=\"2189\" data-end=\"2207\">\n<p class=\"\" data-start=\"2191\" data-end=\"2207\">Kabel enthalten: Nein<\/p>\n<\/li>\n<li class=\"\" data-start=\"2208\" data-end=\"2226\">\n<p class=\"\" data-start=\"2210\" data-end=\"2226\">Streifendruck: 40 kg<\/p>\n<\/li>\n<li class=\"\" data-start=\"2227\" data-end=\"2262\">\n<p class=\"\" data-start=\"2229\" data-end=\"2262\">Schlosstyp: Einzelriegelschloss, Doppelriegelschloss<\/p>\n<\/li>\n<li class=\"\" data-start=\"2263\" data-end=\"2316\">\n<p class=\"\" data-start=\"2265\" data-end=\"2316\">Produktabmessungen: Breite: 25 mm, Tiefe: 35 mm, H\u00f6he: 90 mm<\/p>\n<\/li>\n<li class=\"\" data-start=\"2317\" data-end=\"2334\">\n<p class=\"\" data-start=\"2319\" data-end=\"2334\">Kolbenkontakt: Ja<\/p>\n<\/li>\n<li class=\"\" data-start=\"2335\" data-end=\"2355\">\n<p class=\"\" data-start=\"2337\" data-end=\"2355\">Spannung AC\/DC: DC<\/p>\n<\/li>\n<\/ul>","protected":false},"excerpt":{"rendered":"<p>Hier sehen Sie, welche Pfosten und Modelle aus dem STEP-Sortiment der elektrischen T\u00fcrstopper zusammenpassen.<\/p>\n<h5><strong><a href=\"https:\/\/steplock.com\/sv\/stolpguide\/#!?lang=sv&amp;blog_id=1&amp;paged=1&amp;number=50\" target=\"_blank\" rel=\"noopener\">STEP-Pfostenf\u00fchrung\u00a0<\/a><\/strong><\/h5>\n<h5><strong><a href=\"https:\/\/steplock.com\/sv\/projekteringsguide\/#!?lang=sv&amp;blog_id=1&amp;paged=1&amp;number=999\" target=\"_blank\" rel=\"noopener\">STEP-Designleitfaden<\/a><\/strong><\/h5>","protected":false},"featured_media":140594,"template":"","meta":{"_acf_changed":false},"product_brand":[],"product_cat":[3355],"product_tag":[4197,4201],"class_list":{"0":"post-140596","1":"product","2":"type-product","3":"status-publish","4":"has-post-thumbnail","6":"product_cat-elslutbleck","7":"product_tag-24v","8":"product_tag-omvand","9":"product_shipping_class-tunga-paket","10":"pa_brands-step","11":"tm-no-options","13":"first","14":"onbackorder","15":"sale","16":"taxable","17":"shipping-taxable","18":"purchasable","19":"product-type-simple"},"acf":[],"_links":{"self":[{"href":"https:\/\/secureus.se\/de\/wp-json\/wp\/v2\/product\/140596","targetHints":{"allow":["GET"]}}],"collection":[{"href":"https:\/\/secureus.se\/de\/wp-json\/wp\/v2\/product"}],"about":[{"href":"https:\/\/secureus.se\/de\/wp-json\/wp\/v2\/types\/product"}],"wp:featuredmedia":[{"embeddable":true,"href":"https:\/\/secureus.se\/de\/wp-json\/wp\/v2\/media\/140594"}],"wp:attachment":[{"href":"https:\/\/secureus.se\/de\/wp-json\/wp\/v2\/media?parent=140596"}],"wp:term":[{"taxonomy":"product_brand","embeddable":true,"href":"https:\/\/secureus.se\/de\/wp-json\/wp\/v2\/product_brand?post=140596"},{"taxonomy":"product_cat","embeddable":true,"href":"https:\/\/secureus.se\/de\/wp-json\/wp\/v2\/product_cat?post=140596"},{"taxonomy":"product_tag","embeddable":true,"href":"https:\/\/secureus.se\/de\/wp-json\/wp\/v2\/product_tag?post=140596"}],"curies":[{"name":"wp","href":"https:\/\/api.w.org\/{rel}","templated":true}]}}