{"id":140612,"date":"2023-09-26T13:07:00","date_gmt":"2023-09-26T11:07:00","guid":{"rendered":"https:\/\/secureus.se\/elslutbleck-step-28e-vanster-omvand-24v-7mm-regel\/"},"modified":"2026-03-26T09:52:46","modified_gmt":"2026-03-26T08:52:46","slug":"elslutbleck-step-28e-vanster-omvand-24v-7mm-regel","status":"publish","type":"product","link":"https:\/\/secureus.se\/de\/elslutbleck-step-28e-vanster-omvand-24v-7mm-regel\/","title":{"rendered":"Elektrische Endplatte STEP 28E, links, umgekehrt, 24 V, 7 mm Regel"},"content":{"rendered":"<div>\n<h1>Elektrische Endplatte STEP 28E, links, umgekehrt, 24 V, 7 mm Regel<\/h1>\n<p>STEP 28E Secure ist ein feuerzugelassenes elektrisches Schlie\u00dfblech f\u00fcr Riegelschl\u00f6sser mit 7-mm-Kolben der Connect-Serie, konzipiert f\u00fcr Sicherheit und Evakuierung mit T\u00fcrautomatisierung.<\/p>\n<p>Ausgestattet mit HPR\u00ae-Technologie und hoher Bruchfestigkeit.<\/p>\n<p class=\"\" data-start=\"404\" data-end=\"883\">Der elektrische T\u00fcr\u00f6ffner STEP 28E Secure vereint Sicherheits-, Brandschutz- und Evakuierungsanforderungen und ist somit die perfekte Wahl f\u00fcr Installationen, die sowohl hohe Sicherheit als auch T\u00fcrautomatisierung erfordern.<\/p>\n<p class=\"\" data-start=\"404\" data-end=\"883\">Es ist besonders n\u00fctzlich bei T\u00fcren, die schnell und einfach ge\u00f6ffnet werden m\u00fcssen, beispielsweise bei der Evakuierung von Geb\u00e4uden mit hohen Anforderungen an den Feuerwiderstand.<\/p>\n<p class=\"\" data-start=\"404\" data-end=\"883\">STEP 28E ist bis E\/EI 60 feuerbest\u00e4ndig und somit eine zuverl\u00e4ssige L\u00f6sung f\u00fcr T\u00fcren, die Feuer \u00fcber lange Zeit standhalten m\u00fcssen.<\/p>\n<p class=\"\" data-start=\"885\" data-end=\"1320\">Dieser elektrische T\u00fcr\u00f6ffner wird in Verbindung mit Riegelschl\u00f6ssern mit 7 mm Kolben der Connect-Serie verwendet und bietet eine R\u00fccklauffunktion, bei der die T\u00fcr im stromlosen Zustand entriegelt wird.<\/p>\n<p class=\"\" data-start=\"885\" data-end=\"1320\">Es verf\u00fcgt \u00fcber eine Bruchfestigkeit von \u00fcber 15 kN (ca. 1500 kg) und kann sich trotz eines Banddrucks von bis zu 5 kN (ca. 500 kg) \u00f6ffnen.<\/p>\n<p class=\"\" data-start=\"885\" data-end=\"1320\">Es verf\u00fcgt au\u00dferdem \u00fcber eine integrierte Anzeige f\u00fcr den T\u00fcrstatus (geschlossen\/offen) und den Schlossstatus (verriegelt\/entriegelt), sodass die Integration in Zugangskontrollsysteme und Alarmsysteme problemlos m\u00f6glich ist.<\/p>\n<p class=\"\" data-start=\"1322\" data-end=\"1337\"><strong data-start=\"1322\" data-end=\"1337\">Eigenschaften:<\/strong><\/p>\n<ul data-start=\"1338\" data-end=\"1902\">\n<li class=\"\" data-start=\"1338\" data-end=\"1382\">\n<p class=\"\" data-start=\"1340\" data-end=\"1382\">F\u00fcr Steuerschloss mit 7mm-Kolben der Connect-Serie<\/p>\n<\/li>\n<li class=\"\" data-start=\"1383\" data-end=\"1424\">\n<p class=\"\" data-start=\"1385\" data-end=\"1424\">Reversierfunktion (im stromlosen Zustand gesperrt)<\/p>\n<\/li>\n<li class=\"\" data-start=\"1425\" data-end=\"1451\">\n<p class=\"\" data-start=\"1427\" data-end=\"1451\">F\u00fcr linksangeschlagene T\u00fcren<\/p>\n<\/li>\n<li class=\"\" data-start=\"1452\" data-end=\"1483\">\n<p class=\"\" data-start=\"1454\" data-end=\"1483\">Brandschutzzulassung bis E\/EI 60<\/p>\n<\/li>\n<li class=\"\" data-start=\"1484\" data-end=\"1535\">\n<p class=\"\" data-start=\"1486\" data-end=\"1535\">Mikroschalter einpolig wechselnd, max. 30 V DC, 1 A<\/p>\n<\/li>\n<li class=\"\" data-start=\"1536\" data-end=\"1613\">\n<p class=\"\" data-start=\"1538\" data-end=\"1613\">Integrierte Anzeige f\u00fcr T\u00fcrstatus (geschlossen\/offen) und Schlossstatus (verriegelt\/entriegelt)<\/p>\n<\/li>\n<li class=\"\" data-start=\"1614\" data-end=\"1658\">\n<p class=\"\" data-start=\"1616\" data-end=\"1658\">Bruchfestigkeit von \u00fcber 15 kN (ca. 1500 kg)<\/p>\n<\/li>\n<li class=\"\" data-start=\"1659\" data-end=\"1751\">\n<p class=\"\" data-start=\"1661\" data-end=\"1751\">Garantiert das \u00d6ffnen trotz 5 kN Banddruck (ca. 500 kg) sowohl im Vorw\u00e4rts- als auch im R\u00fcckw\u00e4rtsgang<\/p>\n<\/li>\n<li class=\"\" data-start=\"1752\" data-end=\"1811\">\n<p class=\"\" data-start=\"1754\" data-end=\"1811\">Sto\u00dffest und umkehrbar f\u00fcr rechte und linke T\u00fcren<\/p>\n<\/li>\n<li class=\"\" data-start=\"1812\" data-end=\"1858\">\n<p class=\"\" data-start=\"1814\" data-end=\"1858\">Kann Haken- oder L\u00e4ngsriegel verriegeln<\/p>\n<\/li>\n<li class=\"\" data-start=\"1859\" data-end=\"1902\">\n<p class=\"\" data-start=\"1861\" data-end=\"1902\">5 Meter halogenfreies Anschlusskabel inklusive<\/p>\n<\/li>\n<\/ul>\n<p class=\"\" data-start=\"1904\" data-end=\"1933\"><strong data-start=\"1904\" data-end=\"1933\">Technische Spezifikationen:<\/strong><\/p>\n<ul data-start=\"1934\" data-end=\"2576\">\n<li class=\"\" data-start=\"1934\" data-end=\"2026\">\n<p class=\"\" data-start=\"1936\" data-end=\"2026\">Stromversorgung: 12 V DC (+15% -10%) 1000 mA entriegelt oder 24 V DC (+15% -10%) 500 mA entriegelt<\/p>\n<\/li>\n<li class=\"\" data-start=\"2027\" data-end=\"2091\">\n<p class=\"\" data-start=\"2029\" data-end=\"2091\">Kolbenkontakt: Mikroschalter einpoliger Wechsler, max. 30 V DC, 1 A<\/p>\n<\/li>\n<li class=\"\" data-start=\"2092\" data-end=\"2132\">\n<p class=\"\" data-start=\"2094\" data-end=\"2132\">Haltbarkeit: Klasse Y gem\u00e4\u00df SS-EN 14846<\/p>\n<\/li>\n<li class=\"\" data-start=\"2133\" data-end=\"2172\">\n<p class=\"\" data-start=\"2135\" data-end=\"2172\">Korrosion: Klasse M gem\u00e4\u00df SS-EN 14846<\/p>\n<\/li>\n<li class=\"\" data-start=\"2173\" data-end=\"2211\">\n<p class=\"\" data-start=\"2175\" data-end=\"2211\">Sicherheit: Klasse 7 gem\u00e4\u00df SS-EN 14846<\/p>\n<\/li>\n<li class=\"\" data-start=\"2212\" data-end=\"2302\">\n<p class=\"\" data-start=\"2214\" data-end=\"2302\">Sicherheit gegen elektrische Manipulation: Grad 3 (vorw\u00e4rtsgerichtet) Grad 1 (r\u00fcckw\u00e4rtsgerichtet) gem\u00e4\u00df SS-EN 14846<\/p>\n<\/li>\n<li class=\"\" data-start=\"2303\" data-end=\"2324\">\n<p class=\"\" data-start=\"2305\" data-end=\"2324\">Feuergetestet: 60 min<\/p>\n<\/li>\n<li class=\"\" data-start=\"2325\" data-end=\"2351\">\n<p class=\"\" data-start=\"2327\" data-end=\"2351\">Bruchfestigkeit: 1500 kg<\/p>\n<\/li>\n<li class=\"\" data-start=\"2352\" data-end=\"2375\">\n<p class=\"\" data-start=\"2354\" data-end=\"2375\">T\u00fcranschlag: Links<\/p>\n<\/li>\n<li class=\"\" data-start=\"2376\" data-end=\"2430\">\n<p class=\"\" data-start=\"2378\" data-end=\"2430\">Kabel inklusive: Ja, 5 Meter halogenfreies Anschlusskabel<\/p>\n<\/li>\n<li class=\"\" data-start=\"2431\" data-end=\"2450\">\n<p class=\"\" data-start=\"2433\" data-end=\"2450\">Listendruck: 500 kg<\/p>\n<\/li>\n<li class=\"\" data-start=\"2451\" data-end=\"2482\">\n<p class=\"\" data-start=\"2453\" data-end=\"2482\">Schlosstyp: Hakenfallenschloss, Riegelschloss<\/p>\n<\/li>\n<li class=\"\" data-start=\"2483\" data-end=\"2537\">\n<p class=\"\" data-start=\"2485\" data-end=\"2537\">Produktabmessungen: Breite: 35 mm, Tiefe: 40 mm, H\u00f6he: 230 mm<\/p>\n<\/li>\n<li class=\"\" data-start=\"2538\" data-end=\"2555\">\n<p class=\"\" data-start=\"2540\" data-end=\"2555\">Kolbenkontakt: Ja<\/p>\n<\/li>\n<li class=\"\" data-start=\"2556\" data-end=\"2576\">\n<p class=\"\" data-start=\"2558\" data-end=\"2576\">Spannung AC\/DC: DC<\/p>\n<\/li>\n<\/ul>\n<div>\n<p>&nbsp;<\/p>\n<\/div>\n<\/div>","protected":false},"excerpt":{"rendered":"<p>Hier sehen Sie, welche Pfosten und Modelle aus dem STEP-Sortiment der elektrischen T\u00fcrstopper zusammenpassen.<\/p>\n<h5><strong><a href=\"https:\/\/steplock.com\/sv\/stolpguide\/#!?lang=sv&amp;blog_id=1&amp;paged=1&amp;number=50\" target=\"_blank\" rel=\"noopener\">STEP-Pfostenf\u00fchrung\u00a0<\/a><\/strong><\/h5>\n<h5><strong><a href=\"https:\/\/steplock.com\/sv\/projekteringsguide\/#!?lang=sv&amp;blog_id=1&amp;paged=1&amp;number=999\" target=\"_blank\" rel=\"noopener\">STEP-Designleitfaden<\/a><\/strong><\/h5>","protected":false},"featured_media":140609,"template":"","meta":{"_acf_changed":false},"product_brand":[],"product_cat":[3355],"product_tag":[4197,4201],"class_list":{"0":"post-140612","1":"product","2":"type-product","3":"status-publish","4":"has-post-thumbnail","6":"product_cat-elslutbleck","7":"product_tag-24v","8":"product_tag-omvand","9":"product_shipping_class-tunga-paket","10":"pa_brands-step","11":"tm-no-options","13":"first","14":"onbackorder","15":"sale","16":"taxable","17":"shipping-taxable","18":"purchasable","19":"product-type-simple"},"acf":[],"_links":{"self":[{"href":"https:\/\/secureus.se\/de\/wp-json\/wp\/v2\/product\/140612","targetHints":{"allow":["GET"]}}],"collection":[{"href":"https:\/\/secureus.se\/de\/wp-json\/wp\/v2\/product"}],"about":[{"href":"https:\/\/secureus.se\/de\/wp-json\/wp\/v2\/types\/product"}],"wp:featuredmedia":[{"embeddable":true,"href":"https:\/\/secureus.se\/de\/wp-json\/wp\/v2\/media\/140609"}],"wp:attachment":[{"href":"https:\/\/secureus.se\/de\/wp-json\/wp\/v2\/media?parent=140612"}],"wp:term":[{"taxonomy":"product_brand","embeddable":true,"href":"https:\/\/secureus.se\/de\/wp-json\/wp\/v2\/product_brand?post=140612"},{"taxonomy":"product_cat","embeddable":true,"href":"https:\/\/secureus.se\/de\/wp-json\/wp\/v2\/product_cat?post=140612"},{"taxonomy":"product_tag","embeddable":true,"href":"https:\/\/secureus.se\/de\/wp-json\/wp\/v2\/product_tag?post=140612"}],"curies":[{"name":"wp","href":"https:\/\/api.w.org\/{rel}","templated":true}]}}