{"id":140614,"date":"2023-03-20T10:47:25","date_gmt":"2023-03-20T09:47:25","guid":{"rendered":"https:\/\/secureus.se\/monteringsstolpe-sc30h-15\/"},"modified":"2026-01-12T13:20:03","modified_gmt":"2026-01-12T12:20:03","slug":"monteringsstolpe-sc30h-15","status":"publish","type":"product","link":"https:\/\/secureus.se\/de\/monteringsstolpe-sc30h-15\/","title":{"rendered":"Safetron Montagepfosten SC30H-15"},"content":{"rendered":"<p>Abgewinkelter Montagepfosten aus Edelstahl f\u00fcr SAFETRON elektrische Endplatte ES22. Geeignet f\u00fcr Holz- und Metallrahmen, verwendet zusammen mit Doppelfallschl\u00f6ssern vom Typ connect\/evolution oder module.<\/p>\n<p>\u2022 Entspricht ST9501H<\/p>\n<p>\u2022 Zungengr\u00f6\u00dfe: 15 mm<\/p>\n<p>\u2022 Abmessungen: (HxBxT) 245x40x15 mm<\/p>","protected":false},"excerpt":{"rendered":"<h5><a href=\"https:\/\/www.safetron.com\/stolpguide\/\" target=\"_blank\" rel=\"noopener\">Leitfaden f\u00fcr Pfosten von Safetrons Mounting Posts<\/a><\/h5>","protected":false},"featured_media":140613,"template":"","meta":{"_acf_changed":false},"product_brand":[],"product_cat":[4735],"product_tag":[4447,4866],"class_list":{"0":"post-140614","1":"product","2":"type-product","3":"status-publish","4":"has-post-thumbnail","6":"product_cat-monteringsstolpe","7":"product_tag-safetron-montagestolpar-es22-sc","8":"product_tag-safetron-20","9":"product_shipping_class-tunga-paket","10":"pa_brands-7safetron","11":"tm-no-options","13":"first","14":"instock","15":"featured","16":"taxable","17":"shipping-taxable","18":"purchasable","19":"product-type-simple"},"acf":[],"_links":{"self":[{"href":"https:\/\/secureus.se\/de\/wp-json\/wp\/v2\/product\/140614","targetHints":{"allow":["GET"]}}],"collection":[{"href":"https:\/\/secureus.se\/de\/wp-json\/wp\/v2\/product"}],"about":[{"href":"https:\/\/secureus.se\/de\/wp-json\/wp\/v2\/types\/product"}],"wp:featuredmedia":[{"embeddable":true,"href":"https:\/\/secureus.se\/de\/wp-json\/wp\/v2\/media\/140613"}],"wp:attachment":[{"href":"https:\/\/secureus.se\/de\/wp-json\/wp\/v2\/media?parent=140614"}],"wp:term":[{"taxonomy":"product_brand","embeddable":true,"href":"https:\/\/secureus.se\/de\/wp-json\/wp\/v2\/product_brand?post=140614"},{"taxonomy":"product_cat","embeddable":true,"href":"https:\/\/secureus.se\/de\/wp-json\/wp\/v2\/product_cat?post=140614"},{"taxonomy":"product_tag","embeddable":true,"href":"https:\/\/secureus.se\/de\/wp-json\/wp\/v2\/product_tag?post=140614"}],"curies":[{"name":"wp","href":"https:\/\/api.w.org\/{rel}","templated":true}]}}