{"id":140624,"date":"2023-09-26T13:06:58","date_gmt":"2023-09-26T11:06:58","guid":{"rendered":"https:\/\/secureus.se\/elslutbleck-step-18-vanster-omvand-24v-10mm-regel\/"},"modified":"2026-03-26T09:53:04","modified_gmt":"2026-03-26T08:53:04","slug":"elslutbleck-step-18-vanster-omvand-24v-10mm-regel","status":"publish","type":"product","link":"https:\/\/secureus.se\/de\/elslutbleck-step-18-vanster-omvand-24v-10mm-regel\/","title":{"rendered":"Elektrische Endplatte SCHRITT 18 Links, umgekehrt, 24 V, 10 mm Regel"},"content":{"rendered":"<h1>Elektrische Endplatte SCHRITT 18 Links, umgekehrt, 24 V, 10 mm Regel<\/h1>\n<p>Das elektrische T\u00fcr\u00f6ffnerblech STEP 18 Secure ist ein feuerzugelassenes elektrisches T\u00fcr\u00f6ffnerblech f\u00fcr Riegelschl\u00f6sser mit 10 mm Kolben der Modul-Serie, konzipiert f\u00fcr Sicherheitst\u00fcren mit hohem Einbruchschutz und Schnellverriegelung.<\/p>\n<p class=\"\" data-start=\"415\" data-end=\"758\">STEP 18 Secure bietet h\u00f6chste Sicherheit f\u00fcr T\u00fcren mit hohem Publikumsverkehr und strengen Sicherheitsanforderungen.<\/p>\n<p class=\"\" data-start=\"415\" data-end=\"758\">Es ist f\u00fcr die Verriegelung von Sicherheitst\u00fcren bis RC4 und f\u00fcr Feuerbest\u00e4ndigkeit bis E\/EI 60 zugelassen und stellt somit eine ideale L\u00f6sung f\u00fcr Umgebungen wie Gef\u00e4ngnisse, Banken oder andere Sicherheitseinrichtungen dar.<\/p>\n<p class=\"\" data-start=\"760\" data-end=\"1212\">Mit einer Bruchfestigkeit von 15 kN (ca. 1500 kg) und der F\u00e4higkeit, sich trotz eines Streifendrucks von 5 kN (ca. 500 kg) zu \u00f6ffnen, bietet STEP 18 Secure sowohl Haltbarkeit als auch Sicherheit.<\/p>\n<p class=\"\" data-start=\"760\" data-end=\"1212\">Durch die Reversierfunktion wird die T\u00fcr im stromlosen Zustand entriegelt, was ein schnelles \u00d6ffnen der T\u00fcr im Bedarfsfall erm\u00f6glicht.<\/p>\n<p class=\"\" data-start=\"760\" data-end=\"1212\">Der eingebaute Kolbenkontakt zeigt den geschlossenen\/offenen Status und den Verriegelungsstatus (verriegelt\/entriegelt) der T\u00fcr an und erleichtert so die Anbindung an Zugangskontrollsysteme und Alarmsysteme.<\/p>\n<p class=\"\" data-start=\"1214\" data-end=\"1354\">STEP 18 Secure ist zudem manipulationssicher gegen \u00e4u\u00dfere Einfl\u00fcsse und verf\u00fcgt \u00fcber ein 5 Meter langes halogenfreies Anschlusskabel f\u00fcr eine einfache Installation.<\/p>\n<p class=\"\" data-start=\"1356\" data-end=\"1371\"><strong data-start=\"1356\" data-end=\"1371\">Eigenschaften:<\/strong><\/p>\n<ul data-start=\"1372\" data-end=\"1907\">\n<li class=\"\" data-start=\"1372\" data-end=\"1416\">\n<p class=\"\" data-start=\"1374\" data-end=\"1416\">F\u00fcr Steuerschloss mit 10 mm Kolben der Modul-Serie<\/p>\n<\/li>\n<li class=\"\" data-start=\"1417\" data-end=\"1459\">\n<p class=\"\" data-start=\"1419\" data-end=\"1459\">Reversierfunktion (im stromlosen Zustand entriegelt)<\/p>\n<\/li>\n<li class=\"\" data-start=\"1460\" data-end=\"1486\">\n<p class=\"\" data-start=\"1462\" data-end=\"1486\">F\u00fcr linksangeschlagene T\u00fcren<\/p>\n<\/li>\n<li class=\"\" data-start=\"1487\" data-end=\"1518\">\n<p class=\"\" data-start=\"1489\" data-end=\"1518\">Brandschutzzulassung bis E\/EI 60<\/p>\n<\/li>\n<li class=\"\" data-start=\"1519\" data-end=\"1596\">\n<p class=\"\" data-start=\"1521\" data-end=\"1596\">Integrierte Anzeige f\u00fcr T\u00fcrstatus (geschlossen\/offen) und Schlossstatus (verriegelt\/entriegelt)<\/p>\n<\/li>\n<li class=\"\" data-start=\"1597\" data-end=\"1635\">\n<p class=\"\" data-start=\"1599\" data-end=\"1635\">Eingebaute Schutzdiode f\u00fcr erh\u00f6hte Sicherheit<\/p>\n<\/li>\n<li class=\"\" data-start=\"1636\" data-end=\"1675\">\n<p class=\"\" data-start=\"1638\" data-end=\"1675\">Bruchfestigkeit von 15 kN (ca. 1500 kg)<\/p>\n<\/li>\n<li class=\"\" data-start=\"1676\" data-end=\"1756\">\n<p class=\"\" data-start=\"1678\" data-end=\"1756\">\u00d6ffnet trotz 5 kN (ca. 500 kg) Banddruck sowohl im Vorw\u00e4rts- als auch im R\u00fcckw\u00e4rtsgang<\/p>\n<\/li>\n<li class=\"\" data-start=\"1757\" data-end=\"1816\">\n<p class=\"\" data-start=\"1759\" data-end=\"1816\">Sto\u00dffest und umkehrbar f\u00fcr rechte und linke T\u00fcren<\/p>\n<\/li>\n<li class=\"\" data-start=\"1817\" data-end=\"1863\">\n<p class=\"\" data-start=\"1819\" data-end=\"1863\">Kann Haken- oder L\u00e4ngsriegel verriegeln<\/p>\n<\/li>\n<li class=\"\" data-start=\"1864\" data-end=\"1907\">\n<p class=\"\" data-start=\"1866\" data-end=\"1907\">5 Meter halogenfreies Anschlusskabel inklusive<\/p>\n<\/li>\n<\/ul>\n<p class=\"\" data-start=\"1909\" data-end=\"1938\"><strong data-start=\"1909\" data-end=\"1938\">Technische Spezifikationen:<\/strong><\/p>\n<ul data-start=\"1939\" data-end=\"2755\">\n<li class=\"\" data-start=\"1939\" data-end=\"2030\">\n<p class=\"\" data-start=\"1941\" data-end=\"2030\">Stromversorgung: 12 V DC (+15% -10%) 639 mA entriegelt oder 24 V DC (+15% -10%) 313 mA entriegelt<\/p>\n<\/li>\n<li class=\"\" data-start=\"2031\" data-end=\"2095\">\n<p class=\"\" data-start=\"2033\" data-end=\"2095\">Kolbenkontakt: Mikroschalter einpoliger Wechsler, max. 30 V DC, 1 A<\/p>\n<\/li>\n<li class=\"\" data-start=\"2096\" data-end=\"2136\">\n<p class=\"\" data-start=\"2098\" data-end=\"2136\">Haltbarkeit: Klasse Y gem\u00e4\u00df SS-EN 14846<\/p>\n<\/li>\n<li class=\"\" data-start=\"2137\" data-end=\"2176\">\n<p class=\"\" data-start=\"2139\" data-end=\"2176\">Korrosion: Klasse M gem\u00e4\u00df SS-EN 14846<\/p>\n<\/li>\n<li class=\"\" data-start=\"2177\" data-end=\"2215\">\n<p class=\"\" data-start=\"2179\" data-end=\"2215\">Sicherheit: Klasse 7 gem\u00e4\u00df SS-EN 14846<\/p>\n<\/li>\n<li class=\"\" data-start=\"2216\" data-end=\"2306\">\n<p class=\"\" data-start=\"2218\" data-end=\"2306\">Sicherheit gegen elektrische Manipulation: Grad 3 (vorw\u00e4rtsgerichtet) Grad 1 (r\u00fcckw\u00e4rtsgerichtet) gem\u00e4\u00df SS-EN 14846<\/p>\n<\/li>\n<li class=\"\" data-start=\"2307\" data-end=\"2328\">\n<p class=\"\" data-start=\"2309\" data-end=\"2328\">Feuergetestet: 60 min<\/p>\n<\/li>\n<li class=\"\" data-start=\"2329\" data-end=\"2355\">\n<p class=\"\" data-start=\"2331\" data-end=\"2355\">Bruchfestigkeit: 1500 kg<\/p>\n<\/li>\n<li class=\"\" data-start=\"2356\" data-end=\"2379\">\n<p class=\"\" data-start=\"2358\" data-end=\"2379\">T\u00fcranschlag: Links<\/p>\n<\/li>\n<li class=\"\" data-start=\"2380\" data-end=\"2434\">\n<p class=\"\" data-start=\"2382\" data-end=\"2434\">Kabel inklusive: Ja, 5 Meter halogenfreies Anschlusskabel<\/p>\n<\/li>\n<li class=\"\" data-start=\"2435\" data-end=\"2454\">\n<p class=\"\" data-start=\"2437\" data-end=\"2454\">Listendruck: 500 kg<\/p>\n<\/li>\n<li class=\"\" data-start=\"2455\" data-end=\"2486\">\n<p class=\"\" data-start=\"2457\" data-end=\"2486\">Schlosstyp: Hakenfallenschloss, Riegelschloss<\/p>\n<\/li>\n<li class=\"\" data-start=\"2487\" data-end=\"2541\">\n<p class=\"\" data-start=\"2489\" data-end=\"2541\">Produktabmessungen: Breite: 35 mm, Tiefe: 40 mm, H\u00f6he: 230 mm<\/p>\n<\/li>\n<li class=\"\" data-start=\"2542\" data-end=\"2559\">\n<p class=\"\" data-start=\"2544\" data-end=\"2559\">Kolbenkontakt: Ja<\/p>\n<\/li>\n<li class=\"\" data-start=\"2560\" data-end=\"2580\">\n<p class=\"\" data-start=\"2562\" data-end=\"2580\">Spannung AC\/DC: DC<\/p>\n<\/li>\n<li class=\"\" data-start=\"2581\" data-end=\"2603\">\n<p class=\"\" data-start=\"2583\" data-end=\"2603\">Spannung max: 27,6 V<\/p>\n<\/li>\n<li class=\"\" data-start=\"2604\" data-end=\"2626\">\n<p class=\"\" data-start=\"2606\" data-end=\"2626\">Spannung min.: 21,6 V<\/p>\n<\/li>\n<li class=\"\" data-start=\"2627\" data-end=\"2649\">\n<p class=\"\" data-start=\"2629\" data-end=\"2649\">Doppelter Twist Drop: Nein<\/p>\n<\/li>\n<li class=\"\" data-start=\"2650\" data-end=\"2678\">\n<p class=\"\" data-start=\"2652\" data-end=\"2678\">Farbe\/Oberfl\u00e4che: Edelstahl<\/p>\n<\/li>\n<li class=\"\" data-start=\"2679\" data-end=\"2699\">\n<p class=\"\" data-start=\"2681\" data-end=\"2699\">Bauprodukt bewertet: Ja<\/p>\n<\/li>\n<li class=\"\" data-start=\"2700\" data-end=\"2721\">\n<p class=\"\" data-start=\"2702\" data-end=\"2721\">EPD-verifiziert: Nein<\/p>\n<\/li>\n<li class=\"\" data-start=\"2722\" data-end=\"2734\">\n<p class=\"\" data-start=\"2724\" data-end=\"2734\">FINFO: Nein<\/p>\n<\/li>\n<li class=\"\" data-start=\"2735\" data-end=\"2755\">\n<p class=\"\" data-start=\"2737\" data-end=\"2755\">SundaHouse-Bewertung: Ja<\/p>\n<\/li>\n<\/ul>","protected":false},"excerpt":{"rendered":"<p>Hier sehen Sie, welche Pfosten und Modelle aus dem STEP-Sortiment der elektrischen T\u00fcrstopper zusammenpassen.<\/p>\n<h5><strong><a href=\"https:\/\/steplock.com\/sv\/stolpguide\/#!?lang=sv&amp;blog_id=1&amp;paged=1&amp;number=50\" target=\"_blank\" rel=\"noopener\">STEP-Pfostenf\u00fchrung\u00a0<\/a><\/strong><\/h5>\n<h5><strong><a href=\"https:\/\/steplock.com\/sv\/projekteringsguide\/#!?lang=sv&amp;blog_id=1&amp;paged=1&amp;number=999\" target=\"_blank\" rel=\"noopener\">STEP-Designleitfaden<\/a><\/strong><\/h5>","protected":false},"featured_media":140622,"template":"","meta":{"_acf_changed":false},"product_brand":[],"product_cat":[3355],"product_tag":[4197,4201],"class_list":{"0":"post-140624","1":"product","2":"type-product","3":"status-publish","4":"has-post-thumbnail","6":"product_cat-elslutbleck","7":"product_tag-24v","8":"product_tag-omvand","9":"product_shipping_class-tunga-paket","10":"pa_brands-step","11":"tm-no-options","13":"first","14":"onbackorder","15":"sale","16":"taxable","17":"shipping-taxable","18":"purchasable","19":"product-type-simple"},"acf":[],"_links":{"self":[{"href":"https:\/\/secureus.se\/de\/wp-json\/wp\/v2\/product\/140624","targetHints":{"allow":["GET"]}}],"collection":[{"href":"https:\/\/secureus.se\/de\/wp-json\/wp\/v2\/product"}],"about":[{"href":"https:\/\/secureus.se\/de\/wp-json\/wp\/v2\/types\/product"}],"wp:featuredmedia":[{"embeddable":true,"href":"https:\/\/secureus.se\/de\/wp-json\/wp\/v2\/media\/140622"}],"wp:attachment":[{"href":"https:\/\/secureus.se\/de\/wp-json\/wp\/v2\/media?parent=140624"}],"wp:term":[{"taxonomy":"product_brand","embeddable":true,"href":"https:\/\/secureus.se\/de\/wp-json\/wp\/v2\/product_brand?post=140624"},{"taxonomy":"product_cat","embeddable":true,"href":"https:\/\/secureus.se\/de\/wp-json\/wp\/v2\/product_cat?post=140624"},{"taxonomy":"product_tag","embeddable":true,"href":"https:\/\/secureus.se\/de\/wp-json\/wp\/v2\/product_tag?post=140624"}],"curies":[{"name":"wp","href":"https:\/\/api.w.org\/{rel}","templated":true}]}}