{"id":140637,"date":"2023-09-26T13:06:56","date_gmt":"2023-09-26T11:06:56","guid":{"rendered":"https:\/\/secureus.se\/elslutbleck-step-18-hoger-omvand-24v-12mm-regel\/"},"modified":"2026-04-23T12:56:34","modified_gmt":"2026-04-23T10:56:34","slug":"elslutbleck-step-18-hoger-omvand-24v-12mm-regel","status":"publish","type":"product","link":"https:\/\/secureus.se\/de\/elslutbleck-step-18-hoger-omvand-24v-12mm-regel\/","title":{"rendered":"Elektrische Endplatte SCHRITT 18 Rechts-R\u00fcckw\u00e4rts-24-V-12-mm-Regel"},"content":{"rendered":"<h1>Elektrische Endplatte SCHRITT 18 Rechts-R\u00fcckw\u00e4rts-24-V-12-mm-Regel<\/h1>\n<p>STEP 18 Secure ist ein feuerzugelassener Hochsicherheits-T\u00fcr\u00f6ffner f\u00fcr Riegelschl\u00f6sser mit 12 mm Kolben der Modul-Serie, konzipiert f\u00fcr T\u00fcren mit hohem Einbruchschutz und schneller Verriegelung.<\/p>\n<p class=\"\" data-start=\"370\" data-end=\"730\">Der elektrische T\u00fcr\u00f6ffner STEP 18 Secure ist Teil der Secure-Serie von STEP und bietet h\u00f6chste Sicherheit f\u00fcr T\u00fcren mit hohem Publikumsverkehr und strengen Sicherheitsanforderungen.<\/p>\n<p class=\"\" data-start=\"370\" data-end=\"730\">Es ist f\u00fcr die Verriegelung von Sicherheitst\u00fcren bis RC4 und mit Feuerwiderstandsklasse E\/EI 60 zugelassen und bietet hohe Sicherheit f\u00fcr kritische Umgebungen wie Gef\u00e4ngnisse, Banken und andere Sicherheitseinrichtungen.<\/p>\n<p class=\"\" data-start=\"732\" data-end=\"1216\">Mit einer Bruchfestigkeit von 15 kN (ca. 1500 kg) und der F\u00e4higkeit, sich trotz eines Banddrucks von 5 kN (ca. 500 kg) sowohl im Vorw\u00e4rts- als auch im R\u00fcckw\u00e4rtsbetrieb zu \u00f6ffnen, bietet STEP 18 Secure sowohl Zuverl\u00e4ssigkeit als auch Sicherheit.<\/p>\n<p class=\"\" data-start=\"732\" data-end=\"1216\">Durch die Reversierfunktion wird die T\u00fcr im stromlosen Zustand entriegelt, was ein schnelles \u00d6ffnen der T\u00fcr im Bedarfsfall erm\u00f6glicht.<\/p>\n<p class=\"\" data-start=\"732\" data-end=\"1216\">Der eingebaute Kolbenkontakt zeigt den geschlossenen\/offenen Status und den Verriegelungsstatus (verriegelt\/entriegelt) der T\u00fcr an und erleichtert so die Integration in Zugangskontrollsysteme und Alarmsysteme.<\/p>\n<p class=\"\" data-start=\"1218\" data-end=\"1358\">STEP 18 Secure ist zudem manipulationssicher gegen \u00e4u\u00dfere Einfl\u00fcsse und verf\u00fcgt \u00fcber ein 5 Meter langes halogenfreies Anschlusskabel f\u00fcr eine einfache Installation.<\/p>\n<p class=\"\" data-start=\"1360\" data-end=\"1375\"><strong data-start=\"1360\" data-end=\"1375\">Eigenschaften:<\/strong><\/p>\n<ul data-start=\"1376\" data-end=\"1909\">\n<li class=\"\" data-start=\"1376\" data-end=\"1420\">\n<p class=\"\" data-start=\"1378\" data-end=\"1420\">F\u00fcr Regulierschloss mit 12 mm Kolben der Modul-Serie<\/p>\n<\/li>\n<li class=\"\" data-start=\"1421\" data-end=\"1463\">\n<p class=\"\" data-start=\"1423\" data-end=\"1463\">Reversierfunktion (im stromlosen Zustand entriegelt)<\/p>\n<\/li>\n<li class=\"\" data-start=\"1464\" data-end=\"1488\">\n<p class=\"\" data-start=\"1466\" data-end=\"1488\">F\u00fcr rechtsangeschlagene T\u00fcren<\/p>\n<\/li>\n<li class=\"\" data-start=\"1489\" data-end=\"1520\">\n<p class=\"\" data-start=\"1491\" data-end=\"1520\">Brandschutzzulassung bis E\/EI 60<\/p>\n<\/li>\n<li class=\"\" data-start=\"1521\" data-end=\"1598\">\n<p class=\"\" data-start=\"1523\" data-end=\"1598\">Integrierte Anzeige f\u00fcr T\u00fcrstatus (geschlossen\/offen) und Schlossstatus (verriegelt\/entriegelt)<\/p>\n<\/li>\n<li class=\"\" data-start=\"1599\" data-end=\"1637\">\n<p class=\"\" data-start=\"1601\" data-end=\"1637\">Eingebaute Schutzdiode f\u00fcr erh\u00f6hte Sicherheit<\/p>\n<\/li>\n<li class=\"\" data-start=\"1638\" data-end=\"1677\">\n<p class=\"\" data-start=\"1640\" data-end=\"1677\">Bruchfestigkeit von 15 kN (ca. 1500 kg)<\/p>\n<\/li>\n<li class=\"\" data-start=\"1678\" data-end=\"1758\">\n<p class=\"\" data-start=\"1680\" data-end=\"1758\">\u00d6ffnet trotz 5 kN (ca. 500 kg) Banddruck sowohl im Vorw\u00e4rts- als auch im R\u00fcckw\u00e4rtsgang<\/p>\n<\/li>\n<li class=\"\" data-start=\"1759\" data-end=\"1818\">\n<p class=\"\" data-start=\"1761\" data-end=\"1818\">Sto\u00dffest und umkehrbar f\u00fcr rechte und linke T\u00fcren<\/p>\n<\/li>\n<li class=\"\" data-start=\"1819\" data-end=\"1865\">\n<p class=\"\" data-start=\"1821\" data-end=\"1865\">Kann Haken- oder L\u00e4ngsriegel verriegeln<\/p>\n<\/li>\n<li class=\"\" data-start=\"1866\" data-end=\"1909\">\n<p class=\"\" data-start=\"1868\" data-end=\"1909\">5 Meter halogenfreies Anschlusskabel inklusive<\/p>\n<\/li>\n<\/ul>\n<p class=\"\" data-start=\"1911\" data-end=\"1940\"><strong data-start=\"1911\" data-end=\"1940\">Technische Spezifikationen:<\/strong><\/p>\n<ul data-start=\"1941\" data-end=\"2755\">\n<li class=\"\" data-start=\"1941\" data-end=\"2032\">\n<p class=\"\" data-start=\"1943\" data-end=\"2032\">Stromversorgung: 12 V DC (+15% -10%) 639 mA entriegelt oder 24 V DC (+15% -10%) 313 mA entriegelt<\/p>\n<\/li>\n<li class=\"\" data-start=\"2033\" data-end=\"2097\">\n<p class=\"\" data-start=\"2035\" data-end=\"2097\">Kolbenkontakt: Mikroschalter einpoliger Wechsler, max. 30 V DC, 1 A<\/p>\n<\/li>\n<li class=\"\" data-start=\"2098\" data-end=\"2138\">\n<p class=\"\" data-start=\"2100\" data-end=\"2138\">Haltbarkeit: Klasse Y gem\u00e4\u00df SS-EN 14846<\/p>\n<\/li>\n<li class=\"\" data-start=\"2139\" data-end=\"2178\">\n<p class=\"\" data-start=\"2141\" data-end=\"2178\">Korrosion: Klasse M gem\u00e4\u00df SS-EN 14846<\/p>\n<\/li>\n<li class=\"\" data-start=\"2179\" data-end=\"2217\">\n<p class=\"\" data-start=\"2181\" data-end=\"2217\">Sicherheit: Klasse 7 gem\u00e4\u00df SS-EN 14846<\/p>\n<\/li>\n<li class=\"\" data-start=\"2218\" data-end=\"2308\">\n<p class=\"\" data-start=\"2220\" data-end=\"2308\">Sicherheit gegen elektrische Manipulation: Grad 3 (vorw\u00e4rtsgerichtet) Grad 1 (r\u00fcckw\u00e4rtsgerichtet) gem\u00e4\u00df SS-EN 14846<\/p>\n<\/li>\n<li class=\"\" data-start=\"2309\" data-end=\"2330\">\n<p class=\"\" data-start=\"2311\" data-end=\"2330\">Feuergetestet: 60 min<\/p>\n<\/li>\n<li class=\"\" data-start=\"2331\" data-end=\"2357\">\n<p class=\"\" data-start=\"2333\" data-end=\"2357\">Bruchfestigkeit: 1500 kg<\/p>\n<\/li>\n<li class=\"\" data-start=\"2358\" data-end=\"2379\">\n<p class=\"\" data-start=\"2360\" data-end=\"2379\">T\u00fcranschlag: Rechts<\/p>\n<\/li>\n<li class=\"\" data-start=\"2380\" data-end=\"2434\">\n<p class=\"\" data-start=\"2382\" data-end=\"2434\">Kabel inklusive: Ja, 5 Meter halogenfreies Anschlusskabel<\/p>\n<\/li>\n<li class=\"\" data-start=\"2435\" data-end=\"2454\">\n<p class=\"\" data-start=\"2437\" data-end=\"2454\">Listendruck: 500 kg<\/p>\n<\/li>\n<li class=\"\" data-start=\"2455\" data-end=\"2486\">\n<p class=\"\" data-start=\"2457\" data-end=\"2486\">Schlosstyp: Hakenfallenschloss, Riegelschloss<\/p>\n<\/li>\n<li class=\"\" data-start=\"2487\" data-end=\"2541\">\n<p class=\"\" data-start=\"2489\" data-end=\"2541\">Produktabmessungen: Breite: 35 mm, Tiefe: 40 mm, H\u00f6he: 230 mm<\/p>\n<\/li>\n<li class=\"\" data-start=\"2542\" data-end=\"2559\">\n<p class=\"\" data-start=\"2544\" data-end=\"2559\">Kolbenkontakt: Ja<\/p>\n<\/li>\n<li class=\"\" data-start=\"2560\" data-end=\"2580\">\n<p class=\"\" data-start=\"2562\" data-end=\"2580\">Spannung AC\/DC: DC<\/p>\n<\/li>\n<li class=\"\" data-start=\"2581\" data-end=\"2603\">\n<p class=\"\" data-start=\"2583\" data-end=\"2603\">Spannung max: 27,6 V<\/p>\n<\/li>\n<li class=\"\" data-start=\"2604\" data-end=\"2626\">\n<p class=\"\" data-start=\"2606\" data-end=\"2626\">Spannung min.: 21,6 V<\/p>\n<\/li>\n<li class=\"\" data-start=\"2627\" data-end=\"2649\">\n<p class=\"\" data-start=\"2629\" data-end=\"2649\">Doppelter Twist Drop: Nein<\/p>\n<\/li>\n<li class=\"\" data-start=\"2650\" data-end=\"2678\">\n<p class=\"\" data-start=\"2652\" data-end=\"2678\">Farbe\/Oberfl\u00e4che: Edelstahl<\/p>\n<\/li>\n<li class=\"\" data-start=\"2679\" data-end=\"2699\">\n<p class=\"\" data-start=\"2681\" data-end=\"2699\">Bauprodukt bewertet: Ja<\/p>\n<\/li>\n<li class=\"\" data-start=\"2700\" data-end=\"2721\">\n<p class=\"\" data-start=\"2702\" data-end=\"2721\">EPD-verifiziert: Nein<\/p>\n<\/li>\n<li class=\"\" data-start=\"2722\" data-end=\"2734\">\n<p class=\"\" data-start=\"2724\" data-end=\"2734\">FINFO: Nein<\/p>\n<\/li>\n<li class=\"\" data-start=\"2735\" data-end=\"2755\">\n<p class=\"\" data-start=\"2737\" data-end=\"2755\">SundaHouse-Bewertung: Ja<\/p>\n<\/li>\n<\/ul>","protected":false},"excerpt":{"rendered":"<p>Hier sehen Sie, welche Pfosten und Modelle aus dem STEP-Sortiment der elektrischen T\u00fcrstopper zusammenpassen.<\/p>\n<h5><strong><a href=\"https:\/\/steplock.com\/sv\/stolpguide\/#!?lang=sv&amp;blog_id=1&amp;paged=1&amp;number=50\" target=\"_blank\" rel=\"noopener\">STEP-Pfostenf\u00fchrung\u00a0<\/a><\/strong><\/h5>\n<h5><strong><a href=\"https:\/\/steplock.com\/sv\/projekteringsguide\/#!?lang=sv&amp;blog_id=1&amp;paged=1&amp;number=999\" target=\"_blank\" rel=\"noopener\">STEP-Designleitfaden<\/a><\/strong><\/h5>","protected":false},"featured_media":140633,"template":"","meta":{"_acf_changed":false},"product_brand":[],"product_cat":[3355],"product_tag":[4197,4201],"class_list":{"0":"post-140637","1":"product","2":"type-product","3":"status-publish","4":"has-post-thumbnail","6":"product_cat-elslutbleck","7":"product_tag-24v","8":"product_tag-omvand","9":"product_shipping_class-tunga-paket","10":"pa_brands-step","11":"tm-no-options","13":"first","14":"onbackorder","15":"sale","16":"taxable","17":"shipping-taxable","18":"purchasable","19":"product-type-simple"},"acf":[],"_links":{"self":[{"href":"https:\/\/secureus.se\/de\/wp-json\/wp\/v2\/product\/140637","targetHints":{"allow":["GET"]}}],"collection":[{"href":"https:\/\/secureus.se\/de\/wp-json\/wp\/v2\/product"}],"about":[{"href":"https:\/\/secureus.se\/de\/wp-json\/wp\/v2\/types\/product"}],"wp:featuredmedia":[{"embeddable":true,"href":"https:\/\/secureus.se\/de\/wp-json\/wp\/v2\/media\/140633"}],"wp:attachment":[{"href":"https:\/\/secureus.se\/de\/wp-json\/wp\/v2\/media?parent=140637"}],"wp:term":[{"taxonomy":"product_brand","embeddable":true,"href":"https:\/\/secureus.se\/de\/wp-json\/wp\/v2\/product_brand?post=140637"},{"taxonomy":"product_cat","embeddable":true,"href":"https:\/\/secureus.se\/de\/wp-json\/wp\/v2\/product_cat?post=140637"},{"taxonomy":"product_tag","embeddable":true,"href":"https:\/\/secureus.se\/de\/wp-json\/wp\/v2\/product_tag?post=140637"}],"curies":[{"name":"wp","href":"https:\/\/api.w.org\/{rel}","templated":true}]}}