{"id":140648,"date":"2023-09-26T13:06:51","date_gmt":"2023-09-26T11:06:51","guid":{"rendered":"https:\/\/secureus.se\/elslutbleck-step-30-omvand-12v-kolvkontakt\/"},"modified":"2026-03-26T09:53:57","modified_gmt":"2026-03-26T08:53:57","slug":"elslutbleck-step-30-omvand-12v-kolvkontakt","status":"publish","type":"product","link":"https:\/\/secureus.se\/de\/elslutbleck-step-30-omvand-12v-kolvkontakt\/","title":{"rendered":"Elektrische Endplatte SCHRITT 30 12-V-Kolbenkontakt umkehren"},"content":{"rendered":"<h1>Elektrische Endplatte SCHRITT 30 12-V-Kolbenkontakt umkehren<\/h1>\n<p>Der elektrische T\u00fcr\u00f6ffner STEP 30 Preload ist ein kompakter elektrischer T\u00fcr\u00f6ffner, der \u00e4ltere einfache elektrische T\u00fcr\u00f6ffner ersetzen und auch in \u00e4lteren T\u00fcrabschnitten eine zuverl\u00e4ssige T\u00fcrumgebung schaffen soll.<\/p>\n<p>Ausgestattet mit HPR\u00ae-Technologie und einer Bruchfestigkeit von 500 kg.<\/p>\n<p class=\"\" data-start=\"401\" data-end=\"896\">Der STEP 30 Preload-T\u00fcr\u00f6ffner ist die optimale Wahl, um vorhandene einfache T\u00fcr\u00f6ffner zu ersetzen und auch in \u00e4lteren T\u00fcrsegmenten und Nischen ein zuverl\u00e4ssiges T\u00fcrklima zu gew\u00e4hrleisten.<\/p>\n<p class=\"\" data-start=\"401\" data-end=\"896\">STEP 30 ist Teil der Preload-Serie von STEP, die minimale Abmessungen mit hoher Qualit\u00e4t und Flexibilit\u00e4t kombiniert.<\/p>\n<p class=\"\" data-start=\"401\" data-end=\"896\">Dieser T\u00fcr\u00f6ffner ist f\u00fcr eine hohe \u00d6ffnungsfrequenz ausgelegt und mit der patentierten Streifendrucktechnologie von STEP ausgestattet, wodurch die T\u00fcr auch bei Druckeinwirkung immer ge\u00f6ffnet werden kann.<\/p>\n<p class=\"\" data-start=\"898\" data-end=\"1302\">Durch die Reversierfunktion ist die T\u00fcr im stromlosen Zustand entriegelt und kann somit schnell und einfach ge\u00f6ffnet werden.<\/p>\n<p class=\"\" data-start=\"898\" data-end=\"1302\">Der Kolbenschalter zeigt den T\u00fcrstatus (geschlossen\/offen) an und erm\u00f6glicht so eine einfache Integration in Zugangskontrollsysteme und Alarmsysteme.<\/p>\n<p class=\"\" data-start=\"898\" data-end=\"1302\">Mit einer Bruchfestigkeit von 5 kN (ca. 500 kg) und der F\u00e4higkeit, sich trotz eines Banddrucks von bis zu 40 kg zu \u00f6ffnen, bietet STEP 30 Preload sowohl Sicherheit als auch Zuverl\u00e4ssigkeit.<\/p>\n<p class=\"\" data-start=\"1304\" data-end=\"1319\"><strong data-start=\"1304\" data-end=\"1319\">Eigenschaften:<\/strong><\/p>\n<ul data-start=\"1320\" data-end=\"1717\">\n<li class=\"\" data-start=\"1320\" data-end=\"1361\">\n<p class=\"\" data-start=\"1322\" data-end=\"1361\">Reversierfunktion (im stromlosen Zustand gesperrt)<\/p>\n<\/li>\n<li class=\"\" data-start=\"1362\" data-end=\"1417\">\n<p class=\"\" data-start=\"1364\" data-end=\"1417\">Kolbenkontakt. T\u00fcrzustandsanzeige (geschlossen\/offen)<\/p>\n<\/li>\n<li class=\"\" data-start=\"1418\" data-end=\"1456\">\n<p class=\"\" data-start=\"1420\" data-end=\"1456\">Eingebaute Schutzdiode f\u00fcr erh\u00f6hte Sicherheit<\/p>\n<\/li>\n<li class=\"\" data-start=\"1457\" data-end=\"1494\">\n<p class=\"\" data-start=\"1459\" data-end=\"1494\">Bruchfestigkeit von 5 kN (ca. 500 kg)<\/p>\n<\/li>\n<li class=\"\" data-start=\"1495\" data-end=\"1597\">\n<p class=\"\" data-start=\"1497\" data-end=\"1597\">Garantiert das \u00d6ffnen trotz Banddruck von bis zu 0,4 kN (ca. 40 kg) sowohl im Vorw\u00e4rts- als auch im R\u00fcckw\u00e4rtsgang<\/p>\n<\/li>\n<li class=\"\" data-start=\"1598\" data-end=\"1657\">\n<p class=\"\" data-start=\"1600\" data-end=\"1657\">Sto\u00dffest und umkehrbar f\u00fcr rechte und linke T\u00fcren<\/p>\n<\/li>\n<li class=\"\" data-start=\"1658\" data-end=\"1700\">\n<p class=\"\" data-start=\"1660\" data-end=\"1700\">Passend f\u00fcr 1-fl\u00fcgelige und 2-fl\u00fcgelige Schl\u00f6sser<\/p>\n<\/li>\n<li class=\"\" data-start=\"1701\" data-end=\"1717\">\n<p class=\"\" data-start=\"1703\" data-end=\"1717\">Kabel nicht im Lieferumfang enthalten<\/p>\n<\/li>\n<\/ul>\n<p class=\"\" data-start=\"1719\" data-end=\"1748\"><strong data-start=\"1719\" data-end=\"1748\">Technische Spezifikationen:<\/strong><\/p>\n<ul data-start=\"1749\" data-end=\"2399\">\n<li class=\"\" data-start=\"1749\" data-end=\"1856\">\n<p class=\"\" data-start=\"1751\" data-end=\"1856\">Stromversorgung: 24 V DC (+15% -10%) 110 mAh \/ max. 300 mA oder 12 V DC (+15% -10%) 220 mAh \/ max. 600 mA<\/p>\n<\/li>\n<li class=\"\" data-start=\"1857\" data-end=\"1920\">\n<p class=\"\" data-start=\"1859\" data-end=\"1920\">Kolbenkontakt: Mikroschalter einpoliger Wechsler, max. 30 V DC, 1 A<\/p>\n<\/li>\n<li class=\"\" data-start=\"1921\" data-end=\"1961\">\n<p class=\"\" data-start=\"1923\" data-end=\"1961\">Haltbarkeit: Klasse X gem\u00e4\u00df SS-EN 14846<\/p>\n<\/li>\n<li class=\"\" data-start=\"1962\" data-end=\"2001\">\n<p class=\"\" data-start=\"1964\" data-end=\"2001\">Korrosion: Klasse M gem\u00e4\u00df SS-EN 14846<\/p>\n<\/li>\n<li class=\"\" data-start=\"2002\" data-end=\"2040\">\n<p class=\"\" data-start=\"2004\" data-end=\"2040\">Sicherheit: Klasse 3 gem\u00e4\u00df SS-EN 14846<\/p>\n<\/li>\n<li class=\"\" data-start=\"2041\" data-end=\"2066\">\n<p class=\"\" data-start=\"2043\" data-end=\"2066\">Bruchfestigkeit: 500 kg<\/p>\n<\/li>\n<li class=\"\" data-start=\"2067\" data-end=\"2097\">\n<p class=\"\" data-start=\"2069\" data-end=\"2097\">T\u00fcranschlag: Rechts, Links<\/p>\n<\/li>\n<li class=\"\" data-start=\"2098\" data-end=\"2116\">\n<p class=\"\" data-start=\"2100\" data-end=\"2116\">Streifendruck: 40 kg<\/p>\n<\/li>\n<li class=\"\" data-start=\"2117\" data-end=\"2152\">\n<p class=\"\" data-start=\"2119\" data-end=\"2152\">Schlosstyp: Einzelriegelschloss, Doppelriegelschloss<\/p>\n<\/li>\n<li class=\"\" data-start=\"2153\" data-end=\"2208\">\n<p class=\"\" data-start=\"2155\" data-end=\"2208\">Produktabmessungen: Breite: 20,5 mm, Tiefe: 28 mm, H\u00f6he: 99 mm<\/p>\n<\/li>\n<li class=\"\" data-start=\"2209\" data-end=\"2226\">\n<p class=\"\" data-start=\"2211\" data-end=\"2226\">Kolbenkontakt: Ja<\/p>\n<\/li>\n<li class=\"\" data-start=\"2227\" data-end=\"2247\">\n<p class=\"\" data-start=\"2229\" data-end=\"2247\">Spannung AC\/DC: DC<\/p>\n<\/li>\n<li class=\"\" data-start=\"2248\" data-end=\"2270\">\n<p class=\"\" data-start=\"2250\" data-end=\"2270\">Spannung max: 13,8 V<\/p>\n<\/li>\n<li class=\"\" data-start=\"2271\" data-end=\"2293\">\n<p class=\"\" data-start=\"2273\" data-end=\"2293\">Spannung min.: 10,8 V<\/p>\n<\/li>\n<li class=\"\" data-start=\"2294\" data-end=\"2322\">\n<p class=\"\" data-start=\"2296\" data-end=\"2322\">Farbe\/Oberfl\u00e4che: Edelstahl<\/p>\n<\/li>\n<li class=\"\" data-start=\"2323\" data-end=\"2343\">\n<p class=\"\" data-start=\"2325\" data-end=\"2343\">Bauprodukt bewertet: Ja<\/p>\n<\/li>\n<li class=\"\" data-start=\"2344\" data-end=\"2365\">\n<p class=\"\" data-start=\"2346\" data-end=\"2365\">EPD-verifiziert: Nein<\/p>\n<\/li>\n<li class=\"\" data-start=\"2366\" data-end=\"2378\">\n<p class=\"\" data-start=\"2368\" data-end=\"2378\">FINFO: Nein<\/p>\n<\/li>\n<li class=\"\" data-start=\"2379\" data-end=\"2399\">\n<p class=\"\" data-start=\"2381\" data-end=\"2399\">SundaHouse-Bewertung: Ja<\/p>\n<\/li>\n<\/ul>","protected":false},"excerpt":{"rendered":"<p>Hier sehen Sie, welche Pfosten und Modelle aus dem STEP-Sortiment der elektrischen T\u00fcrstopper zusammenpassen.<\/p>\n<h5><strong><a href=\"https:\/\/steplock.com\/sv\/stolpguide\/#!?lang=sv&amp;blog_id=1&amp;paged=1&amp;number=50\" target=\"_blank\" rel=\"noopener\">STEP-Pfostenf\u00fchrung\u00a0<\/a><\/strong><\/h5>\n<h5><strong><a href=\"https:\/\/steplock.com\/sv\/projekteringsguide\/#!?lang=sv&amp;blog_id=1&amp;paged=1&amp;number=999\" target=\"_blank\" rel=\"noopener\">STEP-Designleitfaden<\/a><\/strong><\/h5>","protected":false},"featured_media":140647,"template":"","meta":{"_acf_changed":false},"product_brand":[],"product_cat":[3355],"product_tag":[4198,4201],"class_list":{"0":"post-140648","1":"product","2":"type-product","3":"status-publish","4":"has-post-thumbnail","6":"product_cat-elslutbleck","7":"product_tag-12v","8":"product_tag-omvand","9":"product_shipping_class-tunga-paket","10":"pa_brands-step","11":"tm-no-options","13":"first","14":"onbackorder","15":"sale","16":"taxable","17":"shipping-taxable","18":"purchasable","19":"product-type-simple"},"acf":[],"_links":{"self":[{"href":"https:\/\/secureus.se\/de\/wp-json\/wp\/v2\/product\/140648","targetHints":{"allow":["GET"]}}],"collection":[{"href":"https:\/\/secureus.se\/de\/wp-json\/wp\/v2\/product"}],"about":[{"href":"https:\/\/secureus.se\/de\/wp-json\/wp\/v2\/types\/product"}],"wp:featuredmedia":[{"embeddable":true,"href":"https:\/\/secureus.se\/de\/wp-json\/wp\/v2\/media\/140647"}],"wp:attachment":[{"href":"https:\/\/secureus.se\/de\/wp-json\/wp\/v2\/media?parent=140648"}],"wp:term":[{"taxonomy":"product_brand","embeddable":true,"href":"https:\/\/secureus.se\/de\/wp-json\/wp\/v2\/product_brand?post=140648"},{"taxonomy":"product_cat","embeddable":true,"href":"https:\/\/secureus.se\/de\/wp-json\/wp\/v2\/product_cat?post=140648"},{"taxonomy":"product_tag","embeddable":true,"href":"https:\/\/secureus.se\/de\/wp-json\/wp\/v2\/product_tag?post=140648"}],"curies":[{"name":"wp","href":"https:\/\/api.w.org\/{rel}","templated":true}]}}