{"id":140669,"date":"2023-09-26T13:06:36","date_gmt":"2023-09-26T11:06:36","guid":{"rendered":"https:\/\/secureus.se\/elslutbleck-step-48-omvand-12v-kolvkontakt\/"},"modified":"2026-03-26T09:55:49","modified_gmt":"2026-03-26T08:55:49","slug":"elslutbleck-step-48-omvand-12v-kolvkontakt","status":"publish","type":"product","link":"https:\/\/secureus.se\/de\/elslutbleck-step-48-omvand-12v-kolvkontakt\/","title":{"rendered":"Elektrisches Anschlussblatt SCHRITT 48 12-V-Kolbenkontakt umkehren"},"content":{"rendered":"<h1>Elektrisches Anschlussblatt SCHRITT 48 12-V-Kolbenkontakt umkehren<\/h1>\n<p>Der elektrische T\u00fcr\u00f6ffner STEP 48 Preload ist auf hohe Sicherheit und zuverl\u00e4ssiges \u00d6ffnen ausgelegt, auch bei einem T\u00fcr\u00f6ffnerdruck von bis zu 40 kg.<\/p>\n<p>Ausgestattet mit Kolbenkontakt und Schutzdiode f\u00fcr zus\u00e4tzliche Sicherheit.<\/p>\n<p class=\"\" data-start=\"353\" data-end=\"702\">Der elektrische T\u00fcr\u00f6ffner STEP 48 Preload ist ideal f\u00fcr R\u00e4ume, die mit einem Knauf oder Schl\u00fcssel verschlossen werden m\u00fcssen.<\/p>\n<p class=\"\" data-start=\"353\" data-end=\"702\">Zus\u00e4tzlich ist die Montage eines Riegelindikators (ST4880) m\u00f6glich, der es erm\u00f6glicht, das Zugangssystem bzw. Codeschloss der T\u00fcr zu sperren, wenn der Hakenriegel bzw. der L\u00e4ngsriegel des Schlossgeh\u00e4uses mechanisch entriegelt wurde.<\/p>\n<p class=\"\" data-start=\"353\" data-end=\"702\">Dies sorgt f\u00fcr zus\u00e4tzliche Sicherheit im T\u00fcrsystem.<\/p>\n<p class=\"\" data-start=\"704\" data-end=\"1084\">Die patentierte Streifendrucktechnologie von STEP sorgt daf\u00fcr, dass die T\u00fcr auch bei einem Druck von bis zu 40 kg ge\u00f6ffnet werden kann und ist somit eine robuste Option f\u00fcr T\u00fcren, die h\u00e4ufig ge\u00f6ffnet werden.<\/p>\n<p class=\"\" data-start=\"704\" data-end=\"1084\">Mit einer Bruchfestigkeit von 9 kN (ca. 900 kg) und der F\u00e4higkeit, sich auch bei Druck auf die T\u00fcr zu \u00f6ffnen, bietet STEP 48 eine langlebige und zuverl\u00e4ssige L\u00f6sung sowohl f\u00fcr die Vorw\u00e4rts- als auch f\u00fcr die R\u00fcckw\u00e4rtsfunktion.<\/p>\n<p class=\"\" data-start=\"1086\" data-end=\"1101\"><strong data-start=\"1086\" data-end=\"1101\">Eigenschaften:<\/strong><\/p>\n<ul data-start=\"1102\" data-end=\"1487\">\n<li class=\"\" data-start=\"1102\" data-end=\"1144\">\n<p class=\"\" data-start=\"1104\" data-end=\"1144\">Reversierfunktion (im stromlosen Zustand entriegelt)<\/p>\n<\/li>\n<li class=\"\" data-start=\"1145\" data-end=\"1200\">\n<p class=\"\" data-start=\"1147\" data-end=\"1200\">Kolbenkontakt: T\u00fcrzustandsanzeige (geschlossen\/offen)<\/p>\n<\/li>\n<li class=\"\" data-start=\"1201\" data-end=\"1239\">\n<p class=\"\" data-start=\"1203\" data-end=\"1239\">Eingebaute Schutzdiode f\u00fcr erh\u00f6hte Sicherheit<\/p>\n<\/li>\n<li class=\"\" data-start=\"1240\" data-end=\"1277\">\n<p class=\"\" data-start=\"1242\" data-end=\"1277\">Bruchfestigkeit von 9 kN (ca. 900 kg)<\/p>\n<\/li>\n<li class=\"\" data-start=\"1278\" data-end=\"1380\">\n<p class=\"\" data-start=\"1280\" data-end=\"1380\">Garantiert das \u00d6ffnen trotz Banddruck von bis zu 0,4 kN (ca. 40 kg) sowohl im Vorw\u00e4rts- als auch im R\u00fcckw\u00e4rtsgang<\/p>\n<\/li>\n<li class=\"\" data-start=\"1381\" data-end=\"1440\">\n<p class=\"\" data-start=\"1383\" data-end=\"1440\">Sto\u00dffest und umkehrbar f\u00fcr rechte und linke T\u00fcren<\/p>\n<\/li>\n<li class=\"\" data-start=\"1441\" data-end=\"1487\">\n<p class=\"\" data-start=\"1443\" data-end=\"1487\">Kann Haken- oder L\u00e4ngsriegel verriegeln<\/p>\n<\/li>\n<\/ul>\n<p class=\"\" data-start=\"1489\" data-end=\"1518\"><strong data-start=\"1489\" data-end=\"1518\">Technische Spezifikationen:<\/strong><\/p>\n<ul data-start=\"1519\" data-end=\"2236\">\n<li class=\"\" data-start=\"1519\" data-end=\"1548\">\n<p class=\"\" data-start=\"1521\" data-end=\"1548\">Bruchfestigkeit max: 900 kg<\/p>\n<\/li>\n<li class=\"\" data-start=\"1549\" data-end=\"1579\">\n<p class=\"\" data-start=\"1551\" data-end=\"1579\">T\u00fcranschlag: Rechts, Links<\/p>\n<\/li>\n<li class=\"\" data-start=\"1580\" data-end=\"1598\">\n<p class=\"\" data-start=\"1582\" data-end=\"1598\">Kabel enthalten: Nein<\/p>\n<\/li>\n<li class=\"\" data-start=\"1599\" data-end=\"1617\">\n<p class=\"\" data-start=\"1601\" data-end=\"1617\">Streifendruck: 40 kg<\/p>\n<\/li>\n<li class=\"\" data-start=\"1618\" data-end=\"1653\">\n<p class=\"\" data-start=\"1620\" data-end=\"1653\">Schlosstyp: Einzelriegelschloss, Doppelriegelschloss<\/p>\n<\/li>\n<li class=\"\" data-start=\"1654\" data-end=\"1676\">\n<p class=\"\" data-start=\"1656\" data-end=\"1676\">Produktbreite: 25 mm<\/p>\n<\/li>\n<li class=\"\" data-start=\"1677\" data-end=\"1697\">\n<p class=\"\" data-start=\"1679\" data-end=\"1697\">Bauprodukt bewertet: Ja<\/p>\n<\/li>\n<li class=\"\" data-start=\"1698\" data-end=\"1719\">\n<p class=\"\" data-start=\"1700\" data-end=\"1719\">Produkttiefe: 35 mm<\/p>\n<\/li>\n<li class=\"\" data-start=\"1720\" data-end=\"1748\">\n<p class=\"\" data-start=\"1722\" data-end=\"1748\">Betriebsspannung 12V\/24V: 12V<\/p>\n<\/li>\n<li class=\"\" data-start=\"1749\" data-end=\"1771\">\n<p class=\"\" data-start=\"1751\" data-end=\"1771\">Doppelter Twist Drop: Nein<\/p>\n<\/li>\n<li class=\"\" data-start=\"1772\" data-end=\"1793\">\n<p class=\"\" data-start=\"1774\" data-end=\"1793\">EPD-verifiziert: Nein<\/p>\n<\/li>\n<li class=\"\" data-start=\"1794\" data-end=\"1806\">\n<p class=\"\" data-start=\"1796\" data-end=\"1806\">FINFO: Nein<\/p>\n<\/li>\n<li class=\"\" data-start=\"1807\" data-end=\"1835\">\n<p class=\"\" data-start=\"1809\" data-end=\"1835\">Farbe\/Oberfl\u00e4che: Edelstahl<\/p>\n<\/li>\n<li class=\"\" data-start=\"1836\" data-end=\"1857\">\n<p class=\"\" data-start=\"1838\" data-end=\"1857\">Produkth\u00f6he: 90 mm<\/p>\n<\/li>\n<li class=\"\" data-start=\"1858\" data-end=\"1875\">\n<p class=\"\" data-start=\"1860\" data-end=\"1875\">Kolbenkontakt: Ja<\/p>\n<\/li>\n<li class=\"\" data-start=\"1876\" data-end=\"1901\">\n<p class=\"\" data-start=\"1878\" data-end=\"1901\">Rechts\/R\u00fcckw\u00e4rts: R\u00fcckw\u00e4rts<\/p>\n<\/li>\n<li class=\"\" data-start=\"1902\" data-end=\"1922\">\n<p class=\"\" data-start=\"1904\" data-end=\"1922\">Spannung AC\/DC: DC<\/p>\n<\/li>\n<li class=\"\" data-start=\"1923\" data-end=\"1945\">\n<p class=\"\" data-start=\"1925\" data-end=\"1945\">Spannung max: 27,6 V<\/p>\n<\/li>\n<li class=\"\" data-start=\"1946\" data-end=\"1968\">\n<p class=\"\" data-start=\"1948\" data-end=\"1968\">Spannung min.: 21,6 V<\/p>\n<\/li>\n<li class=\"\" data-start=\"1969\" data-end=\"1989\">\n<p class=\"\" data-start=\"1971\" data-end=\"1989\">SundaHouse-Bewertung: Ja<\/p>\n<\/li>\n<li class=\"\" data-start=\"1990\" data-end=\"2053\">\n<p class=\"\" data-start=\"1992\" data-end=\"2053\">Kolbenkontakt: Mikroschalter einpoliger Wechsler, max. 30 V DC, 1 A<\/p>\n<\/li>\n<li class=\"\" data-start=\"2054\" data-end=\"2094\">\n<p class=\"\" data-start=\"2056\" data-end=\"2094\">Haltbarkeit: Klasse X gem\u00e4\u00df SS-EN 14846<\/p>\n<\/li>\n<li class=\"\" data-start=\"2095\" data-end=\"2134\">\n<p class=\"\" data-start=\"2097\" data-end=\"2134\">Korrosion: Klasse M gem\u00e4\u00df SS-EN 14846<\/p>\n<\/li>\n<li class=\"\" data-start=\"2135\" data-end=\"2173\">\n<p class=\"\" data-start=\"2137\" data-end=\"2173\">Sicherheit: Klasse 3 gem\u00e4\u00df SS-EN 14846<\/p>\n<\/li>\n<li class=\"\" data-start=\"2174\" data-end=\"2236\">\n<p class=\"\" data-start=\"2176\" data-end=\"2236\">Sicherheit gegen elektrische Manipulation: Klasse 1 gem\u00e4\u00df SS-EN 14846<\/p>\n<\/li>\n<\/ul>","protected":false},"excerpt":{"rendered":"<p>Hier sehen Sie, welche Pfosten und Modelle aus dem STEP-Sortiment der elektrischen T\u00fcrstopper zusammenpassen.<\/p>\n<h5><strong><a href=\"https:\/\/steplock.com\/sv\/stolpguide\/#!?lang=sv&amp;blog_id=1&amp;paged=1&amp;number=50\" target=\"_blank\" rel=\"noopener\">STEP-Pfostenf\u00fchrung\u00a0<\/a><\/strong><\/h5>\n<h5><strong><a href=\"https:\/\/steplock.com\/sv\/projekteringsguide\/#!?lang=sv&amp;blog_id=1&amp;paged=1&amp;number=999\" target=\"_blank\" rel=\"noopener\">STEP-Designleitfaden<\/a><\/strong><\/h5>","protected":false},"featured_media":140668,"template":"","meta":{"_acf_changed":false},"product_brand":[],"product_cat":[3355],"product_tag":[4198,4201],"class_list":{"0":"post-140669","1":"product","2":"type-product","3":"status-publish","4":"has-post-thumbnail","6":"product_cat-elslutbleck","7":"product_tag-12v","8":"product_tag-omvand","9":"product_shipping_class-tunga-paket","10":"pa_brands-step","11":"tm-no-options","13":"first","14":"onbackorder","15":"sale","16":"taxable","17":"shipping-taxable","18":"purchasable","19":"product-type-simple"},"acf":[],"_links":{"self":[{"href":"https:\/\/secureus.se\/de\/wp-json\/wp\/v2\/product\/140669","targetHints":{"allow":["GET"]}}],"collection":[{"href":"https:\/\/secureus.se\/de\/wp-json\/wp\/v2\/product"}],"about":[{"href":"https:\/\/secureus.se\/de\/wp-json\/wp\/v2\/types\/product"}],"wp:featuredmedia":[{"embeddable":true,"href":"https:\/\/secureus.se\/de\/wp-json\/wp\/v2\/media\/140668"}],"wp:attachment":[{"href":"https:\/\/secureus.se\/de\/wp-json\/wp\/v2\/media?parent=140669"}],"wp:term":[{"taxonomy":"product_brand","embeddable":true,"href":"https:\/\/secureus.se\/de\/wp-json\/wp\/v2\/product_brand?post=140669"},{"taxonomy":"product_cat","embeddable":true,"href":"https:\/\/secureus.se\/de\/wp-json\/wp\/v2\/product_cat?post=140669"},{"taxonomy":"product_tag","embeddable":true,"href":"https:\/\/secureus.se\/de\/wp-json\/wp\/v2\/product_tag?post=140669"}],"curies":[{"name":"wp","href":"https:\/\/api.w.org\/{rel}","templated":true}]}}