{"id":140684,"date":"2023-09-26T13:06:33","date_gmt":"2023-09-26T11:06:33","guid":{"rendered":"https:\/\/secureus.se\/elslutbleck-step-48-omvand-12v\/"},"modified":"2026-03-26T09:56:24","modified_gmt":"2026-03-26T08:56:24","slug":"elslutbleck-step-48-omvand-12v","status":"publish","type":"product","link":"https:\/\/secureus.se\/de\/elslutbleck-step-48-omvand-12v\/","title":{"rendered":"Elektrische Anschlussplatte SCHRITT 48 R\u00fcckw\u00e4rts 12V"},"content":{"rendered":"<h1>Elektrische Anschlussplatte SCHRITT 48 R\u00fcckw\u00e4rts 12V<\/h1>\n<p>Der elektrische T\u00fcr\u00f6ffner STEP 48 Preload ist f\u00fcr ein zuverl\u00e4ssiges \u00d6ffnen in Umgebungen mit hohen Sicherheitsanforderungen konzipiert.<\/p>\n<p>Ausgestattet mit der patentierten Streifendrucktechnologie von STEP und einer Bruchfestigkeit von bis zu 900 kg bietet es auch bei Dr\u00fccken bis zu 40 kg eine zuverl\u00e4ssige Funktion.<\/p>\n<p class=\"\" data-start=\"415\" data-end=\"705\">Der elektrische T\u00fcr\u00f6ffner STEP 48 Preload ist die perfekte L\u00f6sung f\u00fcr R\u00e4ume, die mit einem Knauf oder Schl\u00fcssel verschlossen werden m\u00fcssen.<\/p>\n<p class=\"\" data-start=\"415\" data-end=\"705\">Es kann mit dem Riegelanzeiger ST4880 installiert werden, um Zugangssysteme oder Codeschl\u00f6sser automatisch zu blockieren, wenn der Hakenriegel oder der gerade Riegel des Schlossgeh\u00e4uses entriegelt wurde.<\/p>\n<p class=\"\" data-start=\"707\" data-end=\"1100\">Dank der patentierten Streifendrucktechnologie von STEP l\u00e4sst sich die T\u00fcr selbst bei einem Druck von bis zu 40 kg \u00f6ffnen und stellt somit eine nachhaltige Alternative f\u00fcr T\u00fcrsysteme mit hohen Sicherheitsanforderungen und h\u00e4ufiger Nutzung dar.<\/p>\n<p class=\"\" data-start=\"707\" data-end=\"1100\">STEP 48 verf\u00fcgt \u00fcber eine Bruchfestigkeit von 9 kN (ca. 900 kg) und ist sowohl f\u00fcr den Vorw\u00e4rts- als auch den R\u00fcckw\u00e4rtsbetrieb sowie f\u00fcr rechts- und linksangeschlagene T\u00fcren ausgelegt.<\/p>\n<p class=\"\" data-start=\"1102\" data-end=\"1117\"><strong data-start=\"1102\" data-end=\"1117\">Eigenschaften:<\/strong><\/p>\n<ul data-start=\"1118\" data-end=\"1543\">\n<li class=\"\" data-start=\"1118\" data-end=\"1160\">\n<p class=\"\" data-start=\"1120\" data-end=\"1160\">Reversierfunktion (im stromlosen Zustand entriegelt)<\/p>\n<\/li>\n<li class=\"\" data-start=\"1161\" data-end=\"1256\">\n<p class=\"\" data-start=\"1163\" data-end=\"1256\">Anzeige zur Erkennung, ob die T\u00fcr geschlossen\/offen ist (gilt f\u00fcr Produkte mit Kolbenkontakt)<\/p>\n<\/li>\n<li class=\"\" data-start=\"1257\" data-end=\"1295\">\n<p class=\"\" data-start=\"1259\" data-end=\"1295\">Eingebaute Schutzdiode f\u00fcr erh\u00f6hte Sicherheit<\/p>\n<\/li>\n<li class=\"\" data-start=\"1296\" data-end=\"1333\">\n<p class=\"\" data-start=\"1298\" data-end=\"1333\">Bruchfestigkeit von 9 kN (ca. 900 kg)<\/p>\n<\/li>\n<li class=\"\" data-start=\"1334\" data-end=\"1436\">\n<p class=\"\" data-start=\"1336\" data-end=\"1436\">Garantiert das \u00d6ffnen trotz Banddruck von bis zu 0,4 kN (ca. 40 kg) sowohl im Vorw\u00e4rts- als auch im R\u00fcckw\u00e4rtsgang<\/p>\n<\/li>\n<li class=\"\" data-start=\"1437\" data-end=\"1496\">\n<p class=\"\" data-start=\"1439\" data-end=\"1496\">Sto\u00dffest und umkehrbar f\u00fcr rechte und linke T\u00fcren<\/p>\n<\/li>\n<li class=\"\" data-start=\"1497\" data-end=\"1543\">\n<p class=\"\" data-start=\"1499\" data-end=\"1543\">Kann Haken- oder L\u00e4ngsriegel verriegeln<\/p>\n<\/li>\n<\/ul>\n<p class=\"\" data-start=\"1545\" data-end=\"1574\"><strong data-start=\"1545\" data-end=\"1574\">Technische Spezifikationen:<\/strong><\/p>\n<ul data-start=\"1575\" data-end=\"2046\">\n<li class=\"\" data-start=\"1575\" data-end=\"1604\">\n<p class=\"\" data-start=\"1577\" data-end=\"1604\">Bruchfestigkeit max: 900 kg<\/p>\n<\/li>\n<li class=\"\" data-start=\"1605\" data-end=\"1635\">\n<p class=\"\" data-start=\"1607\" data-end=\"1635\">T\u00fcranschlag: Rechts, Links<\/p>\n<\/li>\n<li class=\"\" data-start=\"1636\" data-end=\"1654\">\n<p class=\"\" data-start=\"1638\" data-end=\"1654\">Kabel enthalten: Nein<\/p>\n<\/li>\n<li class=\"\" data-start=\"1655\" data-end=\"1673\">\n<p class=\"\" data-start=\"1657\" data-end=\"1673\">Streifendruck: 40 kg<\/p>\n<\/li>\n<li class=\"\" data-start=\"1674\" data-end=\"1709\">\n<p class=\"\" data-start=\"1676\" data-end=\"1709\">Schlosstyp: Einzelriegelschloss, Doppelriegelschloss<\/p>\n<\/li>\n<li class=\"\" data-start=\"1710\" data-end=\"1732\">\n<p class=\"\" data-start=\"1712\" data-end=\"1732\">Produktbreite: 25 mm<\/p>\n<\/li>\n<li class=\"\" data-start=\"1733\" data-end=\"1753\">\n<p class=\"\" data-start=\"1735\" data-end=\"1753\">Bauprodukt bewertet: Ja<\/p>\n<\/li>\n<li class=\"\" data-start=\"1754\" data-end=\"1775\">\n<p class=\"\" data-start=\"1756\" data-end=\"1775\">Produkttiefe: 35 mm<\/p>\n<\/li>\n<li class=\"\" data-start=\"1776\" data-end=\"1804\">\n<p class=\"\" data-start=\"1778\" data-end=\"1804\">Betriebsspannung 12V\/24V: 12V<\/p>\n<\/li>\n<li class=\"\" data-start=\"1805\" data-end=\"1827\">\n<p class=\"\" data-start=\"1807\" data-end=\"1827\">Doppelter Twist Drop: Nein<\/p>\n<\/li>\n<li class=\"\" data-start=\"1828\" data-end=\"1849\">\n<p class=\"\" data-start=\"1830\" data-end=\"1849\">EPD-verifiziert: Nein<\/p>\n<\/li>\n<li class=\"\" data-start=\"1850\" data-end=\"1862\">\n<p class=\"\" data-start=\"1852\" data-end=\"1862\">FINFO: Nein<\/p>\n<\/li>\n<li class=\"\" data-start=\"1863\" data-end=\"1891\">\n<p class=\"\" data-start=\"1865\" data-end=\"1891\">Farbe\/Oberfl\u00e4che: Edelstahl<\/p>\n<\/li>\n<li class=\"\" data-start=\"1892\" data-end=\"1913\">\n<p class=\"\" data-start=\"1894\" data-end=\"1913\">Produkth\u00f6he: 90 mm<\/p>\n<\/li>\n<li class=\"\" data-start=\"1914\" data-end=\"1932\">\n<p class=\"\" data-start=\"1916\" data-end=\"1932\">Kolbenkontakt: Nein<\/p>\n<\/li>\n<li class=\"\" data-start=\"1933\" data-end=\"1958\">\n<p class=\"\" data-start=\"1935\" data-end=\"1958\">Rechts\/R\u00fcckw\u00e4rts: R\u00fcckw\u00e4rts<\/p>\n<\/li>\n<li class=\"\" data-start=\"1959\" data-end=\"1979\">\n<p class=\"\" data-start=\"1961\" data-end=\"1979\">Spannung AC\/DC: DC<\/p>\n<\/li>\n<li class=\"\" data-start=\"1980\" data-end=\"2002\">\n<p class=\"\" data-start=\"1982\" data-end=\"2002\">Spannung max: 27,6 V<\/p>\n<\/li>\n<li class=\"\" data-start=\"2003\" data-end=\"2025\">\n<p class=\"\" data-start=\"2005\" data-end=\"2025\">Spannung min.: 21,6 V<\/p>\n<\/li>\n<li class=\"\" data-start=\"2026\" data-end=\"2046\">\n<p class=\"\" data-start=\"2028\" data-end=\"2046\">SundaHouse-Bewertung: Ja<\/p>\n<\/li>\n<\/ul>","protected":false},"excerpt":{"rendered":"<p>Hier sehen Sie, welche Pfosten und Modelle aus dem STEP-Sortiment der elektrischen T\u00fcrstopper zusammenpassen.<\/p>\n<h5><strong><a href=\"https:\/\/steplock.com\/sv\/stolpguide\/#!?lang=sv&amp;blog_id=1&amp;paged=1&amp;number=50\" target=\"_blank\" rel=\"noopener\">STEP-Pfostenf\u00fchrung\u00a0<\/a><\/strong><\/h5>\n<h5><strong><a href=\"https:\/\/steplock.com\/sv\/projekteringsguide\/#!?lang=sv&amp;blog_id=1&amp;paged=1&amp;number=999\" target=\"_blank\" rel=\"noopener\">STEP-Designleitfaden<\/a><\/strong><\/h5>","protected":false},"featured_media":140682,"template":"","meta":{"_acf_changed":false},"product_brand":[],"product_cat":[3355],"product_tag":[4198,4201],"class_list":{"0":"post-140684","1":"product","2":"type-product","3":"status-publish","4":"has-post-thumbnail","6":"product_cat-elslutbleck","7":"product_tag-12v","8":"product_tag-omvand","9":"product_shipping_class-tunga-paket","10":"pa_brands-step","11":"tm-no-options","13":"first","14":"onbackorder","15":"sale","16":"taxable","17":"shipping-taxable","18":"purchasable","19":"product-type-simple"},"acf":[],"_links":{"self":[{"href":"https:\/\/secureus.se\/de\/wp-json\/wp\/v2\/product\/140684","targetHints":{"allow":["GET"]}}],"collection":[{"href":"https:\/\/secureus.se\/de\/wp-json\/wp\/v2\/product"}],"about":[{"href":"https:\/\/secureus.se\/de\/wp-json\/wp\/v2\/types\/product"}],"wp:featuredmedia":[{"embeddable":true,"href":"https:\/\/secureus.se\/de\/wp-json\/wp\/v2\/media\/140682"}],"wp:attachment":[{"href":"https:\/\/secureus.se\/de\/wp-json\/wp\/v2\/media?parent=140684"}],"wp:term":[{"taxonomy":"product_brand","embeddable":true,"href":"https:\/\/secureus.se\/de\/wp-json\/wp\/v2\/product_brand?post=140684"},{"taxonomy":"product_cat","embeddable":true,"href":"https:\/\/secureus.se\/de\/wp-json\/wp\/v2\/product_cat?post=140684"},{"taxonomy":"product_tag","embeddable":true,"href":"https:\/\/secureus.se\/de\/wp-json\/wp\/v2\/product_tag?post=140684"}],"curies":[{"name":"wp","href":"https:\/\/api.w.org\/{rel}","templated":true}]}}