{"id":140693,"date":"2023-09-26T13:06:30","date_gmt":"2023-09-26T11:06:30","guid":{"rendered":"https:\/\/secureus.se\/elslutbleck-step-48-omstallbar-12v-kolvkontakt\/"},"modified":"2026-02-20T11:27:56","modified_gmt":"2026-02-20T10:27:56","slug":"elslutbleck-step-48-omstallbar-12v-kolvkontakt","status":"publish","type":"product","link":"https:\/\/secureus.se\/de\/elslutbleck-step-48-omstallbar-12v-kolvkontakt\/","title":{"rendered":"Elektrische Anschlussplatte STEP 48 Einstellbarer 12-V-Kolbenkontakt"},"content":{"rendered":"<h1>Elektrische Anschlussplatte STEP 48 Einstellbarer 12-V-Kolbenkontakt<\/h1>\n<p>Das elektrische Schlie\u00dfblech STEP 48 Preload bietet hohe Sicherheit durch zuverl\u00e4ssiges \u00d6ffnen auch bei einer Druckbelastung von bis zu 40 kg.<\/p>\n<p>Mit einstellbarer Funktion und Kolbenkontakt ist es perfekt f\u00fcr neue und \u00e4ltere T\u00fcrsysteme geeignet.<\/p>\n<p class=\"\" data-start=\"386\" data-end=\"915\">Der elektrische T\u00fcr\u00f6ffner STEP 48 Preload ist die ideale L\u00f6sung f\u00fcr T\u00fcrsysteme, die hohe Sicherheit und Zuverl\u00e4ssigkeit erfordern.<\/p>\n<p class=\"\" data-start=\"386\" data-end=\"915\">Dieser elektrische T\u00fcr\u00f6ffner ist f\u00fcr R\u00e4ume konzipiert, die mit einem Knauf oder Schl\u00fcssel verschlossen werden sollen und bietet eine flexible Installation sowie eine zuverl\u00e4ssige Funktion auch unter Belastung.<\/p>\n<p class=\"\" data-start=\"386\" data-end=\"915\">Durch die patentierte Leistendrucktechnik l\u00e4sst sich die T\u00fcr auch bei einer Druckbelastung von bis zu 40 kg stets \u00f6ffnen.<\/p>\n<p class=\"\" data-start=\"386\" data-end=\"915\">STEP 48 ist Teil der Preload-Serie von STEP und bietet die neueste Technologie f\u00fcr hohe Anspr\u00fcche an Sicherheit und Haltbarkeit.<\/p>\n<p class=\"\" data-start=\"917\" data-end=\"1326\">Mit einer Bruchfestigkeit von 9 kN (ca. 900 kg) und der M\u00f6glichkeit, den Riegelindikator ST4880 zu installieren, kann dieser elektrische T\u00fcr\u00f6ffner f\u00fcr zus\u00e4tzliche Sicherheit sorgen, indem er das Zugangssystem oder das Codeschloss der T\u00fcr blockiert, wenn der Hakenriegel oder der gerade Riegel mechanisch entriegelt ist.<\/p>\n<p class=\"\" data-start=\"917\" data-end=\"1326\">Dar\u00fcber hinaus ist es sto\u00dffest und umkehrbar, sodass es sowohl an rechte als auch an linke T\u00fcren passt, was es zu einer flexiblen L\u00f6sung f\u00fcr viele unterschiedliche Installationsanforderungen macht.<\/p>\n<p class=\"\" data-start=\"1328\" data-end=\"1343\"><strong data-start=\"1328\" data-end=\"1343\">Eigenschaften:<\/strong><\/p>\n<ul data-start=\"1344\" data-end=\"1778\">\n<li class=\"\" data-start=\"1344\" data-end=\"1421\">\n<p class=\"\" data-start=\"1346\" data-end=\"1421\">Umschaltbare Vorw\u00e4rts- und R\u00fcckw\u00e4rtsfunktion (im stromlosen Zustand verriegelt oder entriegelt)<\/p>\n<\/li>\n<li class=\"\" data-start=\"1422\" data-end=\"1488\">\n<p class=\"\" data-start=\"1424\" data-end=\"1488\">Kolbenanschluss. Anzeige zur Erkennung, ob die T\u00fcr geschlossen\/offen ist<\/p>\n<\/li>\n<li class=\"\" data-start=\"1489\" data-end=\"1527\">\n<p class=\"\" data-start=\"1491\" data-end=\"1527\">Eingebaute Schutzdiode f\u00fcr erh\u00f6hte Sicherheit<\/p>\n<\/li>\n<li class=\"\" data-start=\"1528\" data-end=\"1565\">\n<p class=\"\" data-start=\"1530\" data-end=\"1565\">Bruchfestigkeit von 9 kN (ca. 900 kg)<\/p>\n<\/li>\n<li class=\"\" data-start=\"1566\" data-end=\"1668\">\n<p class=\"\" data-start=\"1568\" data-end=\"1668\">Garantiert das \u00d6ffnen trotz Banddruck von bis zu 0,4 kN (ca. 40 kg) sowohl im Vorw\u00e4rts- als auch im R\u00fcckw\u00e4rtsgang<\/p>\n<\/li>\n<li class=\"\" data-start=\"1669\" data-end=\"1682\">\n<p class=\"\" data-start=\"1671\" data-end=\"1682\">Antiklopfmittel<\/p>\n<\/li>\n<li class=\"\" data-start=\"1683\" data-end=\"1731\">\n<p class=\"\" data-start=\"1685\" data-end=\"1731\">Umkehrbar, passend f\u00fcr rechte und linke T\u00fcren<\/p>\n<\/li>\n<li class=\"\" data-start=\"1732\" data-end=\"1778\">\n<p class=\"\" data-start=\"1734\" data-end=\"1778\">Kann Haken- oder L\u00e4ngsriegel verriegeln<\/p>\n<\/li>\n<\/ul>\n<p class=\"\" data-start=\"1780\" data-end=\"1809\"><strong data-start=\"1780\" data-end=\"1809\">Technische Spezifikationen:<\/strong><\/p>\n<ul data-start=\"1810\" data-end=\"2300\">\n<li class=\"\" data-start=\"1810\" data-end=\"1839\">\n<p class=\"\" data-start=\"1812\" data-end=\"1839\">Bruchfestigkeit max: 900 kg<\/p>\n<\/li>\n<li class=\"\" data-start=\"1840\" data-end=\"1870\">\n<p class=\"\" data-start=\"1842\" data-end=\"1870\">T\u00fcranschlag: Rechts, Links<\/p>\n<\/li>\n<li class=\"\" data-start=\"1871\" data-end=\"1889\">\n<p class=\"\" data-start=\"1873\" data-end=\"1889\">Kabel enthalten: Nein<\/p>\n<\/li>\n<li class=\"\" data-start=\"1890\" data-end=\"1908\">\n<p class=\"\" data-start=\"1892\" data-end=\"1908\">Streifendruck: 40 kg<\/p>\n<\/li>\n<li class=\"\" data-start=\"1909\" data-end=\"1944\">\n<p class=\"\" data-start=\"1911\" data-end=\"1944\">Schlosstyp: Einzelriegelschloss, Doppelriegelschloss<\/p>\n<\/li>\n<li class=\"\" data-start=\"1945\" data-end=\"1967\">\n<p class=\"\" data-start=\"1947\" data-end=\"1967\">Produktbreite: 25 mm<\/p>\n<\/li>\n<li class=\"\" data-start=\"1968\" data-end=\"1988\">\n<p class=\"\" data-start=\"1970\" data-end=\"1988\">Bauprodukt bewertet: Ja<\/p>\n<\/li>\n<li class=\"\" data-start=\"1989\" data-end=\"2010\">\n<p class=\"\" data-start=\"1991\" data-end=\"2010\">Produkttiefe: 35 mm<\/p>\n<\/li>\n<li class=\"\" data-start=\"2011\" data-end=\"2039\">\n<p class=\"\" data-start=\"2013\" data-end=\"2039\">Betriebsspannung 12V\/24V: 12V<\/p>\n<\/li>\n<li class=\"\" data-start=\"2040\" data-end=\"2062\">\n<p class=\"\" data-start=\"2042\" data-end=\"2062\">Doppelter Twist Drop: Nein<\/p>\n<\/li>\n<li class=\"\" data-start=\"2063\" data-end=\"2084\">\n<p class=\"\" data-start=\"2065\" data-end=\"2084\">EPD-verifiziert: Nein<\/p>\n<\/li>\n<li class=\"\" data-start=\"2085\" data-end=\"2097\">\n<p class=\"\" data-start=\"2087\" data-end=\"2097\">FINFO: Nein<\/p>\n<\/li>\n<li class=\"\" data-start=\"2098\" data-end=\"2126\">\n<p class=\"\" data-start=\"2100\" data-end=\"2126\">Farbe\/Oberfl\u00e4che: Edelstahl<\/p>\n<\/li>\n<li class=\"\" data-start=\"2127\" data-end=\"2148\">\n<p class=\"\" data-start=\"2129\" data-end=\"2148\">Produkth\u00f6he: 90 mm<\/p>\n<\/li>\n<li class=\"\" data-start=\"2149\" data-end=\"2166\">\n<p class=\"\" data-start=\"2151\" data-end=\"2166\">Kolbenkontakt: Ja<\/p>\n<\/li>\n<li class=\"\" data-start=\"2167\" data-end=\"2212\">\n<p class=\"\" data-start=\"2169\" data-end=\"2212\">Vorw\u00e4rts\/R\u00fcckw\u00e4rts: Umschaltbar Vorw\u00e4rts\/R\u00fcckw\u00e4rts<\/p>\n<\/li>\n<li class=\"\" data-start=\"2213\" data-end=\"2233\">\n<p class=\"\" data-start=\"2215\" data-end=\"2233\">Spannung AC\/DC: DC<\/p>\n<\/li>\n<li class=\"\" data-start=\"2234\" data-end=\"2256\">\n<p class=\"\" data-start=\"2236\" data-end=\"2256\">Spannung max: 27,6 V<\/p>\n<\/li>\n<li class=\"\" data-start=\"2257\" data-end=\"2279\">\n<p class=\"\" data-start=\"2259\" data-end=\"2279\">Spannung min.: 21,6 V<\/p>\n<\/li>\n<li class=\"\" data-start=\"2280\" data-end=\"2300\">\n<p class=\"\" data-start=\"2282\" data-end=\"2300\">SundaHouse-Bewertung: Ja<\/p>\n<\/li>\n<\/ul>","protected":false},"excerpt":{"rendered":"<p>Hier sehen Sie, welche Pfosten und Modelle aus dem STEP-Sortiment der elektrischen T\u00fcrstopper zusammenpassen.<\/p>\n<h5><strong><a href=\"https:\/\/steplock.com\/sv\/stolpguide\/#!?lang=sv&amp;blog_id=1&amp;paged=1&amp;number=50\" target=\"_blank\" rel=\"noopener\">STEP-Pfostenf\u00fchrung\u00a0<\/a><\/strong><\/h5>\n<h5><strong><a href=\"https:\/\/steplock.com\/sv\/projekteringsguide\/#!?lang=sv&amp;blog_id=1&amp;paged=1&amp;number=999\" target=\"_blank\" rel=\"noopener\">STEP-Designleitfaden<\/a><\/strong><\/h5>","protected":false},"featured_media":140692,"template":"","meta":{"_acf_changed":false},"product_brand":[],"product_cat":[3355],"product_tag":[4198,4202],"class_list":{"0":"post-140693","1":"product","2":"type-product","3":"status-publish","4":"has-post-thumbnail","6":"product_cat-elslutbleck","7":"product_tag-12v","8":"product_tag-omstallbar-rattvand-omvand","9":"product_shipping_class-tunga-paket","10":"pa_brands-step","11":"tm-no-options","13":"first","14":"onbackorder","15":"sale","16":"taxable","17":"shipping-taxable","18":"purchasable","19":"product-type-simple"},"acf":[],"_links":{"self":[{"href":"https:\/\/secureus.se\/de\/wp-json\/wp\/v2\/product\/140693","targetHints":{"allow":["GET"]}}],"collection":[{"href":"https:\/\/secureus.se\/de\/wp-json\/wp\/v2\/product"}],"about":[{"href":"https:\/\/secureus.se\/de\/wp-json\/wp\/v2\/types\/product"}],"wp:featuredmedia":[{"embeddable":true,"href":"https:\/\/secureus.se\/de\/wp-json\/wp\/v2\/media\/140692"}],"wp:attachment":[{"href":"https:\/\/secureus.se\/de\/wp-json\/wp\/v2\/media?parent=140693"}],"wp:term":[{"taxonomy":"product_brand","embeddable":true,"href":"https:\/\/secureus.se\/de\/wp-json\/wp\/v2\/product_brand?post=140693"},{"taxonomy":"product_cat","embeddable":true,"href":"https:\/\/secureus.se\/de\/wp-json\/wp\/v2\/product_cat?post=140693"},{"taxonomy":"product_tag","embeddable":true,"href":"https:\/\/secureus.se\/de\/wp-json\/wp\/v2\/product_tag?post=140693"}],"curies":[{"name":"wp","href":"https:\/\/api.w.org\/{rel}","templated":true}]}}