{"id":140726,"date":"2023-03-20T14:14:35","date_gmt":"2023-03-20T13:14:35","guid":{"rendered":"https:\/\/secureus.se\/safetron-monteringsstolpe-sc87-15\/"},"modified":"2026-01-12T13:13:03","modified_gmt":"2026-01-12T12:13:03","slug":"safetron-monteringsstolpe-sc87-15","status":"publish","type":"product","link":"https:\/\/secureus.se\/de\/safetron-monteringsstolpe-sc87-15\/","title":{"rendered":"Safetron Montagepfosten SC87-15"},"content":{"rendered":"<p>Flacher Montagepfosten aus Edelstahl f\u00fcr SAFETRON elektrische Endplatte ES22. Geeignet f\u00fcr Holz- und Metallrahmen, zusammen mit Doppelfallschl\u00f6ssern vom Typ connect\/evolution oder module.<\/p>\n<p>\u2022 Entspricht ST9508<\/p>\n<p>\u2022 Zungengr\u00f6\u00dfe: 15 mm<\/p>\n<p>\u2022 Abmessungen: (HxB) 200\u00d740 mm<\/p>","protected":false},"excerpt":{"rendered":"<p>Flacher Edelstahl-Montagepfosten f\u00fcr SAFETRON Elektro-T\u00fcr\u00f6ffner ES22. Passend f\u00fcr Holz- und Metallrahmen, zur Verwendung zusammen mit Doppelfallenschl\u00f6ssern vom Typ Connect\/Evolution oder Modul. \u2022 Entspricht ST9508 \u2022 Zungengr\u00f6\u00dfe: 15 mm<\/p>","protected":false},"featured_media":140725,"template":"","meta":{"_acf_changed":false},"product_brand":[],"product_cat":[4735],"product_tag":[4447,4866],"class_list":{"0":"post-140726","1":"product","2":"type-product","3":"status-publish","4":"has-post-thumbnail","6":"product_cat-monteringsstolpe","7":"product_tag-safetron-montagestolpar-es22-sc","8":"product_tag-safetron-20","9":"product_shipping_class-tunga-paket","10":"pa_brands-7safetron","11":"tm-has-options","13":"first","14":"instock","15":"sale","16":"featured","17":"taxable","18":"shipping-taxable","19":"purchasable","20":"product-type-simple"},"acf":[],"_links":{"self":[{"href":"https:\/\/secureus.se\/de\/wp-json\/wp\/v2\/product\/140726","targetHints":{"allow":["GET"]}}],"collection":[{"href":"https:\/\/secureus.se\/de\/wp-json\/wp\/v2\/product"}],"about":[{"href":"https:\/\/secureus.se\/de\/wp-json\/wp\/v2\/types\/product"}],"wp:featuredmedia":[{"embeddable":true,"href":"https:\/\/secureus.se\/de\/wp-json\/wp\/v2\/media\/140725"}],"wp:attachment":[{"href":"https:\/\/secureus.se\/de\/wp-json\/wp\/v2\/media?parent=140726"}],"wp:term":[{"taxonomy":"product_brand","embeddable":true,"href":"https:\/\/secureus.se\/de\/wp-json\/wp\/v2\/product_brand?post=140726"},{"taxonomy":"product_cat","embeddable":true,"href":"https:\/\/secureus.se\/de\/wp-json\/wp\/v2\/product_cat?post=140726"},{"taxonomy":"product_tag","embeddable":true,"href":"https:\/\/secureus.se\/de\/wp-json\/wp\/v2\/product_tag?post=140726"}],"curies":[{"name":"wp","href":"https:\/\/api.w.org\/{rel}","templated":true}]}}