{"id":140729,"date":"2023-09-26T13:06:08","date_gmt":"2023-09-26T11:06:08","guid":{"rendered":"https:\/\/secureus.se\/elslutbleck-step-18-hoger-omvand-12v-for-assa-511\/"},"modified":"2026-04-08T16:46:35","modified_gmt":"2026-04-08T14:46:35","slug":"elslutbleck-step-18-hoger-omvand-12v-for-assa-511","status":"publish","type":"product","link":"https:\/\/secureus.se\/de\/elslutbleck-step-18-hoger-omvand-12v-for-assa-511\/","title":{"rendered":"Elektrische Endplatte SCHRITT 18 Rechts r\u00fcckw\u00e4rts 12V f\u00fcr Assa 511"},"content":{"rendered":"<h1>Elektrische Endplatte SCHRITT 18 Rechts r\u00fcckw\u00e4rts 12V f\u00fcr Assa 511<\/h1>\n<p>Der elektrische T\u00fcr\u00f6ffner STEP 18 Secure f\u00fcr Assa 511 bietet hohe Sicherheit und Brandschutz bis E\/EI 60. Perfekt f\u00fcr T\u00fcren mit hohen Anforderungen an den Einbruchschutz und hoher \u00d6ffnungsfrequenz.<\/p>\n<p class=\"\" data-start=\"407\" data-end=\"826\">STEP 18 Secure ist ein Hochsicherheits-Elektroschloss, das f\u00fcr T\u00fcren mit hohen Sicherheitsanforderungen, beispielsweise in Gef\u00e4ngnissen und Banken, geeignet ist.<\/p>\n<p class=\"\" data-start=\"407\" data-end=\"826\">Mit einer Bruchfestigkeit von 15 kN (ca. 1500 kg) und einer Brandschutzzulassung bis E\/EI 60 ist STEP 18 Secure darauf ausgelegt, h\u00f6chste Sicherheit unter anspruchsvollen Bedingungen zu bieten.<\/p>\n<p class=\"\" data-start=\"407\" data-end=\"826\">Dieser elektrische T\u00fcr\u00f6ffner eignet sich f\u00fcr Sicherheitst\u00fcren oder T\u00fcren mit Evakuierungsanforderungen und kann schnell und h\u00e4ufig ge\u00f6ffnet werden.<\/p>\n<p class=\"\" data-start=\"828\" data-end=\"1203\">Es ist speziell f\u00fcr das Hakenriegelschloss Assa 511 mit 10 mm Kolben konzipiert und verf\u00fcgt \u00fcber eine R\u00fcckw\u00e4rtsfunktion (Entriegelung im stromlosen Zustand), wodurch es sich ideal f\u00fcr T\u00fcren mit hoher Frequenz eignet.<\/p>\n<p class=\"\" data-start=\"828\" data-end=\"1203\">Der eingebaute Kolbenschalter erm\u00f6glicht eine einfache Anbindung an Zugangskontrollsysteme und Alarmanlagen f\u00fcr zus\u00e4tzliche Sicherheit.<\/p>\n<p class=\"\" data-start=\"828\" data-end=\"1203\">Enth\u00e4lt ein 5 Meter langes halogenfreies Anschlusskabel f\u00fcr eine einfache Installation.<\/p>\n<p class=\"\" data-start=\"1205\" data-end=\"1222\"><strong data-start=\"1205\" data-end=\"1219\">Eigenschaften<\/strong>:<\/p>\n<ul data-start=\"1223\" data-end=\"1659\">\n<li class=\"\" data-start=\"1223\" data-end=\"1266\">\n<p class=\"\" data-start=\"1225\" data-end=\"1266\">F\u00fcr Hakenma\u00dfstabschloss Assa 511 mit 10 mm Kolben<\/p>\n<\/li>\n<li class=\"\" data-start=\"1267\" data-end=\"1311\">\n<p class=\"\" data-start=\"1269\" data-end=\"1311\">Umkehrfunktion (im stromlosen Modus entsperrt)<\/p>\n<\/li>\n<li class=\"\" data-start=\"1312\" data-end=\"1338\">\n<p class=\"\" data-start=\"1314\" data-end=\"1338\">F\u00fcr rechtsangeschlagene T\u00fcren<\/p>\n<\/li>\n<li class=\"\" data-start=\"1339\" data-end=\"1372\">\n<p class=\"\" data-start=\"1341\" data-end=\"1372\">Brandschutzzulassung bis E\/EI 60<\/p>\n<\/li>\n<li class=\"\" data-start=\"1373\" data-end=\"1457\">\n<p class=\"\" data-start=\"1375\" data-end=\"1457\">Eingebauter St\u00f6\u00dfelschalter zur Anzeige des geschlossenen\/offenen und verriegelten\/entriegelten Zustands der T\u00fcr<\/p>\n<\/li>\n<li class=\"\" data-start=\"1458\" data-end=\"1480\">\n<p class=\"\" data-start=\"1460\" data-end=\"1480\">Eingebaute Schutzdiode<\/p>\n<\/li>\n<li class=\"\" data-start=\"1481\" data-end=\"1519\">\n<p class=\"\" data-start=\"1483\" data-end=\"1519\">Bruchfestigkeit 15 kN (ca. 1500 kg)<\/p>\n<\/li>\n<li class=\"\" data-start=\"1520\" data-end=\"1597\">\n<p class=\"\" data-start=\"1522\" data-end=\"1597\">\u00d6ffnet trotz 5 kN (ca. 500 kg) Banddruck im Vorw\u00e4rts- und R\u00fcckw\u00e4rtsgang<\/p>\n<\/li>\n<li class=\"\" data-start=\"1598\" data-end=\"1613\">\n<p class=\"\" data-start=\"1600\" data-end=\"1613\">Antiklopfmittel<\/p>\n<\/li>\n<li class=\"\" data-start=\"1614\" data-end=\"1659\">\n<p class=\"\" data-start=\"1616\" data-end=\"1659\">5 Meter halogenfreies Anschlusskabel inklusive<\/p>\n<\/li>\n<\/ul>\n<p class=\"\" data-start=\"1661\" data-end=\"1692\"><strong data-start=\"1661\" data-end=\"1689\">Technische Spezifikationen<\/strong>:<\/p>\n<ul data-start=\"1693\" data-end=\"2300\">\n<li class=\"\" data-start=\"1693\" data-end=\"1729\">\n<p class=\"\" data-start=\"1695\" data-end=\"1729\"><strong data-start=\"1695\" data-end=\"1718\">Bruchfestigkeit max<\/strong>: 1500 kg<\/p>\n<\/li>\n<li class=\"\" data-start=\"1730\" data-end=\"1757\">\n<p class=\"\" data-start=\"1732\" data-end=\"1757\"><strong data-start=\"1732\" data-end=\"1748\">T\u00fcrbehang<\/strong>: Rechts<\/p>\n<\/li>\n<li class=\"\" data-start=\"1758\" data-end=\"1781\">\n<p class=\"\" data-start=\"1760\" data-end=\"1781\"><strong data-start=\"1760\" data-end=\"1775\">Kabel im Lieferumfang enthalten<\/strong>: Ja<\/p>\n<\/li>\n<li class=\"\" data-start=\"1782\" data-end=\"1807\">\n<p class=\"\" data-start=\"1784\" data-end=\"1807\"><strong data-start=\"1784\" data-end=\"1797\">Listendruck<\/strong>: 500 kg<\/p>\n<\/li>\n<li class=\"\" data-start=\"1808\" data-end=\"1845\">\n<p class=\"\" data-start=\"1810\" data-end=\"1845\"><strong data-start=\"1810\" data-end=\"1820\">Schlosstyp<\/strong>: Hakenfallenschloss, Fallenschloss<\/p>\n<\/li>\n<li class=\"\" data-start=\"1846\" data-end=\"1874\">\n<p class=\"\" data-start=\"1848\" data-end=\"1874\"><strong data-start=\"1848\" data-end=\"1865\">Breites Produkt<\/strong>: 35 mm<\/p>\n<\/li>\n<li class=\"\" data-start=\"1875\" data-end=\"1901\">\n<p class=\"\" data-start=\"1877\" data-end=\"1901\"><strong data-start=\"1877\" data-end=\"1895\">Baustoffe bewertet<\/strong>: Ja<\/p>\n<\/li>\n<li class=\"\" data-start=\"1902\" data-end=\"1929\">\n<p class=\"\" data-start=\"1904\" data-end=\"1929\"><strong data-start=\"1904\" data-end=\"1920\">Tiefes Produkt<\/strong>: 40 mm<\/p>\n<\/li>\n<li class=\"\" data-start=\"1930\" data-end=\"1964\">\n<p class=\"\" data-start=\"1932\" data-end=\"1964\"><strong data-start=\"1932\" data-end=\"1957\">Betriebsspannung 12V\/24V<\/strong>: 12V<\/p>\n<\/li>\n<li class=\"\" data-start=\"1965\" data-end=\"1993\">\n<p class=\"\" data-start=\"1967\" data-end=\"1993\"><strong data-start=\"1967\" data-end=\"1986\">Doppelt gedrehtes Geh\u00e4use<\/strong>: NEIN<\/p>\n<\/li>\n<li class=\"\" data-start=\"1994\" data-end=\"2021\">\n<p class=\"\" data-start=\"1996\" data-end=\"2021\"><strong data-start=\"1996\" data-end=\"2014\">EPD-gepr\u00fcft<\/strong>: NEIN<\/p>\n<\/li>\n<li class=\"\" data-start=\"2022\" data-end=\"2040\">\n<p class=\"\" data-start=\"2024\" data-end=\"2040\"><strong data-start=\"2024\" data-end=\"2033\">FEINE INFORMATIONEN<\/strong>: NEIN<\/p>\n<\/li>\n<li class=\"\" data-start=\"2041\" data-end=\"2075\">\n<p class=\"\" data-start=\"2043\" data-end=\"2075\"><strong data-start=\"2043\" data-end=\"2064\">Farbe\/Oberfl\u00e4chenbehandlung<\/strong>: Edelstahl<\/p>\n<\/li>\n<li class=\"\" data-start=\"2076\" data-end=\"2104\">\n<p class=\"\" data-start=\"2078\" data-end=\"2104\"><strong data-start=\"2078\" data-end=\"2094\">Erh\u00f6htes Produkt<\/strong>: 230 mm<\/p>\n<\/li>\n<li class=\"\" data-start=\"2105\" data-end=\"2132\">\n<p class=\"\" data-start=\"2107\" data-end=\"2132\"><strong data-start=\"2107\" data-end=\"2121\">Kabell\u00e4nge<\/strong>: 5 Meter<\/p>\n<\/li>\n<li class=\"\" data-start=\"2133\" data-end=\"2156\">\n<p class=\"\" data-start=\"2135\" data-end=\"2156\"><strong data-start=\"2135\" data-end=\"2150\">Kolbenanschluss<\/strong>: Ja<\/p>\n<\/li>\n<li class=\"\" data-start=\"2157\" data-end=\"2188\">\n<p class=\"\" data-start=\"2159\" data-end=\"2188\"><strong data-start=\"2159\" data-end=\"2178\">Rechts\/R\u00fcckw\u00e4rts<\/strong>: Umkehren<\/p>\n<\/li>\n<li class=\"\" data-start=\"2189\" data-end=\"2215\">\n<p class=\"\" data-start=\"2191\" data-end=\"2215\"><strong data-start=\"2191\" data-end=\"2209\">Spannung AC\/DC<\/strong>: Gleichstrom<\/p>\n<\/li>\n<li class=\"\" data-start=\"2216\" data-end=\"2244\">\n<p class=\"\" data-start=\"2218\" data-end=\"2244\"><strong data-start=\"2218\" data-end=\"2234\">Spannung max<\/strong>: 13,8 V<\/p>\n<\/li>\n<li class=\"\" data-start=\"2245\" data-end=\"2273\">\n<p class=\"\" data-start=\"2247\" data-end=\"2273\"><strong data-start=\"2247\" data-end=\"2263\">Spannung min<\/strong>: 10,8 V<\/p>\n<\/li>\n<li class=\"\" data-start=\"2274\" data-end=\"2300\">\n<p class=\"\" data-start=\"2276\" data-end=\"2300\"><strong data-start=\"2276\" data-end=\"2294\">SundaHouse bewertet<\/strong>: Ja<\/p>\n<\/li>\n<\/ul>","protected":false},"excerpt":{"rendered":"<p>Hier sehen Sie, welche Pfosten und Modelle aus dem STEP-Sortiment der elektrischen T\u00fcrstopper zusammenpassen.<\/p>\n<h5><strong><a href=\"https:\/\/steplock.com\/sv\/stolpguide\/#!?lang=sv&amp;blog_id=1&amp;paged=1&amp;number=50\" target=\"_blank\" rel=\"noopener\">STEP-Pfostenf\u00fchrung\u00a0<\/a><\/strong><\/h5>\n<h5><strong><a href=\"https:\/\/steplock.com\/sv\/projekteringsguide\/#!?lang=sv&amp;blog_id=1&amp;paged=1&amp;number=999\" target=\"_blank\" rel=\"noopener\">STEP-Designleitfaden<\/a><\/strong><\/h5>","protected":false},"featured_media":140727,"template":"","meta":{"_acf_changed":false},"product_brand":[],"product_cat":[3355],"product_tag":[4198,4201],"class_list":{"0":"post-140729","1":"product","2":"type-product","3":"status-publish","4":"has-post-thumbnail","6":"product_cat-elslutbleck","7":"product_tag-12v","8":"product_tag-omvand","9":"product_shipping_class-tunga-paket","10":"pa_brands-step","11":"tm-no-options","13":"first","14":"onbackorder","15":"sale","16":"taxable","17":"shipping-taxable","18":"purchasable","19":"product-type-simple"},"acf":[],"_links":{"self":[{"href":"https:\/\/secureus.se\/de\/wp-json\/wp\/v2\/product\/140729","targetHints":{"allow":["GET"]}}],"collection":[{"href":"https:\/\/secureus.se\/de\/wp-json\/wp\/v2\/product"}],"about":[{"href":"https:\/\/secureus.se\/de\/wp-json\/wp\/v2\/types\/product"}],"wp:featuredmedia":[{"embeddable":true,"href":"https:\/\/secureus.se\/de\/wp-json\/wp\/v2\/media\/140727"}],"wp:attachment":[{"href":"https:\/\/secureus.se\/de\/wp-json\/wp\/v2\/media?parent=140729"}],"wp:term":[{"taxonomy":"product_brand","embeddable":true,"href":"https:\/\/secureus.se\/de\/wp-json\/wp\/v2\/product_brand?post=140729"},{"taxonomy":"product_cat","embeddable":true,"href":"https:\/\/secureus.se\/de\/wp-json\/wp\/v2\/product_cat?post=140729"},{"taxonomy":"product_tag","embeddable":true,"href":"https:\/\/secureus.se\/de\/wp-json\/wp\/v2\/product_tag?post=140729"}],"curies":[{"name":"wp","href":"https:\/\/api.w.org\/{rel}","templated":true}]}}