{"id":140785,"date":"2023-03-20T10:54:53","date_gmt":"2023-03-20T09:54:53","guid":{"rendered":"https:\/\/secureus.se\/monteringsstolpe-sc31v-20\/"},"modified":"2026-01-12T13:15:46","modified_gmt":"2026-01-12T12:15:46","slug":"monteringsstolpe-sc31v-20","status":"publish","type":"product","link":"https:\/\/secureus.se\/de\/monteringsstolpe-sc31v-20\/","title":{"rendered":"Safetron Montagepfosten SC31V-20"},"content":{"rendered":"<p>Flacher Montagepfosten aus Edelstahl f\u00fcr SAFETRON elektrische Endplatte ES22. Geeignet f\u00fcr Holz- und Metallrahmen, zusammen mit Doppelfallschl\u00f6ssern vom Typ connect\/evolution oder module. <\/p>\n<p>\u2022 Entspricht ST9504V<br \/>\n<br \/>\n\u2022 Zungengr\u00f6\u00dfe: 20 mm<br \/>\n<br \/>\n\u2022 Abmessungen: (HxB) 245\u00d745 mm<\/p>","protected":false},"excerpt":{"rendered":"<h5><a href=\"https:\/\/www.safetron.com\/stolpguide\/\" target=\"_blank\" rel=\"noopener\">Leitfaden f\u00fcr Pfosten von Safetrons Mounting Posts<\/a><\/h5>","protected":false},"featured_media":140784,"template":"","meta":{"_acf_changed":false},"product_brand":[],"product_cat":[4735],"product_tag":[4447,4866],"class_list":{"0":"post-140785","1":"product","2":"type-product","3":"status-publish","4":"has-post-thumbnail","6":"product_cat-monteringsstolpe","7":"product_tag-safetron-montagestolpar-es22-sc","8":"product_tag-safetron-20","9":"product_shipping_class-tunga-paket","10":"pa_brands-7safetron","11":"tm-has-options","13":"first","14":"instock","15":"featured","16":"taxable","17":"shipping-taxable","18":"purchasable","19":"product-type-simple"},"acf":[],"_links":{"self":[{"href":"https:\/\/secureus.se\/de\/wp-json\/wp\/v2\/product\/140785","targetHints":{"allow":["GET"]}}],"collection":[{"href":"https:\/\/secureus.se\/de\/wp-json\/wp\/v2\/product"}],"about":[{"href":"https:\/\/secureus.se\/de\/wp-json\/wp\/v2\/types\/product"}],"wp:featuredmedia":[{"embeddable":true,"href":"https:\/\/secureus.se\/de\/wp-json\/wp\/v2\/media\/140784"}],"wp:attachment":[{"href":"https:\/\/secureus.se\/de\/wp-json\/wp\/v2\/media?parent=140785"}],"wp:term":[{"taxonomy":"product_brand","embeddable":true,"href":"https:\/\/secureus.se\/de\/wp-json\/wp\/v2\/product_brand?post=140785"},{"taxonomy":"product_cat","embeddable":true,"href":"https:\/\/secureus.se\/de\/wp-json\/wp\/v2\/product_cat?post=140785"},{"taxonomy":"product_tag","embeddable":true,"href":"https:\/\/secureus.se\/de\/wp-json\/wp\/v2\/product_tag?post=140785"}],"curies":[{"name":"wp","href":"https:\/\/api.w.org\/{rel}","templated":true}]}}