{"id":140835,"date":"2023-03-17T09:35:13","date_gmt":"2023-03-17T08:35:13","guid":{"rendered":"https:\/\/secureus.se\/elslutbleck-es22-hoger\/"},"modified":"2026-01-12T13:10:52","modified_gmt":"2026-01-12T12:10:52","slug":"elslutbleck-es22-hoger","status":"publish","type":"product","link":"https:\/\/secureus.se\/de\/elslutbleck-es22-hoger\/","title":{"rendered":"Elektrisches T\u00fcr\u00f6ffnerblech ES22 rechts"},"content":{"rendered":"<h1>Elektrisches T\u00fcr\u00f6ffnerblech ES22 rechts<\/h1>\n<p class=\"\" data-start=\"368\" data-end=\"751\">Der Elektro-T\u00fcr\u00f6ffner ES22 H f\u00fcr rechts angeschlagene T\u00fcren ist ein hochwertiger Elektro-T\u00fcr\u00f6ffner, der f\u00fcr T\u00fcren mit Anforderungen an Sicherheit und Feuerbest\u00e4ndigkeit geeignet ist.<\/p>\n<p class=\"\" data-start=\"368\" data-end=\"751\">Mit seinen doppelten Drehriegeln erm\u00f6glicht der ES22 die separate Verriegelung von Druckriegeln und Zylinderriegeln in Schlossgeh\u00e4usen mit Doppelriegeln und bietet so eine L\u00f6sung f\u00fcr komplizierte T\u00fcrumgebungen, die sowohl T\u00fcrautomatisierung als auch Brandschutz erfordern.<\/p>\n<p class=\"\" data-start=\"753\" data-end=\"1047\">Die Elite-L\u00f6sung eignet sich f\u00fcr den Einsatz in Bereichen, in denen Not- und Wiedereintrittsanforderungen bestehen, w\u00e4hrend die Eind\u00e4mmung des Feuers \u00fcber Druckfallen und der Wiedereintritt \u00fcber Feuermelder erreicht werden kann.<\/p>\n<p class=\"\" data-start=\"753\" data-end=\"1047\">Zertifiziert und CE-gekennzeichnet f\u00fcr den Einsatz in Brandabschnittsbegrenzungen mit einer Feuerwiderstandsdauer von bis zu 120 Minuten (E\/EI 120).<\/p>\n<p class=\"\" data-start=\"1049\" data-end=\"1315\">Durch die patentierte Streifendrucktechnologie \u00f6ffnet sich die T\u00fcr auch bei Druck auf die T\u00fcr. Probleme durch zu hohen Druck, Schnee oder Schmutz im T\u00fcrspalt werden so vermieden.<\/p>\n<p class=\"\" data-start=\"1049\" data-end=\"1315\">Dies minimiert das Risiko von Ausfallzeiten und gew\u00e4hrleistet einen zuverl\u00e4ssigen Betrieb in anspruchsvollen Umgebungen.<\/p>\n<p class=\"\" data-start=\"1317\" data-end=\"1584\">SAFETRON ES22 ist au\u00dferdem mit doppelten Kolbenkontakten und integrierten Sensoren ausgestattet, die anzeigen, wenn die Drehverschl\u00fcsse verriegelt sind.<\/p>\n<p class=\"\" data-start=\"1317\" data-end=\"1584\">Das Signal wird nur gegeben, wenn der Kolbenkontakt und der Drehpunkt mechanisch miteinander verriegelt sind, was es zu einer sehr sicheren Wahl f\u00fcr kritische T\u00fcrl\u00f6sungen macht.<\/p>\n<p class=\"\" data-start=\"1586\" data-end=\"1603\"><strong data-start=\"1586\" data-end=\"1600\">Eigenschaften<\/strong>:<\/p>\n<ul data-start=\"1604\" data-end=\"1960\">\n<li class=\"\" data-start=\"1604\" data-end=\"1630\">\n<p class=\"\" data-start=\"1606\" data-end=\"1630\">F\u00fcr rechtsangeschlagene T\u00fcren<\/p>\n<\/li>\n<li class=\"\" data-start=\"1631\" data-end=\"1685\">\n<p class=\"\" data-start=\"1633\" data-end=\"1685\">Feuerbest\u00e4ndig bis zu 120 Minuten (gem\u00e4\u00df SS-EN 14846)<\/p>\n<\/li>\n<li class=\"\" data-start=\"1686\" data-end=\"1712\">\n<p class=\"\" data-start=\"1688\" data-end=\"1712\">Listendruck: \u00dcber 100 kg<\/p>\n<\/li>\n<li class=\"\" data-start=\"1713\" data-end=\"1752\">\n<p class=\"\" data-start=\"1715\" data-end=\"1752\">Haltekraft: Bis zu 1500 kg \/ 15 kN<\/p>\n<\/li>\n<li class=\"\" data-start=\"1753\" data-end=\"1785\">\n<p class=\"\" data-start=\"1755\" data-end=\"1785\">Vorw\u00e4rts- und R\u00fcckw\u00e4rtsfunktion<\/p>\n<\/li>\n<li class=\"\" data-start=\"1786\" data-end=\"1816\">\n<p class=\"\" data-start=\"1788\" data-end=\"1816\">Kolbenkontakt (Ankerkontakt)<\/p>\n<\/li>\n<li class=\"\" data-start=\"1817\" data-end=\"1872\">\n<p class=\"\" data-start=\"1819\" data-end=\"1872\">Passend f\u00fcr Doppelschiebefenster nach skandinavischem Standard<\/p>\n<\/li>\n<li class=\"\" data-start=\"1873\" data-end=\"1896\">\n<p class=\"\" data-start=\"1875\" data-end=\"1896\">Spannung: 12-24 VDC<\/p>\n<\/li>\n<li class=\"\" data-start=\"1897\" data-end=\"1937\">\n<p class=\"\" data-start=\"1899\" data-end=\"1937\">Stromaufnahme: 35 mA pro Umdrehung<\/p>\n<\/li>\n<li class=\"\" data-start=\"1938\" data-end=\"1960\">\n<p class=\"\" data-start=\"1940\" data-end=\"1960\">Eingebaute Schutzdiode<\/p>\n<\/li>\n<\/ul>\n<p class=\"\" data-start=\"1962\" data-end=\"1993\"><strong data-start=\"1962\" data-end=\"1990\">Technische Spezifikationen<\/strong>:<\/p>\n<ul data-start=\"1994\" data-end=\"2566\">\n<li class=\"\" data-start=\"1994\" data-end=\"2030\">\n<p class=\"\" data-start=\"1996\" data-end=\"2030\"><strong data-start=\"1996\" data-end=\"2019\">Bruchfestigkeit max<\/strong>: 1500 kg<\/p>\n<\/li>\n<li class=\"\" data-start=\"2031\" data-end=\"2058\">\n<p class=\"\" data-start=\"2033\" data-end=\"2058\"><strong data-start=\"2033\" data-end=\"2049\">T\u00fcrbehang<\/strong>: Rechts<\/p>\n<\/li>\n<li class=\"\" data-start=\"2059\" data-end=\"2082\">\n<p class=\"\" data-start=\"2061\" data-end=\"2082\"><strong data-start=\"2061\" data-end=\"2076\">Kabel im Lieferumfang enthalten<\/strong>: Ja<\/p>\n<\/li>\n<li class=\"\" data-start=\"2083\" data-end=\"2108\">\n<p class=\"\" data-start=\"2085\" data-end=\"2108\"><strong data-start=\"2085\" data-end=\"2098\">Listendruck<\/strong>: 100 kg<\/p>\n<\/li>\n<li class=\"\" data-start=\"2109\" data-end=\"2140\">\n<p class=\"\" data-start=\"2111\" data-end=\"2140\"><strong data-start=\"2111\" data-end=\"2121\">Schlosstyp<\/strong>: Zweifl\u00fcgeliges Schlossgeh\u00e4use<\/p>\n<\/li>\n<li class=\"\" data-start=\"2141\" data-end=\"2169\">\n<p class=\"\" data-start=\"2143\" data-end=\"2169\"><strong data-start=\"2143\" data-end=\"2160\">Breites Produkt<\/strong>: 35 mm<\/p>\n<\/li>\n<li class=\"\" data-start=\"2170\" data-end=\"2196\">\n<p class=\"\" data-start=\"2172\" data-end=\"2196\"><strong data-start=\"2172\" data-end=\"2190\">Baustoffe bewertet<\/strong>: Ja<\/p>\n<\/li>\n<li class=\"\" data-start=\"2197\" data-end=\"2224\">\n<p class=\"\" data-start=\"2199\" data-end=\"2224\"><strong data-start=\"2199\" data-end=\"2215\">Tiefes Produkt<\/strong>: 40 mm<\/p>\n<\/li>\n<li class=\"\" data-start=\"2225\" data-end=\"2259\">\n<p class=\"\" data-start=\"2227\" data-end=\"2259\"><strong data-start=\"2227\" data-end=\"2252\">Betriebsspannung 12V\/24V<\/strong>: 12V<\/p>\n<\/li>\n<li class=\"\" data-start=\"2260\" data-end=\"2287\">\n<p class=\"\" data-start=\"2262\" data-end=\"2287\"><strong data-start=\"2262\" data-end=\"2281\">Doppelt gedrehtes Geh\u00e4use<\/strong>: Ja<\/p>\n<\/li>\n<li class=\"\" data-start=\"2288\" data-end=\"2315\">\n<p class=\"\" data-start=\"2290\" data-end=\"2315\"><strong data-start=\"2290\" data-end=\"2308\">EPD-gepr\u00fcft<\/strong>: NEIN<\/p>\n<\/li>\n<li class=\"\" data-start=\"2316\" data-end=\"2334\">\n<p class=\"\" data-start=\"2318\" data-end=\"2334\"><strong data-start=\"2318\" data-end=\"2327\">FEINE INFORMATIONEN<\/strong>: NEIN<\/p>\n<\/li>\n<li class=\"\" data-start=\"2335\" data-end=\"2369\">\n<p class=\"\" data-start=\"2337\" data-end=\"2369\"><strong data-start=\"2337\" data-end=\"2358\">Farbe\/Oberfl\u00e4chenbehandlung<\/strong>: Edelstahl<\/p>\n<\/li>\n<li class=\"\" data-start=\"2370\" data-end=\"2398\">\n<p class=\"\" data-start=\"2372\" data-end=\"2398\"><strong data-start=\"2372\" data-end=\"2388\">Erh\u00f6htes Produkt<\/strong>: 230 mm<\/p>\n<\/li>\n<li class=\"\" data-start=\"2399\" data-end=\"2422\">\n<p class=\"\" data-start=\"2401\" data-end=\"2422\"><strong data-start=\"2401\" data-end=\"2416\">Kolbenanschluss<\/strong>: Ja<\/p>\n<\/li>\n<li class=\"\" data-start=\"2423\" data-end=\"2454\">\n<p class=\"\" data-start=\"2425\" data-end=\"2454\"><strong data-start=\"2425\" data-end=\"2444\">Rechts\/R\u00fcckw\u00e4rts<\/strong>: Umkehren<\/p>\n<\/li>\n<li class=\"\" data-start=\"2455\" data-end=\"2481\">\n<p class=\"\" data-start=\"2457\" data-end=\"2481\"><strong data-start=\"2457\" data-end=\"2475\">Spannung AC\/DC<\/strong>: Gleichstrom<\/p>\n<\/li>\n<li class=\"\" data-start=\"2482\" data-end=\"2510\">\n<p class=\"\" data-start=\"2484\" data-end=\"2510\"><strong data-start=\"2484\" data-end=\"2500\">Spannung max<\/strong>: 27,6 V<\/p>\n<\/li>\n<li class=\"\" data-start=\"2511\" data-end=\"2539\">\n<p class=\"\" data-start=\"2513\" data-end=\"2539\"><strong data-start=\"2513\" data-end=\"2529\">Spannung min<\/strong>: 21,6 V<\/p>\n<\/li>\n<li class=\"\" data-start=\"2540\" data-end=\"2566\">\n<p class=\"\" data-start=\"2542\" data-end=\"2566\"><strong data-start=\"2542\" data-end=\"2560\">SundaHouse bewertet<\/strong>: Ja<\/p>\n<\/li>\n<\/ul>","protected":false},"excerpt":{"rendered":"<p>Elektro-T\u00fcr\u00f6ffner S22 H f\u00fcr rechts angeschlagene T\u00fcren, Elektro-T\u00fcr\u00f6ffner mit Doppeldrehpunkt.<\/p>\n<p>Feuerbest\u00e4ndig bis zu 120 Minuten, konzipiert f\u00fcr komplexe T\u00fcrumgebungen mit Anforderungen an Brandschutz und T\u00fcrautomatisierung. Beinhaltet eine einzigartige Formdrucktechnologie.<\/p>","protected":false},"featured_media":140834,"template":"","meta":{"_acf_changed":false},"product_brand":[],"product_cat":[3355],"product_tag":[4487,4488,4866,4489],"class_list":{"0":"post-140835","1":"product","2":"type-product","3":"status-publish","4":"has-post-thumbnail","6":"product_cat-elslutbleck","7":"product_tag-rel-sa","8":"product_tag-rel-safetron-elslutbleck","9":"product_tag-safetron-20","10":"product_tag-safetron-elslutbleck-es22","11":"product_shipping_class-tunga-paket","12":"pa_brands-7safetron","13":"tm-has-options","15":"first","16":"instock","17":"featured","18":"taxable","19":"shipping-taxable","20":"purchasable","21":"product-type-simple"},"acf":[],"_links":{"self":[{"href":"https:\/\/secureus.se\/de\/wp-json\/wp\/v2\/product\/140835","targetHints":{"allow":["GET"]}}],"collection":[{"href":"https:\/\/secureus.se\/de\/wp-json\/wp\/v2\/product"}],"about":[{"href":"https:\/\/secureus.se\/de\/wp-json\/wp\/v2\/types\/product"}],"wp:featuredmedia":[{"embeddable":true,"href":"https:\/\/secureus.se\/de\/wp-json\/wp\/v2\/media\/140834"}],"wp:attachment":[{"href":"https:\/\/secureus.se\/de\/wp-json\/wp\/v2\/media?parent=140835"}],"wp:term":[{"taxonomy":"product_brand","embeddable":true,"href":"https:\/\/secureus.se\/de\/wp-json\/wp\/v2\/product_brand?post=140835"},{"taxonomy":"product_cat","embeddable":true,"href":"https:\/\/secureus.se\/de\/wp-json\/wp\/v2\/product_cat?post=140835"},{"taxonomy":"product_tag","embeddable":true,"href":"https:\/\/secureus.se\/de\/wp-json\/wp\/v2\/product_tag?post=140835"}],"curies":[{"name":"wp","href":"https:\/\/api.w.org\/{rel}","templated":true}]}}