{"id":140987,"date":"2023-03-20T14:15:20","date_gmt":"2023-03-20T13:15:20","guid":{"rendered":"https:\/\/secureus.se\/safetron-monteringsstolpe-sc75\/"},"modified":"2026-01-12T13:21:20","modified_gmt":"2026-01-12T12:21:20","slug":"safetron-monteringsstolpe-sc75","status":"publish","type":"product","link":"https:\/\/secureus.se\/de\/safetron-monteringsstolpe-sc75\/","title":{"rendered":"Safetron Montagepfosten SC75"},"content":{"rendered":"<p>Flacher Montagepfosten aus Edelstahl f\u00fcr SAFETRON elektrische Endplatte ES22. Angepasst an das Profilsystem Wicona 75 EVO und 77FP. Wird zusammen mit Doppelfallenschl\u00f6ssern vom Typ connect\/evolution oder module verwendet.<\/p>\n<p>\u2022 Entspricht ST9517<\/p>\n<p>\u2022 Zungengr\u00f6\u00dfe: 17,5 mm<\/p>\n<p>\u2022 Abmessungen: (HxB) 200\u00d749 mm<\/p>","protected":false},"excerpt":{"rendered":"<p>Flacher Edelstahl-Montagepfosten f\u00fcr SAFETRON Elektro-T\u00fcr\u00f6ffner ES22. Angepasst f\u00fcr die Profilsysteme Wicona 75 EVO und 77FP. Wird zusammen mit Doppelfallenschl\u00f6ssern vom Typ Connect\/Evolution oder Modul verwendet. \u2022 Entspricht ST9517 \u2022<\/p>","protected":false},"featured_media":140986,"template":"","meta":{"_acf_changed":false},"product_brand":[],"product_cat":[4735],"product_tag":[4447,4866],"class_list":{"0":"post-140987","1":"product","2":"type-product","3":"status-publish","4":"has-post-thumbnail","6":"product_cat-monteringsstolpe","7":"product_tag-safetron-montagestolpar-es22-sc","8":"product_tag-safetron-20","9":"product_shipping_class-tunga-paket","10":"pa_brands-7safetron","11":"tm-no-options","13":"first","14":"instock","15":"featured","16":"taxable","17":"shipping-taxable","18":"purchasable","19":"product-type-simple"},"acf":[],"_links":{"self":[{"href":"https:\/\/secureus.se\/de\/wp-json\/wp\/v2\/product\/140987","targetHints":{"allow":["GET"]}}],"collection":[{"href":"https:\/\/secureus.se\/de\/wp-json\/wp\/v2\/product"}],"about":[{"href":"https:\/\/secureus.se\/de\/wp-json\/wp\/v2\/types\/product"}],"wp:featuredmedia":[{"embeddable":true,"href":"https:\/\/secureus.se\/de\/wp-json\/wp\/v2\/media\/140986"}],"wp:attachment":[{"href":"https:\/\/secureus.se\/de\/wp-json\/wp\/v2\/media?parent=140987"}],"wp:term":[{"taxonomy":"product_brand","embeddable":true,"href":"https:\/\/secureus.se\/de\/wp-json\/wp\/v2\/product_brand?post=140987"},{"taxonomy":"product_cat","embeddable":true,"href":"https:\/\/secureus.se\/de\/wp-json\/wp\/v2\/product_cat?post=140987"},{"taxonomy":"product_tag","embeddable":true,"href":"https:\/\/secureus.se\/de\/wp-json\/wp\/v2\/product_tag?post=140987"}],"curies":[{"name":"wp","href":"https:\/\/api.w.org\/{rel}","templated":true}]}}