{"id":141067,"date":"2023-03-20T10:49:17","date_gmt":"2023-03-20T09:49:17","guid":{"rendered":"https:\/\/secureus.se\/monteringsstolpe-sc30th-12\/"},"modified":"2026-01-12T13:11:40","modified_gmt":"2026-01-12T12:11:40","slug":"monteringsstolpe-sc30th-12","status":"publish","type":"product","link":"https:\/\/secureus.se\/de\/monteringsstolpe-sc30th-12\/","title":{"rendered":"Safetron Montagepfosten SC30TH-12"},"content":{"rendered":"<p>Abgewinkelter Montagepfosten aus Edelstahl f\u00fcr SAFETRON elektrische Endplatte ES22. Geeignet f\u00fcr Holz- und Metallrahmen, verwendet zusammen mit Doppelfallschl\u00f6ssern vom Typ connect\/evolution oder module.<\/p>\n<p>\u2022 Entspricht ST9536H<\/p>\n<p>\u2022 Zungengr\u00f6\u00dfe: 12 mm<\/p>\n<p>\u2022 Abmessungen: (HxBxT) 245x40x15 mm<\/p>","protected":false},"excerpt":{"rendered":"<h5><a href=\"https:\/\/www.safetron.com\/stolpguide\/\" target=\"_blank\" rel=\"noopener\">Leitfaden f\u00fcr Pfosten von Safetrons Mounting Posts<\/a><\/h5>","protected":false},"featured_media":141066,"template":"","meta":{"_acf_changed":false},"product_brand":[],"product_cat":[4735],"product_tag":[4447,4866],"class_list":{"0":"post-141067","1":"product","2":"type-product","3":"status-publish","4":"has-post-thumbnail","6":"product_cat-monteringsstolpe","7":"product_tag-safetron-montagestolpar-es22-sc","8":"product_tag-safetron-20","9":"product_shipping_class-tunga-paket","10":"pa_brands-7safetron","11":"tm-has-options","13":"first","14":"instock","15":"featured","16":"taxable","17":"shipping-taxable","18":"purchasable","19":"product-type-simple"},"acf":[],"_links":{"self":[{"href":"https:\/\/secureus.se\/de\/wp-json\/wp\/v2\/product\/141067","targetHints":{"allow":["GET"]}}],"collection":[{"href":"https:\/\/secureus.se\/de\/wp-json\/wp\/v2\/product"}],"about":[{"href":"https:\/\/secureus.se\/de\/wp-json\/wp\/v2\/types\/product"}],"wp:featuredmedia":[{"embeddable":true,"href":"https:\/\/secureus.se\/de\/wp-json\/wp\/v2\/media\/141066"}],"wp:attachment":[{"href":"https:\/\/secureus.se\/de\/wp-json\/wp\/v2\/media?parent=141067"}],"wp:term":[{"taxonomy":"product_brand","embeddable":true,"href":"https:\/\/secureus.se\/de\/wp-json\/wp\/v2\/product_brand?post=141067"},{"taxonomy":"product_cat","embeddable":true,"href":"https:\/\/secureus.se\/de\/wp-json\/wp\/v2\/product_cat?post=141067"},{"taxonomy":"product_tag","embeddable":true,"href":"https:\/\/secureus.se\/de\/wp-json\/wp\/v2\/product_tag?post=141067"}],"curies":[{"name":"wp","href":"https:\/\/api.w.org\/{rel}","templated":true}]}}