{"id":141296,"date":"2023-01-04T16:39:52","date_gmt":"2023-01-04T15:39:52","guid":{"rendered":"https:\/\/secureus.se\/kombinationsdetektor-ir-mv-tritech-15x15-m-for-utomhusbruk\/"},"modified":"2026-04-01T14:39:04","modified_gmt":"2026-04-01T12:39:04","slug":"bosch-kombinationsdetektor-ir-mv-tritech-15x15-m-for-utomhusbruk","status":"publish","type":"product","link":"https:\/\/secureus.se\/de\/bosch-kombinationsdetektor-ir-mv-tritech-15x15-m-for-utomhusbruk\/","title":{"rendered":"Bosch Kombinationsmelder IR\/MV Tritech 15\u00d715 m f\u00fcr den Au\u00dfenbereich"},"content":{"rendered":"<h1>Bosch Kombinationsmelder IR\/MV Tritech 15\u00d715 m f\u00fcr den Au\u00dfenbereich<\/h1>\n<p data-start=\"377\" data-end=\"1362\">Der IR\/MV-Kombinationsmelder Tritech OD850E von Bosch ist ein robuster und zuverl\u00e4ssiger Melder f\u00fcr den Einsatz im Freien und andere anspruchsvolle Umgebungen.<\/p>\n<p data-start=\"377\" data-end=\"1362\">Es kombiniert passive Infrarot- (PIR) und Mikrowellentechnologie, um eine genaue Erkennung zu erm\u00f6glichen.<\/p>\n<p data-start=\"377\" data-end=\"1362\">Der OD850E ist mit einer fortschrittlichen LTD-Signalverarbeitung (Linear Travel Distance) ausgestattet, die es ihm erm\u00f6glicht, kleine Bewegungen in der Umgebung zu ignorieren und so Fehlalarme zu minimieren.<br data-start=\"792\" data-end=\"795\" \/>Mit Doppelrelais f\u00fcr Mikrowelle und IR kann der Alarmausgang f\u00fcr verschiedene Erkennungsmethoden ausgew\u00e4hlt werden: sowohl IR als auch Mikrowelle f\u00fcr den Alarm oder entweder IR oder Mikrowelle.<\/p>\n<p data-start=\"377\" data-end=\"1362\">Der Detektor hat eine Abdeckung von 15 x 15 m und arbeitet in einem weiten Temperaturbereich von -35 bis +60 Grad Celsius.<br data-start=\"1066\" data-end=\"1069\" \/>Das OD850E verf\u00fcgt au\u00dferdem \u00fcber zwei Empfindlichkeitsstufen, die je nach Umgebung angepasst werden k\u00f6nnen: Standardempfindlichkeit zur Minimierung von Fehlalarmen und mittlere Stufe zur schnelleren Erkennung von Eindringlingen.<\/p>\n<p data-start=\"377\" data-end=\"1362\">Um eine weitere Anpassung zu gew\u00e4hrleisten, bietet es einen einstellbaren Zeitrelaisausgang f\u00fcr ein flexibles Alarmmanagement.<\/p>\n<p data-start=\"1364\" data-end=\"1394\"><strong data-start=\"1364\" data-end=\"1392\">Funktionen und Vorteile:<\/strong><\/p>\n<ul data-start=\"1395\" data-end=\"1804\">\n<li data-start=\"1395\" data-end=\"1454\">\n<p data-start=\"1397\" data-end=\"1454\">Kombination aus PIR- und Mikrowellentechnologie f\u00fcr hohe Sicherheit<\/p>\n<\/li>\n<li data-start=\"1455\" data-end=\"1503\">\n<p data-start=\"1457\" data-end=\"1503\">Abdeckung: 15 x 15 m f\u00fcr gro\u00dfe Au\u00dfenbereiche<\/p>\n<\/li>\n<li data-start=\"1504\" data-end=\"1559\">\n<p data-start=\"1506\" data-end=\"1559\">LTD-Signalverarbeitung zur Eliminierung kleiner Bewegungen<\/p>\n<\/li>\n<li data-start=\"1560\" data-end=\"1618\">\n<p data-start=\"1562\" data-end=\"1618\">Einstellbare Empfindlichkeitsstufen (Standard- und Zwischenmodus)<\/p>\n<\/li>\n<li data-start=\"1619\" data-end=\"1697\">\n<p data-start=\"1621\" data-end=\"1697\">Doppelrelais f\u00fcr benutzerdefinierte Alarmausg\u00e4nge: IR + MV oder nur IR oder MV<\/p>\n<\/li>\n<li data-start=\"1698\" data-end=\"1747\">\n<p data-start=\"1700\" data-end=\"1747\">Temperaturbereich: -35 bis +60 Grad Celsius<\/p>\n<\/li>\n<li data-start=\"1748\" data-end=\"1804\">\n<p data-start=\"1750\" data-end=\"1804\">Einstellbarer Zeitrelaisausgang f\u00fcr benutzerdefinierte Alarmbehandlung<\/p>\n<\/li>\n<\/ul>\n<p data-start=\"1806\" data-end=\"1837\"><strong data-start=\"1806\" data-end=\"1835\">Technische Spezifikationen:<\/strong><\/p>\n<ul data-start=\"1838\" data-end=\"2231\">\n<li data-start=\"1838\" data-end=\"1876\">\n<p data-start=\"1840\" data-end=\"1876\">Art der Erkennung: PIR und Mikrowelle<\/p>\n<\/li>\n<li data-start=\"1877\" data-end=\"1900\">\n<p data-start=\"1879\" data-end=\"1900\">Abdeckung: 15 x 15 m<\/p>\n<\/li>\n<li data-start=\"1901\" data-end=\"1939\">\n<p data-start=\"1903\" data-end=\"1939\">Relais: Dual f\u00fcr Mikrowelle und IR<\/p>\n<\/li>\n<li data-start=\"1940\" data-end=\"1977\">\n<p data-start=\"1942\" data-end=\"1977\">Temperaturbereich: -35 bis +60 \u00b0C<\/p>\n<\/li>\n<li data-start=\"1978\" data-end=\"2012\">\n<p data-start=\"1980\" data-end=\"2012\">Abmessungen (HxBxT): 165 x 82 x 63 mm<\/p>\n<\/li>\n<li data-start=\"2013\" data-end=\"2046\">\n<p data-start=\"2015\" data-end=\"2046\">Stromversorgung: 9 \u2013 15 V DC<\/p>\n<\/li>\n<li data-start=\"2047\" data-end=\"2125\">\n<p data-start=\"2049\" data-end=\"2125\">Funktionen: Motion Analyzer II-Verarbeitung, LTD-Mikrowellensignalverarbeitung<\/p>\n<\/li>\n<li data-start=\"2126\" data-end=\"2183\">\n<p data-start=\"2128\" data-end=\"2183\">Einstellbare Empfindlichkeitsstufen: Standard- und Zwischenmodus<\/p>\n<\/li>\n<li data-start=\"2184\" data-end=\"2231\">\n<p data-start=\"2186\" data-end=\"2231\">Einstellbarer Zeitrelaisausgang zur Alarmbehandlung<\/p>\n<\/li>\n<\/ul>","protected":false},"excerpt":{"rendered":"<p>Kombinationsmelder f\u00fcr den Au\u00dfenbereich mit IR- und Mikrowellentechnologie. 15 x 15 m Abdeckung, LTD-Signalverarbeitung und einstellbare Empfindlichkeitsstufen f\u00fcr optimale Erkennung.<\/p>","protected":false},"featured_media":141295,"template":"","meta":{"_acf_changed":false},"product_brand":[],"product_cat":[1325,4756],"product_tag":[2418],"class_list":{"0":"post-141296","1":"product","2":"type-product","3":"status-publish","4":"has-post-thumbnail","6":"product_cat-larmgivare-skalskydd","7":"product_cat-utomhussakerhet-tradade-larmenheter","8":"product_tag-rel-larmgivare","9":"product_shipping_class-postnord-varubrev","10":"pa_brands-bosch","11":"tm-no-options","13":"first","14":"instock","15":"sale","16":"featured","17":"taxable","18":"shipping-taxable","19":"purchasable","20":"product-type-simple"},"acf":[],"_links":{"self":[{"href":"https:\/\/secureus.se\/de\/wp-json\/wp\/v2\/product\/141296","targetHints":{"allow":["GET"]}}],"collection":[{"href":"https:\/\/secureus.se\/de\/wp-json\/wp\/v2\/product"}],"about":[{"href":"https:\/\/secureus.se\/de\/wp-json\/wp\/v2\/types\/product"}],"wp:featuredmedia":[{"embeddable":true,"href":"https:\/\/secureus.se\/de\/wp-json\/wp\/v2\/media\/141295"}],"wp:attachment":[{"href":"https:\/\/secureus.se\/de\/wp-json\/wp\/v2\/media?parent=141296"}],"wp:term":[{"taxonomy":"product_brand","embeddable":true,"href":"https:\/\/secureus.se\/de\/wp-json\/wp\/v2\/product_brand?post=141296"},{"taxonomy":"product_cat","embeddable":true,"href":"https:\/\/secureus.se\/de\/wp-json\/wp\/v2\/product_cat?post=141296"},{"taxonomy":"product_tag","embeddable":true,"href":"https:\/\/secureus.se\/de\/wp-json\/wp\/v2\/product_tag?post=141296"}],"curies":[{"name":"wp","href":"https:\/\/api.w.org\/{rel}","templated":true}]}}