{"id":141298,"date":"2023-05-10T09:54:28","date_gmt":"2023-05-10T07:54:28","guid":{"rendered":"https:\/\/secureus.se\/elqrb-pure-7x1-vit\/"},"modified":"2026-04-08T16:38:05","modified_gmt":"2026-04-08T14:38:05","slug":"elqrb-pure-7x1-vit","status":"publish","type":"product","link":"https:\/\/secureus.se\/de\/elqrb-pure-7x1-vit\/","title":{"rendered":"ELQRB PURE 7X1 WEISS"},"content":{"rendered":"<p>Halogenfreies Telekommunikationssignalkabel. Gibt im Brandfall keine korrosiven Gase ab und weist eine geringe Rauchdichte auf. In Telekommunikationsanlagen zur festen Verlegung im Innen- und Au\u00dfenbereich, auf einer Tr\u00e4gerleitung oder im Erdreich, wenn das Kabel vor mechanischer Besch\u00e4digung gesch\u00fctzt ist. Rotes Kabel wird als Streckenleitung in Brandmeldeanlagen verwendet.<\/p>","protected":false},"excerpt":{"rendered":"<p>Halogenfri telesignalkabel. Avger inga korrosiva gaser och har l\u00e5g r\u00f6kt\u00e4thet vid brand. I telesignalanl\u00e4ggningar f\u00f6r fast f\u00f6rl\u00e4ggning inom- och utomhus, p\u00e5 b\u00e4rlina eller i mark om kabeln skyddas mot mekanisk<\/p>","protected":false},"featured_media":141297,"template":"","meta":{"_acf_changed":false},"product_brand":[],"product_cat":[2678],"product_tag":[2487],"class_list":{"0":"post-141298","1":"product","2":"type-product","3":"status-publish","4":"has-post-thumbnail","6":"product_cat-telekabel-oskarmad","7":"product_tag-kabel-oskarmad","8":"product_shipping_class-tunga-paket","9":"tm-no-options","11":"first","12":"instock","13":"taxable","14":"shipping-taxable","15":"purchasable","16":"product-type-simple"},"acf":[],"_links":{"self":[{"href":"https:\/\/secureus.se\/de\/wp-json\/wp\/v2\/product\/141298","targetHints":{"allow":["GET"]}}],"collection":[{"href":"https:\/\/secureus.se\/de\/wp-json\/wp\/v2\/product"}],"about":[{"href":"https:\/\/secureus.se\/de\/wp-json\/wp\/v2\/types\/product"}],"wp:featuredmedia":[{"embeddable":true,"href":"https:\/\/secureus.se\/de\/wp-json\/wp\/v2\/media\/141297"}],"wp:attachment":[{"href":"https:\/\/secureus.se\/de\/wp-json\/wp\/v2\/media?parent=141298"}],"wp:term":[{"taxonomy":"product_brand","embeddable":true,"href":"https:\/\/secureus.se\/de\/wp-json\/wp\/v2\/product_brand?post=141298"},{"taxonomy":"product_cat","embeddable":true,"href":"https:\/\/secureus.se\/de\/wp-json\/wp\/v2\/product_cat?post=141298"},{"taxonomy":"product_tag","embeddable":true,"href":"https:\/\/secureus.se\/de\/wp-json\/wp\/v2\/product_tag?post=141298"}],"curies":[{"name":"wp","href":"https:\/\/api.w.org\/{rel}","templated":true}]}}