{"id":141776,"date":"2022-07-04T11:43:22","date_gmt":"2022-07-04T09:43:22","guid":{"rendered":"https:\/\/secureus.se\/monteringsstolpe-sb10\/"},"modified":"2025-12-31T20:26:49","modified_gmt":"2025-12-31T19:26:49","slug":"monteringsstolpe-sb10","status":"publish","type":"product","link":"https:\/\/secureus.se\/de\/monteringsstolpe-sb10\/","title":{"rendered":"Safetron Montagepfosten SB10"},"content":{"rendered":"<p>Abgewinkelter Montagepfosten aus Edelstahl f\u00fcr SAFETRON elektrische Endplatte ES10. Geeignet f\u00fcr Holz- und Metallrahmen, verwendet zusammen mit Einzelfallschl\u00f6ssern vom Typ connect\/evolution oder module. <\/p>\n<p>\u2022 Entspricht ASSA 510<br \/>\n<br \/>\n\u2022 Zungengr\u00f6\u00dfe: 14,5 mm<br \/>\n<br \/>\n\u2022 Abmessungen: (HxBxT) 180\u00d735 mm<\/p>","protected":false},"excerpt":{"rendered":"<p>Abgewinkelter Edelstahl-Montagepfosten f\u00fcr SAFETRON T\u00fcr\u00f6ffner ES10. Passend f\u00fcr Holz- und Metallrahmen, verwendet zusammen mit Einfallenschl\u00f6ssern vom Typ Connect\/Evolution oder Modul. \u2022 Entspricht ASSA 510 \u2022 Zungengr\u00f6\u00dfe: 14,5<\/p>","protected":false},"featured_media":141775,"template":"","meta":{"_acf_changed":false},"product_brand":[],"product_cat":[4735],"product_tag":[4440,4866],"class_list":{"0":"post-141776","1":"product","2":"type-product","3":"status-publish","4":"has-post-thumbnail","6":"product_cat-monteringsstolpe","7":"product_tag-safetron-montagestolpar-es17-es19-sa-modell","8":"product_tag-safetron-20","9":"product_shipping_class-tunga-paket","10":"pa_brands-7safetron","11":"tm-no-options","13":"first","14":"instock","15":"featured","16":"taxable","17":"shipping-taxable","18":"purchasable","19":"product-type-simple"},"acf":[],"_links":{"self":[{"href":"https:\/\/secureus.se\/de\/wp-json\/wp\/v2\/product\/141776","targetHints":{"allow":["GET"]}}],"collection":[{"href":"https:\/\/secureus.se\/de\/wp-json\/wp\/v2\/product"}],"about":[{"href":"https:\/\/secureus.se\/de\/wp-json\/wp\/v2\/types\/product"}],"wp:featuredmedia":[{"embeddable":true,"href":"https:\/\/secureus.se\/de\/wp-json\/wp\/v2\/media\/141775"}],"wp:attachment":[{"href":"https:\/\/secureus.se\/de\/wp-json\/wp\/v2\/media?parent=141776"}],"wp:term":[{"taxonomy":"product_brand","embeddable":true,"href":"https:\/\/secureus.se\/de\/wp-json\/wp\/v2\/product_brand?post=141776"},{"taxonomy":"product_cat","embeddable":true,"href":"https:\/\/secureus.se\/de\/wp-json\/wp\/v2\/product_cat?post=141776"},{"taxonomy":"product_tag","embeddable":true,"href":"https:\/\/secureus.se\/de\/wp-json\/wp\/v2\/product_tag?post=141776"}],"curies":[{"name":"wp","href":"https:\/\/api.w.org\/{rel}","templated":true}]}}