{"id":141885,"date":"2022-07-04T10:40:06","date_gmt":"2022-07-04T08:40:06","guid":{"rendered":"https:\/\/secureus.se\/monteringsstolpe-sa70\/"},"modified":"2026-01-12T13:17:09","modified_gmt":"2026-01-12T12:17:09","slug":"monteringsstolpe-sa70","status":"publish","type":"product","link":"https:\/\/secureus.se\/de\/monteringsstolpe-sa70\/","title":{"rendered":"Safetron Montagepfosten SA70"},"content":{"rendered":"<p>Flacher Montagepfosten aus Edelstahl f\u00fcr elektrische SAFETRON-Endplatten der Standardserie: ES17 \/ ES19. Abgestimmt auf das SCH\u00dcCO Profilsystem ADS 70 HD, verwendbar in Verbindung mit Doppel- oder Einfallschl\u00f6ssern vom Typ connect\/evolution oder module. 1<\/p>\n<p>\u2022 Angepasst an SCH\u00dcCO ADS 70 HD<br \/>\n<br \/>\n\u2022 Entspricht ST 4027<br \/>\n<br \/>\n\u2022 Zungenma\u00dfe: 31,5 mm<br \/>\n<br \/>\n\u2022 Abmessungen: (HxB) 200\u00d753 mm<\/p>","protected":false},"excerpt":{"rendered":"<p>Plan monteringsstolpe i rostfritt st\u00e5l f\u00f6r SAFETRON elslutbleck i standardserien: ES17 \/ ES19. Anpassad f\u00f6r SCH\u00dcCO profilsystem ADS 70 HD, anv\u00e4nds tillsammans med dubbel- eller enkelfall\u00e5s av typen connect\/evolution eller<\/p>","protected":false},"featured_media":141883,"template":"","meta":{"_acf_changed":false},"product_brand":[],"product_cat":[4735],"product_tag":[4440,4866],"class_list":{"0":"post-141885","1":"product","2":"type-product","3":"status-publish","4":"has-post-thumbnail","6":"product_cat-monteringsstolpe","7":"product_tag-safetron-montagestolpar-es17-es19-sa-modell","8":"product_tag-safetron-20","9":"product_shipping_class-tunga-paket","10":"pa_brands-7safetron","11":"tm-no-options","13":"first","14":"instock","15":"featured","16":"taxable","17":"shipping-taxable","18":"purchasable","19":"product-type-simple"},"acf":[],"_links":{"self":[{"href":"https:\/\/secureus.se\/de\/wp-json\/wp\/v2\/product\/141885","targetHints":{"allow":["GET"]}}],"collection":[{"href":"https:\/\/secureus.se\/de\/wp-json\/wp\/v2\/product"}],"about":[{"href":"https:\/\/secureus.se\/de\/wp-json\/wp\/v2\/types\/product"}],"wp:featuredmedia":[{"embeddable":true,"href":"https:\/\/secureus.se\/de\/wp-json\/wp\/v2\/media\/141883"}],"wp:attachment":[{"href":"https:\/\/secureus.se\/de\/wp-json\/wp\/v2\/media?parent=141885"}],"wp:term":[{"taxonomy":"product_brand","embeddable":true,"href":"https:\/\/secureus.se\/de\/wp-json\/wp\/v2\/product_brand?post=141885"},{"taxonomy":"product_cat","embeddable":true,"href":"https:\/\/secureus.se\/de\/wp-json\/wp\/v2\/product_cat?post=141885"},{"taxonomy":"product_tag","embeddable":true,"href":"https:\/\/secureus.se\/de\/wp-json\/wp\/v2\/product_tag?post=141885"}],"curies":[{"name":"wp","href":"https:\/\/api.w.org\/{rel}","templated":true}]}}