{"id":141920,"date":"2022-07-04T11:24:44","date_gmt":"2022-07-04T09:24:44","guid":{"rendered":"https:\/\/secureus.se\/monteringsstolpe-sa65-15\/"},"modified":"2026-01-12T13:10:55","modified_gmt":"2026-01-12T12:10:55","slug":"monteringsstolpe-sa65-15","status":"publish","type":"product","link":"https:\/\/secureus.se\/de\/monteringsstolpe-sa65-15\/","title":{"rendered":"Safetron Montagepfosten SA65-15"},"content":{"rendered":"<p>Abgewinkelter Montagepfosten aus Edelstahl f\u00fcr SAFETRON-Elektroendplatten der Standardserie: ES17 \/ ES19. Geeignet f\u00fcr Holz- und Metallrahmen, in Verbindung mit Doppel- oder Einzelfallschl\u00f6ssern vom Typ connect\/evolution oder module. <\/p>\n<p>\u2022 Entspricht ST 4011-15<br \/>\n<br \/>\n\u2022 Zungengr\u00f6\u00dfe: 15 mm<br \/>\n<br \/>\n\u2022 Abmessungen: (HxBxT) 150x40x15 mm<\/p>","protected":false},"excerpt":{"rendered":"<p>Abgewinkelter Edelstahl-Montagepfosten f\u00fcr SAFETRON Elektro-T\u00fcr\u00f6ffner der Standardserie: ES17 \/ ES19. Geeignet f\u00fcr Holz- und Metallrahmen, zur Verwendung mit Doppel- oder Einzelriegelschl\u00f6ssern vom Typ Connect\/Evolution oder Modul. \u2022<\/p>","protected":false},"featured_media":141919,"template":"","meta":{"_acf_changed":false},"product_brand":[],"product_cat":[4735],"product_tag":[4440,4866],"class_list":{"0":"post-141920","1":"product","2":"type-product","3":"status-publish","4":"has-post-thumbnail","6":"product_cat-monteringsstolpe","7":"product_tag-safetron-montagestolpar-es17-es19-sa-modell","8":"product_tag-safetron-20","9":"product_shipping_class-tunga-paket","10":"pa_brands-7safetron","11":"tm-has-options","13":"first","14":"instock","15":"featured","16":"taxable","17":"shipping-taxable","18":"purchasable","19":"product-type-simple"},"acf":[],"_links":{"self":[{"href":"https:\/\/secureus.se\/de\/wp-json\/wp\/v2\/product\/141920","targetHints":{"allow":["GET"]}}],"collection":[{"href":"https:\/\/secureus.se\/de\/wp-json\/wp\/v2\/product"}],"about":[{"href":"https:\/\/secureus.se\/de\/wp-json\/wp\/v2\/types\/product"}],"wp:featuredmedia":[{"embeddable":true,"href":"https:\/\/secureus.se\/de\/wp-json\/wp\/v2\/media\/141919"}],"wp:attachment":[{"href":"https:\/\/secureus.se\/de\/wp-json\/wp\/v2\/media?parent=141920"}],"wp:term":[{"taxonomy":"product_brand","embeddable":true,"href":"https:\/\/secureus.se\/de\/wp-json\/wp\/v2\/product_brand?post=141920"},{"taxonomy":"product_cat","embeddable":true,"href":"https:\/\/secureus.se\/de\/wp-json\/wp\/v2\/product_cat?post=141920"},{"taxonomy":"product_tag","embeddable":true,"href":"https:\/\/secureus.se\/de\/wp-json\/wp\/v2\/product_tag?post=141920"}],"curies":[{"name":"wp","href":"https:\/\/api.w.org\/{rel}","templated":true}]}}