{"id":141974,"date":"2022-07-04T10:47:15","date_gmt":"2022-07-04T08:47:15","guid":{"rendered":"https:\/\/secureus.se\/monteringsstolpe-sa87-21\/"},"modified":"2026-01-12T13:18:53","modified_gmt":"2026-01-12T12:18:53","slug":"monteringsstolpe-sa87-21","status":"publish","type":"product","link":"https:\/\/secureus.se\/de\/monteringsstolpe-sa87-21\/","title":{"rendered":"Safetron Montagepfosten SA87-21"},"content":{"rendered":"<p>Flacher Montagepfosten aus Edelstahl f\u00fcr elektrische SAFETRON-Endplatten der Standardserie: ES17 \/ ES19. Geeignet f\u00fcr Holz- und Metallrahmen, in Verbindung mit Doppel- oder Einzelfallschl\u00f6ssern vom Typ connect\/evolution oder module. <\/p>\n<p>\u2022 Passende Sicherheitsendplatte 1487-4<br \/>\n<br \/>\n\u2022 Entspricht ST 4009-21<br \/>\n<br \/>\n\u2022 Zungenma\u00dfe: 21 mm<br \/>\n<br \/>\n\u2022 Abmessungen: (HxB) 200\u00d745 mm<\/p>","protected":false},"excerpt":{"rendered":"<p>Flacher Edelstahl-Montagepfosten f\u00fcr SAFETRON Elektro-T\u00fcr\u00f6ffner der Standardserie: ES17 \/ ES19. Geeignet f\u00fcr Holz- und Metallrahmen, zur Verwendung mit Doppel- oder Einzelriegelschl\u00f6ssern vom Typ Connect\/Evolution oder Modul. \u2022<\/p>","protected":false},"featured_media":141973,"template":"","meta":{"_acf_changed":false},"product_brand":[],"product_cat":[4735],"product_tag":[4440,4866],"class_list":{"0":"post-141974","1":"product","2":"type-product","3":"status-publish","4":"has-post-thumbnail","6":"product_cat-monteringsstolpe","7":"product_tag-safetron-montagestolpar-es17-es19-sa-modell","8":"product_tag-safetron-20","9":"product_shipping_class-tunga-paket","10":"pa_brands-7safetron","11":"tm-has-options","13":"first","14":"instock","15":"featured","16":"taxable","17":"shipping-taxable","18":"purchasable","19":"product-type-simple"},"acf":[],"_links":{"self":[{"href":"https:\/\/secureus.se\/de\/wp-json\/wp\/v2\/product\/141974","targetHints":{"allow":["GET"]}}],"collection":[{"href":"https:\/\/secureus.se\/de\/wp-json\/wp\/v2\/product"}],"about":[{"href":"https:\/\/secureus.se\/de\/wp-json\/wp\/v2\/types\/product"}],"wp:featuredmedia":[{"embeddable":true,"href":"https:\/\/secureus.se\/de\/wp-json\/wp\/v2\/media\/141973"}],"wp:attachment":[{"href":"https:\/\/secureus.se\/de\/wp-json\/wp\/v2\/media?parent=141974"}],"wp:term":[{"taxonomy":"product_brand","embeddable":true,"href":"https:\/\/secureus.se\/de\/wp-json\/wp\/v2\/product_brand?post=141974"},{"taxonomy":"product_cat","embeddable":true,"href":"https:\/\/secureus.se\/de\/wp-json\/wp\/v2\/product_cat?post=141974"},{"taxonomy":"product_tag","embeddable":true,"href":"https:\/\/secureus.se\/de\/wp-json\/wp\/v2\/product_tag?post=141974"}],"curies":[{"name":"wp","href":"https:\/\/api.w.org\/{rel}","templated":true}]}}