{"id":142174,"date":"2022-07-04T10:08:35","date_gmt":"2022-07-04T08:08:35","guid":{"rendered":"https:\/\/secureus.se\/slutbleck-107-5\/"},"modified":"2026-01-12T13:15:43","modified_gmt":"2026-01-12T12:15:43","slug":"slutbleck-107-5","status":"publish","type":"product","link":"https:\/\/secureus.se\/de\/slutbleck-107-5\/","title":{"rendered":"Endplatte 107-5"},"content":{"rendered":"<h1>Endplatte 107-5<\/h1>\n<p class=\"\" data-start=\"265\" data-end=\"719\">Das Schlie\u00dfblech 107-5 ist ein Schlie\u00dfblech mit schmalem Profil, das f\u00fcr den Einsatz in Holz-, Aluminium- oder Stahlrahmen geeignet ist.<\/p>\n<p class=\"\" data-start=\"265\" data-end=\"719\">Es ist nach SSF 3522 Schlossklasse 5 zertifiziert, was eine hohe Sicherheit und Zuverl\u00e4ssigkeit gew\u00e4hrleistet.<\/p>\n<p class=\"\" data-start=\"265\" data-end=\"719\">Das Schlie\u00dfblech ist mit einem verstellbaren Magneten ausgestattet und besteht aus rostfreiem Stahl f\u00fcr eine lange Haltbarkeit. Das Schlie\u00dfblech 107-5 wird zusammen mit SAFETRON 6500 verwendet und bietet eine robuste L\u00f6sung f\u00fcr T\u00fcren mit hohen Sicherheitsanforderungen.<\/p>\n<p class=\"\" data-start=\"721\" data-end=\"738\"><strong data-start=\"721\" data-end=\"735\">Eigenschaften<\/strong>:<\/p>\n<ul data-start=\"739\" data-end=\"954\">\n<li class=\"\" data-start=\"739\" data-end=\"798\">\n<p class=\"\" data-start=\"741\" data-end=\"798\">Schmales Profildesign f\u00fcr Holz-, Aluminium- oder Stahlrahmen<\/p>\n<\/li>\n<li class=\"\" data-start=\"799\" data-end=\"841\">\n<p class=\"\" data-start=\"801\" data-end=\"841\">Zertifiziert nach SSF 3522 Schlossklasse 5<\/p>\n<\/li>\n<li class=\"\" data-start=\"842\" data-end=\"868\">\n<p class=\"\" data-start=\"844\" data-end=\"868\">Einstellbarer Magnet enthalten<\/p>\n<\/li>\n<li class=\"\" data-start=\"869\" data-end=\"920\">\n<p class=\"\" data-start=\"871\" data-end=\"920\">Aus rostfreiem Stahl f\u00fcr lange Haltbarkeit<\/p>\n<\/li>\n<li class=\"\" data-start=\"921\" data-end=\"954\">\n<p class=\"\" data-start=\"923\" data-end=\"954\">Kompatibel mit SAFETRON 6500<\/p>\n<\/li>\n<\/ul>\n<p class=\"\" data-start=\"956\" data-end=\"975\"><strong data-start=\"956\" data-end=\"972\">Technische Daten<\/strong>:<\/p>\n<ul data-start=\"976\" data-end=\"1114\">\n<li class=\"\" data-start=\"976\" data-end=\"1008\">\n<p class=\"\" data-start=\"978\" data-end=\"1008\"><strong data-start=\"978\" data-end=\"990\">Material<\/strong>: Edelstahl<\/p>\n<\/li>\n<li class=\"\" data-start=\"1009\" data-end=\"1034\">\n<p class=\"\" data-start=\"1011\" data-end=\"1034\"><strong data-start=\"1011\" data-end=\"1021\">Magnet<\/strong>: Einstellbar<\/p>\n<\/li>\n<li class=\"\" data-start=\"1035\" data-end=\"1072\">\n<p class=\"\" data-start=\"1037\" data-end=\"1072\"><strong data-start=\"1037\" data-end=\"1055\">Kompatibel mit<\/strong>: SAFETRON 6500<\/p>\n<\/li>\n<li class=\"\" data-start=\"1073\" data-end=\"1114\">\n<p class=\"\" data-start=\"1075\" data-end=\"1114\"><strong data-start=\"1075\" data-end=\"1091\">Zertifizierung<\/strong>: SSF 3522 Schlossklasse 5<\/p>\n<\/li>\n<\/ul>","protected":false},"excerpt":{"rendered":"<p>Schmalprofil-Schlie\u00dfblech zertifiziert nach SSF 3522 Schlossklasse 5, f\u00fcr Holz-, Aluminium- oder Stahlzargen. Einstellbarer Magnet inklusive, aus Edelstahl.<\/p>","protected":false},"featured_media":142173,"template":"","meta":{"_acf_changed":false},"product_brand":[],"product_cat":[3355],"product_tag":[4504,4866,4505],"class_list":{"0":"post-142174","1":"product","2":"type-product","3":"status-publish","4":"has-post-thumbnail","6":"product_cat-elslutbleck","7":"product_tag-ellas-tillbehor-slutbleck","8":"product_tag-safetron-20","9":"product_tag-safetron-tillbehor-600-serien","10":"product_shipping_class-tunga-paket","11":"pa_brands-7safetron","12":"tm-has-options","14":"first","15":"instock","16":"featured","17":"taxable","18":"shipping-taxable","19":"purchasable","20":"product-type-simple"},"acf":[],"_links":{"self":[{"href":"https:\/\/secureus.se\/de\/wp-json\/wp\/v2\/product\/142174","targetHints":{"allow":["GET"]}}],"collection":[{"href":"https:\/\/secureus.se\/de\/wp-json\/wp\/v2\/product"}],"about":[{"href":"https:\/\/secureus.se\/de\/wp-json\/wp\/v2\/types\/product"}],"wp:featuredmedia":[{"embeddable":true,"href":"https:\/\/secureus.se\/de\/wp-json\/wp\/v2\/media\/142173"}],"wp:attachment":[{"href":"https:\/\/secureus.se\/de\/wp-json\/wp\/v2\/media?parent=142174"}],"wp:term":[{"taxonomy":"product_brand","embeddable":true,"href":"https:\/\/secureus.se\/de\/wp-json\/wp\/v2\/product_brand?post=142174"},{"taxonomy":"product_cat","embeddable":true,"href":"https:\/\/secureus.se\/de\/wp-json\/wp\/v2\/product_cat?post=142174"},{"taxonomy":"product_tag","embeddable":true,"href":"https:\/\/secureus.se\/de\/wp-json\/wp\/v2\/product_tag?post=142174"}],"curies":[{"name":"wp","href":"https:\/\/api.w.org\/{rel}","templated":true}]}}