{"id":142333,"date":"2022-06-29T12:46:56","date_gmt":"2022-06-29T10:46:56","guid":{"rendered":"https:\/\/secureus.se\/ir-detektor-60m-ve735\/"},"modified":"2026-04-08T16:51:50","modified_gmt":"2026-04-08T14:51:50","slug":"ir-detektor-60m-ve735","status":"publish","type":"product","link":"https:\/\/secureus.se\/de\/ir-detektor-60m-ve735\/","title":{"rendered":"IR-Detektor Ve735 \u2013 20 Meter Winkel oder 60 Meter langer Strahl"},"content":{"rendered":"<h1>IR-Detektor Ve735 \u2013 20 Meter Winkel oder 60 Meter langer Strahl<\/h1>\n<p data-start=\"339\" data-end=\"1577\">Der IR-Detektor VE735 ist ein fortschrittlicher PIR-Detektor, der einen Winkel von 20 Metern oder eine gro\u00dfe Reichweite von 60 Metern bietet.<\/p>\n<p data-start=\"339\" data-end=\"1577\">Ausgestattet mit einem patentierten Pyroelement und DSP-Algorithmen liefert der VE735 ein mehrdimensionales Signalbild, das nicht nur das Vorhandensein einer W\u00e4rmequelle identifiziert, sondern auch deren Richtung bestimmt.<\/p>\n<p data-start=\"339\" data-end=\"1577\">Dieses einzigartige Design bietet eine erhebliche Verbesserung der PIR-Erkennungstechnologie.<br data-start=\"761\" data-end=\"764\" \/>Die Erkennung des VE735 basiert auf einem mehrdimensionalen Signal vom Pyroelement, wodurch er zwischen verschiedenen Arten von W\u00e4rmequellen unterscheiden kann, einschlie\u00dflich statischer Quellen, die keinen Alarm ausl\u00f6sen.<\/p>\n<p data-start=\"339\" data-end=\"1577\">Dank der DSP-Algorithmen kann der VE735 Signale von statischen W\u00e4rmequellen herausfiltern und nur bei Bewegungsmustern Alarm schlagen, die auf einen potenziellen Eindringling hinweisen.<\/p>\n<p data-start=\"339\" data-end=\"1577\">Dies bedeutet hohe Sicherheit und genaue Erkennung ohne Fehlalarme.<br data-start=\"1191\" data-end=\"1194\" \/>Um die Erkennung noch weiter zu verbessern, nutzt der VE735 die HDO-Spiegeltechnologie (High Density Optics). HDO erm\u00f6glicht mehr und breitere Vorh\u00e4nge, ohne dass die Spiegelgr\u00f6\u00dfe vergr\u00f6\u00dfert werden muss.<\/p>\n<p data-start=\"339\" data-end=\"1577\">Mit einem 90-Grad-Spiegel und 11 Vorh\u00e4ngen kann ein effektiver und umfassender Schutz geschaffen werden.<\/p>\n<p data-start=\"339\" data-end=\"1577\">Dies macht den VE735 zu einer optimalen L\u00f6sung, um sowohl bei Winkel- als auch bei Langstrahlanwendungen hohe Sicherheit zu gew\u00e4hrleisten.<\/p>\n<p data-start=\"1579\" data-end=\"1609\"><strong data-start=\"1579\" data-end=\"1607\">Funktionen und Vorteile:<\/strong><\/p>\n<ul data-start=\"1610\" data-end=\"2079\">\n<li data-start=\"1610\" data-end=\"1693\">\n<p data-start=\"1612\" data-end=\"1693\">20 Meter Winkel oder 60 Meter lange Strahlabdeckung f\u00fcr flexible Installation<\/p>\n<\/li>\n<li data-start=\"1694\" data-end=\"1770\">\n<p data-start=\"1696\" data-end=\"1770\">Patentiertes Pyroelement f\u00fcr mehrdimensionale Erkennung und pr\u00e4zises Zielen<\/p>\n<\/li>\n<li data-start=\"1771\" data-end=\"1852\">\n<p data-start=\"1773\" data-end=\"1852\">DSP-Algorithmen zum Herausfiltern von St\u00f6rungen durch statische W\u00e4rmequellen<\/p>\n<\/li>\n<li data-start=\"1853\" data-end=\"1937\">\n<p data-start=\"1855\" data-end=\"1937\">Hohe Sicherheit durch Filterung ausschlie\u00dflich der Bewegungsmuster potenzieller Eindringlinge<\/p>\n<\/li>\n<li data-start=\"1938\" data-end=\"2009\">\n<p data-start=\"1940\" data-end=\"2009\">HDO-Spiegeloptik f\u00fcr mehr und breitere Vorh\u00e4nge ohne Vergr\u00f6\u00dferung der Spiegelgr\u00f6\u00dfe<\/p>\n<\/li>\n<li data-start=\"2010\" data-end=\"2079\">\n<p data-start=\"2012\" data-end=\"2079\">90-Grad-Spiegel und 11 Vorh\u00e4nge f\u00fcr eine effiziente und genaue Erkennung<\/p>\n<\/li>\n<\/ul>\n<p data-start=\"2081\" data-end=\"2112\"><strong data-start=\"2081\" data-end=\"2110\">Technische Spezifikationen:<\/strong><\/p>\n<ul data-start=\"2113\" data-end=\"2416\">\n<li data-start=\"2113\" data-end=\"2171\">\n<p data-start=\"2115\" data-end=\"2171\">Abdeckung: 20 Meter Winkel oder 60 Meter langer Strahl<\/p>\n<\/li>\n<li data-start=\"2172\" data-end=\"2214\">\n<p data-start=\"2174\" data-end=\"2214\">Abdeckung: 90 Grad mit 11 Vorh\u00e4ngen<\/p>\n<\/li>\n<li data-start=\"2215\" data-end=\"2272\">\n<p data-start=\"2217\" data-end=\"2272\">Technologie: Patentierte Pyroelement- und DSP-Erkennung<\/p>\n<\/li>\n<li data-start=\"2273\" data-end=\"2313\">\n<p data-start=\"2275\" data-end=\"2313\">HDO-Spiegeloptik f\u00fcr maximale Abdeckung<\/p>\n<\/li>\n<li data-start=\"2314\" data-end=\"2346\">\n<p data-start=\"2316\" data-end=\"2346\">Stromversorgung: 9 \u2013 15 VDC<\/p>\n<\/li>\n<li data-start=\"2347\" data-end=\"2374\">\n<p data-start=\"2349\" data-end=\"2374\">Stromaufnahme: 10 mA<\/p>\n<\/li>\n<li data-start=\"2375\" data-end=\"2416\">\n<p data-start=\"2377\" data-end=\"2416\">Abmessungen: Standardabmessungen f\u00fcr PIR-Detektoren<\/p>\n<\/li>\n<\/ul>","protected":false},"excerpt":{"rendered":"<p>PIR-Detektor mit 20-Meter-Winkel oder 60-Meter-Gro\u00dfreichweite.<\/p>\n<p>Patentierte Pyroelement- und DSP-Algorithmen f\u00fcr mehrdimensionale Erkennung und hohe Sicherheit.<\/p>","protected":false},"featured_media":142331,"template":"","meta":{"_acf_changed":false},"product_brand":[],"product_cat":[1325],"product_tag":[2145,2465],"class_list":{"0":"post-142333","1":"product","2":"type-product","3":"status-publish","4":"has-post-thumbnail","6":"product_cat-larmgivare-skalskydd","7":"product_tag-rorelsedetektor-ir-detektorer","8":"product_tag-sbsc-larmklass2","9":"product_shipping_class-tunga-paket","10":"pa_brands-aritech","11":"tm-no-options","13":"first","14":"instock","15":"sale","16":"taxable","17":"shipping-taxable","18":"purchasable","19":"product-type-simple"},"acf":[],"_links":{"self":[{"href":"https:\/\/secureus.se\/de\/wp-json\/wp\/v2\/product\/142333","targetHints":{"allow":["GET"]}}],"collection":[{"href":"https:\/\/secureus.se\/de\/wp-json\/wp\/v2\/product"}],"about":[{"href":"https:\/\/secureus.se\/de\/wp-json\/wp\/v2\/types\/product"}],"wp:featuredmedia":[{"embeddable":true,"href":"https:\/\/secureus.se\/de\/wp-json\/wp\/v2\/media\/142331"}],"wp:attachment":[{"href":"https:\/\/secureus.se\/de\/wp-json\/wp\/v2\/media?parent=142333"}],"wp:term":[{"taxonomy":"product_brand","embeddable":true,"href":"https:\/\/secureus.se\/de\/wp-json\/wp\/v2\/product_brand?post=142333"},{"taxonomy":"product_cat","embeddable":true,"href":"https:\/\/secureus.se\/de\/wp-json\/wp\/v2\/product_cat?post=142333"},{"taxonomy":"product_tag","embeddable":true,"href":"https:\/\/secureus.se\/de\/wp-json\/wp\/v2\/product_tag?post=142333"}],"curies":[{"name":"wp","href":"https:\/\/api.w.org\/{rel}","templated":true}]}}