{"id":142344,"date":"2022-07-04T10:46:09","date_gmt":"2022-07-04T08:46:09","guid":{"rendered":"https:\/\/secureus.se\/monteringsstolpe-sa31-17\/"},"modified":"2026-01-12T13:13:55","modified_gmt":"2026-01-12T12:13:55","slug":"monteringsstolpe-sa31-17","status":"publish","type":"product","link":"https:\/\/secureus.se\/de\/monteringsstolpe-sa31-17\/","title":{"rendered":"Safetron Montagepfosten SA31-17"},"content":{"rendered":"<p>Flacher Montagepfosten aus Edelstahl f\u00fcr elektrische SAFETRON-Endplatten der Standardserie: ES17 \/ ES19. Geeignet f\u00fcr Holz- und Metallrahmen, in Verbindung mit Doppel- oder Einzelfallschl\u00f6ssern vom Typ connect\/evolution oder module. <\/p>\n<p>\u2022 Entspricht ST 4001-17<br \/>\n<br \/>\n\u2022 Zungengr\u00f6\u00dfe: 17 mm<br \/>\n<br \/>\n\u2022 Abmessungen: (HxB) 245\u00d742 mm<\/p>","protected":false},"excerpt":{"rendered":"<p>Flacher Edelstahl-Montagepfosten f\u00fcr SAFETRON Elektro-T\u00fcr\u00f6ffner der Standardserie: ES17 \/ ES19. Geeignet f\u00fcr Holz- und Metallrahmen, zur Verwendung mit Doppel- oder Einzelriegelschl\u00f6ssern vom Typ Connect\/Evolution oder Modul. \u2022<\/p>","protected":false},"featured_media":142343,"template":"","meta":{"_acf_changed":false},"product_brand":[],"product_cat":[4735],"product_tag":[4440,4866],"class_list":{"0":"post-142344","1":"product","2":"type-product","3":"status-publish","4":"has-post-thumbnail","6":"product_cat-monteringsstolpe","7":"product_tag-safetron-montagestolpar-es17-es19-sa-modell","8":"product_tag-safetron-20","9":"product_shipping_class-tunga-paket","10":"pa_brands-7safetron","11":"tm-no-options","13":"first","14":"instock","15":"sale","16":"featured","17":"taxable","18":"shipping-taxable","19":"purchasable","20":"product-type-simple"},"acf":[],"_links":{"self":[{"href":"https:\/\/secureus.se\/de\/wp-json\/wp\/v2\/product\/142344","targetHints":{"allow":["GET"]}}],"collection":[{"href":"https:\/\/secureus.se\/de\/wp-json\/wp\/v2\/product"}],"about":[{"href":"https:\/\/secureus.se\/de\/wp-json\/wp\/v2\/types\/product"}],"wp:featuredmedia":[{"embeddable":true,"href":"https:\/\/secureus.se\/de\/wp-json\/wp\/v2\/media\/142343"}],"wp:attachment":[{"href":"https:\/\/secureus.se\/de\/wp-json\/wp\/v2\/media?parent=142344"}],"wp:term":[{"taxonomy":"product_brand","embeddable":true,"href":"https:\/\/secureus.se\/de\/wp-json\/wp\/v2\/product_brand?post=142344"},{"taxonomy":"product_cat","embeddable":true,"href":"https:\/\/secureus.se\/de\/wp-json\/wp\/v2\/product_cat?post=142344"},{"taxonomy":"product_tag","embeddable":true,"href":"https:\/\/secureus.se\/de\/wp-json\/wp\/v2\/product_tag?post=142344"}],"curies":[{"name":"wp","href":"https:\/\/api.w.org\/{rel}","templated":true}]}}