{"id":142542,"date":"2022-06-29T12:46:31","date_gmt":"2022-06-29T10:46:31","guid":{"rendered":"https:\/\/secureus.se\/ir-detektor-tak-ir261\/"},"modified":"2026-04-08T16:52:42","modified_gmt":"2026-04-08T14:52:42","slug":"ir-detektor-tak-ir261","status":"publish","type":"product","link":"https:\/\/secureus.se\/de\/ir-detektor-tak-ir261\/","title":{"rendered":"IR-Detektor Decke IR261 \u2013 360 Grad 4,2 bis 18,2 Meter je nach Installationsh\u00f6he"},"content":{"rendered":"<h1>IR-Detektor Decke IR261 \u2013 360 Grad 4,2 bis 18,2 Meter je nach Installationsh\u00f6he<\/h1>\n<p data-start=\"316\" data-end=\"1255\">Der IR-Detektor Decke IR261 ist ein zuverl\u00e4ssiger und einfach zu installierender Detektor mit 360-Grad-Abdeckung, der f\u00fcr eine genaue Erkennung in gro\u00dfen R\u00e4umen, offenen B\u00fcror\u00e4umen, Einzelhandelsfl\u00e4chen, Korridorkreuzungen und Lagerhallen konzipiert ist.<\/p>\n<p data-start=\"316\" data-end=\"1255\">Mit einer Reichweite von bis zu 18,2 Metern, abh\u00e4ngig von der Installationsh\u00f6he, bietet der IR261 die n\u00f6tige Flexibilit\u00e4t, um den Anforderungen unterschiedlicher Umgebungen gerecht zu werden.<br data-start=\"708\" data-end=\"711\" \/>Er verf\u00fcgt \u00fcber vier Stufen zur Empfindlichkeitseinstellung und eine LED-Anzeige f\u00fcr den Gehtest, sodass sich der Melder problemlos an spezifische Installationsanforderungen anpassen l\u00e4sst.<\/p>\n<p data-start=\"316\" data-end=\"1255\">Der IR261 hat eine Stromaufnahme von 25 mA (35 mA im Alarmfall) und eine Spannungsversorgung zwischen 10,5 und 18 V DC.<br data-start=\"976\" data-end=\"979\" \/>Zur Erh\u00f6hung der Sicherheit ist es mit einem Sabotageausgang (NC \/ 30 V DC, 50 mA) ausgestattet.<\/p>\n<p data-start=\"316\" data-end=\"1255\">Es ist au\u00dferdem f\u00fcr den Einsatz in einem Temperaturbereich von -15 \u00b0C bis +55 \u00b0C zugelassen und verf\u00fcgt \u00fcber die Schutzart IP41 gem\u00e4\u00df IEC529, wodurch es robust genug f\u00fcr den Einsatz in vielen verschiedenen Umgebungen ist.<\/p>\n<p data-start=\"1257\" data-end=\"1287\"><strong data-start=\"1257\" data-end=\"1285\">Funktionen und Vorteile:<\/strong><\/p>\n<ul data-start=\"1288\" data-end=\"1728\">\n<li data-start=\"1288\" data-end=\"1336\">\n<p data-start=\"1290\" data-end=\"1336\">360-Grad-\u00dcberwachung f\u00fcr umfassende Abdeckung<\/p>\n<\/li>\n<li data-start=\"1337\" data-end=\"1399\">\n<p data-start=\"1339\" data-end=\"1399\">Reichweite bis zu 18,2 Meter je nach Montageh\u00f6he<\/p>\n<\/li>\n<li data-start=\"1400\" data-end=\"1465\">\n<p data-start=\"1402\" data-end=\"1465\">Geeignet f\u00fcr gro\u00dfe R\u00e4ume, offene B\u00fcrofl\u00e4chen und Lagerhallen<\/p>\n<\/li>\n<li data-start=\"1466\" data-end=\"1532\">\n<p data-start=\"1468\" data-end=\"1532\">Vier Empfindlichkeitsstufen f\u00fcr eine individuelle Erkennung<\/p>\n<\/li>\n<li data-start=\"1533\" data-end=\"1587\">\n<p data-start=\"1535\" data-end=\"1587\">LED-Anzeige f\u00fcr Gehtest und schnelle Installation<\/p>\n<\/li>\n<li data-start=\"1588\" data-end=\"1647\">\n<p data-start=\"1590\" data-end=\"1647\">Sabotageausgang (NC \/ 30 V DC, 50 mA) f\u00fcr zus\u00e4tzliche Sicherheit<\/p>\n<\/li>\n<li data-start=\"1648\" data-end=\"1685\">\n<p data-start=\"1650\" data-end=\"1685\">Temperaturbest\u00e4ndig: -15\u00b0C bis +55\u00b0C<\/p>\n<\/li>\n<li data-start=\"1686\" data-end=\"1728\">\n<p data-start=\"1688\" data-end=\"1728\">Schutzklasse IP41 f\u00fcr robuste Leistung<\/p>\n<\/li>\n<\/ul>\n<p data-start=\"1730\" data-end=\"1761\"><strong data-start=\"1730\" data-end=\"1759\">Technische Spezifikationen:<\/strong><\/p>\n<ul data-start=\"1762\" data-end=\"2153\">\n<li data-start=\"1762\" data-end=\"1827\">\n<p data-start=\"1764\" data-end=\"1827\">Reichweite: 18,2 Meter Durchmesser (je nach Montageh\u00f6he)<\/p>\n<\/li>\n<li data-start=\"1828\" data-end=\"1864\">\n<p data-start=\"1830\" data-end=\"1864\">Stromversorgung: 10,5 \u2013 18 V DC<\/p>\n<\/li>\n<li data-start=\"1865\" data-end=\"1909\">\n<p data-start=\"1867\" data-end=\"1909\">Stromaufnahme: 25 mA (35 mA im Alarmfall)<\/p>\n<\/li>\n<li data-start=\"1910\" data-end=\"1962\">\n<p data-start=\"1912\" data-end=\"1962\">Alarmausgang: Sabotageausgang (NC \/ 30 V DC, 50 mA)<\/p>\n<\/li>\n<li data-start=\"1963\" data-end=\"1990\">\n<p data-start=\"1965\" data-end=\"1990\">Gehtestanzeige: LED<\/p>\n<\/li>\n<li data-start=\"1991\" data-end=\"2027\">\n<p data-start=\"1993\" data-end=\"2027\">Empfindlichkeitseinstellung: 4 Stufen<\/p>\n<\/li>\n<li data-start=\"2028\" data-end=\"2066\">\n<p data-start=\"2030\" data-end=\"2066\">Arbeitstemperatur: -15\u00b0C bis +55\u00b0C<\/p>\n<\/li>\n<li data-start=\"2067\" data-end=\"2100\">\n<p data-start=\"2069\" data-end=\"2100\">Schutzart (IEC529): IP41<\/p>\n<\/li>\n<li data-start=\"2101\" data-end=\"2153\">\n<p data-start=\"2103\" data-end=\"2153\">Abmessungen: Standardabmessungen f\u00fcr deckenmontierte PIR-Detektoren<\/p>\n<\/li>\n<\/ul>","protected":false},"excerpt":{"rendered":"<p>IR-Detektor mit 360-Grad-Abdeckung und einer Reichweite von bis zu 18,2 Metern.<\/p>\n<p>Flexible Installation f\u00fcr gro\u00dfe R\u00e4ume, B\u00fcror\u00e4ume und Lagerhallen.<\/p>","protected":false},"featured_media":142541,"template":"","meta":{"_acf_changed":false},"product_brand":[],"product_cat":[1325],"product_tag":[2145],"class_list":{"0":"post-142542","1":"product","2":"type-product","3":"status-publish","4":"has-post-thumbnail","6":"product_cat-larmgivare-skalskydd","7":"product_tag-rorelsedetektor-ir-detektorer","8":"product_shipping_class-tunga-paket","9":"pa_brands-6vanderbilt","10":"tm-no-options","12":"first","13":"instock","14":"sale","15":"taxable","16":"shipping-taxable","17":"purchasable","18":"product-type-simple"},"acf":[],"_links":{"self":[{"href":"https:\/\/secureus.se\/de\/wp-json\/wp\/v2\/product\/142542","targetHints":{"allow":["GET"]}}],"collection":[{"href":"https:\/\/secureus.se\/de\/wp-json\/wp\/v2\/product"}],"about":[{"href":"https:\/\/secureus.se\/de\/wp-json\/wp\/v2\/types\/product"}],"wp:featuredmedia":[{"embeddable":true,"href":"https:\/\/secureus.se\/de\/wp-json\/wp\/v2\/media\/142541"}],"wp:attachment":[{"href":"https:\/\/secureus.se\/de\/wp-json\/wp\/v2\/media?parent=142542"}],"wp:term":[{"taxonomy":"product_brand","embeddable":true,"href":"https:\/\/secureus.se\/de\/wp-json\/wp\/v2\/product_brand?post=142542"},{"taxonomy":"product_cat","embeddable":true,"href":"https:\/\/secureus.se\/de\/wp-json\/wp\/v2\/product_cat?post=142542"},{"taxonomy":"product_tag","embeddable":true,"href":"https:\/\/secureus.se\/de\/wp-json\/wp\/v2\/product_tag?post=142542"}],"curies":[{"name":"wp","href":"https:\/\/api.w.org\/{rel}","templated":true}]}}