{"id":143110,"date":"2022-06-28T12:48:30","date_gmt":"2022-06-28T10:48:30","guid":{"rendered":"https:\/\/secureus.se\/magnetkontakt-mc-340-5\/"},"modified":"2025-09-15T13:19:48","modified_gmt":"2025-09-15T11:19:48","slug":"magnetkontakt-mc-340-5","status":"publish","type":"product","link":"https:\/\/secureus.se\/de\/magnetkontakt-mc-340-5\/","title":{"rendered":"Magnetkontakt Mc 340-5"},"content":{"rendered":"<p>Magnetkontakt mit NC-Funktion zur Einbaumontage in T\u00fcren und Fenstern mit den Ma\u00dfen 9x26mm. Sowohl die Kontakt- als auch die Magnetteile sind in einem wasserdichten (IP 67) wei\u00dfen Kunststoffgeh\u00e4use mit Flanschen untergebracht, was eine einfache Installation in Holz ohne weiteres Zubeh\u00f6r erm\u00f6glicht. Umfangreiches Zubeh\u00f6r ist erh\u00e4ltlich, siehe 6332803-6332811 und in mehreren vorgefertigten Sets f\u00fcr unterschiedliche Anwendungen, siehe 6332767-6332778. Hochsicherheitskontakte siehe MC 370, 6332790. Widerst\u00e4nde und Sonderkabell\u00e4ngen bzw. halogenfreies Kabel k\u00f6nnen gesondert bestellt werden.<\/p>","protected":false},"excerpt":{"rendered":"<p>Magnetkontakt MC340-5<\/p>","protected":false},"featured_media":143109,"template":"","meta":{"_acf_changed":false},"product_brand":[],"product_cat":[3086],"product_tag":[2465],"class_list":{"0":"post-143110","1":"product","2":"type-product","3":"status-publish","4":"has-post-thumbnail","6":"product_cat-magnetkontakter","7":"product_tag-sbsc-larmklass2","8":"product_shipping_class-postnord-varubrev","9":"pa_farg-vit","10":"tm-no-options","12":"first","13":"instock","14":"taxable","15":"shipping-taxable","16":"purchasable","17":"product-type-simple"},"acf":[],"_links":{"self":[{"href":"https:\/\/secureus.se\/de\/wp-json\/wp\/v2\/product\/143110","targetHints":{"allow":["GET"]}}],"collection":[{"href":"https:\/\/secureus.se\/de\/wp-json\/wp\/v2\/product"}],"about":[{"href":"https:\/\/secureus.se\/de\/wp-json\/wp\/v2\/types\/product"}],"wp:featuredmedia":[{"embeddable":true,"href":"https:\/\/secureus.se\/de\/wp-json\/wp\/v2\/media\/143109"}],"wp:attachment":[{"href":"https:\/\/secureus.se\/de\/wp-json\/wp\/v2\/media?parent=143110"}],"wp:term":[{"taxonomy":"product_brand","embeddable":true,"href":"https:\/\/secureus.se\/de\/wp-json\/wp\/v2\/product_brand?post=143110"},{"taxonomy":"product_cat","embeddable":true,"href":"https:\/\/secureus.se\/de\/wp-json\/wp\/v2\/product_cat?post=143110"},{"taxonomy":"product_tag","embeddable":true,"href":"https:\/\/secureus.se\/de\/wp-json\/wp\/v2\/product_tag?post=143110"}],"curies":[{"name":"wp","href":"https:\/\/api.w.org\/{rel}","templated":true}]}}