{"id":144942,"date":"2022-03-10T15:48:00","date_gmt":"2022-03-10T14:48:00","guid":{"rendered":"https:\/\/secureus.se\/linjedetektor-ax-70tn\/"},"modified":"2025-12-31T19:45:34","modified_gmt":"2025-12-31T18:45:34","slug":"linjedetektor-ax-70tn","status":"publish","type":"product","link":"https:\/\/secureus.se\/de\/linjedetektor-ax-70tn\/","title":{"rendered":"Optex \u2013 Liniendetektor AX-70TN"},"content":{"rendered":"<h1>Der Optex AX-70TN ist ein hochwertiger Liniendetektor, der au\u00dfergew\u00f6hnliche Zuverl\u00e4ssigkeit und Leistung f\u00fcr die Au\u00dfen\u00fcberwachung bietet.<\/h1>\n<p>Ausgestattet mit zwei synchronisierten Linienstrahlen kann es Bewegungen \u00fcber eine Entfernung von bis zu 20 Metern effektiv erkennen.<\/p>\n<p>Damit eignet es sich ideal f\u00fcr Sicherheitsl\u00f6sungen, bei denen es darauf ankommt, gr\u00f6\u00dfere Bereiche abzudecken, etwa bei Eing\u00e4ngen, Geb\u00e4uden oder weitl\u00e4ufigen Bereichen, die \u00fcberwacht werden m\u00fcssen.<\/p>\n<p>Durch die einstellbare Voralarmzeit kann der Benutzer die Empfindlichkeit und Reaktionszeit des Melders individuell anpassen, was besonders n\u00fctzlich ist, um Fehlalarme durch gelegentliche Bewegungen zu vermeiden, die keine Gefahr darstellen.<\/p>\n<p>Dies macht den AX-70TN zu einer sehr flexiblen Option sowohl f\u00fcr Wohn- als auch f\u00fcr Gewerbeimmobilien.<\/p>\n<p>Der Liniendetektor verf\u00fcgt \u00fcber ein Wechsler-Alarmrelais, sodass Benutzer je nach Systemanforderungen zwischen normalerweise offenen (NO) und normalerweise geschlossenen (NC) Relais w\u00e4hlen k\u00f6nnen.<\/p>\n<p>Diese Funktion macht den AX-70TN mit einer Vielzahl von Sicherheitssystemen kompatibel und bietet eine gr\u00f6\u00dfere Flexibilit\u00e4t bei Installation und Betrieb.<\/p>\n<p>Die einfache Installation und Einstellung ist ein weiterer Vorteil des Optex AX-70TN. Im Lieferumfang ist eine Halterung f\u00fcr einen Mast mit einem Durchmesser von 32\u201348 mm enthalten, was eine schnelle und sichere Installation erm\u00f6glicht.<\/p>\n<p>Dank der kompakten Abmessungen und des benutzerfreundlichen Designs l\u00e4sst sich der Melder schnell positionieren und anpassen, um den Erfassungsbereich zu optimieren.<\/p>\n<p>Der AX-70TN ist darauf ausgelegt, rauen Au\u00dfenbedingungen standzuhalten. Dank der Schutzart IP65 ist es vor Staub und Wasser gesch\u00fctzt und somit auch bei rauen Wetterbedingungen robust und zuverl\u00e4ssig.<\/p>\n<p>Aufgrund seiner Temperaturspezifikation, die von -40 \u00b0C bis +60 \u00b0C reicht, ist es sowohl in kalten als auch in hei\u00dfen Klimazonen einsetzbar. F\u00fcr den Einsatz in kalten Umgebungen wird ein Heizelement empfohlen, um die bestm\u00f6gliche Leistung zu gew\u00e4hrleisten.<\/p>\n<p>Mit einem Stromverbrauch von 38\u201345 mA (sowohl f\u00fcr Sender als auch f\u00fcr Empf\u00e4nger) und einem Spannungsbereich von 10,5\u201328 VDC ist der AX-70TN energieeffizient und passt gut in verschiedene Sicherheitssysteme, w\u00e4hrend er gleichzeitig ein hohes Ma\u00df an Leistung und Zuverl\u00e4ssigkeit beibeh\u00e4lt .<\/p>\n<p><strong>Vorteile des Optex AX-70TN:<\/strong><\/p>\n<ul>\n<li><strong>Umfang:<\/strong> Bis zu 20 Meter im Freien, perfekt f\u00fcr gr\u00f6\u00dfere Fl\u00e4chen.<\/li>\n<li><strong>Einstellung des Alarmzeitraums:<\/strong> Passen Sie die Reaktionszeit des Melders an, um unerw\u00fcnschte Bewegungen herauszufiltern.<\/li>\n<li><strong>Alarmrelais schalten (NC\/NO):<\/strong> Flexible Anbindung an verschiedene Sicherheitssysteme.<\/li>\n<li><strong>Schutzart IP65:<\/strong> Staubdicht und wasserbest\u00e4ndig f\u00fcr den zuverl\u00e4ssigen Einsatz im Freien.<\/li>\n<li><strong>Breite Temperaturbest\u00e4ndigkeit:<\/strong> Arbeitstemperatur von -40\u00b0C bis +60\u00b0C.<\/li>\n<li><strong>Einfache Installation:<\/strong> Halterung f\u00fcr Pfosten f\u00fcr schnelle und sichere Montage im Lieferumfang enthalten.<\/li>\n<\/ul>\n<p><strong>Technische Spezifikationen:<\/strong><\/p>\n<ul>\n<li><strong>Umfang:<\/strong> Bis zu 20 Meter im Freien<\/li>\n<li><strong>Stromversorgung:<\/strong> 10,5 \u2013 28 VDC<\/li>\n<li><strong>Stromverbrauch:<\/strong> 38-45mA<\/li>\n<li><strong>Alarmrelais:<\/strong> Abwechselnd NC\/NO<\/li>\n<li><strong>Abmessungen (HxBxT):<\/strong> 170 x 65 x 69,5 mm<\/li>\n<li><strong>Temperaturbereich:<\/strong> -40\u00b0C bis +60\u00b0C (Heizelement bei niedrigeren Temperaturen empfohlen)<\/li>\n<li><strong>Beilage:<\/strong> IP65 \u2013 Wasserbest\u00e4ndig und staubgesch\u00fctzt<\/li>\n<li><strong>Montagehalterung:<\/strong> F\u00fcr Mast-\u2300 32-48 mm<\/li>\n<li><strong>Gewicht:<\/strong> 540 g<\/li>\n<\/ul>","protected":false},"excerpt":{"rendered":"<p>Der Optex AX-70TN ist ein Liniendetektor mit zwei synchronisierten Linienstrahlen und einer Reichweite von bis zu 20 Metern im Freien.<\/p>\n<p>Es verf\u00fcgt \u00fcber eine einstellbare Voralarmzeitspanne und ein umschaltbares Alarmrelais, was es zu einer flexiblen und zuverl\u00e4ssigen Wahl f\u00fcr Sicherheitsanwendungen macht.<\/p>","protected":false},"featured_media":144938,"template":"","meta":{"_acf_changed":false},"product_brand":[],"product_cat":[1325],"product_tag":[2147],"class_list":{"0":"post-144942","1":"product","2":"type-product","3":"status-publish","4":"has-post-thumbnail","6":"product_cat-larmgivare-skalskydd","7":"product_tag-rorelsedetektor-utomhus","8":"product_shipping_class-tunga-paket","9":"pa_brands-optex","10":"tm-no-options","12":"first","13":"instock","14":"featured","15":"taxable","16":"shipping-taxable","17":"purchasable","18":"product-type-simple"},"acf":[],"_links":{"self":[{"href":"https:\/\/secureus.se\/de\/wp-json\/wp\/v2\/product\/144942","targetHints":{"allow":["GET"]}}],"collection":[{"href":"https:\/\/secureus.se\/de\/wp-json\/wp\/v2\/product"}],"about":[{"href":"https:\/\/secureus.se\/de\/wp-json\/wp\/v2\/types\/product"}],"wp:featuredmedia":[{"embeddable":true,"href":"https:\/\/secureus.se\/de\/wp-json\/wp\/v2\/media\/144938"}],"wp:attachment":[{"href":"https:\/\/secureus.se\/de\/wp-json\/wp\/v2\/media?parent=144942"}],"wp:term":[{"taxonomy":"product_brand","embeddable":true,"href":"https:\/\/secureus.se\/de\/wp-json\/wp\/v2\/product_brand?post=144942"},{"taxonomy":"product_cat","embeddable":true,"href":"https:\/\/secureus.se\/de\/wp-json\/wp\/v2\/product_cat?post=144942"},{"taxonomy":"product_tag","embeddable":true,"href":"https:\/\/secureus.se\/de\/wp-json\/wp\/v2\/product_tag?post=144942"}],"curies":[{"name":"wp","href":"https:\/\/api.w.org\/{rel}","templated":true}]}}