{"id":145566,"date":"2022-03-10T15:26:00","date_gmt":"2022-03-10T14:26:00","guid":{"rendered":"https:\/\/secureus.se\/stor-pase-170x230-aterforslutningsbarskrivfalt-25-pack\/"},"modified":"2025-12-31T19:37:09","modified_gmt":"2025-12-31T18:37:09","slug":"stor-pase-170x230-aterforslutningsbarskrivfalt-25-pack","status":"publish","type":"product","link":"https:\/\/secureus.se\/de\/stor-pase-170x230-aterforslutningsbarskrivfalt-25-pack\/","title":{"rendered":"Gro\u00dfbeutel 25er Pack 170\u00d7230 Wiederverschlie\u00dfbar+Beschreibbares Feld ("},"content":{"rendered":"<div>\n<p>Druckverschlussbeutel eignen sich hervorragend, wenn Sie einen Beutel einfach verschlie\u00dfen, \u00f6ffnen und wieder verschlie\u00dfen m\u00f6chten.<\/p>\n<ul>\n<li>Die Rei\u00dfverschlusstaschen bestehen aus umweltfreundlichem Polyethylen und sind mit einem Rei\u00dfverschluss ausgestattet.<\/li>\n<li>Lieferung mit gestanztem Loch, 6 mm, oberhalb des Verschlusses.<\/li>\n<li>Kommt mit einem Schreibfeld, in das Sie den Inhalt eintragen k\u00f6nnen.<\/li>\n<li>Lieferung in 25 Packungen&nbsp;<\/li>\n<\/ul>\n<\/div>","protected":false},"excerpt":{"rendered":"<p>Ziplock-Beutel sind ideal, wenn man einen Beutel einfach verschlie\u00dfen, \u00f6ffnen und wiederverschlie\u00dfen m\u00f6chte. Die Ziplock-Beutel bestehen aus umweltfreundlichem Polyethylen und sind mit einem Ziplock-Verschluss ausgestattet. Sie verf\u00fcgen \u00fcber ein gestanztes Loch (6 mm).<\/p>","protected":false},"featured_media":145565,"template":"","meta":{"_acf_changed":false},"product_brand":[],"product_cat":[1692],"product_tag":[],"class_list":{"0":"post-145566","1":"product","2":"type-product","3":"status-publish","4":"has-post-thumbnail","6":"product_cat-kortklamma-montering","7":"product_shipping_class-postnord-varubrev","8":"pa_brands-stonehouse-security","9":"pa_rfid-tillbehor-clips-montering","10":"tm-no-options","12":"first","13":"instock","14":"featured","15":"taxable","16":"shipping-taxable","17":"purchasable","18":"product-type-simple"},"acf":[],"_links":{"self":[{"href":"https:\/\/secureus.se\/de\/wp-json\/wp\/v2\/product\/145566","targetHints":{"allow":["GET"]}}],"collection":[{"href":"https:\/\/secureus.se\/de\/wp-json\/wp\/v2\/product"}],"about":[{"href":"https:\/\/secureus.se\/de\/wp-json\/wp\/v2\/types\/product"}],"wp:featuredmedia":[{"embeddable":true,"href":"https:\/\/secureus.se\/de\/wp-json\/wp\/v2\/media\/145565"}],"wp:attachment":[{"href":"https:\/\/secureus.se\/de\/wp-json\/wp\/v2\/media?parent=145566"}],"wp:term":[{"taxonomy":"product_brand","embeddable":true,"href":"https:\/\/secureus.se\/de\/wp-json\/wp\/v2\/product_brand?post=145566"},{"taxonomy":"product_cat","embeddable":true,"href":"https:\/\/secureus.se\/de\/wp-json\/wp\/v2\/product_cat?post=145566"},{"taxonomy":"product_tag","embeddable":true,"href":"https:\/\/secureus.se\/de\/wp-json\/wp\/v2\/product_tag?post=145566"}],"curies":[{"name":"wp","href":"https:\/\/api.w.org\/{rel}","templated":true}]}}