{"id":145678,"date":"2022-03-10T14:57:00","date_gmt":"2022-03-10T13:57:00","guid":{"rendered":"https:\/\/secureus.se\/risco-agility-gsm-gprs-3g-modul\/"},"modified":"2026-01-17T19:56:16","modified_gmt":"2026-01-17T18:56:16","slug":"risco-agility-gsm-gprs-3g-modul","status":"publish","type":"product","link":"https:\/\/secureus.se\/de\/risco-agility-gsm-gprs-3g-modul\/","title":{"rendered":"Risco Agility GSM\/GPRS 3G-MODUL"},"content":{"rendered":"<div>\n<h1>Risco Agility GSM\/GPRS 3G-MODUL<\/h1>\n<p data-start=\"484\" data-end=\"886\">Das Risco Agility GSM\/GPRS 3G-Modul (Mod. RW132G30000) ist eine Plug-in-Kartenl\u00f6sung, die dem Agility-Sicherheitssystem Kommunikationsfunktionen \u00fcber das GSM\/GPRS-Netzwerk hinzuf\u00fcgt.<\/p>\n<p data-start=\"484\" data-end=\"886\">Dieses Modul erm\u00f6glicht dem Agility 3-System, Alarme und Systemereignisse per SMS oder Sprachwahl an Kontaktpersonen zu senden sowie Alarme in herk\u00f6mmlichen Formaten wie ContactID oder SIA an Alarmzentralen zu \u00fcbertragen.<\/p>\n<p data-start=\"888\" data-end=\"1266\">Bei der Installation von Agility 3 wird das System mit einer Netzwerkkarte f\u00fcr die Verbindung zur Risco Cloud geliefert. Um jedoch Alarme \u00fcber GSM\/GPRS \u00fcbertragen und herk\u00f6mmliche Alarmformate verwenden zu k\u00f6nnen, muss diese Plug-In-Karte installiert werden.<\/p>\n<p data-start=\"888\" data-end=\"1266\">Dadurch verf\u00fcgt der Benutzer \u00fcber ein System, das \u00fcber GSM\/GPRS kommunizieren kann, wenn keine digitale oder IP-Kommunikation verf\u00fcgbar ist.<\/p>\n<p data-start=\"1268\" data-end=\"1584\">Das Risco Agility GSM\/GPRS 3G-Modul erm\u00f6glicht dem System, Alarme per Sprachwahl an Kontaktpersonen zu senden, wodurch es einfacher wird, schnell Informationen zu Alarmereignissen zu erhalten.<\/p>\n<p data-start=\"1268\" data-end=\"1584\">Dar\u00fcber hinaus besteht die M\u00f6glichkeit, das Agility-System \u00fcber ein Sprachmen\u00fc fernzusteuern, was zus\u00e4tzliche Kontrolle und Komfort bietet.<\/p>\n<p data-start=\"1586\" data-end=\"1921\">Die Alarm\u00fcbertragung an Alarmzentralen kann \u00fcber GSM in den Formaten ContactID oder SIA sowie \u00fcber GPRS im SIA-IP-Format erfolgen, wodurch das Modul mit einer Vielzahl von Alarmzentralen kompatibel ist.<\/p>\n<p data-start=\"1586\" data-end=\"1921\">Dar\u00fcber hinaus erm\u00f6glicht die Verbindung zur Risco Cloud \u00fcber GPRS den Benutzern, das System weiterhin \u00fcber ihre Smartphones und Tablets fernzu\u00fcberwachen und zu steuern.<\/p>\n<p data-start=\"1923\" data-end=\"1953\"><strong data-start=\"1923\" data-end=\"1951\">Haupteigenschaften:<\/strong><\/p>\n<ul data-start=\"1954\" data-end=\"2669\">\n<li data-start=\"1954\" data-end=\"2054\">\n<p data-start=\"1956\" data-end=\"2054\"><strong data-start=\"1956\" data-end=\"1977\">SMS- und Sprachalarm:<\/strong> Sendet SMS- und Sprachwarnungen an Kontaktpersonen im Falle von Systemereignissen und Alarmen<\/p>\n<\/li>\n<li data-start=\"2055\" data-end=\"2145\">\n<p data-start=\"2057\" data-end=\"2145\"><strong data-start=\"2057\" data-end=\"2077\">Sprachwahl:<\/strong> Sprachanwahl von Kontaktpersonen bei Alarmen und Systemereignissen<\/p>\n<\/li>\n<li data-start=\"2146\" data-end=\"2215\">\n<p data-start=\"2148\" data-end=\"2215\"><strong data-start=\"2148\" data-end=\"2166\">Fernbedienung:<\/strong> Sprachmen\u00fc zur Fernsteuerung des Agility-Systems<\/p>\n<\/li>\n<li data-start=\"2216\" data-end=\"2333\">\n<p data-start=\"2218\" data-end=\"2333\"><strong data-start=\"2218\" data-end=\"2254\">Alarm\u00fcbermittlung an die Alarmzentrale:<\/strong> Unterst\u00fctzt GSM-Alarme im ContactID- und SIA-Format sowie GPRS-Alarme im SIA-IP-Format<\/p>\n<\/li>\n<li data-start=\"2334\" data-end=\"2438\">\n<p data-start=\"2336\" data-end=\"2438\"><strong data-start=\"2336\" data-end=\"2368\">Verbindung zur Risco Cloud:<\/strong> Erm\u00f6glicht die Verbindung zur Risco Cloud \u00fcber GPRS zur Fern\u00fcberwachung<\/p>\n<\/li>\n<li data-start=\"2439\" data-end=\"2536\">\n<p data-start=\"2441\" data-end=\"2536\"><strong data-start=\"2441\" data-end=\"2460\">Kompatibilit\u00e4t:<\/strong> Kann verwendet werden, um dem Agility-System GSM\/GPRS-Kommunikation hinzuzuf\u00fcgen<\/p>\n<\/li>\n<li data-start=\"2537\" data-end=\"2669\">\n<p data-start=\"2539\" data-end=\"2669\"><strong data-start=\"2539\" data-end=\"2575\">Nicht kombinierbar mit Risco Cloud:<\/strong> Die GSM\/GPRS-Alarm\u00fcbertragung kann auf diesem Modul nicht gleichzeitig mit der Risco Cloud-Verbindung verwendet werden.<\/p>\n<\/li>\n<\/ul>\n<p data-start=\"2671\" data-end=\"2702\"><strong data-start=\"2671\" data-end=\"2700\">Technische Spezifikationen:<\/strong><\/p>\n<ul data-start=\"2703\" data-end=\"2944\">\n<li data-start=\"2703\" data-end=\"2739\">\n<p data-start=\"2705\" data-end=\"2739\"><strong data-start=\"2705\" data-end=\"2723\">Kommunikation:<\/strong> GSM\/GPRS (3G)<\/p>\n<\/li>\n<li data-start=\"2740\" data-end=\"2795\">\n<p data-start=\"2742\" data-end=\"2795\"><strong data-start=\"2742\" data-end=\"2757\">Alarmformat:<\/strong> KontaktID, SIA (GSM), SIA IP (GPRS)<\/p>\n<\/li>\n<li data-start=\"2796\" data-end=\"2835\">\n<p data-start=\"2798\" data-end=\"2835\"><strong data-start=\"2798\" data-end=\"2816\">Fernbedienung:<\/strong> Ja, \u00fcber Sprachmen\u00fc<\/p>\n<\/li>\n<li data-start=\"2836\" data-end=\"2895\">\n<p data-start=\"2838\" data-end=\"2895\"><strong data-start=\"2838\" data-end=\"2861\">Installationsmethode:<\/strong> Steckkarten im Agility-System<\/p>\n<\/li>\n<li data-start=\"2896\" data-end=\"2944\">\n<p data-start=\"2898\" data-end=\"2944\"><strong data-start=\"2898\" data-end=\"2930\">Artikelnummer des Lieferanten:<\/strong> RW132G30000<\/p>\n<\/li>\n<\/ul>\n<p data-start=\"2946\" data-end=\"3217\">Das Risco Agility GSM\/GPRS 3G-Modul bietet Benutzern eine zuverl\u00e4ssige Methode zur Alarm\u00fcbertragung \u00fcber GSM\/GPRS sowie die M\u00f6glichkeit, eine Verbindung zur Risco Cloud zur Fern\u00fcberwachung herzustellen. Damit ist es eine ausgezeichnete Wahl f\u00fcr Benutzer, die eine flexible Kommunikation in ihren Sicherheitssystemen ben\u00f6tigen.<\/p>\n<\/div>","protected":false},"excerpt":{"rendered":"<p>Das Risco Agility GSM\/GPRS 3G-Modul (RW132G30000) ist eine Steckkarte, die dem Agility-System die M\u00f6glichkeit gibt, f\u00fcr die herk\u00f6mmliche Alarm\u00fcbertragung \u00fcber GSM\/GPRS zu kommunizieren.<\/p>\n<p>Es erm\u00f6glicht SMS- und Sprachalarme an Kontaktpersonen sowie die Anbindung an Alarmzentralen \u00fcber GSM oder GPRS. Das Modul unterst\u00fctzt auch die Verbindung zur Risco Cloud \u00fcber GPRS.<\/p>","protected":false},"featured_media":145677,"template":"","meta":{"_acf_changed":false},"product_brand":[],"product_cat":[4882],"product_tag":[],"class_list":{"0":"post-145678","1":"product","2":"type-product","3":"status-publish","4":"has-post-thumbnail","6":"product_cat-agility-v4-3-2","7":"product_shipping_class-postnord-varubrev","8":"pa_brands-4risco","9":"pa_risco-produkter-agility-2","10":"pa_risco-produkter-agility-3","11":"pa_risco-produkter-agility-4","12":"tm-no-options","14":"first","15":"instock","16":"sale","17":"featured","18":"taxable","19":"shipping-taxable","20":"purchasable","21":"product-type-simple"},"acf":[],"_links":{"self":[{"href":"https:\/\/secureus.se\/de\/wp-json\/wp\/v2\/product\/145678","targetHints":{"allow":["GET"]}}],"collection":[{"href":"https:\/\/secureus.se\/de\/wp-json\/wp\/v2\/product"}],"about":[{"href":"https:\/\/secureus.se\/de\/wp-json\/wp\/v2\/types\/product"}],"wp:featuredmedia":[{"embeddable":true,"href":"https:\/\/secureus.se\/de\/wp-json\/wp\/v2\/media\/145677"}],"wp:attachment":[{"href":"https:\/\/secureus.se\/de\/wp-json\/wp\/v2\/media?parent=145678"}],"wp:term":[{"taxonomy":"product_brand","embeddable":true,"href":"https:\/\/secureus.se\/de\/wp-json\/wp\/v2\/product_brand?post=145678"},{"taxonomy":"product_cat","embeddable":true,"href":"https:\/\/secureus.se\/de\/wp-json\/wp\/v2\/product_cat?post=145678"},{"taxonomy":"product_tag","embeddable":true,"href":"https:\/\/secureus.se\/de\/wp-json\/wp\/v2\/product_tag?post=145678"}],"curies":[{"name":"wp","href":"https:\/\/api.w.org\/{rel}","templated":true}]}}