{"id":145768,"date":"2024-12-10T12:11:07","date_gmt":"2024-12-10T11:11:07","guid":{"rendered":"https:\/\/secureus.se\/?post_type=product&#038;p=145768"},"modified":"2026-04-19T15:16:51","modified_gmt":"2026-04-19T13:16:51","slug":"ajax-larmpaket-4g","status":"publish","type":"product","link":"https:\/\/secureus.se\/de\/ajax-larmpaket-4g\/","title":{"rendered":"Ajax-Alarmpaket mit 4G-WLAN und Ethernet"},"content":{"rendered":"<h3><strong>Ajax Alarmpaket mit 4G, WLAN und Ethernet \u2013 Der neue Standard f\u00fcr Sicherheit!<\/strong><\/h3>\n<p>Sch\u00fctzen Sie Ihr Eigentum mit dem Ajax Alarm Package, einer bahnbrechenden und einfach zu installierenden Sicherheitsl\u00f6sung. Dieses Paket kombiniert High-Tech-Funktionen mit Flexibilit\u00e4t, um Ihnen die bestm\u00f6gliche Sicherheit zu bieten. Perfekt f\u00fcr Privathaushalte und Unternehmen, die ein Alarmsystem w\u00fcnschen, das bei Bedarf einfach erweitert und angepasst werden kann.<\/p>\n<h3><strong>Was ist im Paket enthalten?<\/strong><\/h3>\n<p>Batterien und Montagehalterungen sind bei allen Ajax-Produkten immer im Lieferumfang enthalten.<\/p>\n<ul>\n<li><strong>1x Ajax Hub2 Plus Zentraleinheit mit LAN, WLAN und 4G (38245.40.WH1)<\/strong><br \/>\nDie Zentraleinheit unterst\u00fctzt bis zu 200 Ger\u00e4te, 200 Benutzer und bietet stabile und schnelle Kommunikation mit WLAN, Ethernet und 4G.<\/li>\n<li><strong>1x Bewegungsmelder mit Haustierimmunit\u00e4t (38193.09.WH1)<\/strong><br \/>\nFortschrittlicher Bewegungsmelder, der Haustiere bis zu 20 kg ignoriert und R\u00e4ume vor Eindringlingen sichert.<\/li>\n<li><strong>1x MotionCam PhOD Kameradetektor (36489.120.WH1)<\/strong><br \/>\nBietet im Alarmfall eine schnelle Fotoverifizierung und kann bei Bedarf Bilder senden, ideal f\u00fcr die visuelle \u00dcberpr\u00fcfung.<\/li>\n<li><strong>1x T\u00fcrsensor\/Magnetkontakt (38101.13.WH1)<\/strong><br \/>\nZur \u00dcberwachung von T\u00fcren und Fenstern.<\/li>\n<li><strong>1 Innensirene \u2013 HomeSiren<br \/>\n<\/strong>Schreckt ab und hilft Ihnen, auf dem richtigen Weg zu bleiben<\/li>\n<li><strong>1x SpaceControl-Fernbedienung (38166.04.WH1)<\/strong><br \/>\nReibungslose Steuerung des Alarms direkt in Ihrer Hand.<\/li>\n<li><strong>3x Alarmaufkleber aus Aluminium<\/strong><br \/>\n(3x A8). Wirksame Abschreckungsaufkleber f\u00fcr zus\u00e4tzliche Sicherheit.<\/li>\n<\/ul>\n<h3><strong>Warum das Ajax Alarm-Paket w\u00e4hlen?<\/strong><\/h3>\n<ol>\n<li><strong>Zuverl\u00e4ssige Sicherheit<\/strong><br \/>\nDurch die Unterst\u00fctzung von Ethernet, WLAN und 4G k\u00f6nnen Sie immer sicher sein, dass Ihre Alarmanlage auch bei St\u00f6rungen der festen Internetverbindungen funktioniert.<\/li>\n<li><strong>Flexibel und anpassungsf\u00e4hig<\/strong><br \/>\nF\u00fcgen Sie Sirenen, Feuermelder, Wassermelder und intelligente Ger\u00e4te hinzu, um eine Komplettl\u00f6sung zu schaffen, die mit Ihren Anforderungen w\u00e4chst. Weitere Produkte finden Sie in der gesamten Ajax-Kategorie.<\/li>\n<li><strong>Benutzerfreundlich<\/strong><br \/>\nEinfache Installation und Verwaltung \u00fcber die Ajax-App auf Ihrem Handy oder Computer.<\/li>\n<li><strong>Modernste Technologie<\/strong><br \/>\nMit Bewegungsmeldern, Kameras und Magnetkontakten bietet Ajax eine Sicherheitsl\u00f6sung, die nicht nur effektiv, sondern auch \u00e4sthetisch ansprechend ist.<\/li>\n<\/ol>\n<h3><strong>Vorteile des Ajax Alarm-Pakets<\/strong><\/h3>\n<ul>\n<li><strong>Erweiterbar:<\/strong> Mit dem modularen \u00d6kosystem von Ajax k\u00f6nnen Sie bei Bedarf problemlos neue Ger\u00e4te hinzuf\u00fcgen.<\/li>\n<li><strong>Vorrangige Kommunikation:<\/strong> Erstklassige Daten\u00fcbertragung per 4G, Ethernet und WLAN direkt auf Ihr(e) Mobiltelefon(e).<\/li>\n<li><strong>Abschreckendes Design:<\/strong> Inklusive Alarmaufkleber aus Aluminium, der potenzielle Eindringlinge effektiv warnt.<\/li>\n<li><strong>Schneller Support:<\/strong> Wir helfen Ihnen, Ihr Alarmsystem an Ihre W\u00fcnsche anzupassen.<\/li>\n<\/ul>\n<hr \/>\n<p><strong>Ajax Alarm-Paket mit 4G \u2013 Eine sichere Wahl f\u00fcr die Zukunft.<\/strong><br \/>\nBestellen Sie noch heute und \u00fcbernehmen Sie die Kontrolle \u00fcber Ihre Sicherheit mit dem innovativsten Alarmsystem auf dem Markt<\/p>\n<h3><strong>Fragen, Gedanken? Z\u00f6gern Sie nicht, uns f\u00fcr eine Beratung direkt zu kontaktieren!<\/strong><\/h3>","protected":false},"excerpt":{"rendered":"<p><strong>Sparen Sie 5% durch den Kauf dieses Pakets!<\/strong><br \/>\nDas Ajax-Alarmpaket mit 4G, LAN und WLAN bietet die perfekte Sicherheitsl\u00f6sung f\u00fcr Privat- und Gesch\u00e4ftskunden. Das Paket enth\u00e4lt Hub2 Plus, Bewegungsmelder, Kameramelder, Magnetkontakt, Fernbedienung und Alarmaufkleber. Vollst\u00e4ndig kompatibel mit dem Ajax-\u00d6kosystem f\u00fcr Sicherheit und Flexibilit\u00e4t.<\/p>","protected":false},"featured_media":152076,"template":"","meta":{"_acf_changed":false},"product_brand":[],"product_cat":[1319,3166],"product_tag":[],"class_list":{"0":"post-145768","1":"product","2":"type-product","3":"status-publish","4":"has-post-thumbnail","6":"product_cat-ajax-larm","7":"product_cat-larmpaket","8":"pa_brands-ajax-systems","9":"tm-no-options","11":"first","12":"instock","13":"sale","14":"taxable","15":"shipping-taxable","16":"purchasable","17":"product-type-woosb"},"acf":[],"_links":{"self":[{"href":"https:\/\/secureus.se\/de\/wp-json\/wp\/v2\/product\/145768","targetHints":{"allow":["GET"]}}],"collection":[{"href":"https:\/\/secureus.se\/de\/wp-json\/wp\/v2\/product"}],"about":[{"href":"https:\/\/secureus.se\/de\/wp-json\/wp\/v2\/types\/product"}],"wp:featuredmedia":[{"embeddable":true,"href":"https:\/\/secureus.se\/de\/wp-json\/wp\/v2\/media\/152076"}],"wp:attachment":[{"href":"https:\/\/secureus.se\/de\/wp-json\/wp\/v2\/media?parent=145768"}],"wp:term":[{"taxonomy":"product_brand","embeddable":true,"href":"https:\/\/secureus.se\/de\/wp-json\/wp\/v2\/product_brand?post=145768"},{"taxonomy":"product_cat","embeddable":true,"href":"https:\/\/secureus.se\/de\/wp-json\/wp\/v2\/product_cat?post=145768"},{"taxonomy":"product_tag","embeddable":true,"href":"https:\/\/secureus.se\/de\/wp-json\/wp\/v2\/product_tag?post=145768"}],"curies":[{"name":"wp","href":"https:\/\/api.w.org\/{rel}","templated":true}]}}